{"id":3476,"date":"2020-07-09T07:23:07","date_gmt":"2020-07-09T06:23:07","guid":{"rendered":"https:\/\/ph.owjej.org\/?page_id=3476"},"modified":"2024-10-15T11:33:55","modified_gmt":"2024-10-15T10:33:55","slug":"najpogostejsa-vprasanja","status":"publish","type":"page","link":"https:\/\/pharma-lab.eu\/sl\/najpogostejsa-vprasanja\/","title":{"rendered":"Najpogostej\u0161a Vpra\u0161anja"},"content":{"rendered":"\n\t<section class=\"section\" id=\"section_1737670195\">\n\t\t<div class=\"section-bg fill\" >\n\t\t\t\t\t\t\t\t\t\n\t\t\t\n\n\t\t<\/div>\n\n\t\t\n\n\t\t<div class=\"section-content relative\">\n\t\t\t\n<div class=\"row\"  id=\"row-440151491\">\n\n\t<div id=\"col-1982566739\" class=\"col small-12 large-12\"  >\n\t\t\t\t<div class=\"col-inner text-center\"  >\n\t\t\t\n\t\t\t\n\t<div id=\"text-1338549057\" class=\"text\">\n\t\t\n<h1 class=\"mobile-center\" style=\"font-size: 30px; font-weight: bold; font-stretch: normal; font-style: normal; line-height: 2; letter-spacing: normal; color: #000000; text-transform: uppercase;\">NAJPOGOSTEJ\u0160A VPRA\u0160ANJA<\/h1>\n\t\t\n<style>\n#text-1338549057 {\n  text-align: left;\n}\n<\/style>\n\t<\/div>\n\t\n<div class=\"accordion\">\n\t<div id=\"accordion-3019454079\" class=\"accordion-item ac-panel\">\n\t\t<a id=\"accordion-3019454079-label\" class=\"accordion-title plain\" href=\"#accordion-item-katere-vrste-testiranja-ponuja-laboratorij-pharmahemp?\" aria-expanded=\"false\" aria-controls=\"accordion-3019454079-content\" >\n\t\t\t<button class=\"toggle\" aria-label=\"Toggle\"><i class=\"icon-angle-down\"><\/i><\/button>\n\t\t\t<span>Katere vrste testiranja ponuja laboratorij PharmaHemp?<\/span>\n\t\t<\/a>\n\t\t<div id=\"accordion-3019454079-content\" class=\"accordion-inner\" aria-labelledby=\"accordion-3019454079-label\" >\n\t\t\t\n<p class=\"Body\" style=\"margin-left: 0cm; text-align: left;\">V PharmaHemp Laboratories ponujamo analizo 16 kanabinoidov v najrazli\u010dnej\u0161ih vzorcih.<\/p>\n\t\t<\/div>\n\t<\/div>\n\t\n\t<div id=\"accordion-3265779661\" class=\"accordion-item ac-panel\">\n\t\t<a id=\"accordion-3265779661-label\" class=\"accordion-title plain\" href=\"#accordion-item-vsebnost-katerih-kanabinoidov-analizirate?\" aria-expanded=\"false\" aria-controls=\"accordion-3265779661-content\" >\n\t\t\t<button class=\"toggle\" aria-label=\"Toggle\"><i class=\"icon-angle-down\"><\/i><\/button>\n\t\t\t<span>Vsebnost katerih kanabinoidov analizirate?<\/span>\n\t\t<\/a>\n\t\t<div id=\"accordion-3265779661-content\" class=\"accordion-inner\" aria-labelledby=\"accordion-3265779661-label\" >\n\t\t\t\n<ul>\n<li style=\"text-align: left;\">CBDV \u2013 Kanabidivarin<\/li>\n<li style=\"text-align: left;\">CBDA \u2013 Kanabidiolna kislina<\/li>\n<li style=\"text-align: left;\">CBGA \u2013 Kanabigerolna kislina<\/li>\n<li style=\"text-align: left;\">CBG \u2013 Kanabigerol<\/li>\n<li style=\"text-align: left;\">CBD \u2013 Kanabidiol<\/li>\n<li style=\"text-align: left;\">THCV \u2013 Tetrahidrokanabivarin<\/li>\n<li style=\"text-align: left;\">CBN \u2013 Kanabinol<\/li>\n<li style=\"text-align: left;\">CBC \u2013 Kanabikromen<\/li>\n<li style=\"text-align: left;\">9-THC \u2013 Delta-9-tetrahidrokanabinol<\/li>\n<li style=\"text-align: left;\">THCA \u2013 Delta-9-tetrahidrokanabinolna kislina<\/li>\n<li style=\"text-align: left;\">8-THC \u2013 Delta-8-tetrahidrokanabinol<\/li>\n<li style=\"text-align: left;\">CBL \u2013 Kanabiciklol<\/li>\n<li style=\"text-align: left;\">CBE &#8211; Kanabielsoin<\/li>\n<li style=\"text-align: left;\">CBV &#8211; Kanabivarin<\/li>\n<li style=\"text-align: left;\">CBCA &#8211; Kanabikromenska kislina<\/li>\n<li style=\"text-align: left;\">CBT &#8211; Kanabicitran<\/li>\n<\/ul>\n\t\t<\/div>\n\t<\/div>\n\t\n\t<div id=\"accordion-1176810176\" class=\"accordion-item ac-panel\">\n\t\t<a id=\"accordion-1176810176-label\" class=\"accordion-title plain\" href=\"#accordion-item-katero-vrsto-vzorcev-lahko-analizirate?\" aria-expanded=\"false\" aria-controls=\"accordion-1176810176-content\" >\n\t\t\t<button class=\"toggle\" aria-label=\"Toggle\"><i class=\"icon-angle-down\"><\/i><\/button>\n\t\t\t<span>Katero vrsto vzorcev lahko analizirate?<\/span>\n\t\t<\/a>\n\t\t<div id=\"accordion-1176810176-content\" class=\"accordion-inner\" aria-labelledby=\"accordion-1176810176-label\" >\n\t\t\t\n<p class=\"Body\" style=\"margin-left: 0cm; text-align: left;\">Analiziramo lahko VSE vrste vzorcev: cvetove, liste, semena, smolo, olje, ekstrakte, izolate, tinkture, vodotopne formulacije, alkoholne in brezalkoholne pija\u010de z izvle\u010dki CBD-ja ali konoplje, kreme, losjone, balzame, \u017eivila (npr: pi\u0161kote, gumi bonbone, med), itd.<\/p>\n\t\t<\/div>\n\t<\/div>\n\t\n\t<div id=\"accordion-1167775593\" class=\"accordion-item ac-panel\">\n\t\t<a id=\"accordion-1167775593-label\" class=\"accordion-title plain\" href=\"#accordion-item-kolik\u0161na-koli\u010dina-je-potrebna-za-analizo?\" aria-expanded=\"false\" aria-controls=\"accordion-1167775593-content\" >\n\t\t\t<button class=\"toggle\" aria-label=\"Toggle\"><i class=\"icon-angle-down\"><\/i><\/button>\n\t\t\t<span>Kolik\u0161na koli\u010dina je potrebna za analizo?<\/span>\n\t\t<\/a>\n\t\t<div id=\"accordion-1167775593-content\" class=\"accordion-inner\" aria-labelledby=\"accordion-1167775593-label\" >\n\t\t\t\n<ul>\n<li class=\"Body\" style=\"text-align: left;\">Rastlinski material: 15 gramov<\/li>\n<li class=\"Body\" style=\"text-align: left;\">Izvle\u010dki\/Izolati\/Destilati: 5 gramov<\/li>\n<li class=\"Body\" style=\"text-align: left;\">Izdelki iz konoplje: 5 gramov<\/li>\n<li class=\"Body\" style=\"text-align: left;\">Teko\u010dina\/Pija\u010de: 30 ml<\/li>\n<li class=\"Body\" style=\"text-align: left;\">\u017divila: 15 gramov<\/li>\n<\/ul>\n\t\t<\/div>\n\t<\/div>\n\t\n\t<div id=\"accordion-2955323860\" class=\"accordion-item ac-panel\">\n\t\t<a id=\"accordion-2955323860-label\" class=\"accordion-title plain\" href=\"#accordion-item-kak\u0161en-je-postopek-za-analizo-v-pharmahemp-laboratories?\" aria-expanded=\"false\" aria-controls=\"accordion-2955323860-content\" >\n\t\t\t<button class=\"toggle\" aria-label=\"Toggle\"><i class=\"icon-angle-down\"><\/i><\/button>\n\t\t\t<span>Kak\u0161en je postopek za analizo v PharmaHemp Laboratories?<\/span>\n\t\t<\/a>\n\t\t<div id=\"accordion-2955323860-content\" class=\"accordion-inner\" aria-labelledby=\"accordion-2955323860-label\" >\n\t\t\t\n<p style=\"text-align: left;\">\u010ce se odlo\u010dite za analizo svojega vzorca, se registrirajte kot uporabnik na na\u0161i spletni strani:<a href=\"https:\/\/order.pharma-lab.eu\/\"> https:\/\/order.pharma-lab.eu\/<\/a>, kjer lahko oddate naro\u010dilo za analizo. Po uspe\u0161ni oddaji naro\u010dila embala\u017eo vzorcev ozna\u010dite s \u0161tevilko naro\u010dila in jo po\u0161ljite v na\u0161 laboratorij<\/p>\n\t\t<\/div>\n\t<\/div>\n\t\n\t<div id=\"accordion-1862091816\" class=\"accordion-item ac-panel\">\n\t\t<a id=\"accordion-1862091816-label\" class=\"accordion-title plain\" href=\"#accordion-item-kako-po\u0161ljem-vzorce?\" aria-expanded=\"false\" aria-controls=\"accordion-1862091816-content\" >\n\t\t\t<button class=\"toggle\" aria-label=\"Toggle\"><i class=\"icon-angle-down\"><\/i><\/button>\n\t\t\t<span>Kako po\u0161ljem vzorce?<\/span>\n\t\t<\/a>\n\t\t<div id=\"accordion-1862091816-content\" class=\"accordion-inner\" aria-labelledby=\"accordion-1862091816-label\" >\n\t\t\t\n<p class=\"Body\" style=\"margin-left: 0cm; text-align: left;\">Prosimo, da svoj vzorec po\u0161ljete v primerni embala\u017ei, ki jo ozna\u010dite s \u0161tevilko naro\u010dila. Pomembno je, da vzorce zavarujete pred po\u0161kodbo ali razlitjem, ki se lahko zgodi med po\u0161iljanjem. Priporo\u010damo oblo\u017eeno kuverto ali za\u0161\u010dito z mehur\u010dkasto folijo.<\/p>\n\t\t<\/div>\n\t<\/div>\n\t\n\t<div id=\"accordion-1880981491\" class=\"accordion-item ac-panel\">\n\t\t<a id=\"accordion-1880981491-label\" class=\"accordion-title plain\" href=\"#accordion-item-na-kateri-naslov-po\u0161ljem-vzorce?\" aria-expanded=\"false\" aria-controls=\"accordion-1880981491-content\" >\n\t\t\t<button class=\"toggle\" aria-label=\"Toggle\"><i class=\"icon-angle-down\"><\/i><\/button>\n\t\t\t<span>Na kateri naslov po\u0161ljem vzorce?<\/span>\n\t\t<\/a>\n\t\t<div id=\"accordion-1880981491-content\" class=\"accordion-inner\" aria-labelledby=\"accordion-1880981491-label\" >\n\t\t\t\n<p class=\"Body\" style=\"margin-left: 0cm; text-align: left;\">Naslov za po\u0161iljanje vzorcev je: Pharmahemp d.o.o., Cesta v Gorice 8, 1000 Ljubljana, Slovenija.<\/p>\n\t\t<\/div>\n\t<\/div>\n\t\n\t<div id=\"accordion-2051688300\" class=\"accordion-item ac-panel\">\n\t\t<a id=\"accordion-2051688300-label\" class=\"accordion-title plain\" href=\"#accordion-item-kak\u0161na-je-cena-analize-in-ali-ponujate-koli\u010dinski-popust?\" aria-expanded=\"false\" aria-controls=\"accordion-2051688300-content\" >\n\t\t\t<button class=\"toggle\" aria-label=\"Toggle\"><i class=\"icon-angle-down\"><\/i><\/button>\n\t\t\t<span>Kak\u0161na je cena analize in ali ponujate koli\u010dinski popust?<\/span>\n\t\t<\/a>\n\t\t<div id=\"accordion-2051688300-content\" class=\"accordion-inner\" aria-labelledby=\"accordion-2051688300-label\" >\n\t\t\t\n<p style=\"text-align: left;\">Cena analize enega vzorca je 35\u00a0\u20ac + DDV. Ponujamo tudi koli\u010dinski popust, za ve\u010d informacij nas kontaktirajte.<\/p>\n\t\t<\/div>\n\t<\/div>\n\t\n\t<div id=\"accordion-2259526523\" class=\"accordion-item ac-panel\">\n\t\t<a id=\"accordion-2259526523-label\" class=\"accordion-title plain\" href=\"#accordion-item-kak\u0161en-je-\u010das-trajanja?\" aria-expanded=\"false\" aria-controls=\"accordion-2259526523-content\" >\n\t\t\t<button class=\"toggle\" aria-label=\"Toggle\"><i class=\"icon-angle-down\"><\/i><\/button>\n\t\t\t<span>Kak\u0161en je \u010das trajanja?<\/span>\n\t\t<\/a>\n\t\t<div id=\"accordion-2259526523-content\" class=\"accordion-inner\" aria-labelledby=\"accordion-2259526523-label\" >\n\t\t\t\n\t<div id=\"text-2686273874\" class=\"text\">\n\t\t\n<div>Obi\u010dajni \u010das trajanja: 3\u201310 delovnih dni po prejemu vzorca (obi\u010dajno v 2\u20135 delovnih dneh).<\/div>\n<div>Prednostno: v 24 urah, \u010de vzorec prejmemo do 13. ure prej\u0161njega dne.<\/div>\n<div><\/div>\n<div>Rezultate analize boste prejeli na elektronski naslov.<\/div>\n\t\t\n<style>\n#text-2686273874 {\n  text-align: left;\n}\n<\/style>\n\t<\/div>\n\t\n\t\t<\/div>\n\t<\/div>\n\t\n\t<div id=\"accordion-1386920283\" class=\"accordion-item\">\n\t\t<a id=\"accordion-1386920283-label\" class=\"accordion-title plain\" href=\"#accordion-item-kaj-pomeni-m.u.?\" aria-expanded=\"false\" aria-controls=\"accordion-1386920283-content\" >\n\t\t\t<button class=\"toggle\" aria-label=\"Toggle\"><i class=\"icon-angle-down\"><\/i><\/button>\n\t\t\t<span>Kaj pomeni M.U.?<\/span>\n\t\t<\/a>\n\t\t<div id=\"accordion-1386920283-content\" class=\"accordion-inner\" aria-labelledby=\"accordion-1386920283-label\" >\n\t\t\t\n\t<div id=\"text-1409407935\" class=\"text\">\n\t\t\n<p style=\"text-align: left;\">M.U. (ang. Measurement Uncertainty) je okraj\u0161ava za raz\u0161irjeno merilno negotovost. Ta parameter ozna\u010duje statisti\u010dno razpr\u0161enost vrednosti, ki jih je mogo\u010de pripisati izmerjeni koli\u010dini.<\/p>\n\t\t\n<style>\n#text-1409407935 {\n  text-align: left;\n}\n<\/style>\n\t<\/div>\n\t\n\t\t<\/div>\n\t<\/div>\n\t\n\t<div id=\"accordion-238949208\" class=\"accordion-item ac-panel\">\n\t\t<a id=\"accordion-238949208-label\" class=\"accordion-title plain\" href=\"#accordion-item-katera-metoda-je-uporabljena?\" aria-expanded=\"false\" aria-controls=\"accordion-238949208-content\" >\n\t\t\t<button class=\"toggle\" aria-label=\"Toggle\"><i class=\"icon-angle-down\"><\/i><\/button>\n\t\t\t<span>Katera metoda je uporabljena?<\/span>\n\t\t<\/a>\n\t\t<div id=\"accordion-238949208-content\" class=\"accordion-inner\" aria-labelledby=\"accordion-238949208-label\" >\n\t\t\t\n<p class=\"Body\" style=\"margin-left: 0cm; text-align: left;\"><span lang=\"EN-US\">Na\u0161a metoda vklju\u010duje sodobno teko\u010dinsko kromatografijo visoke lo\u010dljivosti, povezano s sistemom UV-DAD. Trenutno uporabljamo dve razli\u010dni metodi: s prvo dolo\u010damo kanabinoide pri valovni dol\u017eini 237\u00a0nm, pri drugi pa 276 nm. Obe metodi sta med seboj primerljivi.<\/span><\/p>\n\t\t<\/div>\n\t<\/div>\n\t\n<\/div>\n\t\t<\/div>\n\t\t\t\t\t<\/div>\n\n\t\n<\/div>\n\t\t<\/div>\n\n\t\t\n<style>\n#section_1737670195 {\n  padding-top: 60px;\n  padding-bottom: 60px;\n  min-height: 82vh;\n}\n<\/style>\n\t<\/section>\n\t\n","protected":false},"excerpt":{"rendered":"","protected":false},"author":1182,"featured_media":0,"parent":0,"menu_order":0,"comment_status":"closed","ping_status":"closed","template":"page-blank.php","meta":{"footnotes":""},"yoast_head":"<!-- This site is optimized with the Yoast SEO plugin v23.5 - https:\/\/yoast.com\/wordpress\/plugins\/seo\/ -->\n<title>Najpogostej\u0161a Vpra\u0161anja - PharmaHemp SLO<\/title>\n<meta name=\"description\" content=\"PharmaHemp answers and questions about CBD products and the buying process in the online store.\" \/>\n<meta name=\"robots\" content=\"index, follow, max-snippet:-1, max-image-preview:large, max-video-preview:-1\" \/>\n<link rel=\"canonical\" href=\"https:\/\/pharma-lab.eu\/sl\/najpogostejsa-vprasanja\/\" \/>\n<meta property=\"og:locale\" content=\"sl_SI\" \/>\n<meta property=\"og:type\" content=\"article\" \/>\n<meta property=\"og:title\" content=\"Najpogostej\u0161a Vpra\u0161anja - PharmaHemp SLO\" \/>\n<meta property=\"og:description\" content=\"PharmaHemp answers and questions about CBD products and the buying process in the online store.\" \/>\n<meta property=\"og:url\" content=\"https:\/\/pharma-lab.eu\/sl\/najpogostejsa-vprasanja\/\" \/>\n<meta property=\"og:site_name\" content=\"PharmaHemp SLO\" \/>\n<meta property=\"article:publisher\" content=\"https:\/\/www.facebook.com\/pharmahempstore\" \/>\n<meta property=\"article:modified_time\" content=\"2024-10-15T10:33:55+00:00\" \/>\n<meta name=\"twitter:card\" content=\"summary_large_image\" \/>\n<meta name=\"twitter:label1\" content=\"Est. reading time\" \/>\n\t<meta name=\"twitter:data1\" content=\"3 minute\" \/>\n<script type=\"application\/ld+json\" class=\"yoast-schema-graph\">{\"@context\":\"https:\/\/schema.org\",\"@graph\":[{\"@type\":\"WebPage\",\"@id\":\"https:\/\/pharma-lab.eu\/sl\/najpogostejsa-vprasanja\/\",\"url\":\"https:\/\/pharma-lab.eu\/sl\/najpogostejsa-vprasanja\/\",\"name\":\"Najpogostej\u0161a Vpra\u0161anja - PharmaHemp SLO\",\"isPartOf\":{\"@id\":\"https:\/\/pharma-lab.eu\/sl\/#website\"},\"datePublished\":\"2020-07-09T06:23:07+00:00\",\"dateModified\":\"2024-10-15T10:33:55+00:00\",\"description\":\"PharmaHemp answers and questions about CBD products and the buying process in the online store.\",\"breadcrumb\":{\"@id\":\"https:\/\/pharma-lab.eu\/sl\/najpogostejsa-vprasanja\/#breadcrumb\"},\"inLanguage\":\"sl-SI\",\"potentialAction\":[{\"@type\":\"ReadAction\",\"target\":[\"https:\/\/pharma-lab.eu\/sl\/najpogostejsa-vprasanja\/\"]}]},{\"@type\":\"BreadcrumbList\",\"@id\":\"https:\/\/pharma-lab.eu\/sl\/najpogostejsa-vprasanja\/#breadcrumb\",\"itemListElement\":[{\"@type\":\"ListItem\",\"position\":1,\"name\":\"Domov\",\"item\":\"https:\/\/pharma-lab.eu\/sl\/\"},{\"@type\":\"ListItem\",\"position\":2,\"name\":\"Najpogostej\u0161a Vpra\u0161anja\"}]},{\"@type\":\"WebSite\",\"@id\":\"https:\/\/pharma-lab.eu\/sl\/#website\",\"url\":\"https:\/\/pharma-lab.eu\/sl\/\",\"name\":\"PharmaHemp SLO\",\"description\":\"Cannabis Testing Laboratory\",\"publisher\":{\"@id\":\"https:\/\/pharma-lab.eu\/sl\/#organization\"},\"potentialAction\":[{\"@type\":\"SearchAction\",\"target\":{\"@type\":\"EntryPoint\",\"urlTemplate\":\"https:\/\/pharma-lab.eu\/sl\/?s={search_term_string}\"},\"query-input\":{\"@type\":\"PropertyValueSpecification\",\"valueRequired\":true,\"valueName\":\"search_term_string\"}}],\"inLanguage\":\"sl-SI\"},{\"@type\":\"Organization\",\"@id\":\"https:\/\/pharma-lab.eu\/sl\/#organization\",\"name\":\"PharmaHemp d.o.o.\",\"url\":\"https:\/\/pharma-lab.eu\/sl\/\",\"logo\":{\"@type\":\"ImageObject\",\"inLanguage\":\"sl-SI\",\"@id\":\"https:\/\/pharma-lab.eu\/sl\/#\/schema\/logo\/image\/\",\"url\":\"https:\/\/pharma-lab.eu\/wp-content\/uploads\/2020\/12\/logo_lab.png\",\"contentUrl\":\"https:\/\/pharma-lab.eu\/wp-content\/uploads\/2020\/12\/logo_lab.png\",\"width\":260,\"height\":83,\"caption\":\"PharmaHemp d.o.o.\"},\"image\":{\"@id\":\"https:\/\/pharma-lab.eu\/sl\/#\/schema\/logo\/image\/\"},\"sameAs\":[\"https:\/\/www.facebook.com\/pharmahempstore\",\"https:\/\/www.instagram.com\/pharmahemp_store\/\"]}]}<\/script>\n<!-- \/ Yoast SEO plugin. -->","yoast_head_json":{"title":"Najpogostej\u0161a Vpra\u0161anja - PharmaHemp SLO","description":"PharmaHemp answers and questions about CBD products and the buying process in the online store.","robots":{"index":"index","follow":"follow","max-snippet":"max-snippet:-1","max-image-preview":"max-image-preview:large","max-video-preview":"max-video-preview:-1"},"canonical":"https:\/\/pharma-lab.eu\/sl\/najpogostejsa-vprasanja\/","og_locale":"sl_SI","og_type":"article","og_title":"Najpogostej\u0161a Vpra\u0161anja - PharmaHemp SLO","og_description":"PharmaHemp answers and questions about CBD products and the buying process in the online store.","og_url":"https:\/\/pharma-lab.eu\/sl\/najpogostejsa-vprasanja\/","og_site_name":"PharmaHemp SLO","article_publisher":"https:\/\/www.facebook.com\/pharmahempstore","article_modified_time":"2024-10-15T10:33:55+00:00","twitter_card":"summary_large_image","twitter_misc":{"Est. reading time":"3 minute"},"schema":{"@context":"https:\/\/schema.org","@graph":[{"@type":"WebPage","@id":"https:\/\/pharma-lab.eu\/sl\/najpogostejsa-vprasanja\/","url":"https:\/\/pharma-lab.eu\/sl\/najpogostejsa-vprasanja\/","name":"Najpogostej\u0161a Vpra\u0161anja - PharmaHemp SLO","isPartOf":{"@id":"https:\/\/pharma-lab.eu\/sl\/#website"},"datePublished":"2020-07-09T06:23:07+00:00","dateModified":"2024-10-15T10:33:55+00:00","description":"PharmaHemp answers and questions about CBD products and the buying process in the online store.","breadcrumb":{"@id":"https:\/\/pharma-lab.eu\/sl\/najpogostejsa-vprasanja\/#breadcrumb"},"inLanguage":"sl-SI","potentialAction":[{"@type":"ReadAction","target":["https:\/\/pharma-lab.eu\/sl\/najpogostejsa-vprasanja\/"]}]},{"@type":"BreadcrumbList","@id":"https:\/\/pharma-lab.eu\/sl\/najpogostejsa-vprasanja\/#breadcrumb","itemListElement":[{"@type":"ListItem","position":1,"name":"Domov","item":"https:\/\/pharma-lab.eu\/sl\/"},{"@type":"ListItem","position":2,"name":"Najpogostej\u0161a Vpra\u0161anja"}]},{"@type":"WebSite","@id":"https:\/\/pharma-lab.eu\/sl\/#website","url":"https:\/\/pharma-lab.eu\/sl\/","name":"PharmaHemp SLO","description":"Cannabis Testing Laboratory","publisher":{"@id":"https:\/\/pharma-lab.eu\/sl\/#organization"},"potentialAction":[{"@type":"SearchAction","target":{"@type":"EntryPoint","urlTemplate":"https:\/\/pharma-lab.eu\/sl\/?s={search_term_string}"},"query-input":{"@type":"PropertyValueSpecification","valueRequired":true,"valueName":"search_term_string"}}],"inLanguage":"sl-SI"},{"@type":"Organization","@id":"https:\/\/pharma-lab.eu\/sl\/#organization","name":"PharmaHemp d.o.o.","url":"https:\/\/pharma-lab.eu\/sl\/","logo":{"@type":"ImageObject","inLanguage":"sl-SI","@id":"https:\/\/pharma-lab.eu\/sl\/#\/schema\/logo\/image\/","url":"https:\/\/pharma-lab.eu\/wp-content\/uploads\/2020\/12\/logo_lab.png","contentUrl":"https:\/\/pharma-lab.eu\/wp-content\/uploads\/2020\/12\/logo_lab.png","width":260,"height":83,"caption":"PharmaHemp d.o.o."},"image":{"@id":"https:\/\/pharma-lab.eu\/sl\/#\/schema\/logo\/image\/"},"sameAs":["https:\/\/www.facebook.com\/pharmahempstore","https:\/\/www.instagram.com\/pharmahemp_store\/"]}]}},"_links":{"self":[{"href":"https:\/\/pharma-lab.eu\/sl\/wp-json\/wp\/v2\/pages\/3476"}],"collection":[{"href":"https:\/\/pharma-lab.eu\/sl\/wp-json\/wp\/v2\/pages"}],"about":[{"href":"https:\/\/pharma-lab.eu\/sl\/wp-json\/wp\/v2\/types\/page"}],"author":[{"embeddable":true,"href":"https:\/\/pharma-lab.eu\/sl\/wp-json\/wp\/v2\/users\/1182"}],"replies":[{"embeddable":true,"href":"https:\/\/pharma-lab.eu\/sl\/wp-json\/wp\/v2\/comments?post=3476"}],"version-history":[{"count":6,"href":"https:\/\/pharma-lab.eu\/sl\/wp-json\/wp\/v2\/pages\/3476\/revisions"}],"predecessor-version":[{"id":185415,"href":"https:\/\/pharma-lab.eu\/sl\/wp-json\/wp\/v2\/pages\/3476\/revisions\/185415"}],"wp:attachment":[{"href":"https:\/\/pharma-lab.eu\/sl\/wp-json\/wp\/v2\/media?parent=3476"}],"curies":[{"name":"wp","href":"https:\/\/api.w.org\/{rel}","templated":true}]}}