{"id":182453,"date":"2021-08-12T09:06:13","date_gmt":"2021-08-12T08:06:13","guid":{"rendered":"https:\/\/pharma-lab.eu\/?page_id=182453"},"modified":"2021-08-12T10:07:55","modified_gmt":"2021-08-12T09:07:55","slug":"varovanje-podatkov","status":"publish","type":"page","link":"https:\/\/pharma-lab.eu\/sl\/varovanje-podatkov\/","title":{"rendered":"Varovanje podatkov"},"content":{"rendered":"<h1>VAROVANJE OSEBNIH PODATKOV<\/h1>\n<p>Namen Obvestila o varstvu osebnih podatkov (\u00bbObvestilo\u00ab) je, da vas seznanimo s tem, katere va\u0161e osebne podatke zbiramo in v kak\u0161ne namene, kaj z njimi po\u010dnemo, kako skrbimo za njihovo varnost ter kak\u0161ne so va\u0161e pravice, ki jih lahko uveljavljate v zvezi z obdelavo osebnih podatkov. Varstvo va\u0161ih osebnih podatkov jemljemo skrajno resno in odgovorno. V celoti spo\u0161tujemo svoje obveznosti glede zakonite, po\u0161tene in pregledne obdelave osebnih podatkov. Svetujemo vam, da se podrobno seznanite z vsebino tega Obvestila.<br \/>Za zagotavljanje skladnosti tega Obvestila s predpisi na podro\u010dju varstva osebnih podatkov si PharmaHemp pridr\u017euje pravico do njegovih sprememb ali dopolnitev. O spremembah vas bomo pravo\u010dasno obvestili na najustreznej\u0161i na\u010din, npr. preko elektronske po\u0161te ali z objavo na spletni strani.<\/p>\n<h3>Podatki o upravljalcu:<\/h3>\n<ul>\n<li>PharmaHemp d.o.o.<\/li>\n<li>Koprska ulica 106 C\/ Cesta v Gorice 8<\/li>\n<li>1000 Ljubljana<\/li>\n<li>Slovenija, EU<\/li>\n<li>ID za DDV: SI 11032413<\/li>\n<li>Dav\u010dni zavezanec: DA<\/li>\n<li>Mati\u010dna \u0161tevilka: 2343428000<\/li>\n<li>Telefon: <a href=\"tel:+38614239790\">+386 1 423 97 90<\/a> \/ <a href=\"tel:+38616207822\">+386 1 620 78 22<\/a><\/li>\n<li>Email: <a href=\"mailto:analysis@pharma-lab.eu\">analysis@pharma-lab.eu<\/a><\/li>\n<li>Spletna stran: <a href=\"https:\/\/pharma-lab.eu\/\">https:\/\/pharma-lab.eu\/<\/a><\/li>\n<\/ul>\n<h3>Katere osebne podatke obdelujemo?<\/h3>\n<p>a.) Osnovni kontaktni podatki (ime, priimek, telefonska \u0161tevilka, e-naslov, naslov, mesto, kraj, ulica, dr\u017eava, splo\u0161ni podatki o podjetju);<br \/>b.) Podatki o uporabi na\u0161ih spletnih strani (kliki na povezave, porabljen \u010das) in podatki glede odziva na na\u0161a elektronska po\u0161tna sporo\u010dila (ali je bilo sporo\u010dilo odprto, na katere povezave ste kliknili);<br \/>c.) Podatki, ki jih potrebujemo za izpolnitev pogodbe in opravljeno storitev (predmet nakupa, cena, naslov za dostavo, \u010das dostave, na\u010din pla\u010dila, datum pla\u010dila, podatki o reklamacijah, podatki o izdanem ra\u010dunu ipd.)<br \/>d.) Podatke o stre\u017eniku (npr. datum in \u010das obiskov, obiskane podstrani, informacije, ki ste si jih ogledali ali iskali, itd).<br \/>e.) Podatke o napravah (podatki o ra\u010dunalniku ali mobilni napravi, s katero dostopate do spletne strani, vklju\u010dno z operacijskim sistemom, modelom, spletnim brskalnikom, itd).<br \/>f.) Podatke o uporabi na\u0161e spletne strani.<\/p>\n<h3>Pravne podlage za obdelavo osebnih podatkov<\/h3>\n<p>Va\u0161e osebne podatke zbiramo le, kadar je to nujno potrebno oziroma ste v to privolili sami. Va\u0161ih osebnih podatkov ne bomo obdelovali, \u010de namen oziroma podlaga za njihovo obdelavo nista ustrezno utemeljena z veljavnimi predpisi s podro\u010dja varstva osebnih podatkov (Zakon o varstvu osebnih podatkov, Uradni list RS \u0161t. 94\/07 \u2013 uradno pre\u010di\u0161\u010deno besedilo (ZVOP-1), Uredba (EU) 2016\/679 Evropskega parlamenta in Sveta z dne 27. aprila 2016 o varstvu posameznikov pri obdelavi osebnih podatkov in o prostem pretoku takih podatkov (GDPR)) ter Zakon o elektronskih komunikacijah, Uradni list RS 109\/12, 110\/13, 40\/14 \u2013 ZIN-B, 54\/14 \u2013 odl. US, 81\/15 in 40\/17 (ZEKom-1)). PharmaHemp bo va\u0161e osebne podatke obdeloval na podlagi naslednjih pravnih temeljev: <br \/>Z obiskom na\u0161e spletne strani ste sprejeli in sogla\u0161ali s Splo\u0161ni pogoji uporabe te spletne strani ter s podjetjem PharmaHemp sklenili pogodbo, ki se uporablja kot pravni temelj za obdelavo va\u0161ih osebnih podatkov. Podatki se kodirajo in se na stre\u017enik prena\u0161ajo v za\u0161\u010diteni obliki. Tak\u0161en sistem prepre\u010duje, da bi kdorkoli lahko prestregel va\u0161e osebne podatke. <br \/>PharmaHemp obdeluje va\u0161e osebne podatke tudi na podlagi zakonskega pravnega temelja: <br \/>na podlagi nacionalne zakonodaje, med drugim Zakona o prepre\u010devanju pranja denarja in financiranja terorizma (Uradni list RS, \u0161t. 68\/16 in 81\/19; ZPPDFT-1), Zakona o varstvu osebnih podatkov (Uradni list RS, \u0161t. 94\/07 \u2013 uradno pre\u010di\u0161\u010deno besedilo; ZVOP-1), Zakona o avtorski in sorodnih pravicah (Uradni list RS, \u0161t. 16\/07 \u2013 uradno pre\u010di\u0161\u010deno besedilo, 68\/08, 110\/13, 56\/15 in 63\/16 \u2013 ZKUASP; ZASP) itd., na podlagi drugih mednarodnih pogodb ter predpisov EU, ki PharmaHemp obvezujejo, da v dolo\u010denih primerih posreduje osebne podatke posameznikov dr\u017eavnim organom in drugim upravljavcem za izpolnjevanje svojih ali njihovih zakonskih obveznosti ali pristojnosti.<\/p>\n<h3>PharmaHemp lahko osebne podatke obdeluje na podlagi zakonitega interesa, npr:<\/h3>\n<p>a.) v statisti\u010dne namene in namene zbiranja demografskih podatkov in zanimanj obiskovalcev,<br \/>b.) za ugotavljanje te\u017eav s stre\u017enikom in spletno stranjo,<br \/>c.) za izvajanje poslovnih analiz,<br \/>d.) za nadaljnji razvoj ponudbe,<br \/>e.) za izbolj\u0161anje ali prilagoditev storitev posamezniku,<br \/>f.) za ugotavljanje u\u010dinkovitosti promocijskih aktivnosti in ogla\u0161evanja,<br \/>g.) na podlagi drugih zakonitih interesov.<br \/>PharmaHemp lahko v dolo\u010denih primerih va\u0161e osebne podatke obdeluje na podlagi va\u0161e osebne privolitve za izvajanje tr\u017eenjskih aktivnosti, kot sta po\u0161iljanje aktualnih novic in splo\u0161no obve\u0161\u010danje o ponudbi, novostih, ugodnostih, dogodkih ali nagradnih igrah ter za obve\u0161\u010danje o ponudbi storitev, prilagojenih va\u0161im osebnim interesom na podlagi profiliranja, ki ga PharmaHemp uporablja v te namene. Osebna privolitev je povsem prostovoljna in ni pogoj za sklenitev pogodbe. V teh primerih obdelava poteka v okviru z izjavo danega namena in dogovorjenih na\u010dinov obve\u0161\u010danja, in sicer vse do preklica privolitve.<\/p>\n<h3>Nameni obdelave osebnih podatkov<\/h3>\n<p>Va\u0161e osebne podatke lahko uporabljamo za enega ali ve\u010d navedenih namenov:<br \/>a.) komuniciranje z vami glede zagotavljanja na\u0161ih storitev ter odgovarjanja na va\u0161a povpra\u0161evanja;<br \/>b.) sklenitev pogodbe in izpolnitev obveznosti, ki izhajajo iz sklenjene pogodbe;<br \/>c.) tr\u017eno komuniciranje (po\u0161iljanje elektronske po\u0161te in SMS sporo\u010dil);<br \/>d.) za uveljavljanje kakr\u0161nihkoli pravnih zahtevkov in re\u0161evanje sporov;<br \/>e.) za statisti\u010dne analize o prodaji na\u0161ih storitev in o uporabi na\u0161ih spletnih strani;<\/p>\n<h3>Kako dolgo hranimo va\u0161e osebne podatke in kaj se z njimi zgodi potem?<\/h3>\n<p>Obdobje hrambe osebnih podatkov je odvisno od podlage in namena obdelave posamezne kategorije osebnih podatkov. Osebni podatki se hranijo le toliko \u010dasa, kolikor je to predpisano oziroma dovoljeno ter nujno potrebno za dosego namena, v katerega so se zbirali ali nadalje obdelovali. Po izpolnitvi namena bomo hranili le tiste osebne podatke, ki smo jih dol\u017eni hraniti na podlagi zakona ali, ki bi jih morda potrebovali v dokazne ali obrambne namene, \u010de bi obstajala mo\u017enost uveljavljanja pravnih zahtevkov. Ostali podatki se izbri\u0161ejo, uni\u010dijo, blokirajo ali anonimizirajo, razen \u010de zakon za posamezne vrste osebnih podatkov ne dolo\u010da druga\u010de. Va\u0161e osebne podatke, ki jih obdelujemo za po\u0161iljanje ponudb in obve\u0161\u010danje o novostih, hranimo do va\u0161ega preklica oziroma v vsakem primeru najve\u010d pet let od podaje soglasja. <br \/>Po preteku tega obdobja vas bomo ponovno prosili za privolitev. Podatke o izdanih ra\u010dunih hranimo 10 let od izdaje. Po poteku roka hrambe osebne podatke u\u010dinkovito izbri\u0161emo ali anonimiziramo, kar pomeni, da jih obdelamo na tak na\u010din, da jih nikakor ni ve\u010d mogo\u010de povezati z vami oziroma jih pripisati vam.<\/p>\n<h3>Prostovoljnost posredovanja podatkov in posledice neposredovanja<\/h3>\n<p>Posredovanje osebnih podatkov je prostovoljno. Osebnih podatkov nam niste dol\u017eni posredovati, vendar pa v primeru, da jih ne posredujete, ne morete z nami skleniti pogodbe (saj jih potrebujemo za dostavo naro\u010dila). Kateri podatki so taki, da njihovo neposredovanje povzro\u010di navedene posledice, bomo navedli vsaki\u010d, ko bomo od vas pridobivali osebne podatke.<\/p>\n<h3>Kdo ima dostop do va\u0161ih osebnih podatkov, ki ste nam jih posredovali? Ali bomo va\u0161e osebne podatke razkrili tretjim osebam ali jih prenesli izven EU?<\/h3>\n<p>Va\u0161o zasebnost jemljemo zelo resno. Va\u0161i osebni podatki so poslovna skrivnost podjetja PharmaHemp. Zaposleni v podjetju PharmaHemp obdelujejo va\u0161e osebne podatke v skladu s pooblastili in na\u0161imi internimi politikami. Pogodbeni obdelovalci so zavezani k varovanju zaupnih podatkov ter spo\u0161tovanju pravic posameznikov enako kot zaposleni v podjetju PharmaHemp. <br \/>Va\u0161ih osebnih podatkov ne posredujemo ter ne omogo\u010damo seznanitve z njimi tretjim osebam razen tistim, ki imajo z nami sklenjeno pisno pogodbo, na podlagi katere izvajajo dolo\u010dena opravila v zvezi z obdelavo podatkov in so dol\u017eni spo\u0161tovati zakonodajo glede obdelave in varstva osebnih podatkov \u2013 t.i. pogodbeni obdelovalci. Pogodbeni obdelovalci, ki jim posredujemo osebne podatke, so npr.: <br \/>a.) ponudniki storitev marketinga; <br \/>b.) ponudniki po\u0161iljanja elektronskih po\u0161tnih sporo\u010dil; <br \/>c.) ponudniki programskih re\u0161itev, ipd.<\/p>\n<p>Pogodbeni obdelovalci smejo osebne podatke obdelovati zgolj v okviru na\u0161ih navodil in osebnih podatkov ne smejo obdelovati za lastne namene. Zavezani so, skupaj s svojimi zaposlenimi, k varovanju zaupnosti va\u0161ih osebnih podatkov.<\/p>\n<h3>Kak\u0161ne so va\u0161e pravice glede obdelave osebnih podatkov?<\/h3>\n<p>Kadarkoli lahko zahtevate vpogled oziroma dostop do svojih osebnih podatkov, njihov popravek ali izbris, omejite njihovo obdelavo ali pa obdelavi ugovarjate. Obvestili vas bomo, \u010de bo ta zahteva vplivala na mo\u017enost nadaljnjega delovanja te spletne strani. V dolo\u010denih primerih imate tudi pravico do prenosljivosti svojih osebnih podatkov k drugemu upravljavcu. Slednje je odvisno od tehni\u010dnih zmo\u017enosti in internih politik posameznega upravljavca. <br \/>Privolitev za obdelavo osebnih podatkov za po\u0161iljanje ponudb in obve\u0161\u010danje o novostih lahko kadarkoli prekli\u010dete, pri \u010demer preklic privolitve ne vpliva na zakonitost obdelave osebnih podatkov na podlagi te privolitve za obdobje pred preklicem. PharmaHemp ne prevzema odgovornosti za verodostojnost, to\u010dnost in a\u017eurnost osebnih podatkov, ki jih posredujete. Uporabnik je dol\u017ean sam poskrbeti za to\u010dnost in a\u017eurnost vseh posredovanih podatkov. <br \/>V primeru kr\u0161itve varstva osebnih podatkov vas bomo obvestili pod pogoji, ki jih dolo\u010da veljavna zakonodaja.<\/p>\n<h3>Postopek uveljavljanja pravic<\/h3>\n<p>Svoje zahteve, ki se ti\u010dejo uveljavljanja pravic v zvezi z osebnimi podatki lahko naslovite v pisni obliki na katerikoli kontakt, ki je naveden na vrhu tega dokumenta pod Upravljavec osebnih podatkov in kontaktni podatki. <br \/>Za potrebe zanesljive identifikacije v primeru uveljavljanja pravic v zvezi z osebnimi podatki lahko od vas zahtevamo dodatne podatke, ukrepanje pa lahko zavrnemo le v primeru, da doka\u017eemo, da vas ne moremo zanesljivo identificirati.<br \/>Na va\u0161o zahtevo s katero uveljavljate svoje pravice v zvezi z osebnimi podatki, moramo odgovoriti brez nepotrebnega odla\u0161anja in najpozneje v enem mesecu od prejema va\u0161e zahteve. <br \/>Vsaka sprememba na\u0161e politike o varovanju osebnih podatkov bo objavljena na tem spletnem mestu.<\/p>\n<h3>Pravica vlo\u017eiti prito\u017ebo<\/h3>\n<p>Kadarkoli lahko vlo\u017eite prito\u017ebo v zvezi z obdelavo osebnih podatkov pri nadzornem organu Sloveniji, to je Informacijski Poobla\u0161\u010denec, z naslovom Dunajska 22, 1000 Ljubljana.<\/p>\n<h3>Izklju\u010ditev odgovornosti<\/h3>\n<p>Dru\u017eba PharmaHemp ne odgovarja za \u0161kodo, ki bi vam nastala, ker ste ponudniku posredovali napa\u010dne, la\u017ene, nepopolne ali nea\u017eurne podatke. <br \/>Enako velja glede odgovornosti dru\u017ebe PharmaHemp, \u010de je \u0161koda nastala zaradi kateregakoli razloga na va\u0161i strani, npr. da je nekdo v va\u0161em imenu nepoobla\u0161\u010deno opravil nakup storitve, tako da je brez razlogov na strani dru\u017ebe pridobil dostop do sredstev za dostop do spletne trgovine (npr. gesla, ra\u010dunalnik, telefon\u2026). Sami ste na va\u0161i strani odgovorni za varovanje podatkov, ki so potrebni za dostop do spletne trgovine. <br \/>O vsakem sumu zlorabe svojih osebnih podatkov ali podatkov, ki so potrebni za dostop do dolo\u010denih delov spletnega mesta (uporabni\u0161ko ime in geslo) ali ob sumu nepoobla\u0161\u010dene seznanitve s temi podatki, ste nas dol\u017eni nemudoma obvestiti. Kadar je med ponudnikom in uporabnikom vzpostavljen pogodbeni odnos, v vsakem primeru glede izklju\u010ditev in omejitev odgovornosti ponudnika veljajo dolo\u010dbe, ki urejajo ta odnos (pogodba, splo\u0161ni pogoji ipd.).<\/p>\n<h3>Pi\u0161kotki (cookies)<\/h3>\n<p>Podlaga za obvestilo o pi\u0161kotkih je spremenjen Zakon o elektronskih komunikacijah, Uradni list RS 109\/12, 110\/13, 40\/14 \u2013 ZIN-B, 54\/14 \u2013 odl. US, 81\/15 in 40\/17 (ZEKom-1), ki je za\u010del veljati v za\u010detku leta 2013 in je prinesel nova pravila glede uporabe pi\u0161kotkov in podobnih tehnologij za shranjevanje informacij ali dostop do informacij, shranjenih na ra\u010dunalniku ali mobilni napravi uporabnika.<\/p>\n<h3>Kaj so pi\u0161kotki?<\/h3>\n<p>Pi\u0161kotek je majhna tekstovna datoteka, ki se prenese na ra\u010dunalnik uporabnika ob njegovem obisku spletne strani in obi\u010dajno vsebuje ime stre\u017enika, s katerega je bil poslan pi\u0161kotek, \u017eivljenjsko dobo pi\u0161kotka, njegovo vrednost \u2013 naklju\u010dno generirano edinstveno \u0161tevilo. <br \/>Sam pi\u0161kotek ne vsebuje ali zbira informacij. \u010ce pa ga prebere stre\u017enik skupaj s spletnim brskalnikom, je to lahko spletnemu mestu v pomo\u010d pri izvajanju uporabniku prijaznej\u0161ih storitev, npr. da si zapomni va\u0161e uporabni\u0161ko ime in geslo za prihodnjo registracijo ali, da se spomni prej\u0161njih nakupov ali podatkov o uporabni\u0161kem ra\u010dunu. Samo stre\u017enik, ki je poslal pi\u0161kotek, lahko prebere in uporablja ta pi\u0161kotek. Na spletnem mestu, vrednem zaupanja, lahko tako pi\u0161kotki obogatijo izku\u0161njo. Lahko pa so pi\u0161kotki uporabljeni tudi na na\u010dine, ki pomenijo poseg v posameznikovo zasebnost. Pi\u0161kotki niso \u0161kodljivi in so vedno \u010dasovno omejeni.<\/p>\n<h3>Namen pi\u0161kotkov<\/h3>\n<p>Namen pi\u0161kotkov je izbolj\u0161ati delovanje spletne strani in uporabni\u0161ko izku\u0161njo pri ogledu spletnih strani. Interakcija med vami in spletno stranjo je s pi\u0161kotki hitrej\u0161a in enostavnej\u0161a. Z njihovo pomo\u010djo si spletno mesto zapomni va\u0161e osebne preference in izku\u0161nje. Tako se prihrani \u010das, brskanje po spletnih straneh pa postane bolj u\u010dinkovito.<\/p>\n<h3>PharmaHemp pi\u0161kotki<\/h3>\n<p>Na spletni strani uporabljamo izklju\u010dno pi\u0161kotke, ki so dovoljeni v skladu z zakonom ZEKom-1. Uporabljeni so le pi\u0161kotki, ki so nujno potrebni za delovanje te spletne strani. Za bele\u017eenje statistike obiskanosti strani, uporabljamo sistem, ki zapi\u0161e le sejni pi\u0161kotek in ne sledi va\u0161emu nadaljnjemu vedenju na spletni strani oziroma v povezavi z drugimi stranmi. Z nadaljnjo uporabo te spletne strani se strinjate z rabo v nadaljevanju opisanih pi\u0161kotkov. <br \/>Nekateri pi\u0161kotki, ki jih uporabljamo, so za\u010dasni, nekateri pa se za dolo\u010deno obdobje shranijo na va\u0161o napravo, tudi ko na\u0161o spletno stran \u017ee zapustite. Z za\u010dasnimi pi\u0161kotki merimo \u0161tevilo obiskovalcev spletne strani, kar omogo\u010da preverjanje u\u010dinkovitosti prikaza vsebin in ustreznosti oglasov ter stalno izbolj\u0161avo spletnih strani. S shranjenimi pi\u0161kotki pa hranimo kontaktne podatke za kasnej\u0161e obiske spletne strani, tako da se vam naslednji\u010d ni ve\u010d treba prijaviti oziroma se spletni prikaz vsebine prilagodi va\u0161i napravi. Uporabljamo tudi shranjene pi\u0161kotke, ki izvirajo iz drugih spletnih mest, npr. Facebooka, Twitterja, Googla in drugih. \u010ce se z njihovo uporabo ne strinjate, se pi\u0161kotki ne bodo namestili. <br \/>Poleg na\u0161tetih uporabljamo tudi pi\u0161kotke, s katerimi ugotavljamo, kako se premikate po na\u0161ih spletnih straneh, katere vsebine vas zanimajo in kako dolgo je trajal va\u0161 obisk. Na podlagi tega lahko urejamo vsebino spletnih strani in jo prilagajamo va\u0161im potrebam. <br \/>Podatke, ki jih zberemo prek pi\u0161kotkov, obdelujemo izklju\u010dno v statisti\u010dne namene ter v namene zbiranja demografskih podatkov in zanimanj obiskovalcev (a le tako, da va\u0161e identitete ni mo\u017eno odkriti), za ugotavljanje te\u017eav s stre\u017enikom, urejanje spletnih strani in obve\u0161\u010danje o izdelkih, za sledenje uporabniku prek razli\u010dnih spletnih mest, prilagajanje vsebine njegovim interesom ter v tr\u017eenjske in ogla\u0161evalske namene.<\/p>\n<h3>Kon\u010dne dolo\u010dbe<\/h3>\n<p>Svetujemo vam, da si poleg tega Obvestila preberete tudi Splo\u0161ne pogoje uporabe, ki so objavljeni na spletni strani in skupaj s tem Obvestilom tvorijo zavezujo\u010do pogodbo med vami in podjetjem PharmaHemp.<\/p>\n","protected":false},"excerpt":{"rendered":"<p>VAROVANJE OSEBNIH PODATKOV Namen Obvestila o varstvu osebnih podatkov (\u00bbObvestilo\u00ab) je, da vas seznanimo s tem, katere va\u0161e osebne podatke zbiramo in v kak\u0161ne namene, kaj z njimi po\u010dnemo, kako skrbimo za njihovo varnost ter kak\u0161ne so va\u0161e pravice, ki jih lahko uveljavljate v zvezi z obdelavo osebnih podatkov. Varstvo va\u0161ih osebnih podatkov jemljemo skrajno [&#8230;]\n","protected":false},"author":1182,"featured_media":0,"parent":0,"menu_order":0,"comment_status":"closed","ping_status":"closed","template":"","meta":{"footnotes":""},"yoast_head":"<!-- This site is optimized with the Yoast SEO plugin v23.5 - https:\/\/yoast.com\/wordpress\/plugins\/seo\/ -->\n<title>Varovanje podatkov - PharmaHemp SLO<\/title>\n<meta name=\"robots\" content=\"index, follow, max-snippet:-1, max-image-preview:large, max-video-preview:-1\" \/>\n<link rel=\"canonical\" href=\"https:\/\/pharma-lab.eu\/sl\/varovanje-podatkov\/\" \/>\n<meta property=\"og:locale\" content=\"sl_SI\" \/>\n<meta property=\"og:type\" content=\"article\" \/>\n<meta property=\"og:title\" content=\"Varovanje podatkov - PharmaHemp SLO\" \/>\n<meta property=\"og:description\" content=\"VAROVANJE OSEBNIH PODATKOV Namen Obvestila o varstvu osebnih podatkov (\u00bbObvestilo\u00ab) je, da vas seznanimo s tem, katere va\u0161e osebne podatke zbiramo in v kak\u0161ne namene, kaj z njimi po\u010dnemo, kako skrbimo za njihovo varnost ter kak\u0161ne so va\u0161e pravice, ki jih lahko uveljavljate v zvezi z obdelavo osebnih podatkov. Varstvo va\u0161ih osebnih podatkov jemljemo skrajno [...]\" \/>\n<meta property=\"og:url\" content=\"https:\/\/pharma-lab.eu\/sl\/varovanje-podatkov\/\" \/>\n<meta property=\"og:site_name\" content=\"PharmaHemp SLO\" \/>\n<meta property=\"article:publisher\" content=\"https:\/\/www.facebook.com\/pharmahempstore\" \/>\n<meta property=\"article:modified_time\" content=\"2021-08-12T09:07:55+00:00\" \/>\n<meta name=\"twitter:card\" content=\"summary_large_image\" \/>\n<meta name=\"twitter:label1\" content=\"Est. reading time\" \/>\n\t<meta name=\"twitter:data1\" content=\"12 minut\" \/>\n<script type=\"application\/ld+json\" class=\"yoast-schema-graph\">{\"@context\":\"https:\/\/schema.org\",\"@graph\":[{\"@type\":\"WebPage\",\"@id\":\"https:\/\/pharma-lab.eu\/sl\/varovanje-podatkov\/\",\"url\":\"https:\/\/pharma-lab.eu\/sl\/varovanje-podatkov\/\",\"name\":\"Varovanje podatkov - PharmaHemp SLO\",\"isPartOf\":{\"@id\":\"https:\/\/pharma-lab.eu\/sl\/#website\"},\"datePublished\":\"2021-08-12T08:06:13+00:00\",\"dateModified\":\"2021-08-12T09:07:55+00:00\",\"breadcrumb\":{\"@id\":\"https:\/\/pharma-lab.eu\/sl\/varovanje-podatkov\/#breadcrumb\"},\"inLanguage\":\"sl-SI\",\"potentialAction\":[{\"@type\":\"ReadAction\",\"target\":[\"https:\/\/pharma-lab.eu\/sl\/varovanje-podatkov\/\"]}]},{\"@type\":\"BreadcrumbList\",\"@id\":\"https:\/\/pharma-lab.eu\/sl\/varovanje-podatkov\/#breadcrumb\",\"itemListElement\":[{\"@type\":\"ListItem\",\"position\":1,\"name\":\"Domov\",\"item\":\"https:\/\/pharma-lab.eu\/sl\/\"},{\"@type\":\"ListItem\",\"position\":2,\"name\":\"Varovanje podatkov\"}]},{\"@type\":\"WebSite\",\"@id\":\"https:\/\/pharma-lab.eu\/sl\/#website\",\"url\":\"https:\/\/pharma-lab.eu\/sl\/\",\"name\":\"PharmaHemp SLO\",\"description\":\"Cannabis Testing Laboratory\",\"publisher\":{\"@id\":\"https:\/\/pharma-lab.eu\/sl\/#organization\"},\"potentialAction\":[{\"@type\":\"SearchAction\",\"target\":{\"@type\":\"EntryPoint\",\"urlTemplate\":\"https:\/\/pharma-lab.eu\/sl\/?s={search_term_string}\"},\"query-input\":{\"@type\":\"PropertyValueSpecification\",\"valueRequired\":true,\"valueName\":\"search_term_string\"}}],\"inLanguage\":\"sl-SI\"},{\"@type\":\"Organization\",\"@id\":\"https:\/\/pharma-lab.eu\/sl\/#organization\",\"name\":\"PharmaHemp d.o.o.\",\"url\":\"https:\/\/pharma-lab.eu\/sl\/\",\"logo\":{\"@type\":\"ImageObject\",\"inLanguage\":\"sl-SI\",\"@id\":\"https:\/\/pharma-lab.eu\/sl\/#\/schema\/logo\/image\/\",\"url\":\"https:\/\/pharma-lab.eu\/wp-content\/uploads\/2020\/12\/logo_lab.png\",\"contentUrl\":\"https:\/\/pharma-lab.eu\/wp-content\/uploads\/2020\/12\/logo_lab.png\",\"width\":260,\"height\":83,\"caption\":\"PharmaHemp d.o.o.\"},\"image\":{\"@id\":\"https:\/\/pharma-lab.eu\/sl\/#\/schema\/logo\/image\/\"},\"sameAs\":[\"https:\/\/www.facebook.com\/pharmahempstore\",\"https:\/\/www.instagram.com\/pharmahemp_store\/\"]}]}<\/script>\n<!-- \/ Yoast SEO plugin. -->","yoast_head_json":{"title":"Varovanje podatkov - PharmaHemp SLO","robots":{"index":"index","follow":"follow","max-snippet":"max-snippet:-1","max-image-preview":"max-image-preview:large","max-video-preview":"max-video-preview:-1"},"canonical":"https:\/\/pharma-lab.eu\/sl\/varovanje-podatkov\/","og_locale":"sl_SI","og_type":"article","og_title":"Varovanje podatkov - PharmaHemp SLO","og_description":"VAROVANJE OSEBNIH PODATKOV Namen Obvestila o varstvu osebnih podatkov (\u00bbObvestilo\u00ab) je, da vas seznanimo s tem, katere va\u0161e osebne podatke zbiramo in v kak\u0161ne namene, kaj z njimi po\u010dnemo, kako skrbimo za njihovo varnost ter kak\u0161ne so va\u0161e pravice, ki jih lahko uveljavljate v zvezi z obdelavo osebnih podatkov. Varstvo va\u0161ih osebnih podatkov jemljemo skrajno [...]","og_url":"https:\/\/pharma-lab.eu\/sl\/varovanje-podatkov\/","og_site_name":"PharmaHemp SLO","article_publisher":"https:\/\/www.facebook.com\/pharmahempstore","article_modified_time":"2021-08-12T09:07:55+00:00","twitter_card":"summary_large_image","twitter_misc":{"Est. reading time":"12 minut"},"schema":{"@context":"https:\/\/schema.org","@graph":[{"@type":"WebPage","@id":"https:\/\/pharma-lab.eu\/sl\/varovanje-podatkov\/","url":"https:\/\/pharma-lab.eu\/sl\/varovanje-podatkov\/","name":"Varovanje podatkov - PharmaHemp SLO","isPartOf":{"@id":"https:\/\/pharma-lab.eu\/sl\/#website"},"datePublished":"2021-08-12T08:06:13+00:00","dateModified":"2021-08-12T09:07:55+00:00","breadcrumb":{"@id":"https:\/\/pharma-lab.eu\/sl\/varovanje-podatkov\/#breadcrumb"},"inLanguage":"sl-SI","potentialAction":[{"@type":"ReadAction","target":["https:\/\/pharma-lab.eu\/sl\/varovanje-podatkov\/"]}]},{"@type":"BreadcrumbList","@id":"https:\/\/pharma-lab.eu\/sl\/varovanje-podatkov\/#breadcrumb","itemListElement":[{"@type":"ListItem","position":1,"name":"Domov","item":"https:\/\/pharma-lab.eu\/sl\/"},{"@type":"ListItem","position":2,"name":"Varovanje podatkov"}]},{"@type":"WebSite","@id":"https:\/\/pharma-lab.eu\/sl\/#website","url":"https:\/\/pharma-lab.eu\/sl\/","name":"PharmaHemp SLO","description":"Cannabis Testing Laboratory","publisher":{"@id":"https:\/\/pharma-lab.eu\/sl\/#organization"},"potentialAction":[{"@type":"SearchAction","target":{"@type":"EntryPoint","urlTemplate":"https:\/\/pharma-lab.eu\/sl\/?s={search_term_string}"},"query-input":{"@type":"PropertyValueSpecification","valueRequired":true,"valueName":"search_term_string"}}],"inLanguage":"sl-SI"},{"@type":"Organization","@id":"https:\/\/pharma-lab.eu\/sl\/#organization","name":"PharmaHemp d.o.o.","url":"https:\/\/pharma-lab.eu\/sl\/","logo":{"@type":"ImageObject","inLanguage":"sl-SI","@id":"https:\/\/pharma-lab.eu\/sl\/#\/schema\/logo\/image\/","url":"https:\/\/pharma-lab.eu\/wp-content\/uploads\/2020\/12\/logo_lab.png","contentUrl":"https:\/\/pharma-lab.eu\/wp-content\/uploads\/2020\/12\/logo_lab.png","width":260,"height":83,"caption":"PharmaHemp d.o.o."},"image":{"@id":"https:\/\/pharma-lab.eu\/sl\/#\/schema\/logo\/image\/"},"sameAs":["https:\/\/www.facebook.com\/pharmahempstore","https:\/\/www.instagram.com\/pharmahemp_store\/"]}]}},"_links":{"self":[{"href":"https:\/\/pharma-lab.eu\/sl\/wp-json\/wp\/v2\/pages\/182453"}],"collection":[{"href":"https:\/\/pharma-lab.eu\/sl\/wp-json\/wp\/v2\/pages"}],"about":[{"href":"https:\/\/pharma-lab.eu\/sl\/wp-json\/wp\/v2\/types\/page"}],"author":[{"embeddable":true,"href":"https:\/\/pharma-lab.eu\/sl\/wp-json\/wp\/v2\/users\/1182"}],"replies":[{"embeddable":true,"href":"https:\/\/pharma-lab.eu\/sl\/wp-json\/wp\/v2\/comments?post=182453"}],"version-history":[{"count":4,"href":"https:\/\/pharma-lab.eu\/sl\/wp-json\/wp\/v2\/pages\/182453\/revisions"}],"predecessor-version":[{"id":182458,"href":"https:\/\/pharma-lab.eu\/sl\/wp-json\/wp\/v2\/pages\/182453\/revisions\/182458"}],"wp:attachment":[{"href":"https:\/\/pharma-lab.eu\/sl\/wp-json\/wp\/v2\/media?parent=182453"}],"curies":[{"name":"wp","href":"https:\/\/api.w.org\/{rel}","templated":true}]}}