{"id":181207,"date":"2021-05-13T06:42:17","date_gmt":"2021-05-13T05:42:17","guid":{"rendered":"https:\/\/pharma-lab.eu\/laboratory\/"},"modified":"2022-04-06T12:59:14","modified_gmt":"2022-04-06T11:59:14","slug":"laboratorij","status":"publish","type":"page","link":"https:\/\/pharma-lab.eu\/sl\/laboratorij\/","title":{"rendered":"Laboratorij"},"content":{"rendered":"\n\t<section class=\"section\" id=\"section_162574299\">\n\t\t<div class=\"section-bg fill\" >\n\t\t\t\t\t\t\t\t\t\n\t\t\t\n\n\t\t<\/div>\n\n\t\t\n\n\t\t<div class=\"section-content relative\">\n\t\t\t\n\t<div id=\"gap-1885379931\" class=\"gap-element clearfix\" style=\"display:block; height:auto;\">\n\t\t\n<style>\n#gap-1885379931 {\n  padding-top: 30px;\n}\n<\/style>\n\t<\/div>\n\t\n<div class=\"row\"  id=\"row-622284555\">\n\n\t<div id=\"col-1476612379\" class=\"col medium-4 small-12 large-1\"  >\n\t\t\t\t<div class=\"col-inner\"  >\n\t\t\t\n\t\t\t\n\t\t<\/div>\n\t\t\t\t\t<\/div>\n\n\t\n\n\t<div id=\"col-136770810\" class=\"col medium-4 small-12 large-2\"  >\n\t\t\t\t<div class=\"col-inner\"  >\n\t\t\t\n\t\t\t\n\t<div class=\"box has-hover   has-hover box-text-bottom\" >\n\n\t\t<div class=\"box-image\" style=\"width:50%;\">\n\t\t\t\t\t\t<div class=\"\" >\n\t\t\t\t<img decoding=\"async\" src=\"https:\/\/pharma-lab.eu\/wp-content\/uploads\/2021\/05\/highest_quality.svg\" class=\"attachment- size-\" alt=\"\" \/>\t\t\t\t\t\t\t\t\t\t\t<\/div>\n\t\t\t\t\t<\/div>\n\n\t\t<div class=\"box-text text-center\" >\n\t\t\t<div class=\"box-text-inner\">\n\t\t\t\t\n<h3 class=\"uppercase\">NAJVI\u0160JA KAKOVOST<\/h3>\n<p>Zanesljivi, natan\u010dni in to\u010dni rezultati.<\/p>\n\t\t\t<\/div>\n\t\t<\/div>\n\t<\/div>\n\t\n\t\t<\/div>\n\t\t\t\t\t<\/div>\n\n\t\n\n\t<div id=\"col-1351385851\" class=\"col medium-4 small-12 large-2\"  >\n\t\t\t\t<div class=\"col-inner\"  >\n\t\t\t\n\t\t\t\n\t<div class=\"box has-hover   has-hover box-text-bottom\" >\n\n\t\t<div class=\"box-image\" style=\"width:50%;\">\n\t\t\t\t\t\t<div class=\"\" >\n\t\t\t\t<img decoding=\"async\" src=\"https:\/\/pharma-lab.eu\/wp-content\/uploads\/2021\/05\/express.svg\" class=\"attachment- size-\" alt=\"\" \/>\t\t\t\t\t\t\t\t\t\t\t<\/div>\n\t\t\t\t\t<\/div>\n\n\t\t<div class=\"box-text text-center\" >\n\t\t\t<div class=\"box-text-inner\">\n\t\t\t\t\n<h3 class=\"uppercase\">EKSPRESNO<\/h3>\n<p>Odzivna laboratorijska ekipa, hitri rezultati.<\/p>\n<p>\u00a0<\/p>\n\t\t\t<\/div>\n\t\t<\/div>\n\t<\/div>\n\t\n\t\t<\/div>\n\t\t\t\t\t<\/div>\n\n\t\n\n\t<div id=\"col-603341842\" class=\"col medium-4 small-12 large-2\"  >\n\t\t\t\t<div class=\"col-inner\"  >\n\t\t\t\n\t\t\t\n\t<div class=\"box has-hover   has-hover box-text-bottom\" >\n\n\t\t<div class=\"box-image\" style=\"width:50%;\">\n\t\t\t\t\t\t<div class=\"\" >\n\t\t\t\t<img decoding=\"async\" src=\"https:\/\/pharma-lab.eu\/wp-content\/uploads\/2021\/05\/cost_effective.svg\" class=\"attachment- size-\" alt=\"\" \/>\t\t\t\t\t\t\t\t\t\t\t<\/div>\n\t\t\t\t\t<\/div>\n\n\t\t<div class=\"box-text text-center\" >\n\t\t\t<div class=\"box-text-inner\">\n\t\t\t\t\n<h3 class=\"uppercase\">STRO\u0160KOVNA U\u010cINKOVITOST<\/h3>\n<p>Konkuren\u010dne cene, koli\u010dinski popusti.<\/p>\n\t\t\t<\/div>\n\t\t<\/div>\n\t<\/div>\n\t\n\t\t<\/div>\n\t\t\t\t\t<\/div>\n\n\t\n\n\t<div id=\"col-733226238\" class=\"col medium-4 small-12 large-2\"  >\n\t\t\t\t<div class=\"col-inner\"  >\n\t\t\t\n\t\t\t\n\t<div class=\"box has-hover   has-hover box-text-bottom\" >\n\n\t\t<div class=\"box-image\" style=\"width:50%;\">\n\t\t\t\t\t\t<div class=\"\" >\n\t\t\t\t<img decoding=\"async\" src=\"https:\/\/pharma-lab.eu\/wp-content\/uploads\/2021\/05\/modern.svg\" class=\"attachment- size-\" alt=\"\" \/>\t\t\t\t\t\t\t\t\t\t\t<\/div>\n\t\t\t\t\t<\/div>\n\n\t\t<div class=\"box-text text-center\" >\n\t\t\t<div class=\"box-text-inner\">\n\t\t\t\t\n<h3 class=\"uppercase\">SODOBNO<\/h3>\n<p>Laboratorij uporablja najnovej\u0161o tehnologijo.<\/p>\n\t\t\t<\/div>\n\t\t<\/div>\n\t<\/div>\n\t\n\t\t<\/div>\n\t\t\t\t\t<\/div>\n\n\t\n\n\t<div id=\"col-1132376447\" class=\"col medium-4 small-12 large-2\"  >\n\t\t\t\t<div class=\"col-inner\"  >\n\t\t\t\n\t\t\t\n\t<div class=\"box has-hover   has-hover box-text-bottom\" >\n\n\t\t<div class=\"box-image\" style=\"width:50%;\">\n\t\t\t\t\t\t<div class=\"\" >\n\t\t\t\t<img decoding=\"async\" src=\"https:\/\/pharma-lab.eu\/wp-content\/uploads\/2021\/05\/customer_support.svg\" class=\"attachment- size-\" alt=\"\" \/>\t\t\t\t\t\t\t\t\t\t\t<\/div>\n\t\t\t\t\t<\/div>\n\n\t\t<div class=\"box-text text-center\" >\n\t\t\t<div class=\"box-text-inner\">\n\t\t\t\t\n<h3 class=\"uppercase\">PODPORA KUPCEM<\/h3>\n<p>Tu smo za vas.<\/p>\n\t\t\t<\/div>\n\t\t<\/div>\n\t<\/div>\n\t\n\t\t<\/div>\n\t\t\t\t\t<\/div>\n\n\t\n\n\t<div id=\"col-275831471\" class=\"col medium-4 small-12 large-1\"  >\n\t\t\t\t<div class=\"col-inner\"  >\n\t\t\t\n\t\t\t\n\t\t<\/div>\n\t\t\t\t\t<\/div>\n\n\t\n<\/div>\n\t\t<\/div>\n\n\t\t\n<style>\n#section_162574299 {\n  padding-top: 30px;\n  padding-bottom: 30px;\n}\n<\/style>\n\t<\/section>\n\t\n\n\t<section class=\"section\" id=\"section_403431003\">\n\t\t<div class=\"section-bg fill\" >\n\t\t\t\t\t\t\t\t\t\n\t\t\t\n\n\t\t<\/div>\n\n\t\t\n\n\t\t<div class=\"section-content relative\">\n\t\t\t\n<div class=\"row align-middle align-center\"  id=\"row-1598145983\">\n\n\t<div id=\"col-908798675\" class=\"col medium-12 small-12 large-7\"  >\n\t\t\t\t<div class=\"col-inner\"  >\n\t\t\t\n\t\t\t\n\t<div id=\"gap-2101994398\" class=\"gap-element clearfix\" style=\"display:block; height:auto;\">\n\t\t\n<style>\n#gap-2101994398 {\n  padding-top: 30px;\n}\n<\/style>\n\t<\/div>\n\t\n<div class=\"video video-fit mb\" style=\"padding-top:56.25%;\"><p><iframe title=\"PharmaHemp laboratories\" width=\"1020\" height=\"574\" src=\"https:\/\/www.youtube.com\/embed\/GU19B-jBk7o?feature=oembed&#038;enablejsapi=1&#038;origin=https:\/\/pharma-lab.eu\" frameborder=\"0\" allow=\"accelerometer; autoplay; clipboard-write; encrypted-media; gyroscope; picture-in-picture\" allowfullscreen><\/iframe><\/p>\n<\/div>\n\t\t<\/div>\n\t\t\t\t\t<\/div>\n\n\t\n\n\t<div id=\"col-206834479\" class=\"col medium-5 small-12 large-5\"  >\n\t\t\t\t<div class=\"col-inner\"  >\n\t\t\t\n\t\t\t\n<p>PharmaHemp Laboratories je del podjetja PharmaHemp s sede\u017eem v Ljubljani. Laboratorij je bil ustanovljen leta 2016 in se od samega za\u010detka prizadeva k zagotavljanju najbolj to\u010dnih in zanesljivih analitskih rezultatov.<\/p>\n\t\t<\/div>\n\t\t\t\t\t<\/div>\n\n\t\n<\/div>\n\t\t<\/div>\n\n\t\t\n<style>\n#section_403431003 {\n  padding-top: 30px;\n  padding-bottom: 30px;\n  background-color: rgb(244, 244, 244);\n}\n<\/style>\n\t<\/section>\n\t\n\n\t<section class=\"section\" id=\"section_1550048957\">\n\t\t<div class=\"section-bg fill\" >\n\t\t\t\t\t\t\t\t\t\n\t\t\t\n\n\t\t<\/div>\n\n\t\t\n\n\t\t<div class=\"section-content relative\">\n\t\t\t\n\t<div id=\"gap-107126129\" class=\"gap-element clearfix\" style=\"display:block; height:auto;\">\n\t\t\n<style>\n#gap-107126129 {\n  padding-top: 20px;\n}\n<\/style>\n\t<\/div>\n\t\n  <div class=\"banner-grid-wrapper\">\n  <div id=\"banner-grid-492565985\" class=\"banner-grid row row-grid row-small\" data-packery-options=\"\">\n                      \n<div class=\"col grid-col large-3 grid-col-1-2\" ><div class=\"col-inner\">\n\t<div class=\"img has-hover x md-x lg-x y md-y lg-y\" id=\"image_1213027865\">\n\t\t\t\t\t\t\t\t<div class=\"img-inner dark\" >\n\t\t\t<img decoding=\"async\" width=\"1020\" height=\"680\" src=\"https:\/\/pharma-lab.eu\/wp-content\/uploads\/2021\/05\/Pharmahemp_Ljubljana_20.3.2019_47_PhotoAlesRosa@3x-1200x800.png\" class=\"attachment-large size-large\" alt=\"\" srcset=\"https:\/\/pharma-lab.eu\/wp-content\/uploads\/2021\/05\/Pharmahemp_Ljubljana_20.3.2019_47_PhotoAlesRosa@3x-1200x800.png 1200w, https:\/\/pharma-lab.eu\/wp-content\/uploads\/2021\/05\/Pharmahemp_Ljubljana_20.3.2019_47_PhotoAlesRosa@3x-600x400.png 600w, https:\/\/pharma-lab.eu\/wp-content\/uploads\/2021\/05\/Pharmahemp_Ljubljana_20.3.2019_47_PhotoAlesRosa@3x-350x233.png 350w, https:\/\/pharma-lab.eu\/wp-content\/uploads\/2021\/05\/Pharmahemp_Ljubljana_20.3.2019_47_PhotoAlesRosa@3x-768x512.png 768w, https:\/\/pharma-lab.eu\/wp-content\/uploads\/2021\/05\/Pharmahemp_Ljubljana_20.3.2019_47_PhotoAlesRosa@3x-1536x1024.png 1536w, https:\/\/pharma-lab.eu\/wp-content\/uploads\/2021\/05\/Pharmahemp_Ljubljana_20.3.2019_47_PhotoAlesRosa@3x.png 1598w\" sizes=\"(max-width: 1020px) 100vw, 1020px\" \/>\t\t\t\t\t\t\n\t\t\t\t\t<\/div>\n\t\t\t\t\t\t\t\t\n<style>\n#image_1213027865 {\n  width: 100%;\n}\n<\/style>\n\t<\/div>\n\t\n<\/div><\/div>\n<div class=\"col grid-col large-2 grid-col-1-2\" ><div class=\"col-inner\">\n\t<div class=\"img has-hover x md-x lg-x y md-y lg-y\" id=\"image_1259803200\">\n\t\t\t\t\t\t\t\t<div class=\"img-inner dark\" >\n\t\t\t<img decoding=\"async\" width=\"533\" height=\"800\" src=\"https:\/\/pharma-lab.eu\/wp-content\/uploads\/2021\/05\/Pharmahemp_Ljubljana_20.3.2019_19_PhotoAlesRosa@3x-533x800.png\" class=\"attachment-large size-large\" alt=\"\" srcset=\"https:\/\/pharma-lab.eu\/wp-content\/uploads\/2021\/05\/Pharmahemp_Ljubljana_20.3.2019_19_PhotoAlesRosa@3x-533x800.png 533w, https:\/\/pharma-lab.eu\/wp-content\/uploads\/2021\/05\/Pharmahemp_Ljubljana_20.3.2019_19_PhotoAlesRosa@3x-267x400.png 267w, https:\/\/pharma-lab.eu\/wp-content\/uploads\/2021\/05\/Pharmahemp_Ljubljana_20.3.2019_19_PhotoAlesRosa@3x-233x350.png 233w, https:\/\/pharma-lab.eu\/wp-content\/uploads\/2021\/05\/Pharmahemp_Ljubljana_20.3.2019_19_PhotoAlesRosa@3x.png 711w\" sizes=\"(max-width: 533px) 100vw, 533px\" \/>\t\t\t\t\t\t\n\t\t\t\t\t<\/div>\n\t\t\t\t\t\t\t\t\n<style>\n#image_1259803200 {\n  width: 100%;\n}\n<\/style>\n\t<\/div>\n\t\n<\/div><\/div>\n<div class=\"col grid-col large-3 grid-col-1-2\" ><div class=\"col-inner\">\n\t<div class=\"img has-hover x md-x lg-x y md-y lg-y\" id=\"image_990597954\">\n\t\t\t\t\t\t\t\t<div class=\"img-inner dark\" >\n\t\t\t<img decoding=\"async\" width=\"1020\" height=\"765\" src=\"https:\/\/pharma-lab.eu\/wp-content\/uploads\/2021\/05\/15-Pharmahemp_labProduction_FOTOGRAF_sep2018@3x-1066x800.png\" class=\"attachment-large size-large\" alt=\"\" srcset=\"https:\/\/pharma-lab.eu\/wp-content\/uploads\/2021\/05\/15-Pharmahemp_labProduction_FOTOGRAF_sep2018@3x-1066x800.png 1066w, https:\/\/pharma-lab.eu\/wp-content\/uploads\/2021\/05\/15-Pharmahemp_labProduction_FOTOGRAF_sep2018@3x-533x400.png 533w, https:\/\/pharma-lab.eu\/wp-content\/uploads\/2021\/05\/15-Pharmahemp_labProduction_FOTOGRAF_sep2018@3x-350x263.png 350w, https:\/\/pharma-lab.eu\/wp-content\/uploads\/2021\/05\/15-Pharmahemp_labProduction_FOTOGRAF_sep2018@3x-768x576.png 768w, https:\/\/pharma-lab.eu\/wp-content\/uploads\/2021\/05\/15-Pharmahemp_labProduction_FOTOGRAF_sep2018@3x.png 1421w\" sizes=\"(max-width: 1020px) 100vw, 1020px\" \/>\t\t\t\t\t\t\n\t\t\t\t\t<\/div>\n\t\t\t\t\t\t\t\t\n<style>\n#image_990597954 {\n  width: 100%;\n}\n<\/style>\n\t<\/div>\n\t\n<\/div><\/div>\n<div class=\"col grid-col large-4 grid-col-1-2\" ><div class=\"col-inner\">\n\t<div class=\"img has-hover x md-x lg-x y md-y lg-y\" id=\"image_1987995502\">\n\t\t\t\t\t\t\t\t<div class=\"img-inner dark\" >\n\t\t\t<img decoding=\"async\" width=\"1020\" height=\"680\" src=\"https:\/\/pharma-lab.eu\/wp-content\/uploads\/2021\/05\/Pharmahemp_Ljubljana_20.3.2019_93_PhotoAlesRosa@3x-1200x800.png\" class=\"attachment-large size-large\" alt=\"\" srcset=\"https:\/\/pharma-lab.eu\/wp-content\/uploads\/2021\/05\/Pharmahemp_Ljubljana_20.3.2019_93_PhotoAlesRosa@3x-1200x800.png 1200w, https:\/\/pharma-lab.eu\/wp-content\/uploads\/2021\/05\/Pharmahemp_Ljubljana_20.3.2019_93_PhotoAlesRosa@3x-600x400.png 600w, https:\/\/pharma-lab.eu\/wp-content\/uploads\/2021\/05\/Pharmahemp_Ljubljana_20.3.2019_93_PhotoAlesRosa@3x-350x233.png 350w, https:\/\/pharma-lab.eu\/wp-content\/uploads\/2021\/05\/Pharmahemp_Ljubljana_20.3.2019_93_PhotoAlesRosa@3x-768x512.png 768w, https:\/\/pharma-lab.eu\/wp-content\/uploads\/2021\/05\/Pharmahemp_Ljubljana_20.3.2019_93_PhotoAlesRosa@3x-1536x1024.png 1536w, https:\/\/pharma-lab.eu\/wp-content\/uploads\/2021\/05\/Pharmahemp_Ljubljana_20.3.2019_93_PhotoAlesRosa@3x.png 1598w\" sizes=\"(max-width: 1020px) 100vw, 1020px\" \/>\t\t\t\t\t\t\n\t\t\t\t\t<\/div>\n\t\t\t\t\t\t\t\t\n<style>\n#image_1987995502 {\n  width: 100%;\n}\n<\/style>\n\t<\/div>\n\t\n<\/div><\/div>\n            <\/div>\n    <style>\n    #banner-grid-492565985 .grid-col-1{height: 600px}\n    #banner-grid-492565985 .grid-col-1-2{height: 300px}\n    #banner-grid-492565985 .grid-col-1-3{height:200px}\n    #banner-grid-492565985 .grid-col-2-3{height: 400px}\n    #banner-grid-492565985 .grid-col-1-4{height: 150px}\n    #banner-grid-492565985 .grid-col-3-4{height: 450px}\n\n\n    \n    \n\n  <\/style>\n    <\/div>\n  \n\t\t<\/div>\n\n\t\t\n<style>\n#section_1550048957 {\n  padding-top: 30px;\n  padding-bottom: 30px;\n}\n<\/style>\n\t<\/section>\n\t\n","protected":false},"excerpt":{"rendered":"","protected":false},"author":1182,"featured_media":0,"parent":0,"menu_order":0,"comment_status":"closed","ping_status":"closed","template":"page-blank.php","meta":{"footnotes":""},"yoast_head":"<!-- This site is optimized with the Yoast SEO plugin v23.5 - https:\/\/yoast.com\/wordpress\/plugins\/seo\/ -->\n<title>Laboratorij - PharmaHemp SLO<\/title>\n<meta name=\"robots\" content=\"index, follow, max-snippet:-1, max-image-preview:large, max-video-preview:-1\" \/>\n<link rel=\"canonical\" href=\"https:\/\/pharma-lab.eu\/sl\/laboratorij\/\" \/>\n<meta property=\"og:locale\" content=\"sl_SI\" \/>\n<meta property=\"og:type\" content=\"article\" \/>\n<meta property=\"og:title\" content=\"Laboratorij - PharmaHemp SLO\" \/>\n<meta property=\"og:url\" content=\"https:\/\/pharma-lab.eu\/sl\/laboratorij\/\" \/>\n<meta property=\"og:site_name\" content=\"PharmaHemp SLO\" \/>\n<meta property=\"article:publisher\" content=\"https:\/\/www.facebook.com\/pharmahempstore\" \/>\n<meta property=\"article:modified_time\" content=\"2022-04-06T11:59:14+00:00\" \/>\n<meta name=\"twitter:card\" content=\"summary_large_image\" \/>\n<meta name=\"twitter:label1\" content=\"Est. reading time\" \/>\n\t<meta name=\"twitter:data1\" content=\"1 minuta\" \/>\n<script type=\"application\/ld+json\" class=\"yoast-schema-graph\">{\"@context\":\"https:\/\/schema.org\",\"@graph\":[{\"@type\":\"WebPage\",\"@id\":\"https:\/\/pharma-lab.eu\/sl\/laboratorij\/\",\"url\":\"https:\/\/pharma-lab.eu\/sl\/laboratorij\/\",\"name\":\"Laboratorij - PharmaHemp SLO\",\"isPartOf\":{\"@id\":\"https:\/\/pharma-lab.eu\/sl\/#website\"},\"datePublished\":\"2021-05-13T05:42:17+00:00\",\"dateModified\":\"2022-04-06T11:59:14+00:00\",\"breadcrumb\":{\"@id\":\"https:\/\/pharma-lab.eu\/sl\/laboratorij\/#breadcrumb\"},\"inLanguage\":\"sl-SI\",\"potentialAction\":[{\"@type\":\"ReadAction\",\"target\":[\"https:\/\/pharma-lab.eu\/sl\/laboratorij\/\"]}]},{\"@type\":\"BreadcrumbList\",\"@id\":\"https:\/\/pharma-lab.eu\/sl\/laboratorij\/#breadcrumb\",\"itemListElement\":[{\"@type\":\"ListItem\",\"position\":1,\"name\":\"Domov\",\"item\":\"https:\/\/pharma-lab.eu\/sl\/\"},{\"@type\":\"ListItem\",\"position\":2,\"name\":\"Laboratorij\"}]},{\"@type\":\"WebSite\",\"@id\":\"https:\/\/pharma-lab.eu\/sl\/#website\",\"url\":\"https:\/\/pharma-lab.eu\/sl\/\",\"name\":\"PharmaHemp SLO\",\"description\":\"Cannabis Testing Laboratory\",\"publisher\":{\"@id\":\"https:\/\/pharma-lab.eu\/sl\/#organization\"},\"potentialAction\":[{\"@type\":\"SearchAction\",\"target\":{\"@type\":\"EntryPoint\",\"urlTemplate\":\"https:\/\/pharma-lab.eu\/sl\/?s={search_term_string}\"},\"query-input\":{\"@type\":\"PropertyValueSpecification\",\"valueRequired\":true,\"valueName\":\"search_term_string\"}}],\"inLanguage\":\"sl-SI\"},{\"@type\":\"Organization\",\"@id\":\"https:\/\/pharma-lab.eu\/sl\/#organization\",\"name\":\"PharmaHemp d.o.o.\",\"url\":\"https:\/\/pharma-lab.eu\/sl\/\",\"logo\":{\"@type\":\"ImageObject\",\"inLanguage\":\"sl-SI\",\"@id\":\"https:\/\/pharma-lab.eu\/sl\/#\/schema\/logo\/image\/\",\"url\":\"https:\/\/pharma-lab.eu\/wp-content\/uploads\/2020\/12\/logo_lab.png\",\"contentUrl\":\"https:\/\/pharma-lab.eu\/wp-content\/uploads\/2020\/12\/logo_lab.png\",\"width\":260,\"height\":83,\"caption\":\"PharmaHemp d.o.o.\"},\"image\":{\"@id\":\"https:\/\/pharma-lab.eu\/sl\/#\/schema\/logo\/image\/\"},\"sameAs\":[\"https:\/\/www.facebook.com\/pharmahempstore\",\"https:\/\/www.instagram.com\/pharmahemp_store\/\"]}]}<\/script>\n<!-- \/ Yoast SEO plugin. -->","yoast_head_json":{"title":"Laboratorij - PharmaHemp SLO","robots":{"index":"index","follow":"follow","max-snippet":"max-snippet:-1","max-image-preview":"max-image-preview:large","max-video-preview":"max-video-preview:-1"},"canonical":"https:\/\/pharma-lab.eu\/sl\/laboratorij\/","og_locale":"sl_SI","og_type":"article","og_title":"Laboratorij - PharmaHemp SLO","og_url":"https:\/\/pharma-lab.eu\/sl\/laboratorij\/","og_site_name":"PharmaHemp SLO","article_publisher":"https:\/\/www.facebook.com\/pharmahempstore","article_modified_time":"2022-04-06T11:59:14+00:00","twitter_card":"summary_large_image","twitter_misc":{"Est. reading time":"1 minuta"},"schema":{"@context":"https:\/\/schema.org","@graph":[{"@type":"WebPage","@id":"https:\/\/pharma-lab.eu\/sl\/laboratorij\/","url":"https:\/\/pharma-lab.eu\/sl\/laboratorij\/","name":"Laboratorij - PharmaHemp SLO","isPartOf":{"@id":"https:\/\/pharma-lab.eu\/sl\/#website"},"datePublished":"2021-05-13T05:42:17+00:00","dateModified":"2022-04-06T11:59:14+00:00","breadcrumb":{"@id":"https:\/\/pharma-lab.eu\/sl\/laboratorij\/#breadcrumb"},"inLanguage":"sl-SI","potentialAction":[{"@type":"ReadAction","target":["https:\/\/pharma-lab.eu\/sl\/laboratorij\/"]}]},{"@type":"BreadcrumbList","@id":"https:\/\/pharma-lab.eu\/sl\/laboratorij\/#breadcrumb","itemListElement":[{"@type":"ListItem","position":1,"name":"Domov","item":"https:\/\/pharma-lab.eu\/sl\/"},{"@type":"ListItem","position":2,"name":"Laboratorij"}]},{"@type":"WebSite","@id":"https:\/\/pharma-lab.eu\/sl\/#website","url":"https:\/\/pharma-lab.eu\/sl\/","name":"PharmaHemp SLO","description":"Cannabis Testing Laboratory","publisher":{"@id":"https:\/\/pharma-lab.eu\/sl\/#organization"},"potentialAction":[{"@type":"SearchAction","target":{"@type":"EntryPoint","urlTemplate":"https:\/\/pharma-lab.eu\/sl\/?s={search_term_string}"},"query-input":{"@type":"PropertyValueSpecification","valueRequired":true,"valueName":"search_term_string"}}],"inLanguage":"sl-SI"},{"@type":"Organization","@id":"https:\/\/pharma-lab.eu\/sl\/#organization","name":"PharmaHemp d.o.o.","url":"https:\/\/pharma-lab.eu\/sl\/","logo":{"@type":"ImageObject","inLanguage":"sl-SI","@id":"https:\/\/pharma-lab.eu\/sl\/#\/schema\/logo\/image\/","url":"https:\/\/pharma-lab.eu\/wp-content\/uploads\/2020\/12\/logo_lab.png","contentUrl":"https:\/\/pharma-lab.eu\/wp-content\/uploads\/2020\/12\/logo_lab.png","width":260,"height":83,"caption":"PharmaHemp d.o.o."},"image":{"@id":"https:\/\/pharma-lab.eu\/sl\/#\/schema\/logo\/image\/"},"sameAs":["https:\/\/www.facebook.com\/pharmahempstore","https:\/\/www.instagram.com\/pharmahemp_store\/"]}]}},"_links":{"self":[{"href":"https:\/\/pharma-lab.eu\/sl\/wp-json\/wp\/v2\/pages\/181207"}],"collection":[{"href":"https:\/\/pharma-lab.eu\/sl\/wp-json\/wp\/v2\/pages"}],"about":[{"href":"https:\/\/pharma-lab.eu\/sl\/wp-json\/wp\/v2\/types\/page"}],"author":[{"embeddable":true,"href":"https:\/\/pharma-lab.eu\/sl\/wp-json\/wp\/v2\/users\/1182"}],"replies":[{"embeddable":true,"href":"https:\/\/pharma-lab.eu\/sl\/wp-json\/wp\/v2\/comments?post=181207"}],"version-history":[{"count":5,"href":"https:\/\/pharma-lab.eu\/sl\/wp-json\/wp\/v2\/pages\/181207\/revisions"}],"predecessor-version":[{"id":184771,"href":"https:\/\/pharma-lab.eu\/sl\/wp-json\/wp\/v2\/pages\/181207\/revisions\/184771"}],"wp:attachment":[{"href":"https:\/\/pharma-lab.eu\/sl\/wp-json\/wp\/v2\/media?parent=181207"}],"curies":[{"name":"wp","href":"https:\/\/api.w.org\/{rel}","templated":true}]}}