{"id":180215,"date":"2021-04-02T10:52:32","date_gmt":"2021-04-02T09:52:32","guid":{"rendered":"https:\/\/pharma-lab.eu\/?page_id=180215"},"modified":"2021-05-11T12:54:28","modified_gmt":"2021-05-11T11:54:28","slug":"projects","status":"publish","type":"page","link":"https:\/\/pharma-lab.eu\/sl\/projects\/","title":{"rendered":"Projects"},"content":{"rendered":"\n\t<section class=\"section\" id=\"section_1809879557\">\n\t\t<div class=\"section-bg fill\" >\n\t\t\t\t\t\t\t\t\t\n\t\t\t\n\n\t\t<\/div>\n\n\t\t\n\n\t\t<div class=\"section-content relative\">\n\t\t\t\n<div class=\"row\"  id=\"row-1449501249\">\n\n\t<div id=\"col-51687708\" class=\"col small-12 large-12\"  >\n\t\t\t\t<div class=\"col-inner\"  >\n\t\t\t\n\t\t\t\n<p>\u00a0<\/p>\n<h2><strong>Nadgradnja elektronskega poslovanja za \u0161iritev na tuje trge<\/strong><\/h2>\n<p>Operacija \u00bbNadgradnja elektronskega poslovanja za \u0161iritev na tuje trge\u00ab je sofinancirana preko javnega razpisa \u00bbE-POSLOVANJE 2019-2022\u00ab in sicer v okviru ukrepov:<\/p>\n<ul>\n<li>Elektronska izmenjava med partnerji<\/li>\n<li>Spletne strani za tuje trge<\/li>\n<li>Spletne trgovine<\/li>\n<li>Produktno-prodajni video<\/li>\n<li>Krepitev kompetenc \u2013 usposabljanja<\/li>\n<\/ul>\n<p>Cilj javnega razpisa z vidika Operativnega programa za izvajanje evropske kohezijske politike je z vzpostavitvijo ali nadgradnjo elektronskega poslovanja izbolj\u0161ati mo\u017enosti MSP pri vstopu oziroma \u0161iritvi poslovanja na tuje trge in tako pove\u010dati njihovo mednarodno konkuren\u010dnost.<\/p>\n<p>Namen operacije je preko sofinanciranja upravi\u010denih stro\u0161kov vzpostavitve ali nadgradnje elektronskega poslovanja podpreti vstop v globalne verige vrednosti in na nove trge ter pove\u010danje mednarodne konkuren\u010dnosti.<\/p>\n<p>Rezultati operacije bodo 1) vzpostavljen za\u0161\u010diten sistem za elektronsko izmenjavo med partnerji, 2) prenovljena spletna stran podjetja\u00a0<a href=\"https:\/\/pharma-lab.eu\/sl\/\">pharma-lab.com,<\/a> prilagojena poslovanju na tujih trgih, 3) vzpostavljena spletna trgovina, 4) izdelan produktno-prodajni predstavitveni video podjetja in 5) okrepljene kompetence zaposlenih na podro\u010dju digitalne transformacije.<\/p>\n<p>Vi\u0161ina sofinanciranja je 29.999,99 EUR. Nalo\u017ebo sofinancirata Republika Slovenija in Evropska unija iz Evropskega sklada za regionalni razvoj.<\/p>\n<p>Povezava do spletne strani EU Skladi:\u00a0<a href=\"https:\/\/web.archive.org\/web\/20201231104036\/http:\/\/eu-skladi.si\/\">http:\/\/eu-skladi.si\/<\/a>.<\/p>\n\t\t<\/div>\n\t\t\t\t\t<\/div>\n\n\t\n<\/div>\n<div class=\"row\"  id=\"row-1316663398\">\n\n\t<div id=\"col-2014985840\" class=\"col small-12 large-12\"  >\n\t\t\t\t<div class=\"col-inner\"  >\n\t\t\t\n\t\t\t\n\t<div id=\"stack-2250026240\" class=\"stack stack-row justify-start items-center\">\n\t\t\n\t<div class=\"img has-hover x md-x lg-x y md-y lg-y\" id=\"image_96649816\">\n\t\t\t\t\t\t\t\t<div class=\"img-inner dark\" >\n\t\t\t<img decoding=\"async\" width=\"636\" height=\"182\" src=\"https:\/\/pharma-lab.eu\/wp-content\/uploads\/2021\/04\/mgrt.jpg\" class=\"attachment-large size-large\" alt=\"\" srcset=\"https:\/\/pharma-lab.eu\/wp-content\/uploads\/2021\/04\/mgrt.jpg 636w, https:\/\/pharma-lab.eu\/wp-content\/uploads\/2021\/04\/mgrt-350x100.jpg 350w\" sizes=\"(max-width: 636px) 100vw, 636px\" \/>\t\t\t\t\t\t\n\t\t\t\t\t<\/div>\n\t\t\t\t\t\t\t\t\n<style>\n#image_96649816 {\n  width: 100%;\n}\n<\/style>\n\t<\/div>\n\t\n\t<div class=\"img has-hover x md-x lg-x y md-y lg-y\" id=\"image_1456348482\">\n\t\t\t\t\t\t\t\t<div class=\"img-inner dark\" >\n\t\t\t<img decoding=\"async\" width=\"300\" height=\"145\" src=\"https:\/\/pharma-lab.eu\/wp-content\/uploads\/2021\/04\/eu.jpg\" class=\"attachment-large size-large\" alt=\"\" \/>\t\t\t\t\t\t\n\t\t\t\t\t<\/div>\n\t\t\t\t\t\t\t\t\n<style>\n#image_1456348482 {\n  width: 100%;\n}\n<\/style>\n\t<\/div>\n\t\n\t<div class=\"img has-hover x md-x lg-x y md-y lg-y\" id=\"image_621548420\">\n\t\t\t\t\t\t\t\t<div class=\"img-inner dark\" >\n\t\t\t<img decoding=\"async\" width=\"300\" height=\"90\" src=\"https:\/\/pharma-lab.eu\/wp-content\/uploads\/2021\/04\/spirit.png\" class=\"attachment-large size-large\" alt=\"\" \/>\t\t\t\t\t\t\n\t\t\t\t\t<\/div>\n\t\t\t\t\t\t\t\t\n<style>\n#image_621548420 {\n  width: 100%;\n}\n<\/style>\n\t<\/div>\n\t\n\t\t\n<style>\n#stack-2250026240 > * {\n  --stack-gap: 0rem;\n}\n<\/style>\n\t<\/div>\n\t\n\t\t<\/div>\n\t\t\t\t\t<\/div>\n\n\t\n<\/div>\n\t<div id=\"gap-1725174799\" class=\"gap-element clearfix\" style=\"display:block; height:auto;\">\n\t\t\n<style>\n#gap-1725174799 {\n  padding-top: 100px;\n}\n<\/style>\n\t<\/div>\n\t\n<div class=\"row\"  id=\"row-1785224551\">\n\n\t<div id=\"col-1948768008\" class=\"col small-12 large-12\"  >\n\t\t\t\t<div class=\"col-inner\"  >\n\t\t\t\n\t\t\t\n<h2>NOVA GENERACIJA EKSTRAKTOV IZ KONOPLJE ZA NARAVNO KOZMETIKO<\/h2>\n<p><strong>CILJ:\u00a0<\/strong>razvoj produkta \u2013\u00a0<strong>Fitokanabinoidnega olja<\/strong>, ki se bo proizvajalo iz industrijske konoplje in bo predstavljalo\u00a0<strong>glavno sestavino novih naravnih kozmeti\u010dnih izdelkov iz konoplje<\/strong>.<\/p>\n<p><strong>PARTNERJI<\/strong>: Favn d.o.o. in Pharmahemp d.o.o.<\/p>\n<p><strong>TRAJANJE PROJEKTA:<\/strong>\u00a06.12.2018 \u2013 5.12.2020<\/p>\n<p>\u00a0<\/p>\n<p>Nalo\u017ebo sofinancirata Republika Slovenija in Evropska unija iz Evropskega sklada za regionalni razvoj<\/p>\n\t\t<\/div>\n\t\t\t\t\t<\/div>\n\n\t\n<\/div>\n<div class=\"row\"  id=\"row-1135676855\">\n\n\t<div id=\"col-166744947\" class=\"col medium-8 small-12 large-8\"  >\n\t\t\t\t<div class=\"col-inner\"  >\n\t\t\t\n\t\t\t\n\t<div id=\"stack-3767716903\" class=\"stack stack-row justify-start items-center\">\n\t\t\n\t<div class=\"img has-hover x md-x lg-x y md-y lg-y\" id=\"image_1355793054\">\n\t\t\t\t\t\t\t\t<div class=\"img-inner dark\" >\n\t\t\t<img decoding=\"async\" width=\"636\" height=\"182\" src=\"https:\/\/pharma-lab.eu\/wp-content\/uploads\/2021\/04\/mgrt.jpg\" class=\"attachment-large size-large\" alt=\"\" srcset=\"https:\/\/pharma-lab.eu\/wp-content\/uploads\/2021\/04\/mgrt.jpg 636w, https:\/\/pharma-lab.eu\/wp-content\/uploads\/2021\/04\/mgrt-350x100.jpg 350w\" sizes=\"(max-width: 636px) 100vw, 636px\" \/>\t\t\t\t\t\t\n\t\t\t\t\t<\/div>\n\t\t\t\t\t\t\t\t\n<style>\n#image_1355793054 {\n  width: 100%;\n}\n<\/style>\n\t<\/div>\n\t\n\t<div class=\"img has-hover x md-x lg-x y md-y lg-y\" id=\"image_1462739627\">\n\t\t\t\t\t\t\t\t<div class=\"img-inner dark\" >\n\t\t\t<img decoding=\"async\" width=\"300\" height=\"145\" src=\"https:\/\/pharma-lab.eu\/wp-content\/uploads\/2021\/04\/eu.jpg\" class=\"attachment-large size-large\" alt=\"\" \/>\t\t\t\t\t\t\n\t\t\t\t\t<\/div>\n\t\t\t\t\t\t\t\t\n<style>\n#image_1462739627 {\n  width: 100%;\n}\n<\/style>\n\t<\/div>\n\t\n\t\t\n<style>\n#stack-3767716903 > * {\n  --stack-gap: 0rem;\n}\n<\/style>\n\t<\/div>\n\t\n\t\t<\/div>\n\t\t\t\t\t<\/div>\n\n\t\n<\/div>\n\t<div id=\"gap-1663593252\" class=\"gap-element clearfix\" style=\"display:block; height:auto;\">\n\t\t\n<style>\n#gap-1663593252 {\n  padding-top: 100px;\n}\n<\/style>\n\t<\/div>\n\t\n<div class=\"row\"  id=\"row-1553368569\">\n\n\t<div id=\"col-965207202\" class=\"col small-12 large-12\"  >\n\t\t\t\t<div class=\"col-inner\"  >\n\t\t\t\n\t\t\t\n<h1>PRVO PREHRANSKO DOPOLNILO STANDARDIZIRANO NA ERINACIN A<\/h1>\n<p><strong>CILJ:\u00a0<\/strong>Razvoj prehranskega dopolnila iz medicinskih gliv vrste Hericium, ki bo kot prvo na svetovnem trgu imelo standardizirano in deklarirano vsebnost klju\u010dne farmakolo\u0161ko aktivne u\u010dinkovine v glivi \u2013 erinicin A.<\/p>\n<p><strong>DOBA IZVAJANJA:\u00a0<\/strong>9.7.2020 \u2013 8.7.2022<\/p>\n<p><strong>PARTNERJI:\u00a0<\/strong>MycoMedica d.o.o. in Pharmahemp d.o.o.<\/p>\n<p>Nalo\u017ebo sofinancirata Republika Slovenija in Evropska unija iz Evropskega sklada za regionalni razvoj<\/p>\n\t\t<\/div>\n\t\t\t\t\t<\/div>\n\n\t\n<\/div>\n<div class=\"row\"  id=\"row-357015822\">\n\n\t<div id=\"col-412851150\" class=\"col medium-8 small-12 large-8\"  >\n\t\t\t\t<div class=\"col-inner\"  >\n\t\t\t\n\t\t\t\n\t<div id=\"stack-2532453544\" class=\"stack stack-row justify-start items-center\">\n\t\t\n\t<div class=\"img has-hover x md-x lg-x y md-y lg-y\" id=\"image_736824654\">\n\t\t\t\t\t\t\t\t<div class=\"img-inner dark\" >\n\t\t\t<img decoding=\"async\" width=\"636\" height=\"182\" src=\"https:\/\/pharma-lab.eu\/wp-content\/uploads\/2021\/04\/mgrt.jpg\" class=\"attachment-large size-large\" alt=\"\" srcset=\"https:\/\/pharma-lab.eu\/wp-content\/uploads\/2021\/04\/mgrt.jpg 636w, https:\/\/pharma-lab.eu\/wp-content\/uploads\/2021\/04\/mgrt-350x100.jpg 350w\" sizes=\"(max-width: 636px) 100vw, 636px\" \/>\t\t\t\t\t\t\n\t\t\t\t\t<\/div>\n\t\t\t\t\t\t\t\t\n<style>\n#image_736824654 {\n  width: 100%;\n}\n<\/style>\n\t<\/div>\n\t\n\t<div class=\"img has-hover x md-x lg-x y md-y lg-y\" id=\"image_2025605785\">\n\t\t\t\t\t\t\t\t<div class=\"img-inner dark\" >\n\t\t\t<img decoding=\"async\" width=\"300\" height=\"145\" src=\"https:\/\/pharma-lab.eu\/wp-content\/uploads\/2021\/04\/eu.jpg\" class=\"attachment-large size-large\" alt=\"\" \/>\t\t\t\t\t\t\n\t\t\t\t\t<\/div>\n\t\t\t\t\t\t\t\t\n<style>\n#image_2025605785 {\n  width: 100%;\n}\n<\/style>\n\t<\/div>\n\t\n\t\t\n<style>\n#stack-2532453544 > * {\n  --stack-gap: 0rem;\n}\n<\/style>\n\t<\/div>\n\t\n\t\t<\/div>\n\t\t\t\t\t<\/div>\n\n\t\n<\/div>\n\t\t<\/div>\n\n\t\t\n<style>\n#section_1809879557 {\n  padding-top: 30px;\n  padding-bottom: 30px;\n}\n<\/style>\n\t<\/section>\n\t\n","protected":false},"excerpt":{"rendered":"","protected":false},"author":1182,"featured_media":0,"parent":0,"menu_order":0,"comment_status":"closed","ping_status":"closed","template":"page-blank.php","meta":{"footnotes":""},"yoast_head":"<!-- This site is optimized with the Yoast SEO plugin v23.5 - https:\/\/yoast.com\/wordpress\/plugins\/seo\/ -->\n<title>Projects - PharmaHemp SLO<\/title>\n<meta name=\"robots\" content=\"index, follow, max-snippet:-1, max-image-preview:large, max-video-preview:-1\" \/>\n<link rel=\"canonical\" href=\"https:\/\/pharma-lab.eu\/sl\/projects\/\" \/>\n<meta property=\"og:locale\" content=\"sl_SI\" \/>\n<meta property=\"og:type\" content=\"article\" \/>\n<meta property=\"og:title\" content=\"Projects - PharmaHemp SLO\" \/>\n<meta property=\"og:url\" content=\"https:\/\/pharma-lab.eu\/sl\/projects\/\" \/>\n<meta property=\"og:site_name\" content=\"PharmaHemp SLO\" \/>\n<meta property=\"article:publisher\" content=\"https:\/\/www.facebook.com\/pharmahempstore\" \/>\n<meta property=\"article:modified_time\" content=\"2021-05-11T11:54:28+00:00\" \/>\n<meta name=\"twitter:card\" content=\"summary_large_image\" \/>\n<meta name=\"twitter:label1\" content=\"Est. reading time\" \/>\n\t<meta name=\"twitter:data1\" content=\"2 minuti\" \/>\n<script type=\"application\/ld+json\" class=\"yoast-schema-graph\">{\"@context\":\"https:\/\/schema.org\",\"@graph\":[{\"@type\":\"WebPage\",\"@id\":\"https:\/\/pharma-lab.eu\/sl\/projects\/\",\"url\":\"https:\/\/pharma-lab.eu\/sl\/projects\/\",\"name\":\"Projects - PharmaHemp SLO\",\"isPartOf\":{\"@id\":\"https:\/\/pharma-lab.eu\/sl\/#website\"},\"datePublished\":\"2021-04-02T09:52:32+00:00\",\"dateModified\":\"2021-05-11T11:54:28+00:00\",\"breadcrumb\":{\"@id\":\"https:\/\/pharma-lab.eu\/sl\/projects\/#breadcrumb\"},\"inLanguage\":\"sl-SI\",\"potentialAction\":[{\"@type\":\"ReadAction\",\"target\":[\"https:\/\/pharma-lab.eu\/sl\/projects\/\"]}]},{\"@type\":\"BreadcrumbList\",\"@id\":\"https:\/\/pharma-lab.eu\/sl\/projects\/#breadcrumb\",\"itemListElement\":[{\"@type\":\"ListItem\",\"position\":1,\"name\":\"Domov\",\"item\":\"https:\/\/pharma-lab.eu\/sl\/\"},{\"@type\":\"ListItem\",\"position\":2,\"name\":\"Projects\"}]},{\"@type\":\"WebSite\",\"@id\":\"https:\/\/pharma-lab.eu\/sl\/#website\",\"url\":\"https:\/\/pharma-lab.eu\/sl\/\",\"name\":\"PharmaHemp SLO\",\"description\":\"Cannabis Testing Laboratory\",\"publisher\":{\"@id\":\"https:\/\/pharma-lab.eu\/sl\/#organization\"},\"potentialAction\":[{\"@type\":\"SearchAction\",\"target\":{\"@type\":\"EntryPoint\",\"urlTemplate\":\"https:\/\/pharma-lab.eu\/sl\/?s={search_term_string}\"},\"query-input\":{\"@type\":\"PropertyValueSpecification\",\"valueRequired\":true,\"valueName\":\"search_term_string\"}}],\"inLanguage\":\"sl-SI\"},{\"@type\":\"Organization\",\"@id\":\"https:\/\/pharma-lab.eu\/sl\/#organization\",\"name\":\"PharmaHemp d.o.o.\",\"url\":\"https:\/\/pharma-lab.eu\/sl\/\",\"logo\":{\"@type\":\"ImageObject\",\"inLanguage\":\"sl-SI\",\"@id\":\"https:\/\/pharma-lab.eu\/sl\/#\/schema\/logo\/image\/\",\"url\":\"https:\/\/pharma-lab.eu\/wp-content\/uploads\/2020\/12\/logo_lab.png\",\"contentUrl\":\"https:\/\/pharma-lab.eu\/wp-content\/uploads\/2020\/12\/logo_lab.png\",\"width\":260,\"height\":83,\"caption\":\"PharmaHemp d.o.o.\"},\"image\":{\"@id\":\"https:\/\/pharma-lab.eu\/sl\/#\/schema\/logo\/image\/\"},\"sameAs\":[\"https:\/\/www.facebook.com\/pharmahempstore\",\"https:\/\/www.instagram.com\/pharmahemp_store\/\"]}]}<\/script>\n<!-- \/ Yoast SEO plugin. -->","yoast_head_json":{"title":"Projects - PharmaHemp SLO","robots":{"index":"index","follow":"follow","max-snippet":"max-snippet:-1","max-image-preview":"max-image-preview:large","max-video-preview":"max-video-preview:-1"},"canonical":"https:\/\/pharma-lab.eu\/sl\/projects\/","og_locale":"sl_SI","og_type":"article","og_title":"Projects - PharmaHemp SLO","og_url":"https:\/\/pharma-lab.eu\/sl\/projects\/","og_site_name":"PharmaHemp SLO","article_publisher":"https:\/\/www.facebook.com\/pharmahempstore","article_modified_time":"2021-05-11T11:54:28+00:00","twitter_card":"summary_large_image","twitter_misc":{"Est. reading time":"2 minuti"},"schema":{"@context":"https:\/\/schema.org","@graph":[{"@type":"WebPage","@id":"https:\/\/pharma-lab.eu\/sl\/projects\/","url":"https:\/\/pharma-lab.eu\/sl\/projects\/","name":"Projects - PharmaHemp SLO","isPartOf":{"@id":"https:\/\/pharma-lab.eu\/sl\/#website"},"datePublished":"2021-04-02T09:52:32+00:00","dateModified":"2021-05-11T11:54:28+00:00","breadcrumb":{"@id":"https:\/\/pharma-lab.eu\/sl\/projects\/#breadcrumb"},"inLanguage":"sl-SI","potentialAction":[{"@type":"ReadAction","target":["https:\/\/pharma-lab.eu\/sl\/projects\/"]}]},{"@type":"BreadcrumbList","@id":"https:\/\/pharma-lab.eu\/sl\/projects\/#breadcrumb","itemListElement":[{"@type":"ListItem","position":1,"name":"Domov","item":"https:\/\/pharma-lab.eu\/sl\/"},{"@type":"ListItem","position":2,"name":"Projects"}]},{"@type":"WebSite","@id":"https:\/\/pharma-lab.eu\/sl\/#website","url":"https:\/\/pharma-lab.eu\/sl\/","name":"PharmaHemp SLO","description":"Cannabis Testing Laboratory","publisher":{"@id":"https:\/\/pharma-lab.eu\/sl\/#organization"},"potentialAction":[{"@type":"SearchAction","target":{"@type":"EntryPoint","urlTemplate":"https:\/\/pharma-lab.eu\/sl\/?s={search_term_string}"},"query-input":{"@type":"PropertyValueSpecification","valueRequired":true,"valueName":"search_term_string"}}],"inLanguage":"sl-SI"},{"@type":"Organization","@id":"https:\/\/pharma-lab.eu\/sl\/#organization","name":"PharmaHemp d.o.o.","url":"https:\/\/pharma-lab.eu\/sl\/","logo":{"@type":"ImageObject","inLanguage":"sl-SI","@id":"https:\/\/pharma-lab.eu\/sl\/#\/schema\/logo\/image\/","url":"https:\/\/pharma-lab.eu\/wp-content\/uploads\/2020\/12\/logo_lab.png","contentUrl":"https:\/\/pharma-lab.eu\/wp-content\/uploads\/2020\/12\/logo_lab.png","width":260,"height":83,"caption":"PharmaHemp d.o.o."},"image":{"@id":"https:\/\/pharma-lab.eu\/sl\/#\/schema\/logo\/image\/"},"sameAs":["https:\/\/www.facebook.com\/pharmahempstore","https:\/\/www.instagram.com\/pharmahemp_store\/"]}]}},"_links":{"self":[{"href":"https:\/\/pharma-lab.eu\/sl\/wp-json\/wp\/v2\/pages\/180215"}],"collection":[{"href":"https:\/\/pharma-lab.eu\/sl\/wp-json\/wp\/v2\/pages"}],"about":[{"href":"https:\/\/pharma-lab.eu\/sl\/wp-json\/wp\/v2\/types\/page"}],"author":[{"embeddable":true,"href":"https:\/\/pharma-lab.eu\/sl\/wp-json\/wp\/v2\/users\/1182"}],"replies":[{"embeddable":true,"href":"https:\/\/pharma-lab.eu\/sl\/wp-json\/wp\/v2\/comments?post=180215"}],"version-history":[{"count":5,"href":"https:\/\/pharma-lab.eu\/sl\/wp-json\/wp\/v2\/pages\/180215\/revisions"}],"predecessor-version":[{"id":181025,"href":"https:\/\/pharma-lab.eu\/sl\/wp-json\/wp\/v2\/pages\/180215\/revisions\/181025"}],"wp:attachment":[{"href":"https:\/\/pharma-lab.eu\/sl\/wp-json\/wp\/v2\/media?parent=180215"}],"curies":[{"name":"wp","href":"https:\/\/api.w.org\/{rel}","templated":true}]}}