{"id":179629,"date":"2020-12-08T08:05:30","date_gmt":"2020-12-08T07:05:30","guid":{"rendered":"https:\/\/pharma-lab.eu\/contact-us\/"},"modified":"2024-05-06T09:48:09","modified_gmt":"2024-05-06T08:48:09","slug":"contakt","status":"publish","type":"page","link":"https:\/\/pharma-lab.eu\/sl\/contakt\/","title":{"rendered":"Kontakt"},"content":{"rendered":"\n\t<section class=\"section\" id=\"section_1152011892\">\n\t\t<div class=\"section-bg fill\" >\n\t\t\t\t\t\t\t\t\t\n\t\t\t\n\n\t\t<\/div>\n\n\t\t\n\n\t\t<div class=\"section-content relative\">\n\t\t\t\n<div class=\"row align-center\"  id=\"row-435985102\">\n\n\t<div id=\"col-467643094\" class=\"col tablet-text-center medium-12 small-12 large-5\"  >\n\t\t\t\t<div class=\"col-inner text-left\"  >\n\t\t\t\n\t\t\t\n<div class=\"tablet-text-center\">\n<h2 class=\"uppercase\">KONTAKT<\/h2>\n<p><strong>Kontaktirajte nas.<\/strong><br \/>Po\u0161ljite nam e-po\u0161tno sporo\u010dilo na <a class=\"mali\" href=\"mailto:info@pharma-lab.eu\">info@pharma-lab.eu<\/a><\/p>\n<p><strong>Vzorce po\u0161ljite na naslov spodaj:<\/strong><br \/>PharmaHemp d.o.o.<br \/>Cesta v Gorice 8<br \/>SI-1000 Ljubljana, EU<br \/><a class=\"mali\" href=\"mailto:analysis@pharma-lab.eu\">analysis@pharma-lab.eu<\/a><\/p>\n<\/div>\n\t\t<\/div>\n\t\t\t\t\t<\/div>\n\n\t\n<\/div>\n\t\t<\/div>\n\n\t\t\n<style>\n#section_1152011892 {\n  padding-top: 30px;\n  padding-bottom: 30px;\n  min-height: 82vh;\n  background-color: rgb(247, 247, 247);\n}\n<\/style>\n\t<\/section>\n\t\n","protected":false},"excerpt":{"rendered":"","protected":false},"author":1182,"featured_media":0,"parent":0,"menu_order":0,"comment_status":"closed","ping_status":"closed","template":"page-blank.php","meta":{"footnotes":""},"yoast_head":"<!-- This site is optimized with the Yoast SEO plugin v23.5 - https:\/\/yoast.com\/wordpress\/plugins\/seo\/ -->\n<title>Kontakt - PharmaHemp SLO<\/title>\n<meta name=\"robots\" content=\"index, follow, max-snippet:-1, max-image-preview:large, max-video-preview:-1\" \/>\n<link rel=\"canonical\" href=\"https:\/\/pharma-lab.eu\/sl\/contakt\/\" \/>\n<meta property=\"og:locale\" content=\"sl_SI\" \/>\n<meta property=\"og:type\" content=\"article\" \/>\n<meta property=\"og:title\" content=\"Kontakt - PharmaHemp SLO\" \/>\n<meta property=\"og:url\" content=\"https:\/\/pharma-lab.eu\/sl\/contakt\/\" \/>\n<meta property=\"og:site_name\" content=\"PharmaHemp SLO\" \/>\n<meta property=\"article:publisher\" content=\"https:\/\/www.facebook.com\/pharmahempstore\" \/>\n<meta property=\"article:modified_time\" content=\"2024-05-06T08:48:09+00:00\" \/>\n<meta name=\"twitter:card\" content=\"summary_large_image\" \/>\n<script type=\"application\/ld+json\" class=\"yoast-schema-graph\">{\"@context\":\"https:\/\/schema.org\",\"@graph\":[{\"@type\":\"WebPage\",\"@id\":\"https:\/\/pharma-lab.eu\/sl\/contakt\/\",\"url\":\"https:\/\/pharma-lab.eu\/sl\/contakt\/\",\"name\":\"Kontakt - PharmaHemp SLO\",\"isPartOf\":{\"@id\":\"https:\/\/pharma-lab.eu\/sl\/#website\"},\"datePublished\":\"2020-12-08T07:05:30+00:00\",\"dateModified\":\"2024-05-06T08:48:09+00:00\",\"breadcrumb\":{\"@id\":\"https:\/\/pharma-lab.eu\/sl\/contakt\/#breadcrumb\"},\"inLanguage\":\"sl-SI\",\"potentialAction\":[{\"@type\":\"ReadAction\",\"target\":[\"https:\/\/pharma-lab.eu\/sl\/contakt\/\"]}]},{\"@type\":\"BreadcrumbList\",\"@id\":\"https:\/\/pharma-lab.eu\/sl\/contakt\/#breadcrumb\",\"itemListElement\":[{\"@type\":\"ListItem\",\"position\":1,\"name\":\"Domov\",\"item\":\"https:\/\/pharma-lab.eu\/sl\/\"},{\"@type\":\"ListItem\",\"position\":2,\"name\":\"Kontakt\"}]},{\"@type\":\"WebSite\",\"@id\":\"https:\/\/pharma-lab.eu\/sl\/#website\",\"url\":\"https:\/\/pharma-lab.eu\/sl\/\",\"name\":\"PharmaHemp SLO\",\"description\":\"Cannabis Testing Laboratory\",\"publisher\":{\"@id\":\"https:\/\/pharma-lab.eu\/sl\/#organization\"},\"potentialAction\":[{\"@type\":\"SearchAction\",\"target\":{\"@type\":\"EntryPoint\",\"urlTemplate\":\"https:\/\/pharma-lab.eu\/sl\/?s={search_term_string}\"},\"query-input\":{\"@type\":\"PropertyValueSpecification\",\"valueRequired\":true,\"valueName\":\"search_term_string\"}}],\"inLanguage\":\"sl-SI\"},{\"@type\":\"Organization\",\"@id\":\"https:\/\/pharma-lab.eu\/sl\/#organization\",\"name\":\"PharmaHemp d.o.o.\",\"url\":\"https:\/\/pharma-lab.eu\/sl\/\",\"logo\":{\"@type\":\"ImageObject\",\"inLanguage\":\"sl-SI\",\"@id\":\"https:\/\/pharma-lab.eu\/sl\/#\/schema\/logo\/image\/\",\"url\":\"https:\/\/pharma-lab.eu\/wp-content\/uploads\/2020\/12\/logo_lab.png\",\"contentUrl\":\"https:\/\/pharma-lab.eu\/wp-content\/uploads\/2020\/12\/logo_lab.png\",\"width\":260,\"height\":83,\"caption\":\"PharmaHemp d.o.o.\"},\"image\":{\"@id\":\"https:\/\/pharma-lab.eu\/sl\/#\/schema\/logo\/image\/\"},\"sameAs\":[\"https:\/\/www.facebook.com\/pharmahempstore\",\"https:\/\/www.instagram.com\/pharmahemp_store\/\"]}]}<\/script>\n<!-- \/ Yoast SEO plugin. -->","yoast_head_json":{"title":"Kontakt - PharmaHemp SLO","robots":{"index":"index","follow":"follow","max-snippet":"max-snippet:-1","max-image-preview":"max-image-preview:large","max-video-preview":"max-video-preview:-1"},"canonical":"https:\/\/pharma-lab.eu\/sl\/contakt\/","og_locale":"sl_SI","og_type":"article","og_title":"Kontakt - PharmaHemp SLO","og_url":"https:\/\/pharma-lab.eu\/sl\/contakt\/","og_site_name":"PharmaHemp SLO","article_publisher":"https:\/\/www.facebook.com\/pharmahempstore","article_modified_time":"2024-05-06T08:48:09+00:00","twitter_card":"summary_large_image","schema":{"@context":"https:\/\/schema.org","@graph":[{"@type":"WebPage","@id":"https:\/\/pharma-lab.eu\/sl\/contakt\/","url":"https:\/\/pharma-lab.eu\/sl\/contakt\/","name":"Kontakt - PharmaHemp SLO","isPartOf":{"@id":"https:\/\/pharma-lab.eu\/sl\/#website"},"datePublished":"2020-12-08T07:05:30+00:00","dateModified":"2024-05-06T08:48:09+00:00","breadcrumb":{"@id":"https:\/\/pharma-lab.eu\/sl\/contakt\/#breadcrumb"},"inLanguage":"sl-SI","potentialAction":[{"@type":"ReadAction","target":["https:\/\/pharma-lab.eu\/sl\/contakt\/"]}]},{"@type":"BreadcrumbList","@id":"https:\/\/pharma-lab.eu\/sl\/contakt\/#breadcrumb","itemListElement":[{"@type":"ListItem","position":1,"name":"Domov","item":"https:\/\/pharma-lab.eu\/sl\/"},{"@type":"ListItem","position":2,"name":"Kontakt"}]},{"@type":"WebSite","@id":"https:\/\/pharma-lab.eu\/sl\/#website","url":"https:\/\/pharma-lab.eu\/sl\/","name":"PharmaHemp SLO","description":"Cannabis Testing Laboratory","publisher":{"@id":"https:\/\/pharma-lab.eu\/sl\/#organization"},"potentialAction":[{"@type":"SearchAction","target":{"@type":"EntryPoint","urlTemplate":"https:\/\/pharma-lab.eu\/sl\/?s={search_term_string}"},"query-input":{"@type":"PropertyValueSpecification","valueRequired":true,"valueName":"search_term_string"}}],"inLanguage":"sl-SI"},{"@type":"Organization","@id":"https:\/\/pharma-lab.eu\/sl\/#organization","name":"PharmaHemp d.o.o.","url":"https:\/\/pharma-lab.eu\/sl\/","logo":{"@type":"ImageObject","inLanguage":"sl-SI","@id":"https:\/\/pharma-lab.eu\/sl\/#\/schema\/logo\/image\/","url":"https:\/\/pharma-lab.eu\/wp-content\/uploads\/2020\/12\/logo_lab.png","contentUrl":"https:\/\/pharma-lab.eu\/wp-content\/uploads\/2020\/12\/logo_lab.png","width":260,"height":83,"caption":"PharmaHemp d.o.o."},"image":{"@id":"https:\/\/pharma-lab.eu\/sl\/#\/schema\/logo\/image\/"},"sameAs":["https:\/\/www.facebook.com\/pharmahempstore","https:\/\/www.instagram.com\/pharmahemp_store\/"]}]}},"_links":{"self":[{"href":"https:\/\/pharma-lab.eu\/sl\/wp-json\/wp\/v2\/pages\/179629"}],"collection":[{"href":"https:\/\/pharma-lab.eu\/sl\/wp-json\/wp\/v2\/pages"}],"about":[{"href":"https:\/\/pharma-lab.eu\/sl\/wp-json\/wp\/v2\/types\/page"}],"author":[{"embeddable":true,"href":"https:\/\/pharma-lab.eu\/sl\/wp-json\/wp\/v2\/users\/1182"}],"replies":[{"embeddable":true,"href":"https:\/\/pharma-lab.eu\/sl\/wp-json\/wp\/v2\/comments?post=179629"}],"version-history":[{"count":10,"href":"https:\/\/pharma-lab.eu\/sl\/wp-json\/wp\/v2\/pages\/179629\/revisions"}],"predecessor-version":[{"id":185374,"href":"https:\/\/pharma-lab.eu\/sl\/wp-json\/wp\/v2\/pages\/179629\/revisions\/185374"}],"wp:attachment":[{"href":"https:\/\/pharma-lab.eu\/sl\/wp-json\/wp\/v2\/media?parent=179629"}],"curies":[{"name":"wp","href":"https:\/\/api.w.org\/{rel}","templated":true}]}}