{"id":179603,"date":"2020-12-08T08:07:09","date_gmt":"2020-12-08T07:07:09","guid":{"rendered":"https:\/\/pharma-lab.eu\/accreditation\/"},"modified":"2024-10-15T11:51:39","modified_gmt":"2024-10-15T10:51:39","slug":"zagotavljanje-kakovosti","status":"publish","type":"page","link":"https:\/\/pharma-lab.eu\/sl\/zagotavljanje-kakovosti\/","title":{"rendered":"Zagotavljanje kakovosti"},"content":{"rendered":"\n\t<section class=\"section\" id=\"section_1091721977\">\n\t\t<div class=\"section-bg fill\" >\n\t\t\t\t\t\t\t\t\t\n\t\t\t\n\n\t\t<\/div>\n\n\t\t\n\n\t\t<div class=\"section-content relative\">\n\t\t\t\n\t<div id=\"gap-281644988\" class=\"gap-element clearfix\" style=\"display:block; height:auto;\">\n\t\t\n<style>\n#gap-281644988 {\n  padding-top: 30px;\n}\n<\/style>\n\t<\/div>\n\t\n<div class=\"row align-center\"  id=\"row-977421054\">\n\n\t<div id=\"col-2143828249\" class=\"col medium-12 small-12 large-5\"  >\n\t\t\t\t<div class=\"col-inner text-left\"  >\n\t\t\t\n\t\t\t\n\t<div id=\"gap-872680973\" class=\"gap-element clearfix\" style=\"display:block; height:auto;\">\n\t\t\n<style>\n#gap-872680973 {\n  padding-top: 30px;\n}\n<\/style>\n\t<\/div>\n\t\n\t<div id=\"gap-1254858584\" class=\"gap-element clearfix\" style=\"display:block; height:auto;\">\n\t\t\n<style>\n#gap-1254858584 {\n  padding-top: 30px;\n}\n<\/style>\n\t<\/div>\n\t\n\t<div id=\"gap-1515185074\" class=\"gap-element clearfix\" style=\"display:block; height:auto;\">\n\t\t\n<style>\n#gap-1515185074 {\n  padding-top: 30px;\n}\n<\/style>\n\t<\/div>\n\t\n\t<div id=\"gap-1445177457\" class=\"gap-element clearfix\" style=\"display:block; height:auto;\">\n\t\t\n<style>\n#gap-1445177457 {\n  padding-top: 30px;\n}\n<\/style>\n\t<\/div>\n\t\n\t\t<\/div>\n\t\t\t\t\t<\/div>\n\n\t\n\n\t<div id=\"col-2125914557\" class=\"col hide-for-medium medium-1 small-12 large-1\"  >\n\t\t\t\t<div class=\"col-inner\"  >\n\t\t\t\n\t\t\t\n\t\t<\/div>\n\t\t\t\t\t<\/div>\n\n\t\n\n\t<div id=\"col-1963284473\" class=\"col medium-12 small-12 large-6\"  >\n\t\t\t\t<div class=\"col-inner\"  >\n\t\t\t\n\t\t\t\n\t<div id=\"gap-518885800\" class=\"gap-element clearfix\" style=\"display:block; height:auto;\">\n\t\t\n<style>\n#gap-518885800 {\n  padding-top: 30px;\n}\n<\/style>\n\t<\/div>\n\t\n<p style=\"text-align: left;\"><strong>Laboratorijske analize se izvajajo skladno z zahtevami standarda ISO\/IEC 17025:2017.<\/strong><\/p>\n<p>Laboratoriji PharmaHemp Laboratories ponujajo kvantitativno analizo vseh najpomembnej\u0161ih kanabinoidov. Laboratorijski postopki in metode so validirane, kar dokazuje najvi\u0161jo kompetentnost za poro\u010danje to\u010dnih analitskih rezultatov.<\/p>\n\t\t<\/div>\n\t\t\t\t\t<\/div>\n\n\t\n<\/div>\n\t\t<\/div>\n\n\t\t\n<style>\n#section_1091721977 {\n  padding-top: 30px;\n  padding-bottom: 30px;\n  background-color: #b0db73;\n}\n<\/style>\n\t<\/section>\n\t\n\n\t<section class=\"section\" id=\"section_867369096\">\n\t\t<div class=\"section-bg fill\" >\n\t\t\t\t\t\t\t\t\t\n\t\t\t\n\n\t\t<\/div>\n\n\t\t\n\n\t\t<div class=\"section-content relative\">\n\t\t\t\n\t<div id=\"gap-705037117\" class=\"gap-element clearfix\" style=\"display:block; height:auto;\">\n\t\t\n<style>\n#gap-705037117 {\n  padding-top: 30px;\n}\n<\/style>\n\t<\/div>\n\t\n<div class=\"row align-middle\"  id=\"row-1255303924\">\n\n\t<div id=\"col-1919486196\" class=\"col medium-12 small-12 large-6\"  >\n\t\t\t\t<div class=\"col-inner\"  >\n\t\t\t\n\t\t\t\n<h2>ZNA\u010cKE O ZAGOTAVLJANJU KAKOVOSTI<\/h2>\n<p>Usposobljenost na\u0161ega laboratorija dokazujemo s sodelovanjem v preizkusih strokovne usposobljenosti, kjer primerjamo svoje rezultate z drugimi referen\u010dnimi laboratoriji. Laboratorij PharmaHemp Laboratories je dru\u017eba Emerald Scientific nagradila za znanstveno odli\u010dnost pri testiranjih konoplje za preverjanje vsebnosti kanabinoidov v cvetovih in konopljinem olju.<\/p>\n<p>Laboratorij PharmaHemp Laboratories je dru\u017eba Emerald Scientific nagradila za znanstveno odli\u010dnost pri testiranjih konoplje za preverjanje vsebnosti kanabinoidov v cvetovih in konopljinem olju.<\/p>\n\t\t<\/div>\n\t\t\t\t\t<\/div>\n\n\t\n\n\t<div id=\"col-261673720\" class=\"col medium-12 small-12 large-5\"  >\n\t\t\t\t<div class=\"col-inner text-center\"  >\n\t\t\t\n\t\t\t\n<div class=\"row align-middle\"  id=\"row-492172020\">\n\n\t<div id=\"col-555328015\" class=\"col medium-5 small-12 large-6\"  >\n\t\t\t\t<div class=\"col-inner\"  >\n\t\t\t\n\t\t\t\n\t<div class=\"img has-hover x md-x lg-x y md-y lg-y\" id=\"image_904899922\">\n\t\t\t\t\t\t\t\t<div class=\"img-inner dark\" >\n\t\t\t<img decoding=\"async\" width=\"930\" height=\"618\" src=\"https:\/\/pharma-lab.eu\/wp-content\/uploads\/2020\/12\/ESC-Potency_Hemp_Bud-Pharmahemp-Fall2019@3x.png\" class=\"attachment-large size-large\" alt=\"\" srcset=\"https:\/\/pharma-lab.eu\/wp-content\/uploads\/2020\/12\/ESC-Potency_Hemp_Bud-Pharmahemp-Fall2019@3x.png 930w, https:\/\/pharma-lab.eu\/wp-content\/uploads\/2020\/12\/ESC-Potency_Hemp_Bud-Pharmahemp-Fall2019@3x-602x400.png 602w, https:\/\/pharma-lab.eu\/wp-content\/uploads\/2020\/12\/ESC-Potency_Hemp_Bud-Pharmahemp-Fall2019@3x-350x233.png 350w, https:\/\/pharma-lab.eu\/wp-content\/uploads\/2020\/12\/ESC-Potency_Hemp_Bud-Pharmahemp-Fall2019@3x-768x510.png 768w\" sizes=\"(max-width: 930px) 100vw, 930px\" \/>\t\t\t\t\t\t\n\t\t\t\t\t<\/div>\n\t\t\t\t\t\t\t\t\n<style>\n#image_904899922 {\n  width: 100%;\n}\n<\/style>\n\t<\/div>\n\t\n\t\t<\/div>\n\t\t\t\t\t<\/div>\n\n\t\n\n\t<div id=\"col-542193655\" class=\"col medium-5 small-12 large-6\"  >\n\t\t\t\t<div class=\"col-inner\"  >\n\t\t\t\n\t\t\t\n\t<div class=\"img has-hover x md-x lg-x y md-y lg-y\" id=\"image_279351644\">\n\t\t\t\t\t\t\t\t<div class=\"img-inner dark\" >\n\t\t\t<img decoding=\"async\" width=\"927\" height=\"618\" src=\"https:\/\/pharma-lab.eu\/wp-content\/uploads\/2020\/12\/ESC-Potency_Hemp_Oil-Pharmahemp-Fall2019@3x.png\" class=\"attachment-large size-large\" alt=\"\" srcset=\"https:\/\/pharma-lab.eu\/wp-content\/uploads\/2020\/12\/ESC-Potency_Hemp_Oil-Pharmahemp-Fall2019@3x.png 927w, https:\/\/pharma-lab.eu\/wp-content\/uploads\/2020\/12\/ESC-Potency_Hemp_Oil-Pharmahemp-Fall2019@3x-600x400.png 600w, https:\/\/pharma-lab.eu\/wp-content\/uploads\/2020\/12\/ESC-Potency_Hemp_Oil-Pharmahemp-Fall2019@3x-350x233.png 350w, https:\/\/pharma-lab.eu\/wp-content\/uploads\/2020\/12\/ESC-Potency_Hemp_Oil-Pharmahemp-Fall2019@3x-768x512.png 768w\" sizes=\"(max-width: 927px) 100vw, 927px\" \/>\t\t\t\t\t\t\n\t\t\t\t\t<\/div>\n\t\t\t\t\t\t\t\t\n<style>\n#image_279351644 {\n  width: 100%;\n}\n<\/style>\n\t<\/div>\n\t\n\t\t<\/div>\n\t\t\t\t\t<\/div>\n\n\t\n\n\t<div id=\"col-1664573561\" class=\"col medium-4 small-12 large-4\"  >\n\t\t\t\t<div class=\"col-inner text-center\"  >\n\t\t\t\n\t\t\t\n\t<div class=\"img has-hover x md-x lg-x y md-y lg-y\" id=\"image_541565918\">\n\t\t\t\t\t\t\t\t<div class=\"img-inner image-cover dark\" style=\"padding-top:100%;\">\n\t\t\t<img decoding=\"async\" width=\"1536\" height=\"1536\" src=\"https:\/\/pharma-lab.eu\/wp-content\/uploads\/2023\/02\/ESC_Fall22_PotencyinHempOil_Pharmahemp_Bia-1536x1536.png\" class=\"attachment-1536x1536 size-1536x1536\" alt=\"\" srcset=\"https:\/\/pharma-lab.eu\/wp-content\/uploads\/2023\/02\/ESC_Fall22_PotencyinHempOil_Pharmahemp_Bia-1536x1536.png 1536w, https:\/\/pharma-lab.eu\/wp-content\/uploads\/2023\/02\/ESC_Fall22_PotencyinHempOil_Pharmahemp_Bia-400x400.png 400w, https:\/\/pharma-lab.eu\/wp-content\/uploads\/2023\/02\/ESC_Fall22_PotencyinHempOil_Pharmahemp_Bia-800x800.png 800w, https:\/\/pharma-lab.eu\/wp-content\/uploads\/2023\/02\/ESC_Fall22_PotencyinHempOil_Pharmahemp_Bia-350x350.png 350w, https:\/\/pharma-lab.eu\/wp-content\/uploads\/2023\/02\/ESC_Fall22_PotencyinHempOil_Pharmahemp_Bia-768x768.png 768w, https:\/\/pharma-lab.eu\/wp-content\/uploads\/2023\/02\/ESC_Fall22_PotencyinHempOil_Pharmahemp_Bia-2048x2048.png 2048w\" sizes=\"(max-width: 1536px) 100vw, 1536px\" \/>\t\t\t\t\t\t\n\t\t\t\t\t<\/div>\n\t\t\t\t\t\t\t\t\n<style>\n#image_541565918 {\n  width: 100%;\n}\n<\/style>\n\t<\/div>\n\t\n\t\t<\/div>\n\t\t\t\t\n<style>\n#col-1664573561 > .col-inner {\n  padding: 2px 0px 12px 0px;\n  margin: 2px -1px -44px 2px;\n}\n<\/style>\n\t<\/div>\n\n\t\n<\/div>\n\t\t<\/div>\n\t\t\t\t\t<\/div>\n\n\t\n<\/div>\n\t\t<\/div>\n\n\t\t\n<style>\n#section_867369096 {\n  padding-top: 30px;\n  padding-bottom: 30px;\n  background-color: rgb(255, 255, 255);\n}\n<\/style>\n\t<\/section>\n\t\n","protected":false},"excerpt":{"rendered":"","protected":false},"author":1182,"featured_media":0,"parent":0,"menu_order":0,"comment_status":"closed","ping_status":"closed","template":"page-blank.php","meta":{"footnotes":""},"yoast_head":"<!-- This site is optimized with the Yoast SEO plugin v23.5 - https:\/\/yoast.com\/wordpress\/plugins\/seo\/ -->\n<title>Zagotavljanje kakovosti - PharmaHemp SLO<\/title>\n<meta name=\"robots\" content=\"index, follow, max-snippet:-1, max-image-preview:large, max-video-preview:-1\" \/>\n<link rel=\"canonical\" href=\"https:\/\/pharma-lab.eu\/sl\/zagotavljanje-kakovosti\/\" \/>\n<meta property=\"og:locale\" content=\"sl_SI\" \/>\n<meta property=\"og:type\" content=\"article\" \/>\n<meta property=\"og:title\" content=\"Zagotavljanje kakovosti - PharmaHemp SLO\" \/>\n<meta property=\"og:url\" content=\"https:\/\/pharma-lab.eu\/sl\/zagotavljanje-kakovosti\/\" \/>\n<meta property=\"og:site_name\" content=\"PharmaHemp SLO\" \/>\n<meta property=\"article:publisher\" content=\"https:\/\/www.facebook.com\/pharmahempstore\" \/>\n<meta property=\"article:modified_time\" content=\"2024-10-15T10:51:39+00:00\" \/>\n<meta name=\"twitter:card\" content=\"summary_large_image\" \/>\n<meta name=\"twitter:label1\" content=\"Est. reading time\" \/>\n\t<meta name=\"twitter:data1\" content=\"1 minuta\" \/>\n<script type=\"application\/ld+json\" class=\"yoast-schema-graph\">{\"@context\":\"https:\/\/schema.org\",\"@graph\":[{\"@type\":\"WebPage\",\"@id\":\"https:\/\/pharma-lab.eu\/sl\/zagotavljanje-kakovosti\/\",\"url\":\"https:\/\/pharma-lab.eu\/sl\/zagotavljanje-kakovosti\/\",\"name\":\"Zagotavljanje kakovosti - PharmaHemp SLO\",\"isPartOf\":{\"@id\":\"https:\/\/pharma-lab.eu\/sl\/#website\"},\"datePublished\":\"2020-12-08T07:07:09+00:00\",\"dateModified\":\"2024-10-15T10:51:39+00:00\",\"breadcrumb\":{\"@id\":\"https:\/\/pharma-lab.eu\/sl\/zagotavljanje-kakovosti\/#breadcrumb\"},\"inLanguage\":\"sl-SI\",\"potentialAction\":[{\"@type\":\"ReadAction\",\"target\":[\"https:\/\/pharma-lab.eu\/sl\/zagotavljanje-kakovosti\/\"]}]},{\"@type\":\"BreadcrumbList\",\"@id\":\"https:\/\/pharma-lab.eu\/sl\/zagotavljanje-kakovosti\/#breadcrumb\",\"itemListElement\":[{\"@type\":\"ListItem\",\"position\":1,\"name\":\"Domov\",\"item\":\"https:\/\/pharma-lab.eu\/sl\/\"},{\"@type\":\"ListItem\",\"position\":2,\"name\":\"Zagotavljanje kakovosti\"}]},{\"@type\":\"WebSite\",\"@id\":\"https:\/\/pharma-lab.eu\/sl\/#website\",\"url\":\"https:\/\/pharma-lab.eu\/sl\/\",\"name\":\"PharmaHemp SLO\",\"description\":\"Cannabis Testing Laboratory\",\"publisher\":{\"@id\":\"https:\/\/pharma-lab.eu\/sl\/#organization\"},\"potentialAction\":[{\"@type\":\"SearchAction\",\"target\":{\"@type\":\"EntryPoint\",\"urlTemplate\":\"https:\/\/pharma-lab.eu\/sl\/?s={search_term_string}\"},\"query-input\":{\"@type\":\"PropertyValueSpecification\",\"valueRequired\":true,\"valueName\":\"search_term_string\"}}],\"inLanguage\":\"sl-SI\"},{\"@type\":\"Organization\",\"@id\":\"https:\/\/pharma-lab.eu\/sl\/#organization\",\"name\":\"PharmaHemp d.o.o.\",\"url\":\"https:\/\/pharma-lab.eu\/sl\/\",\"logo\":{\"@type\":\"ImageObject\",\"inLanguage\":\"sl-SI\",\"@id\":\"https:\/\/pharma-lab.eu\/sl\/#\/schema\/logo\/image\/\",\"url\":\"https:\/\/pharma-lab.eu\/wp-content\/uploads\/2020\/12\/logo_lab.png\",\"contentUrl\":\"https:\/\/pharma-lab.eu\/wp-content\/uploads\/2020\/12\/logo_lab.png\",\"width\":260,\"height\":83,\"caption\":\"PharmaHemp d.o.o.\"},\"image\":{\"@id\":\"https:\/\/pharma-lab.eu\/sl\/#\/schema\/logo\/image\/\"},\"sameAs\":[\"https:\/\/www.facebook.com\/pharmahempstore\",\"https:\/\/www.instagram.com\/pharmahemp_store\/\"]}]}<\/script>\n<!-- \/ Yoast SEO plugin. -->","yoast_head_json":{"title":"Zagotavljanje kakovosti - PharmaHemp SLO","robots":{"index":"index","follow":"follow","max-snippet":"max-snippet:-1","max-image-preview":"max-image-preview:large","max-video-preview":"max-video-preview:-1"},"canonical":"https:\/\/pharma-lab.eu\/sl\/zagotavljanje-kakovosti\/","og_locale":"sl_SI","og_type":"article","og_title":"Zagotavljanje kakovosti - PharmaHemp SLO","og_url":"https:\/\/pharma-lab.eu\/sl\/zagotavljanje-kakovosti\/","og_site_name":"PharmaHemp SLO","article_publisher":"https:\/\/www.facebook.com\/pharmahempstore","article_modified_time":"2024-10-15T10:51:39+00:00","twitter_card":"summary_large_image","twitter_misc":{"Est. reading time":"1 minuta"},"schema":{"@context":"https:\/\/schema.org","@graph":[{"@type":"WebPage","@id":"https:\/\/pharma-lab.eu\/sl\/zagotavljanje-kakovosti\/","url":"https:\/\/pharma-lab.eu\/sl\/zagotavljanje-kakovosti\/","name":"Zagotavljanje kakovosti - PharmaHemp SLO","isPartOf":{"@id":"https:\/\/pharma-lab.eu\/sl\/#website"},"datePublished":"2020-12-08T07:07:09+00:00","dateModified":"2024-10-15T10:51:39+00:00","breadcrumb":{"@id":"https:\/\/pharma-lab.eu\/sl\/zagotavljanje-kakovosti\/#breadcrumb"},"inLanguage":"sl-SI","potentialAction":[{"@type":"ReadAction","target":["https:\/\/pharma-lab.eu\/sl\/zagotavljanje-kakovosti\/"]}]},{"@type":"BreadcrumbList","@id":"https:\/\/pharma-lab.eu\/sl\/zagotavljanje-kakovosti\/#breadcrumb","itemListElement":[{"@type":"ListItem","position":1,"name":"Domov","item":"https:\/\/pharma-lab.eu\/sl\/"},{"@type":"ListItem","position":2,"name":"Zagotavljanje kakovosti"}]},{"@type":"WebSite","@id":"https:\/\/pharma-lab.eu\/sl\/#website","url":"https:\/\/pharma-lab.eu\/sl\/","name":"PharmaHemp SLO","description":"Cannabis Testing Laboratory","publisher":{"@id":"https:\/\/pharma-lab.eu\/sl\/#organization"},"potentialAction":[{"@type":"SearchAction","target":{"@type":"EntryPoint","urlTemplate":"https:\/\/pharma-lab.eu\/sl\/?s={search_term_string}"},"query-input":{"@type":"PropertyValueSpecification","valueRequired":true,"valueName":"search_term_string"}}],"inLanguage":"sl-SI"},{"@type":"Organization","@id":"https:\/\/pharma-lab.eu\/sl\/#organization","name":"PharmaHemp d.o.o.","url":"https:\/\/pharma-lab.eu\/sl\/","logo":{"@type":"ImageObject","inLanguage":"sl-SI","@id":"https:\/\/pharma-lab.eu\/sl\/#\/schema\/logo\/image\/","url":"https:\/\/pharma-lab.eu\/wp-content\/uploads\/2020\/12\/logo_lab.png","contentUrl":"https:\/\/pharma-lab.eu\/wp-content\/uploads\/2020\/12\/logo_lab.png","width":260,"height":83,"caption":"PharmaHemp d.o.o."},"image":{"@id":"https:\/\/pharma-lab.eu\/sl\/#\/schema\/logo\/image\/"},"sameAs":["https:\/\/www.facebook.com\/pharmahempstore","https:\/\/www.instagram.com\/pharmahemp_store\/"]}]}},"_links":{"self":[{"href":"https:\/\/pharma-lab.eu\/sl\/wp-json\/wp\/v2\/pages\/179603"}],"collection":[{"href":"https:\/\/pharma-lab.eu\/sl\/wp-json\/wp\/v2\/pages"}],"about":[{"href":"https:\/\/pharma-lab.eu\/sl\/wp-json\/wp\/v2\/types\/page"}],"author":[{"embeddable":true,"href":"https:\/\/pharma-lab.eu\/sl\/wp-json\/wp\/v2\/users\/1182"}],"replies":[{"embeddable":true,"href":"https:\/\/pharma-lab.eu\/sl\/wp-json\/wp\/v2\/comments?post=179603"}],"version-history":[{"count":7,"href":"https:\/\/pharma-lab.eu\/sl\/wp-json\/wp\/v2\/pages\/179603\/revisions"}],"predecessor-version":[{"id":185431,"href":"https:\/\/pharma-lab.eu\/sl\/wp-json\/wp\/v2\/pages\/179603\/revisions\/185431"}],"wp:attachment":[{"href":"https:\/\/pharma-lab.eu\/sl\/wp-json\/wp\/v2\/media?parent=179603"}],"curies":[{"name":"wp","href":"https:\/\/api.w.org\/{rel}","templated":true}]}}