{"id":179577,"date":"2020-12-22T07:43:37","date_gmt":"2020-12-22T06:43:37","guid":{"rendered":"https:\/\/pharma-lab.eu\/high-sensitivity-cannabinoid-analysis\/"},"modified":"2024-10-15T11:20:11","modified_gmt":"2024-10-15T10:20:11","slug":"analiza-kanabinoidov-v-sledovih","status":"publish","type":"page","link":"https:\/\/pharma-lab.eu\/sl\/analiza-kanabinoidov-v-sledovih\/","title":{"rendered":"Analiza kanabinoidov v sledovih"},"content":{"rendered":"\n\t<section class=\"section\" id=\"section_184583478\">\n\t\t<div class=\"section-bg fill\" >\n\t\t\t<img decoding=\"async\" width=\"5760\" height=\"2151\" src=\"https:\/\/pharma-lab.eu\/wp-content\/uploads\/2020\/12\/Component-6-\u2013-1@3x.png\" class=\"bg attachment- size-\" alt=\"\" \/>\t\t\t\t\t\t\n\t\t\t\n\n\t\t<\/div>\n\n\t\t\n\n\t\t<div class=\"section-content relative\">\n\t\t\t\n\t<div id=\"gap-258999160\" class=\"gap-element clearfix\" style=\"display:block; height:auto;\">\n\t\t\n<style>\n#gap-258999160 {\n  padding-top: 30px;\n}\n<\/style>\n\t<\/div>\n\t\n<div class=\"row align-center\"  id=\"row-440216835\">\n\n\t<div id=\"col-239251117\" class=\"col medium-6 small-12 large-6\"  >\n\t\t\t\t<div class=\"col-inner\"  >\n\t\t\t\n\t\t\t\n<h2 class=\"uppercase\">ANALIZA KANABINOIDOV V SLEDOVIH<\/h2>\n\t\t<\/div>\n\t\t\t\t\t<\/div>\n\n\t\n\n\t<div id=\"col-1389461707\" class=\"col medium-6 small-12 large-6\"  >\n\t\t\t\t<div class=\"col-inner\"  >\n\t\t\t\n\t\t\t\n<div>Zaznavanje in poro\u010danje o zelo nizkih koncentracijah kanabinoidov v vzorcih je pomembno ne le iz raziskovalnega in razvojnega vidika, temve\u010d tudi za uporabnike izdelkov CBD (predvsem \u017eivil in pija\u010d). Z najnovej\u0161imi tehnologijami HPLC in prilagojenimi postopki lahko zni\u017eamo mejo kvantitativne dolo\u010ditve &#8211; ang. Limit Of Quantification (LOQ) do 0,0003 % (odvisno od matrice).<\/div>\n\t<div id=\"gap-1279619621\" class=\"gap-element clearfix\" style=\"display:block; height:auto;\">\n\t\t\n<style>\n#gap-1279619621 {\n  padding-top: 20px;\n}\n<\/style>\n\t<\/div>\n\t\n<a href=\"https:\/\/order.pharma-lab.eu\/?ui-culture=sl-SI\" class=\"button primary is-large black-btn\"  >\n\t\t<span>ANALIZIRAJ ZDAJ<\/span>\n\t<\/a>\n\n\t\t<\/div>\n\t\t\t\t\t<\/div>\n\n\t\n<\/div>\n\t\t<\/div>\n\n\t\t\n<style>\n#section_184583478 {\n  padding-top: 30px;\n  padding-bottom: 30px;\n}\n#section_184583478 .section-bg img {\n  object-position: 50% 50%;\n}\n<\/style>\n\t<\/section>\n\t\n\n\t<section class=\"section\" id=\"section_173479956\">\n\t\t<div class=\"section-bg fill\" >\n\t\t\t\t\t\t\t\t\t<div class=\"section-bg-overlay absolute fill\"><\/div>\n\t\t\t\n\t<div class=\"is-border\"\n\t\tstyle=\"border-width:1px 0px 1px 0px;\">\n\t<\/div>\n\n\t\t<\/div>\n\n\t\t\n\n\t\t<div class=\"section-content relative\">\n\t\t\t\n\t<div id=\"gap-1116089596\" class=\"gap-element clearfix\" style=\"display:block; height:auto;\">\n\t\t\n<style>\n#gap-1116089596 {\n  padding-top: 30px;\n}\n<\/style>\n\t<\/div>\n\t\n<div class=\"row row-large align-middle\"  id=\"row-1101526332\">\n\n\t<div id=\"col-100025750\" class=\"col medium-6 small-12 large-6\"  >\n\t\t\t\t<div class=\"col-inner\"  >\n\t\t\t\n\t\t\t\n<h2>Kako se dose\u017ee ni\u017eji LOQ?<\/h2>\n<p>Najni\u017eja koncentracija kanabinoidov, ki jo je mogo\u010de zanesljivo izmeriti, je odvisna od priprave vzorca in ob\u010dutljivosti kromatografskega sistema. Zaradi strokovnega znanja na podro\u010dju analiti\u010dne kemije in uporabe sodobnih instrumentov lahko poro\u010damo tudi o t. i. nezaznavnih koncentracijah CBD-ja, THC-ja ali drugih kanabinoidov. Meje LOQ so prikazane na analitskem certifikatu.<\/p>\n\t\t<\/div>\n\t\t\t\t\t<\/div>\n\n\t\n\n\t<div id=\"col-1675092408\" class=\"col hide-for-small medium-6 small-12 large-6\"  >\n\t\t\t\t<div class=\"col-inner text-left\"  >\n\t\t\t\n\t\t\t\n<h2>16 kanabinoidov<\/h2>\n<div class=\"row\"  id=\"row-895812156\">\n\n\t<div id=\"col-1284124131\" class=\"col medium-4 small-12 large-4\"  >\n\t\t\t\t<div class=\"col-inner\"  >\n\t\t\t\n\t\t\t\n<ul>\n<li>CBDV<\/li>\n<li>CBDA<\/li>\n<li>CBGA<\/li>\n<li>THCA<\/li>\n<li>CBV<\/li>\n<li>CBE<\/li>\n<\/ul>\n\t\t<\/div>\n\t\t\t\t\t<\/div>\n\n\t\n\n\t<div id=\"col-2048626891\" class=\"col medium-4 small-12 large-4\"  >\n\t\t\t\t<div class=\"col-inner\"  >\n\t\t\t\n\t\t\t\n<ul>\n<li>CBG<\/li>\n<li>CBD<\/li>\n<li>8-THC<\/li>\n<li>9-THC<\/li>\n<li>CBT<\/li>\n<\/ul>\n\t\t<\/div>\n\t\t\t\t\t<\/div>\n\n\t\n\n\t<div id=\"col-790309538\" class=\"col medium-4 small-12 large-4\"  >\n\t\t\t\t<div class=\"col-inner\"  >\n\t\t\t\n\t\t\t\n<ul>\n<li>THCV<\/li>\n<li>CBN<\/li>\n<li>CBL<\/li>\n<li>CBC<\/li>\n<li>CBCA<\/li>\n<\/ul>\n\t\t<\/div>\n\t\t\t\t\t<\/div>\n\n\t\n<\/div>\n\t\t<\/div>\n\t\t\t\t\t<\/div>\n\n\t\n\n\t<div id=\"col-522883680\" class=\"col show-for-small medium-6 small-12 large-6\"  >\n\t\t\t\t<div class=\"col-inner text-left\"  >\n\t\t\t\n\t\t\t\n<h2>16 kanabinoidov<\/h2>\n<div class=\"row\"  id=\"row-1203820701\">\n\n\t<div id=\"col-1079013840\" class=\"col medium-4 small-12 large-4\"  >\n\t\t\t\t<div class=\"col-inner\"  >\n\t\t\t\n\t\t\t\n<ul>\n<li>CBDV<\/li>\n<li>CBDA<\/li>\n<li>CBGA<\/li>\n<li>THCA<\/li>\n<li>CBG<\/li>\n<li>CBD<\/li>\n<li>8-THC<\/li>\n<li>9-THC<\/li>\n<li>THCV<\/li>\n<li>CBN<\/li>\n<li>CBL<\/li>\n<li>CBC<\/li>\n<li>CBE*<\/li>\n<li>CBV*<\/li>\n<li>CBCA*<\/li>\n<li>CBT*<\/li>\n<\/ul>\n\t\t<\/div>\n\t\t\t\t\t<\/div>\n\n\t\n<\/div>\n\t\t<\/div>\n\t\t\t\t\t<\/div>\n\n\t\n\n\t<div id=\"col-1218285191\" class=\"col small-12 large-12\"  >\n\t\t\t\t<div class=\"col-inner\"  >\n\t\t\t\n\t\t\t\n<div class=\"text-center\"><div class=\"is-divider divider clearfix\" style=\"margin-top:0px;margin-bottom:0px;max-width:100%;height:2px;background-color:rgb(213, 213, 213);\"><\/div><\/div>\n\t<div id=\"gap-1107280234\" class=\"gap-element clearfix\" style=\"display:block; height:auto;\">\n\t\t\n<style>\n#gap-1107280234 {\n  padding-top: 35px;\n}\n<\/style>\n\t<\/div>\n\t\n<div class=\"row align-middle\"  id=\"row-1929822330\">\n\n\t<div id=\"col-50669194\" class=\"col medium-6 small-12 large-6\"  >\n\t\t\t\t<div class=\"col-inner\"  >\n\t\t\t\n\t\t\t\n<h2>Kako naro\u010dim poro\u010dilo z ni\u017ejim LOQ?<\/h2>\n\t\t<\/div>\n\t\t\t\t\t<\/div>\n\n\t\n\n\t<div id=\"col-934799010\" class=\"col medium-6 small-12 large-6\"  >\n\t\t\t\t<div class=\"col-inner\"  >\n\t\t\t\n\t\t\t\n<p style=\"padding-top: 10px;\">Obrnite se na na\u0161e osebje za ve\u010d informacij glede mo\u017enosti analize va\u0161ega vzorca.<\/p>\n\t\t<\/div>\n\t\t\t\t\t<\/div>\n\n\t\n<\/div>\n<div class=\"text-center\"><div class=\"is-divider divider clearfix\" style=\"margin-top:0px;margin-bottom:0px;max-width:100%;height:2px;background-color:rgb(213, 213, 213);\"><\/div><\/div>\n\t\t<\/div>\n\t\t\t\t\t<\/div>\n\n\t\n<\/div>\n\t<div id=\"gap-1347952\" class=\"gap-element clearfix\" style=\"display:block; height:auto;\">\n\t\t\n<style>\n#gap-1347952 {\n  padding-top: 30px;\n}\n<\/style>\n\t<\/div>\n\t\n\t<div id=\"gap-1674978739\" class=\"gap-element clearfix\" style=\"display:block; height:auto;\">\n\t\t\n<style>\n#gap-1674978739 {\n  padding-top: 30px;\n}\n<\/style>\n\t<\/div>\n\t\n<div class=\"row row-large\"  id=\"row-460456088\">\n\n\t<div id=\"col-681574386\" class=\"col medium-5 small-12 large-6\"  >\n\t\t\t\t<div class=\"col-inner\"  >\n\t\t\t\n\t\t\t\n<h2>Za analizo potrebujemo:<\/h2>\n<ul>\n<li>Rastlinski material: 15 gramov<\/li>\n<li>Izvle\u010dki\/Izolati\/Destilati: 5 gramov<\/li>\n<li>Izdelki iz konoplje: 5 gramov<\/li>\n<li>Teko\u010dina\/Pija\u010de: 30 mL<\/li>\n<li>\u017divila: 15 gramov<\/li>\n<\/ul>\n\t\t<\/div>\n\t\t\t\t\t<\/div>\n\n\t\n\n\t<div id=\"col-2039668230\" class=\"col medium-7 small-12 large-6\"  >\n\t\t\t\t<div class=\"col-inner text-left\"  >\n\t\t\t\n\t\t\t\n<h2>\u010cas trajanja analize:<\/h2>\n<p><strong>Standardno<\/strong>: 3-10 delovnih dni (obi\u010dajno 5 delovnih dni)<br \/>\n<strong>Prednostno<\/strong>: 24 ur *<\/p>\n<p>* \u010ce vzorec prejmemo do 13. ure prej\u0161njega dne<\/p>\n\t\t<\/div>\n\t\t\t\t\t<\/div>\n\n\t\n<\/div>\n\t\t<\/div>\n\n\t\t\n<style>\n#section_173479956 {\n  padding-top: 0px;\n  padding-bottom: 0px;\n}\n#section_173479956 .section-bg-overlay {\n  background-color: rgba(255, 255, 255, 0.85);\n}\n<\/style>\n\t<\/section>\n\t\n","protected":false},"excerpt":{"rendered":"","protected":false},"author":1182,"featured_media":0,"parent":0,"menu_order":0,"comment_status":"closed","ping_status":"closed","template":"page-blank.php","meta":{"footnotes":""},"yoast_head":"<!-- This site is optimized with the Yoast SEO plugin v23.5 - https:\/\/yoast.com\/wordpress\/plugins\/seo\/ -->\n<title>Analiza kanabinoidov v sledovih - PharmaHemp SLO<\/title>\n<meta name=\"robots\" content=\"index, follow, max-snippet:-1, max-image-preview:large, max-video-preview:-1\" \/>\n<link rel=\"canonical\" href=\"https:\/\/pharma-lab.eu\/sl\/analiza-kanabinoidov-v-sledovih\/\" \/>\n<meta property=\"og:locale\" content=\"sl_SI\" \/>\n<meta property=\"og:type\" content=\"article\" \/>\n<meta property=\"og:title\" content=\"Analiza kanabinoidov v sledovih - PharmaHemp SLO\" \/>\n<meta property=\"og:url\" content=\"https:\/\/pharma-lab.eu\/sl\/analiza-kanabinoidov-v-sledovih\/\" \/>\n<meta property=\"og:site_name\" content=\"PharmaHemp SLO\" \/>\n<meta property=\"article:publisher\" content=\"https:\/\/www.facebook.com\/pharmahempstore\" \/>\n<meta property=\"article:modified_time\" content=\"2024-10-15T10:20:11+00:00\" \/>\n<meta name=\"twitter:card\" content=\"summary_large_image\" \/>\n<meta name=\"twitter:label1\" content=\"Est. reading time\" \/>\n\t<meta name=\"twitter:data1\" content=\"2 minuti\" \/>\n<script type=\"application\/ld+json\" class=\"yoast-schema-graph\">{\"@context\":\"https:\/\/schema.org\",\"@graph\":[{\"@type\":\"WebPage\",\"@id\":\"https:\/\/pharma-lab.eu\/sl\/analiza-kanabinoidov-v-sledovih\/\",\"url\":\"https:\/\/pharma-lab.eu\/sl\/analiza-kanabinoidov-v-sledovih\/\",\"name\":\"Analiza kanabinoidov v sledovih - PharmaHemp SLO\",\"isPartOf\":{\"@id\":\"https:\/\/pharma-lab.eu\/sl\/#website\"},\"datePublished\":\"2020-12-22T06:43:37+00:00\",\"dateModified\":\"2024-10-15T10:20:11+00:00\",\"breadcrumb\":{\"@id\":\"https:\/\/pharma-lab.eu\/sl\/analiza-kanabinoidov-v-sledovih\/#breadcrumb\"},\"inLanguage\":\"sl-SI\",\"potentialAction\":[{\"@type\":\"ReadAction\",\"target\":[\"https:\/\/pharma-lab.eu\/sl\/analiza-kanabinoidov-v-sledovih\/\"]}]},{\"@type\":\"BreadcrumbList\",\"@id\":\"https:\/\/pharma-lab.eu\/sl\/analiza-kanabinoidov-v-sledovih\/#breadcrumb\",\"itemListElement\":[{\"@type\":\"ListItem\",\"position\":1,\"name\":\"Domov\",\"item\":\"https:\/\/pharma-lab.eu\/sl\/\"},{\"@type\":\"ListItem\",\"position\":2,\"name\":\"Analiza kanabinoidov v sledovih\"}]},{\"@type\":\"WebSite\",\"@id\":\"https:\/\/pharma-lab.eu\/sl\/#website\",\"url\":\"https:\/\/pharma-lab.eu\/sl\/\",\"name\":\"PharmaHemp SLO\",\"description\":\"Cannabis Testing Laboratory\",\"publisher\":{\"@id\":\"https:\/\/pharma-lab.eu\/sl\/#organization\"},\"potentialAction\":[{\"@type\":\"SearchAction\",\"target\":{\"@type\":\"EntryPoint\",\"urlTemplate\":\"https:\/\/pharma-lab.eu\/sl\/?s={search_term_string}\"},\"query-input\":{\"@type\":\"PropertyValueSpecification\",\"valueRequired\":true,\"valueName\":\"search_term_string\"}}],\"inLanguage\":\"sl-SI\"},{\"@type\":\"Organization\",\"@id\":\"https:\/\/pharma-lab.eu\/sl\/#organization\",\"name\":\"PharmaHemp d.o.o.\",\"url\":\"https:\/\/pharma-lab.eu\/sl\/\",\"logo\":{\"@type\":\"ImageObject\",\"inLanguage\":\"sl-SI\",\"@id\":\"https:\/\/pharma-lab.eu\/sl\/#\/schema\/logo\/image\/\",\"url\":\"https:\/\/pharma-lab.eu\/wp-content\/uploads\/2020\/12\/logo_lab.png\",\"contentUrl\":\"https:\/\/pharma-lab.eu\/wp-content\/uploads\/2020\/12\/logo_lab.png\",\"width\":260,\"height\":83,\"caption\":\"PharmaHemp d.o.o.\"},\"image\":{\"@id\":\"https:\/\/pharma-lab.eu\/sl\/#\/schema\/logo\/image\/\"},\"sameAs\":[\"https:\/\/www.facebook.com\/pharmahempstore\",\"https:\/\/www.instagram.com\/pharmahemp_store\/\"]}]}<\/script>\n<!-- \/ Yoast SEO plugin. -->","yoast_head_json":{"title":"Analiza kanabinoidov v sledovih - PharmaHemp SLO","robots":{"index":"index","follow":"follow","max-snippet":"max-snippet:-1","max-image-preview":"max-image-preview:large","max-video-preview":"max-video-preview:-1"},"canonical":"https:\/\/pharma-lab.eu\/sl\/analiza-kanabinoidov-v-sledovih\/","og_locale":"sl_SI","og_type":"article","og_title":"Analiza kanabinoidov v sledovih - PharmaHemp SLO","og_url":"https:\/\/pharma-lab.eu\/sl\/analiza-kanabinoidov-v-sledovih\/","og_site_name":"PharmaHemp SLO","article_publisher":"https:\/\/www.facebook.com\/pharmahempstore","article_modified_time":"2024-10-15T10:20:11+00:00","twitter_card":"summary_large_image","twitter_misc":{"Est. reading time":"2 minuti"},"schema":{"@context":"https:\/\/schema.org","@graph":[{"@type":"WebPage","@id":"https:\/\/pharma-lab.eu\/sl\/analiza-kanabinoidov-v-sledovih\/","url":"https:\/\/pharma-lab.eu\/sl\/analiza-kanabinoidov-v-sledovih\/","name":"Analiza kanabinoidov v sledovih - PharmaHemp SLO","isPartOf":{"@id":"https:\/\/pharma-lab.eu\/sl\/#website"},"datePublished":"2020-12-22T06:43:37+00:00","dateModified":"2024-10-15T10:20:11+00:00","breadcrumb":{"@id":"https:\/\/pharma-lab.eu\/sl\/analiza-kanabinoidov-v-sledovih\/#breadcrumb"},"inLanguage":"sl-SI","potentialAction":[{"@type":"ReadAction","target":["https:\/\/pharma-lab.eu\/sl\/analiza-kanabinoidov-v-sledovih\/"]}]},{"@type":"BreadcrumbList","@id":"https:\/\/pharma-lab.eu\/sl\/analiza-kanabinoidov-v-sledovih\/#breadcrumb","itemListElement":[{"@type":"ListItem","position":1,"name":"Domov","item":"https:\/\/pharma-lab.eu\/sl\/"},{"@type":"ListItem","position":2,"name":"Analiza kanabinoidov v sledovih"}]},{"@type":"WebSite","@id":"https:\/\/pharma-lab.eu\/sl\/#website","url":"https:\/\/pharma-lab.eu\/sl\/","name":"PharmaHemp SLO","description":"Cannabis Testing Laboratory","publisher":{"@id":"https:\/\/pharma-lab.eu\/sl\/#organization"},"potentialAction":[{"@type":"SearchAction","target":{"@type":"EntryPoint","urlTemplate":"https:\/\/pharma-lab.eu\/sl\/?s={search_term_string}"},"query-input":{"@type":"PropertyValueSpecification","valueRequired":true,"valueName":"search_term_string"}}],"inLanguage":"sl-SI"},{"@type":"Organization","@id":"https:\/\/pharma-lab.eu\/sl\/#organization","name":"PharmaHemp d.o.o.","url":"https:\/\/pharma-lab.eu\/sl\/","logo":{"@type":"ImageObject","inLanguage":"sl-SI","@id":"https:\/\/pharma-lab.eu\/sl\/#\/schema\/logo\/image\/","url":"https:\/\/pharma-lab.eu\/wp-content\/uploads\/2020\/12\/logo_lab.png","contentUrl":"https:\/\/pharma-lab.eu\/wp-content\/uploads\/2020\/12\/logo_lab.png","width":260,"height":83,"caption":"PharmaHemp d.o.o."},"image":{"@id":"https:\/\/pharma-lab.eu\/sl\/#\/schema\/logo\/image\/"},"sameAs":["https:\/\/www.facebook.com\/pharmahempstore","https:\/\/www.instagram.com\/pharmahemp_store\/"]}]}},"_links":{"self":[{"href":"https:\/\/pharma-lab.eu\/sl\/wp-json\/wp\/v2\/pages\/179577"}],"collection":[{"href":"https:\/\/pharma-lab.eu\/sl\/wp-json\/wp\/v2\/pages"}],"about":[{"href":"https:\/\/pharma-lab.eu\/sl\/wp-json\/wp\/v2\/types\/page"}],"author":[{"embeddable":true,"href":"https:\/\/pharma-lab.eu\/sl\/wp-json\/wp\/v2\/users\/1182"}],"replies":[{"embeddable":true,"href":"https:\/\/pharma-lab.eu\/sl\/wp-json\/wp\/v2\/comments?post=179577"}],"version-history":[{"count":6,"href":"https:\/\/pharma-lab.eu\/sl\/wp-json\/wp\/v2\/pages\/179577\/revisions"}],"predecessor-version":[{"id":185394,"href":"https:\/\/pharma-lab.eu\/sl\/wp-json\/wp\/v2\/pages\/179577\/revisions\/185394"}],"wp:attachment":[{"href":"https:\/\/pharma-lab.eu\/sl\/wp-json\/wp\/v2\/media?parent=179577"}],"curies":[{"name":"wp","href":"https:\/\/api.w.org\/{rel}","templated":true}]}}