{"id":179742,"date":"2020-12-22T07:43:25","date_gmt":"2020-12-22T06:43:25","guid":{"rendered":"https:\/\/pharma-lab.eu\/cannabinoid-profiling\/"},"modified":"2024-10-15T11:25:23","modified_gmt":"2024-10-15T10:25:23","slug":"profiling-dei-cannabinoidi","status":"publish","type":"page","link":"https:\/\/pharma-lab.eu\/it\/profiling-dei-cannabinoidi\/","title":{"rendered":"Profiling Dei Cannabinoidi"},"content":{"rendered":"\n\t<section class=\"section\" id=\"section_380216615\">\n\t\t<div class=\"section-bg fill\" >\n\t\t\t<img decoding=\"async\" width=\"5760\" height=\"2151\" src=\"https:\/\/pharma-lab.eu\/wp-content\/uploads\/2020\/12\/Component-6-\u2013-1@3x.png\" class=\"bg attachment- size-\" alt=\"\" \/>\t\t\t\t\t\t\n\t\t\t\n\n\t\t<\/div>\n\n\t\t\n\n\t\t<div class=\"section-content relative\">\n\t\t\t\n\t<div id=\"gap-707396696\" class=\"gap-element clearfix\" style=\"display:block; height:auto;\">\n\t\t\n<style>\n#gap-707396696 {\n  padding-top: 30px;\n}\n<\/style>\n\t<\/div>\n\t\n<div class=\"row align-center\"  id=\"row-1965083263\">\n\n\t<div id=\"col-205354920\" class=\"col medium-6 small-12 large-6\"  >\n\t\t\t\t<div class=\"col-inner\"  >\n\t\t\t\n\t\t\t\n<h2 class=\"uppercase\">PROFILING DEI CANNABINOIDI: ANALISI DETTAGLIATA DEI PRINCIPALI CANNABINOIDI<\/h2>\n\t\t<\/div>\n\t\t\t\t\t<\/div>\n\n\t\n\n\t<div id=\"col-2103138384\" class=\"col medium-6 small-12 large-6\"  >\n\t\t\t\t<div class=\"col-inner\"  >\n\t\t\t\n\t\t\t\n<p>Profiling veloce, accurato e affidabile di 16 cannabinoidi. Le analisi sono eseguite con le pi\u00f9 recenti soluzioni HPLC, utilizzando metodologie validate internamente e in linea con gli orientamenti ICH e USP. Siamo in grado di testare tutti i tipi di matrici &#8211; fiori, foglie, semi, resina, oli, estratti, isolati, tinture, formulazioni idrosolubili, bevande alcoliche e non alcoliche infuse con CBD o estratti di cannabis, creme, lozioni, balsami e prodotti alimentari, come biscotti, gomme da masticare, miele ecc.<\/p>\n\t<div id=\"gap-1379154143\" class=\"gap-element clearfix\" style=\"display:block; height:auto;\">\n\t\t\n<style>\n#gap-1379154143 {\n  padding-top: 20px;\n}\n<\/style>\n\t<\/div>\n\t\n<a href=\"https:\/\/order.pharma-lab.eu\/?ui-culture=en-US\" class=\"button primary is-large black-btn\"  >\n\t\t<span>ANALIZZATE ADESSO<\/span>\n\t<\/a>\n\n\t\t<\/div>\n\t\t\t\t\t<\/div>\n\n\t\n<\/div>\n\t\t<\/div>\n\n\t\t\n<style>\n#section_380216615 {\n  padding-top: 30px;\n  padding-bottom: 30px;\n}\n#section_380216615 .section-bg img {\n  object-position: 50% 50%;\n}\n<\/style>\n\t<\/section>\n\t\n\n\t<section class=\"section\" id=\"section_619601620\">\n\t\t<div class=\"section-bg fill\" >\n\t\t\t\t\t\t\t\t\t<div class=\"section-bg-overlay absolute fill\"><\/div>\n\t\t\t\n\t<div class=\"is-border\"\n\t\tstyle=\"border-width:1px 0px 1px 0px;\">\n\t<\/div>\n\n\t\t<\/div>\n\n\t\t\n\n\t\t<div class=\"section-content relative\">\n\t\t\t\n\t<div id=\"gap-917756310\" class=\"gap-element clearfix\" style=\"display:block; height:auto;\">\n\t\t\n<style>\n#gap-917756310 {\n  padding-top: 30px;\n}\n<\/style>\n\t<\/div>\n\t\n<div class=\"row row-large align-middle\"  id=\"row-615071452\">\n\n\t<div id=\"col-1329548606\" class=\"col medium-6 small-12 large-6\"  >\n\t\t\t\t<div class=\"col-inner\"  >\n\t\t\t\n\t\t\t\n<h2>Test dei cannabinoidi con HPLC<\/h2>\n<p>La cromatografia liquida ad alta prestazione (HPLC) \u00e8 la metodologia preferita per il profiling dei cannabinoidi e la determinazione della potenza, giacch\u00e9 non utilizza il calore e cos\u00ec consente di identificare e quantificare i cannabinoidi sia acidi, sia neutri. \u00c8 la metodologia pi\u00f9 potente ed \u00e8 considerata il \u201cgolden standard\u201d, ossia il test ideale, per la determinazione dei cannabinoidi.<\/p>\n\t\t<\/div>\n\t\t\t\t\t<\/div>\n\n\t\n\n\t<div id=\"col-1749612086\" class=\"col hide-for-small medium-6 small-12 large-6\"  >\n\t\t\t\t<div class=\"col-inner text-left\"  >\n\t\t\t\n\t\t\t\n<h2>16 cannabinoidi<\/h2>\n<div class=\"row\"  id=\"row-2002173535\">\n\n\t<div id=\"col-713788069\" class=\"col medium-4 small-12 large-4\"  >\n\t\t\t\t<div class=\"col-inner\"  >\n\t\t\t\n\t\t\t\n<ul>\n<li>CBDV<\/li>\n<li>CBDA<\/li>\n<li>CBGA<\/li>\n<li>THCA<\/li>\n<li>CBV<\/li>\n<li>CBE<\/li>\n<\/ul>\n\t\t<\/div>\n\t\t\t\t\t<\/div>\n\n\t\n\n\t<div id=\"col-507061134\" class=\"col medium-4 small-12 large-4\"  >\n\t\t\t\t<div class=\"col-inner\"  >\n\t\t\t\n\t\t\t\n<ul>\n<li>CBG<\/li>\n<li>CBD<\/li>\n<li>8-THC<\/li>\n<li>9-THC<\/li>\n<li>CBT<\/li>\n<\/ul>\n\t\t<\/div>\n\t\t\t\t\t<\/div>\n\n\t\n\n\t<div id=\"col-1516498896\" class=\"col medium-4 small-12 large-4\"  >\n\t\t\t\t<div class=\"col-inner\"  >\n\t\t\t\n\t\t\t\n<ul>\n<li>THCV<\/li>\n<li>CBN<\/li>\n<li>CBL<\/li>\n<li>CBC<\/li>\n<li>CBCA<\/li>\n<\/ul>\n\t\t<\/div>\n\t\t\t\t\t<\/div>\n\n\t\n<\/div>\n\t\t<\/div>\n\t\t\t\t\t<\/div>\n\n\t\n\n\t<div id=\"col-1752982090\" class=\"col show-for-small medium-6 small-12 large-6\"  >\n\t\t\t\t<div class=\"col-inner text-left\"  >\n\t\t\t\n\t\t\t\n<h2>16 cannabinoidi<\/h2>\n<div class=\"row\"  id=\"row-2010210399\">\n\n\t<div id=\"col-2098261815\" class=\"col medium-4 small-12 large-4\"  >\n\t\t\t\t<div class=\"col-inner\"  >\n\t\t\t\n\t\t\t\n<ul>\n<li>CBDV<\/li>\n<li>CBDA<\/li>\n<li>CBGA<\/li>\n<li>THCA<\/li>\n<li>CBG<\/li>\n<li>CBD<\/li>\n<li>8-THC<\/li>\n<li>9-THC<\/li>\n<li>THCV<\/li>\n<li>CBN<\/li>\n<li>CBL<\/li>\n<li>CBC<\/li>\n<li>CBE*<\/li>\n<li>CBV*<\/li>\n<li>CBCA*<\/li>\n<li>CBT*<\/li>\n<\/ul>\n\t\t<\/div>\n\t\t\t\t\t<\/div>\n\n\t\n<\/div>\n\t\t<\/div>\n\t\t\t\t\t<\/div>\n\n\t\n\n\t<div id=\"col-1828980056\" class=\"col small-12 large-12\"  >\n\t\t\t\t<div class=\"col-inner\"  >\n\t\t\t\n\t\t\t\n<div class=\"text-center\"><div class=\"is-divider divider clearfix\" style=\"margin-top:0px;margin-bottom:0px;max-width:100%;height:2px;background-color:rgb(213, 213, 213);\"><\/div><\/div>\n\t\t<\/div>\n\t\t\t\t\t<\/div>\n\n\t\n<\/div>\n\t<div id=\"gap-1702915361\" class=\"gap-element clearfix\" style=\"display:block; height:auto;\">\n\t\t\n<style>\n#gap-1702915361 {\n  padding-top: 30px;\n}\n<\/style>\n\t<\/div>\n\t\n<div class=\"row row-large\"  id=\"row-914858835\">\n\n\t<div id=\"col-1589098507\" class=\"col medium-5 small-12 large-6\"  >\n\t\t\t\t<div class=\"col-inner\"  >\n\t\t\t\n\t\t\t\n<h2>Materiale necessario:<\/h2>\n<ul>\n<li>Materiale vegetale: 2 g<\/li>\n<li>Estratti\/isolati\/distillati: 0,5 g<\/li>\n<li>Prodotti della canapa: 1 g<\/li>\n<li>Acqua\/bevande: 30 ml<\/li>\n<li>Prodotti alimentari: 15 g<\/li>\n<\/ul>\n\t\t<\/div>\n\t\t\t\t\t<\/div>\n\n\t\n\n\t<div id=\"col-1420997225\" class=\"col medium-7 small-12 large-6\"  >\n\t\t\t\t<div class=\"col-inner text-left\"  >\n\t\t\t\n\t\t\t\n<h2>Tempi di consegna:<\/h2>\n<p><strong>Standard<\/strong>: 3-10 giorni lavorativi (di solito entro 5 giorni lavorativi)<br \/>\n<strong>Alta priorit\u00e0<\/strong>: 24h*<\/p>\n<p>*Se il campione \u00e8 ricevuto entro le 13:00 del giorno precedente<\/p>\n\t\t<\/div>\n\t\t\t\t\t<\/div>\n\n\t\n<\/div>\n\t\t<\/div>\n\n\t\t\n<style>\n#section_619601620 {\n  padding-top: 0px;\n  padding-bottom: 0px;\n}\n#section_619601620 .section-bg-overlay {\n  background-color: rgba(255, 255, 255, 0.85);\n}\n<\/style>\n\t<\/section>\n\t\n","protected":false},"excerpt":{"rendered":"","protected":false},"author":1182,"featured_media":0,"parent":0,"menu_order":0,"comment_status":"closed","ping_status":"closed","template":"page-blank.php","meta":{"footnotes":""},"yoast_head":"<!-- This site is optimized with the Yoast SEO plugin v23.5 - https:\/\/yoast.com\/wordpress\/plugins\/seo\/ -->\n<title>Profiling Dei Cannabinoidi - Pharma Lab<\/title>\n<meta name=\"robots\" content=\"index, follow, max-snippet:-1, max-image-preview:large, max-video-preview:-1\" \/>\n<link rel=\"canonical\" href=\"https:\/\/pharma-lab.eu\/it\/profiling-dei-cannabinoidi\/\" \/>\n<meta property=\"og:locale\" content=\"it_IT\" \/>\n<meta property=\"og:type\" content=\"article\" \/>\n<meta property=\"og:title\" content=\"Profiling Dei Cannabinoidi - Pharma Lab\" \/>\n<meta property=\"og:url\" content=\"https:\/\/pharma-lab.eu\/it\/profiling-dei-cannabinoidi\/\" \/>\n<meta property=\"og:site_name\" content=\"Pharma Lab\" \/>\n<meta property=\"article:publisher\" content=\"https:\/\/www.facebook.com\/pharmahempstore\" \/>\n<meta property=\"article:modified_time\" content=\"2024-10-15T10:25:23+00:00\" \/>\n<meta name=\"twitter:card\" content=\"summary_large_image\" \/>\n<meta name=\"twitter:label1\" content=\"Tempo di lettura stimato\" \/>\n\t<meta name=\"twitter:data1\" content=\"2 minuti\" \/>\n<script type=\"application\/ld+json\" class=\"yoast-schema-graph\">{\"@context\":\"https:\/\/schema.org\",\"@graph\":[{\"@type\":\"WebPage\",\"@id\":\"https:\/\/pharma-lab.eu\/it\/profiling-dei-cannabinoidi\/\",\"url\":\"https:\/\/pharma-lab.eu\/it\/profiling-dei-cannabinoidi\/\",\"name\":\"Profiling Dei Cannabinoidi - Pharma Lab\",\"isPartOf\":{\"@id\":\"https:\/\/pharma-lab.eu\/it\/#website\"},\"datePublished\":\"2020-12-22T06:43:25+00:00\",\"dateModified\":\"2024-10-15T10:25:23+00:00\",\"breadcrumb\":{\"@id\":\"https:\/\/pharma-lab.eu\/it\/profiling-dei-cannabinoidi\/#breadcrumb\"},\"inLanguage\":\"it-IT\",\"potentialAction\":[{\"@type\":\"ReadAction\",\"target\":[\"https:\/\/pharma-lab.eu\/it\/profiling-dei-cannabinoidi\/\"]}]},{\"@type\":\"BreadcrumbList\",\"@id\":\"https:\/\/pharma-lab.eu\/it\/profiling-dei-cannabinoidi\/#breadcrumb\",\"itemListElement\":[{\"@type\":\"ListItem\",\"position\":1,\"name\":\"Home\",\"item\":\"https:\/\/pharma-lab.eu\/it\/\"},{\"@type\":\"ListItem\",\"position\":2,\"name\":\"Profiling Dei Cannabinoidi\"}]},{\"@type\":\"WebSite\",\"@id\":\"https:\/\/pharma-lab.eu\/it\/#website\",\"url\":\"https:\/\/pharma-lab.eu\/it\/\",\"name\":\"Pharma Lab\",\"description\":\"Cannabis Testing Laboratory\",\"publisher\":{\"@id\":\"https:\/\/pharma-lab.eu\/it\/#organization\"},\"potentialAction\":[{\"@type\":\"SearchAction\",\"target\":{\"@type\":\"EntryPoint\",\"urlTemplate\":\"https:\/\/pharma-lab.eu\/it\/?s={search_term_string}\"},\"query-input\":{\"@type\":\"PropertyValueSpecification\",\"valueRequired\":true,\"valueName\":\"search_term_string\"}}],\"inLanguage\":\"it-IT\"},{\"@type\":\"Organization\",\"@id\":\"https:\/\/pharma-lab.eu\/it\/#organization\",\"name\":\"PharmaHemp d.o.o.\",\"url\":\"https:\/\/pharma-lab.eu\/it\/\",\"logo\":{\"@type\":\"ImageObject\",\"inLanguage\":\"it-IT\",\"@id\":\"https:\/\/pharma-lab.eu\/it\/#\/schema\/logo\/image\/\",\"url\":\"https:\/\/pharma-lab.eu\/wp-content\/uploads\/2020\/12\/logo_lab.png\",\"contentUrl\":\"https:\/\/pharma-lab.eu\/wp-content\/uploads\/2020\/12\/logo_lab.png\",\"width\":260,\"height\":83,\"caption\":\"PharmaHemp d.o.o.\"},\"image\":{\"@id\":\"https:\/\/pharma-lab.eu\/it\/#\/schema\/logo\/image\/\"},\"sameAs\":[\"https:\/\/www.facebook.com\/pharmahempstore\",\"https:\/\/www.instagram.com\/pharmahemp_store\/\"]}]}<\/script>\n<!-- \/ Yoast SEO plugin. -->","yoast_head_json":{"title":"Profiling Dei Cannabinoidi - Pharma Lab","robots":{"index":"index","follow":"follow","max-snippet":"max-snippet:-1","max-image-preview":"max-image-preview:large","max-video-preview":"max-video-preview:-1"},"canonical":"https:\/\/pharma-lab.eu\/it\/profiling-dei-cannabinoidi\/","og_locale":"it_IT","og_type":"article","og_title":"Profiling Dei Cannabinoidi - Pharma Lab","og_url":"https:\/\/pharma-lab.eu\/it\/profiling-dei-cannabinoidi\/","og_site_name":"Pharma Lab","article_publisher":"https:\/\/www.facebook.com\/pharmahempstore","article_modified_time":"2024-10-15T10:25:23+00:00","twitter_card":"summary_large_image","twitter_misc":{"Tempo di lettura stimato":"2 minuti"},"schema":{"@context":"https:\/\/schema.org","@graph":[{"@type":"WebPage","@id":"https:\/\/pharma-lab.eu\/it\/profiling-dei-cannabinoidi\/","url":"https:\/\/pharma-lab.eu\/it\/profiling-dei-cannabinoidi\/","name":"Profiling Dei Cannabinoidi - Pharma Lab","isPartOf":{"@id":"https:\/\/pharma-lab.eu\/it\/#website"},"datePublished":"2020-12-22T06:43:25+00:00","dateModified":"2024-10-15T10:25:23+00:00","breadcrumb":{"@id":"https:\/\/pharma-lab.eu\/it\/profiling-dei-cannabinoidi\/#breadcrumb"},"inLanguage":"it-IT","potentialAction":[{"@type":"ReadAction","target":["https:\/\/pharma-lab.eu\/it\/profiling-dei-cannabinoidi\/"]}]},{"@type":"BreadcrumbList","@id":"https:\/\/pharma-lab.eu\/it\/profiling-dei-cannabinoidi\/#breadcrumb","itemListElement":[{"@type":"ListItem","position":1,"name":"Home","item":"https:\/\/pharma-lab.eu\/it\/"},{"@type":"ListItem","position":2,"name":"Profiling Dei Cannabinoidi"}]},{"@type":"WebSite","@id":"https:\/\/pharma-lab.eu\/it\/#website","url":"https:\/\/pharma-lab.eu\/it\/","name":"Pharma Lab","description":"Cannabis Testing Laboratory","publisher":{"@id":"https:\/\/pharma-lab.eu\/it\/#organization"},"potentialAction":[{"@type":"SearchAction","target":{"@type":"EntryPoint","urlTemplate":"https:\/\/pharma-lab.eu\/it\/?s={search_term_string}"},"query-input":{"@type":"PropertyValueSpecification","valueRequired":true,"valueName":"search_term_string"}}],"inLanguage":"it-IT"},{"@type":"Organization","@id":"https:\/\/pharma-lab.eu\/it\/#organization","name":"PharmaHemp d.o.o.","url":"https:\/\/pharma-lab.eu\/it\/","logo":{"@type":"ImageObject","inLanguage":"it-IT","@id":"https:\/\/pharma-lab.eu\/it\/#\/schema\/logo\/image\/","url":"https:\/\/pharma-lab.eu\/wp-content\/uploads\/2020\/12\/logo_lab.png","contentUrl":"https:\/\/pharma-lab.eu\/wp-content\/uploads\/2020\/12\/logo_lab.png","width":260,"height":83,"caption":"PharmaHemp d.o.o."},"image":{"@id":"https:\/\/pharma-lab.eu\/it\/#\/schema\/logo\/image\/"},"sameAs":["https:\/\/www.facebook.com\/pharmahempstore","https:\/\/www.instagram.com\/pharmahemp_store\/"]}]}},"_links":{"self":[{"href":"https:\/\/pharma-lab.eu\/it\/wp-json\/wp\/v2\/pages\/179742"}],"collection":[{"href":"https:\/\/pharma-lab.eu\/it\/wp-json\/wp\/v2\/pages"}],"about":[{"href":"https:\/\/pharma-lab.eu\/it\/wp-json\/wp\/v2\/types\/page"}],"author":[{"embeddable":true,"href":"https:\/\/pharma-lab.eu\/it\/wp-json\/wp\/v2\/users\/1182"}],"replies":[{"embeddable":true,"href":"https:\/\/pharma-lab.eu\/it\/wp-json\/wp\/v2\/comments?post=179742"}],"version-history":[{"count":6,"href":"https:\/\/pharma-lab.eu\/it\/wp-json\/wp\/v2\/pages\/179742\/revisions"}],"predecessor-version":[{"id":185404,"href":"https:\/\/pharma-lab.eu\/it\/wp-json\/wp\/v2\/pages\/179742\/revisions\/185404"}],"wp:attachment":[{"href":"https:\/\/pharma-lab.eu\/it\/wp-json\/wp\/v2\/media?parent=179742"}],"curies":[{"name":"wp","href":"https:\/\/api.w.org\/{rel}","templated":true}]}}