{"id":179837,"date":"2020-07-09T07:23:07","date_gmt":"2020-07-09T06:23:07","guid":{"rendered":"https:\/\/pharma-lab.eu\/frequently-asked-questions\/"},"modified":"2024-10-15T11:33:08","modified_gmt":"2024-10-15T10:33:08","slug":"faq","status":"publish","type":"page","link":"https:\/\/pharma-lab.eu\/fr\/faq\/","title":{"rendered":"FAQ"},"content":{"rendered":"\n\t<section class=\"section\" id=\"section_1236378102\">\n\t\t<div class=\"section-bg fill\" >\n\t\t\t\t\t\t\t\t\t\n\t\t\t\n\n\t\t<\/div>\n\n\t\t\n\n\t\t<div class=\"section-content relative\">\n\t\t\t\n<div class=\"row\"  id=\"row-526496131\">\n\n\t<div id=\"col-1617441837\" class=\"col small-12 large-12\"  >\n\t\t\t\t<div class=\"col-inner text-center\"  >\n\t\t\t\n\t\t\t\n\t<div id=\"text-2776761867\" class=\"text\">\n\t\t\n<h1 class=\"mobile-center\" style=\"font-size: 30px; font-weight: bold; font-stretch: normal; font-style: normal; line-height: 2; letter-spacing: normal; color: #000000; text-transform: uppercase;\">FAQ<\/h1>\n\t\t\n<style>\n#text-2776761867 {\n  text-align: left;\n}\n<\/style>\n\t<\/div>\n\t\n<div class=\"accordion\">\n\t<div id=\"accordion-1017277928\" class=\"accordion-item ac-panel\">\n\t\t<a id=\"accordion-1017277928-label\" class=\"accordion-title plain\" href=\"#accordion-item-quels-genres-de-tests-analytiques-le-laboratoire-acs-offre-t-il-?\" aria-expanded=\"false\" aria-controls=\"accordion-1017277928-content\" >\n\t\t\t<button class=\"toggle\" aria-label=\"Basculer\"><i class=\"icon-angle-down\"><\/i><\/button>\n\t\t\t<span>Quels genres de tests analytiques le laboratoire ACS offre-t-il ?<\/span>\n\t\t<\/a>\n\t\t<div id=\"accordion-1017277928-content\" class=\"accordion-inner\" aria-labelledby=\"accordion-1017277928-label\" >\n\t\t\t\n<p class=\"Body\" style=\"margin-left: 0cm; text-align: left;\"><span lang=\"EN-US\">PharmaHemp Laboratories offre le profilage de 16 cannabino\u00efdes dans une grande vari\u00e9t\u00e9 d&rsquo;\u00e9chantillons.<\/span><\/p>\n\t\t<\/div>\n\t<\/div>\n\t\n\t<div id=\"accordion-1850516182\" class=\"accordion-item ac-panel\">\n\t\t<a id=\"accordion-1850516182-label\" class=\"accordion-title plain\" href=\"#accordion-item-quels-cannabino\u00efdes-testez-vous-?\" aria-expanded=\"false\" aria-controls=\"accordion-1850516182-content\" >\n\t\t\t<button class=\"toggle\" aria-label=\"Basculer\"><i class=\"icon-angle-down\"><\/i><\/button>\n\t\t\t<span>Quels cannabino\u00efdes testez-vous ?<\/span>\n\t\t<\/a>\n\t\t<div id=\"accordion-1850516182-content\" class=\"accordion-inner\" aria-labelledby=\"accordion-1850516182-label\" >\n\t\t\t\n<ul>\n<li style=\"text-align: left;\"><strong>CBDV &#8211; <\/strong>Cannabidivarine<\/li>\n<li style=\"text-align: left;\"><strong>CBDA &#8211; <\/strong>Acide cannabidiolique<\/li>\n<li style=\"text-align: left;\"><strong>CBGA &#8211; <\/strong> Acide cannabig\u00e9rolique<\/li>\n<li style=\"text-align: left;\"><strong>CBG &#8211; <\/strong>Cannabig\u00e9rol<\/li>\n<li style=\"text-align: left;\"><strong>CBD &#8211; <\/strong>Cannabidiol<\/li>\n<li style=\"text-align: left;\"><strong>THCV &#8211; <\/strong>T\u00e9trahydrocannabivarine<\/li>\n<li style=\"text-align: left;\"><strong>CBN &#8211; <\/strong>Cannabinol<\/li>\n<li style=\"text-align: left;\"><strong>CBC &#8211; <\/strong>Cannabichrom\u00e8ne<\/li>\n<li style=\"text-align: left;\"><strong>9-THC &#8211; <\/strong>\u0394-9-T\u00e9trahydrocannabinol<\/li>\n<li style=\"text-align: left;\"><strong>THCA &#8211; <\/strong>\u0394-9-Acide t\u00e9trahydocannabinolique<\/li>\n<li style=\"text-align: left;\"><strong>8-THC &#8211; <\/strong>\u0394-8-T\u00e9trahydrocannabinol<\/li>\n<li style=\"text-align: left;\"><strong>CBL &#8211; <\/strong>Cannabicyclol<\/li>\n<li style=\"text-align: left;\"><strong>CBE &#8211;<\/strong> Cannabielso\u00efne<\/li>\n<li style=\"text-align: left;\"><strong>CBV &#8211;<\/strong> Cannabivarine<\/li>\n<li style=\"text-align: left;\"><strong>CBCA &#8211;<\/strong> Acide cannabichrom\u00e9nique<\/li>\n<li style=\"text-align: left;\"><strong>CBT &#8211;<\/strong> Cannabicitran\n<\/li>\n<\/ul>\n\t\t<\/div>\n\t<\/div>\n\t\n\t<div id=\"accordion-3793169359\" class=\"accordion-item ac-panel\">\n\t\t<a id=\"accordion-3793169359-label\" class=\"accordion-title plain\" href=\"#accordion-item-quel-type-d&#039;\u00e9chantillons-pouvez-vous-tester-?\" aria-expanded=\"false\" aria-controls=\"accordion-3793169359-content\" >\n\t\t\t<button class=\"toggle\" aria-label=\"Basculer\"><i class=\"icon-angle-down\"><\/i><\/button>\n\t\t\t<span>Quel type d'\u00e9chantillons pouvez-vous tester ?<\/span>\n\t\t<\/a>\n\t\t<div id=\"accordion-3793169359-content\" class=\"accordion-inner\" aria-labelledby=\"accordion-3793169359-label\" >\n\t\t\t\n<p class=\"Body\" style=\"margin-left: 0cm; text-align: left;\"><span lang=\"EN-US\">Nous sommes capables de tester TOUT type d&rsquo;\u00e9chantillons : fleurs, feuilles, graines, r\u00e9sine, huiles, extraits, isolats, teintures, formulations hydrosolubles, boissons alcoolis\u00e9es et non alcoolis\u00e9es infus\u00e9es d&rsquo;extraits de CBD ou de cannabis, cr\u00e8mes, lotions, baumes, produits comestibles tels que : brownies, bonbons g\u00e9lifi\u00e9s, miel, etc.<\/span><\/p>\n\t\t<\/div>\n\t<\/div>\n\t\n\t<div id=\"accordion-3888527802\" class=\"accordion-item ac-panel\">\n\t\t<a id=\"accordion-3888527802-label\" class=\"accordion-title plain\" href=\"#accordion-item-quelle-est-la-quantit\u00e9-d&#039;\u00e9chantillon-n\u00e9cessaire-pour-effectuer-les-analyses-?\" aria-expanded=\"false\" aria-controls=\"accordion-3888527802-content\" >\n\t\t\t<button class=\"toggle\" aria-label=\"Basculer\"><i class=\"icon-angle-down\"><\/i><\/button>\n\t\t\t<span>Quelle est la quantit\u00e9 d'\u00e9chantillon n\u00e9cessaire pour effectuer les analyses ?<\/span>\n\t\t<\/a>\n\t\t<div id=\"accordion-3888527802-content\" class=\"accordion-inner\" aria-labelledby=\"accordion-3888527802-label\" >\n\t\t\t\n<ul>\n<li class=\"Body\" style=\"text-align: left;\"><span lang=\"EN-US\">Plant material: 2 grams<\/span><\/li>\n<li class=\"Body\" style=\"text-align: left;\"><span lang=\"EN-US\">Concentrates: 0.5 gram<\/span><\/li>\n<li class=\"Body\" style=\"text-align: left;\"><span lang=\"EN-US\">Infused Products: 1 package<\/span><\/li>\n<li class=\"Body\" style=\"text-align: left;\"><span lang=\"EN-US\">Waters\/Drinks: 30 mL <\/span><\/li>\n<li class=\"Body\" style=\"text-align: left;\"><span lang=\"EN-US\">Edibles: 15 g<\/span><\/li>\n<\/ul>\n\t\t<\/div>\n\t<\/div>\n\t\n\t<div id=\"accordion-524935090\" class=\"accordion-item ac-panel\">\n\t\t<a id=\"accordion-524935090-label\" class=\"accordion-title plain\" href=\"#accordion-item-comment-commencer-\u00e0-tester-mes-produits-chez-pharmahemp-laboratories-?\" aria-expanded=\"false\" aria-controls=\"accordion-524935090-content\" >\n\t\t\t<button class=\"toggle\" aria-label=\"Basculer\"><i class=\"icon-angle-down\"><\/i><\/button>\n\t\t\t<span>Comment commencer \u00e0 tester mes produits chez PharmaHemp Laboratories ?<\/span>\n\t\t<\/a>\n\t\t<div id=\"accordion-524935090-content\" class=\"accordion-inner\" aria-labelledby=\"accordion-524935090-label\" >\n\t\t\t\n<p style=\"text-align: left;\">Si vous \u00eates int\u00e9ress\u00e9(e) par l&rsquo;analyse de vos \u00e9chantillons, nous vous invitons \u00e0 bien vouloir utiliser notre nouvelle plateforme d&rsquo;analyse d&rsquo;\u00e9chantillons :<\/p>\n<p style=\"text-align: left;\"><a class=\"mali\" href=\"https:\/\/order.pharma-lab.eu\/\">https:\/\/order.pharma-lab.eu\/<\/a> o\u00f9 vous pouvez vous inscrire et passer une commande. Apr\u00e8s avoir pass\u00e9 la commande, indiquez le num\u00e9ro de commande sur votre colis contenant les \u00e9chantillons et envoyez-le \u00e0 notre laboratoire.<\/p>\n\t\t<\/div>\n\t<\/div>\n\t\n\t<div id=\"accordion-907760915\" class=\"accordion-item ac-panel\">\n\t\t<a id=\"accordion-907760915-label\" class=\"accordion-title plain\" href=\"#accordion-item-comment-envoyer-mes-\u00e9chantillons-?\" aria-expanded=\"false\" aria-controls=\"accordion-907760915-content\" >\n\t\t\t<button class=\"toggle\" aria-label=\"Basculer\"><i class=\"icon-angle-down\"><\/i><\/button>\n\t\t\t<span>Comment envoyer mes \u00e9chantillons ?<\/span>\n\t\t<\/a>\n\t\t<div id=\"accordion-907760915-content\" class=\"accordion-inner\" aria-labelledby=\"accordion-907760915-label\" >\n\t\t\t\n<p class=\"Body\" style=\"margin-left: 0cm; text-align: left;\"><span lang=\"EN-US\">Assurer l&rsquo;int\u00e9grit\u00e9 des \u00e9chantillons pendant l&rsquo;exp\u00e9dition est tr\u00e8s important. Veuillez disposer vos \u00e9chantillons dans des r\u00e9cipients renforc\u00e9s, refermables et \u00e9tiquet\u00e9s, compatibles avec la matrice de vos produits. Afin d&rsquo;\u00e9viter le bris ou des fuites pendant le transport, veuillez renforcer correctement vos r\u00e9cipients principaux avec du papier bulle ou similaire. <\/span><\/p>\n\t\t<\/div>\n\t<\/div>\n\t\n\t<div id=\"accordion-3336173977\" class=\"accordion-item ac-panel\">\n\t\t<a id=\"accordion-3336173977-label\" class=\"accordion-title plain\" href=\"#accordion-item-quelle-est-l&#039;adresse-de-livraison-?\" aria-expanded=\"false\" aria-controls=\"accordion-3336173977-content\" >\n\t\t\t<button class=\"toggle\" aria-label=\"Basculer\"><i class=\"icon-angle-down\"><\/i><\/button>\n\t\t\t<span>Quelle est l'adresse de livraison ?<\/span>\n\t\t<\/a>\n\t\t<div id=\"accordion-3336173977-content\" class=\"accordion-inner\" aria-labelledby=\"accordion-3336173977-label\" >\n\t\t\t\n<p class=\"Body\" style=\"margin-left: 0cm; text-align: left;\"><span lang=\"EN-US\">Voici notre adresse : Pharmahemp d.o.o., Cesta v Gorice 8, 1000 Ljubljana, Slov\u00e9nie.<\/span><\/p>\n\t\t<\/div>\n\t<\/div>\n\t\n\t<div id=\"accordion-45085014\" class=\"accordion-item ac-panel\">\n\t\t<a id=\"accordion-45085014-label\" class=\"accordion-title plain\" href=\"#accordion-item-quel-est-le-prix-d&#039;une-analyse-?-offrez-vous-une-remise-en-fonction-de-la-quantit\u00e9-?\" aria-expanded=\"false\" aria-controls=\"accordion-45085014-content\" >\n\t\t\t<button class=\"toggle\" aria-label=\"Basculer\"><i class=\"icon-angle-down\"><\/i><\/button>\n\t\t\t<span>Quel est le prix d'une analyse ? Offrez-vous une remise en fonction de la quantit\u00e9 ?<\/span>\n\t\t<\/a>\n\t\t<div id=\"accordion-45085014-content\" class=\"accordion-inner\" aria-labelledby=\"accordion-45085014-label\" >\n\t\t\t\n<p style=\"text-align: left;\">Le prix d&rsquo;analyse d&rsquo;un \u00e9chantillon est de 35 \u20ac + TVA. Nous offrons une remise en fonction de la quantit\u00e9, veuillez contacter notre \u00e9quipe pour en savoir plus.<\/p>\n\t\t<\/div>\n\t<\/div>\n\t\n\t<div id=\"accordion-940282625\" class=\"accordion-item ac-panel\">\n\t\t<a id=\"accordion-940282625-label\" class=\"accordion-title plain\" href=\"#accordion-item-quel-est-votre-d\u00e9lai-de-r\u00e9ponse-?\" aria-expanded=\"false\" aria-controls=\"accordion-940282625-content\" >\n\t\t\t<button class=\"toggle\" aria-label=\"Basculer\"><i class=\"icon-angle-down\"><\/i><\/button>\n\t\t\t<span>Quel est votre d\u00e9lai de r\u00e9ponse ?<\/span>\n\t\t<\/a>\n\t\t<div id=\"accordion-940282625-content\" class=\"accordion-inner\" aria-labelledby=\"accordion-940282625-label\" >\n\t\t\t\n<p class=\"Body\" style=\"margin-left: 0cm; text-align: left;\"><span lang=\"EN-US\">D\u00e9lai de r\u00e9ponse standard : De 3 \u00e0 10 jours ouvrables \u00e0 compter de la r\u00e9ception de l&rsquo;\u00e9chantillon (habituellement de 2 \u00e0 5 jours ouvrables).<\/span><span lang=\"EN-US\"><br \/>\nD\u00e9lai de r\u00e9ponse acc\u00e9l\u00e9r\u00e9 : 24 h si l&rsquo;\u00e9chantillon arrive avant 13 h.<\/span><\/p>\n<p class=\"Body\" style=\"margin-left: 0cm; text-align: left;\"><span lang=\"EN-US\">Vous recevrez vos r\u00e9sultats par <a class=\"mali\" href=\"mailto:info@pharma-lab.eu\">e-mail.<\/a><\/span><\/p>\n\t\t<\/div>\n\t<\/div>\n\t\n\t<div id=\"accordion-3542052736\" class=\"accordion-item\">\n\t\t<a id=\"accordion-3542052736-label\" class=\"accordion-title plain\" href=\"#accordion-item-que-signifie-m.u.-?\" aria-expanded=\"false\" aria-controls=\"accordion-3542052736-content\" >\n\t\t\t<button class=\"toggle\" aria-label=\"Basculer\"><i class=\"icon-angle-down\"><\/i><\/button>\n\t\t\t<span>Que signifie M.U. ?<\/span>\n\t\t<\/a>\n\t\t<div id=\"accordion-3542052736-content\" class=\"accordion-inner\" aria-labelledby=\"accordion-3542052736-label\" >\n\t\t\t\n\t<div id=\"text-2308957868\" class=\"text\">\n\t\t\n<p style=\"text-align: left;\">M.U. est l&rsquo;abr\u00e9viation de l&rsquo;incertitude de mesure. Ce param\u00e8tre d\u00e9crit la dispersion statistique des valeurs attribu\u00e9es \u00e0 une quantit\u00e9 mesur\u00e9e.<\/p>\n\t\t\n<style>\n#text-2308957868 {\n  text-align: left;\n}\n<\/style>\n\t<\/div>\n\t\n\t\t<\/div>\n\t<\/div>\n\t\n\t<div id=\"accordion-3194749819\" class=\"accordion-item ac-panel\">\n\t\t<a id=\"accordion-3194749819-label\" class=\"accordion-title plain\" href=\"#accordion-item-quelle-m\u00e9thode-utilisez-vous-pour-le-profilage-des-cannabino\u00efdes-?\" aria-expanded=\"false\" aria-controls=\"accordion-3194749819-content\" >\n\t\t\t<button class=\"toggle\" aria-label=\"Basculer\"><i class=\"icon-angle-down\"><\/i><\/button>\n\t\t\t<span>Quelle m\u00e9thode utilisez-vous pour le profilage des cannabino\u00efdes ?<\/span>\n\t\t<\/a>\n\t\t<div id=\"accordion-3194749819-content\" class=\"accordion-inner\" aria-labelledby=\"accordion-3194749819-label\" >\n\t\t\t\n<p class=\"Body\" style=\"margin-left: 0cm; text-align: left;\"><span lang=\"EN-US\">Nos m\u00e9thodes utilisent la chromatographie liquide \u00e0 haute performance coupl\u00e9e \u00e0 un syst\u00e8me UV-DAD. Pour le moment, nous utilisons deux m\u00e9thodes diff\u00e9rentes, une avec une d\u00e9tection \u00e0 une longueur d&rsquo;onde de 237 nm et une autre avec une d\u00e9tection \u00e0 276 nm. <\/span><\/p>\n\t\t<\/div>\n\t<\/div>\n\t\n<\/div>\n\t\t<\/div>\n\t\t\t\t\t<\/div>\n\n\t\n<\/div>\n\t\t<\/div>\n\n\t\t\n<style>\n#section_1236378102 {\n  padding-top: 60px;\n  padding-bottom: 60px;\n  min-height: 82vh;\n}\n<\/style>\n\t<\/section>\n\t\n","protected":false},"excerpt":{"rendered":"","protected":false},"author":1182,"featured_media":0,"parent":0,"menu_order":0,"comment_status":"closed","ping_status":"closed","template":"page-blank.php","meta":{"footnotes":""},"yoast_head":"<!-- This site is optimized with the Yoast SEO plugin v23.5 - https:\/\/yoast.com\/wordpress\/plugins\/seo\/ -->\n<title>FAQ - Pharma Lab<\/title>\n<meta name=\"description\" content=\"PharmaHemp answers and questions about CBD products and the buying process in the online store.\" \/>\n<meta name=\"robots\" content=\"index, follow, max-snippet:-1, max-image-preview:large, max-video-preview:-1\" \/>\n<link rel=\"canonical\" href=\"https:\/\/pharma-lab.eu\/fr\/faq\/\" \/>\n<meta property=\"og:locale\" content=\"fr_FR\" \/>\n<meta property=\"og:type\" content=\"article\" \/>\n<meta property=\"og:title\" content=\"FAQ - Pharma Lab\" \/>\n<meta property=\"og:description\" content=\"PharmaHemp answers and questions about CBD products and the buying process in the online store.\" \/>\n<meta property=\"og:url\" content=\"https:\/\/pharma-lab.eu\/fr\/faq\/\" \/>\n<meta property=\"og:site_name\" content=\"Pharma Lab\" \/>\n<meta property=\"article:publisher\" content=\"https:\/\/www.facebook.com\/pharmahempstore\" \/>\n<meta property=\"article:modified_time\" content=\"2024-10-15T10:33:08+00:00\" \/>\n<meta name=\"twitter:card\" content=\"summary_large_image\" \/>\n<meta name=\"twitter:label1\" content=\"Dur\u00e9e de lecture estim\u00e9e\" \/>\n\t<meta name=\"twitter:data1\" content=\"3 minutes\" \/>\n<script type=\"application\/ld+json\" class=\"yoast-schema-graph\">{\"@context\":\"https:\/\/schema.org\",\"@graph\":[{\"@type\":\"WebPage\",\"@id\":\"https:\/\/pharma-lab.eu\/fr\/faq\/\",\"url\":\"https:\/\/pharma-lab.eu\/fr\/faq\/\",\"name\":\"FAQ - Pharma Lab\",\"isPartOf\":{\"@id\":\"https:\/\/pharma-lab.eu\/fr\/#website\"},\"datePublished\":\"2020-07-09T06:23:07+00:00\",\"dateModified\":\"2024-10-15T10:33:08+00:00\",\"description\":\"PharmaHemp answers and questions about CBD products and the buying process in the online store.\",\"breadcrumb\":{\"@id\":\"https:\/\/pharma-lab.eu\/fr\/faq\/#breadcrumb\"},\"inLanguage\":\"fr-FR\",\"potentialAction\":[{\"@type\":\"ReadAction\",\"target\":[\"https:\/\/pharma-lab.eu\/fr\/faq\/\"]}]},{\"@type\":\"BreadcrumbList\",\"@id\":\"https:\/\/pharma-lab.eu\/fr\/faq\/#breadcrumb\",\"itemListElement\":[{\"@type\":\"ListItem\",\"position\":1,\"name\":\"Home\",\"item\":\"https:\/\/pharma-lab.eu\/fr\/\"},{\"@type\":\"ListItem\",\"position\":2,\"name\":\"FAQ\"}]},{\"@type\":\"WebSite\",\"@id\":\"https:\/\/pharma-lab.eu\/fr\/#website\",\"url\":\"https:\/\/pharma-lab.eu\/fr\/\",\"name\":\"Pharma Lab\",\"description\":\"Cannabis Testing Laboratory\",\"publisher\":{\"@id\":\"https:\/\/pharma-lab.eu\/fr\/#organization\"},\"potentialAction\":[{\"@type\":\"SearchAction\",\"target\":{\"@type\":\"EntryPoint\",\"urlTemplate\":\"https:\/\/pharma-lab.eu\/fr\/?s={search_term_string}\"},\"query-input\":{\"@type\":\"PropertyValueSpecification\",\"valueRequired\":true,\"valueName\":\"search_term_string\"}}],\"inLanguage\":\"fr-FR\"},{\"@type\":\"Organization\",\"@id\":\"https:\/\/pharma-lab.eu\/fr\/#organization\",\"name\":\"PharmaHemp d.o.o.\",\"url\":\"https:\/\/pharma-lab.eu\/fr\/\",\"logo\":{\"@type\":\"ImageObject\",\"inLanguage\":\"fr-FR\",\"@id\":\"https:\/\/pharma-lab.eu\/fr\/#\/schema\/logo\/image\/\",\"url\":\"https:\/\/pharma-lab.eu\/wp-content\/uploads\/2020\/12\/logo_lab.png\",\"contentUrl\":\"https:\/\/pharma-lab.eu\/wp-content\/uploads\/2020\/12\/logo_lab.png\",\"width\":260,\"height\":83,\"caption\":\"PharmaHemp d.o.o.\"},\"image\":{\"@id\":\"https:\/\/pharma-lab.eu\/fr\/#\/schema\/logo\/image\/\"},\"sameAs\":[\"https:\/\/www.facebook.com\/pharmahempstore\",\"https:\/\/www.instagram.com\/pharmahemp_store\/\"]}]}<\/script>\n<!-- \/ Yoast SEO plugin. -->","yoast_head_json":{"title":"FAQ - Pharma Lab","description":"PharmaHemp answers and questions about CBD products and the buying process in the online store.","robots":{"index":"index","follow":"follow","max-snippet":"max-snippet:-1","max-image-preview":"max-image-preview:large","max-video-preview":"max-video-preview:-1"},"canonical":"https:\/\/pharma-lab.eu\/fr\/faq\/","og_locale":"fr_FR","og_type":"article","og_title":"FAQ - Pharma Lab","og_description":"PharmaHemp answers and questions about CBD products and the buying process in the online store.","og_url":"https:\/\/pharma-lab.eu\/fr\/faq\/","og_site_name":"Pharma Lab","article_publisher":"https:\/\/www.facebook.com\/pharmahempstore","article_modified_time":"2024-10-15T10:33:08+00:00","twitter_card":"summary_large_image","twitter_misc":{"Dur\u00e9e de lecture estim\u00e9e":"3 minutes"},"schema":{"@context":"https:\/\/schema.org","@graph":[{"@type":"WebPage","@id":"https:\/\/pharma-lab.eu\/fr\/faq\/","url":"https:\/\/pharma-lab.eu\/fr\/faq\/","name":"FAQ - Pharma Lab","isPartOf":{"@id":"https:\/\/pharma-lab.eu\/fr\/#website"},"datePublished":"2020-07-09T06:23:07+00:00","dateModified":"2024-10-15T10:33:08+00:00","description":"PharmaHemp answers and questions about CBD products and the buying process in the online store.","breadcrumb":{"@id":"https:\/\/pharma-lab.eu\/fr\/faq\/#breadcrumb"},"inLanguage":"fr-FR","potentialAction":[{"@type":"ReadAction","target":["https:\/\/pharma-lab.eu\/fr\/faq\/"]}]},{"@type":"BreadcrumbList","@id":"https:\/\/pharma-lab.eu\/fr\/faq\/#breadcrumb","itemListElement":[{"@type":"ListItem","position":1,"name":"Home","item":"https:\/\/pharma-lab.eu\/fr\/"},{"@type":"ListItem","position":2,"name":"FAQ"}]},{"@type":"WebSite","@id":"https:\/\/pharma-lab.eu\/fr\/#website","url":"https:\/\/pharma-lab.eu\/fr\/","name":"Pharma Lab","description":"Cannabis Testing Laboratory","publisher":{"@id":"https:\/\/pharma-lab.eu\/fr\/#organization"},"potentialAction":[{"@type":"SearchAction","target":{"@type":"EntryPoint","urlTemplate":"https:\/\/pharma-lab.eu\/fr\/?s={search_term_string}"},"query-input":{"@type":"PropertyValueSpecification","valueRequired":true,"valueName":"search_term_string"}}],"inLanguage":"fr-FR"},{"@type":"Organization","@id":"https:\/\/pharma-lab.eu\/fr\/#organization","name":"PharmaHemp d.o.o.","url":"https:\/\/pharma-lab.eu\/fr\/","logo":{"@type":"ImageObject","inLanguage":"fr-FR","@id":"https:\/\/pharma-lab.eu\/fr\/#\/schema\/logo\/image\/","url":"https:\/\/pharma-lab.eu\/wp-content\/uploads\/2020\/12\/logo_lab.png","contentUrl":"https:\/\/pharma-lab.eu\/wp-content\/uploads\/2020\/12\/logo_lab.png","width":260,"height":83,"caption":"PharmaHemp d.o.o."},"image":{"@id":"https:\/\/pharma-lab.eu\/fr\/#\/schema\/logo\/image\/"},"sameAs":["https:\/\/www.facebook.com\/pharmahempstore","https:\/\/www.instagram.com\/pharmahemp_store\/"]}]}},"_links":{"self":[{"href":"https:\/\/pharma-lab.eu\/fr\/wp-json\/wp\/v2\/pages\/179837"}],"collection":[{"href":"https:\/\/pharma-lab.eu\/fr\/wp-json\/wp\/v2\/pages"}],"about":[{"href":"https:\/\/pharma-lab.eu\/fr\/wp-json\/wp\/v2\/types\/page"}],"author":[{"embeddable":true,"href":"https:\/\/pharma-lab.eu\/fr\/wp-json\/wp\/v2\/users\/1182"}],"replies":[{"embeddable":true,"href":"https:\/\/pharma-lab.eu\/fr\/wp-json\/wp\/v2\/comments?post=179837"}],"version-history":[{"count":8,"href":"https:\/\/pharma-lab.eu\/fr\/wp-json\/wp\/v2\/pages\/179837\/revisions"}],"predecessor-version":[{"id":185413,"href":"https:\/\/pharma-lab.eu\/fr\/wp-json\/wp\/v2\/pages\/179837\/revisions\/185413"}],"wp:attachment":[{"href":"https:\/\/pharma-lab.eu\/fr\/wp-json\/wp\/v2\/media?parent=179837"}],"curies":[{"name":"wp","href":"https:\/\/api.w.org\/{rel}","templated":true}]}}