{"id":179806,"date":"2020-12-08T08:07:09","date_gmt":"2020-12-08T07:07:09","guid":{"rendered":"https:\/\/pharma-lab.eu\/accreditation\/"},"modified":"2024-10-15T11:45:38","modified_gmt":"2024-10-15T10:45:38","slug":"l-assurance-qualite","status":"publish","type":"page","link":"https:\/\/pharma-lab.eu\/fr\/l-assurance-qualite\/","title":{"rendered":"L&rsquo;assurance qualit\u00e9"},"content":{"rendered":"\n\t<section class=\"section\" id=\"section_2087192566\">\n\t\t<div class=\"section-bg fill\" >\n\t\t\t\t\t\t\t\t\t\n\t\t\t\n\n\t\t<\/div>\n\n\t\t\n\n\t\t<div class=\"section-content relative\">\n\t\t\t\n\t<div id=\"gap-1002793447\" class=\"gap-element clearfix\" style=\"display:block; height:auto;\">\n\t\t\n<style>\n#gap-1002793447 {\n  padding-top: 30px;\n}\n<\/style>\n\t<\/div>\n\t\n<div class=\"row align-center\"  id=\"row-883134535\">\n\n\t<div id=\"col-1686102933\" class=\"col medium-12 small-12 large-5\"  >\n\t\t\t\t<div class=\"col-inner text-left\"  >\n\t\t\t\n\t\t\t\n\t<div id=\"gap-1602911594\" class=\"gap-element clearfix\" style=\"display:block; height:auto;\">\n\t\t\n<style>\n#gap-1602911594 {\n  padding-top: 30px;\n}\n<\/style>\n\t<\/div>\n\t\n\t<div id=\"gap-242277891\" class=\"gap-element clearfix\" style=\"display:block; height:auto;\">\n\t\t\n<style>\n#gap-242277891 {\n  padding-top: 30px;\n}\n<\/style>\n\t<\/div>\n\t\n\t<div id=\"gap-379760324\" class=\"gap-element clearfix\" style=\"display:block; height:auto;\">\n\t\t\n<style>\n#gap-379760324 {\n  padding-top: 30px;\n}\n<\/style>\n\t<\/div>\n\t\n\t<div id=\"gap-1032124464\" class=\"gap-element clearfix\" style=\"display:block; height:auto;\">\n\t\t\n<style>\n#gap-1032124464 {\n  padding-top: 30px;\n}\n<\/style>\n\t<\/div>\n\t\n\t\t<\/div>\n\t\t\t\t\t<\/div>\n\n\t\n\n\t<div id=\"col-406288110\" class=\"col hide-for-medium medium-1 small-12 large-1\"  >\n\t\t\t\t<div class=\"col-inner\"  >\n\t\t\t\n\t\t\t\n\t\t<\/div>\n\t\t\t\t\t<\/div>\n\n\t\n\n\t<div id=\"col-1413477254\" class=\"col medium-12 small-12 large-6\"  >\n\t\t\t\t<div class=\"col-inner\"  >\n\t\t\t\n\t\t\t\n\t<div id=\"gap-104217558\" class=\"gap-element clearfix\" style=\"display:block; height:auto;\">\n\t\t\n<style>\n#gap-104217558 {\n  padding-top: 30px;\n}\n<\/style>\n\t<\/div>\n\t\n<p><strong>Les analyses de laboratoire sont effectu\u00e9es conform\u00e9ment \u00e0 la norme ISO\/IEC 17025:2017. <\/strong><\/p>\n<p>Les laboratoires PharmaHemp fournissent des d\u00e9terminations quantitatives des cannabino\u00efdes les plus importants. Les m\u00e9thodes et proc\u00e9dures sont valid\u00e9es, et le laboratoire est certifi\u00e9 ISO\/IEC 17025, la principale norme utilis\u00e9e pour les laboratoires d\u2019analyse, ce qui assure la comp\u00e9tence ind\u00e9niable \u00e0 produire des r\u00e9sultats de haute pr\u00e9cision.<\/p>\n\t\t<\/div>\n\t\t\t\t\t<\/div>\n\n\t\n<\/div>\n\t\t<\/div>\n\n\t\t\n<style>\n#section_2087192566 {\n  padding-top: 30px;\n  padding-bottom: 30px;\n  background-color: #b0db73;\n}\n<\/style>\n\t<\/section>\n\t\n\n\t<section class=\"section\" id=\"section_355059494\">\n\t\t<div class=\"section-bg fill\" >\n\t\t\t\t\t\t\t\t\t\n\t\t\t\n\n\t\t<\/div>\n\n\t\t\n\n\t\t<div class=\"section-content relative\">\n\t\t\t\n\t<div id=\"gap-1348696815\" class=\"gap-element clearfix\" style=\"display:block; height:auto;\">\n\t\t\n<style>\n#gap-1348696815 {\n  padding-top: 30px;\n}\n<\/style>\n\t<\/div>\n\t\n<div class=\"row align-middle\"  id=\"row-1936628392\">\n\n\t<div id=\"col-1430556309\" class=\"col medium-12 small-12 large-6\"  >\n\t\t\t\t<div class=\"col-inner\"  >\n\t\t\t\n\t\t\t\n<h2>PRIX D&rsquo;ASSURANCE QUALIT\u00c9<\/h2>\n<p>PharmaHemp Laboratories participe aux programmes de comparaisons interlaboratoires et de test des capacit\u00e9s (ILC\/PT) pour les installations de test du chanvre et du cannabis. Il apporte \u00e0 l&rsquo;industrie du cannabis une norme bien \u00e9tablie pour les essais utilis\u00e9s dans les industries de tests environnementaux, alimentaires, pharmaceutiques, de l&rsquo;eau et p\u00e9trochimiques. Gr\u00e2ce \u00e0 la participation de laboratoires du monde entier, l&rsquo;ILC\/PT aide \u00e0 \u00e9tablir une r\u00e9f\u00e9rence pour le secteur en mati\u00e8re de tests de cannabis.<\/p>\n<p>Lors de l&rsquo;un des derniers tests ILC\/PT, PharmaHemp Laboratories a re\u00e7u le prix Emerald Test Badges, \u00e0 la fois pour la puissance de l&rsquo;huile de chanvre et pour la puissance des bourgeons de chanvre.<\/p>\n\t\t<\/div>\n\t\t\t\t\t<\/div>\n\n\t\n\n\t<div id=\"col-1773309408\" class=\"col medium-12 small-12 large-5\"  >\n\t\t\t\t<div class=\"col-inner text-center\"  >\n\t\t\t\n\t\t\t\n<div class=\"row align-middle\"  id=\"row-1188173384\">\n\n\t<div id=\"col-53945048\" class=\"col medium-5 small-12 large-6\"  >\n\t\t\t\t<div class=\"col-inner\"  >\n\t\t\t\n\t\t\t\n\t<div class=\"img has-hover x md-x lg-x y md-y lg-y\" id=\"image_259794911\">\n\t\t\t\t\t\t\t\t<div class=\"img-inner dark\" >\n\t\t\t<img decoding=\"async\" width=\"930\" height=\"618\" src=\"https:\/\/pharma-lab.eu\/wp-content\/uploads\/2020\/12\/ESC-Potency_Hemp_Bud-Pharmahemp-Fall2019@3x.png\" class=\"attachment-large size-large\" alt=\"\" srcset=\"https:\/\/pharma-lab.eu\/wp-content\/uploads\/2020\/12\/ESC-Potency_Hemp_Bud-Pharmahemp-Fall2019@3x.png 930w, https:\/\/pharma-lab.eu\/wp-content\/uploads\/2020\/12\/ESC-Potency_Hemp_Bud-Pharmahemp-Fall2019@3x-602x400.png 602w, https:\/\/pharma-lab.eu\/wp-content\/uploads\/2020\/12\/ESC-Potency_Hemp_Bud-Pharmahemp-Fall2019@3x-350x233.png 350w, https:\/\/pharma-lab.eu\/wp-content\/uploads\/2020\/12\/ESC-Potency_Hemp_Bud-Pharmahemp-Fall2019@3x-768x510.png 768w\" sizes=\"(max-width: 930px) 100vw, 930px\" \/>\t\t\t\t\t\t\n\t\t\t\t\t<\/div>\n\t\t\t\t\t\t\t\t\n<style>\n#image_259794911 {\n  width: 100%;\n}\n<\/style>\n\t<\/div>\n\t\n\t\t<\/div>\n\t\t\t\t\t<\/div>\n\n\t\n\n\t<div id=\"col-1244219618\" class=\"col medium-5 small-12 large-6\"  >\n\t\t\t\t<div class=\"col-inner\"  >\n\t\t\t\n\t\t\t\n\t<div class=\"img has-hover x md-x lg-x y md-y lg-y\" id=\"image_461164368\">\n\t\t\t\t\t\t\t\t<div class=\"img-inner dark\" >\n\t\t\t<img decoding=\"async\" width=\"927\" height=\"618\" src=\"https:\/\/pharma-lab.eu\/wp-content\/uploads\/2020\/12\/ESC-Potency_Hemp_Oil-Pharmahemp-Fall2019@3x.png\" class=\"attachment-large size-large\" alt=\"\" srcset=\"https:\/\/pharma-lab.eu\/wp-content\/uploads\/2020\/12\/ESC-Potency_Hemp_Oil-Pharmahemp-Fall2019@3x.png 927w, https:\/\/pharma-lab.eu\/wp-content\/uploads\/2020\/12\/ESC-Potency_Hemp_Oil-Pharmahemp-Fall2019@3x-600x400.png 600w, https:\/\/pharma-lab.eu\/wp-content\/uploads\/2020\/12\/ESC-Potency_Hemp_Oil-Pharmahemp-Fall2019@3x-350x233.png 350w, https:\/\/pharma-lab.eu\/wp-content\/uploads\/2020\/12\/ESC-Potency_Hemp_Oil-Pharmahemp-Fall2019@3x-768x512.png 768w\" sizes=\"(max-width: 927px) 100vw, 927px\" \/>\t\t\t\t\t\t\n\t\t\t\t\t<\/div>\n\t\t\t\t\t\t\t\t\n<style>\n#image_461164368 {\n  width: 100%;\n}\n<\/style>\n\t<\/div>\n\t\n\t\t<\/div>\n\t\t\t\t\t<\/div>\n\n\t\n\n\t<div id=\"col-1679889265\" class=\"col medium-4 small-12 large-4\"  >\n\t\t\t\t<div class=\"col-inner text-center\"  >\n\t\t\t\n\t\t\t\n\t<div class=\"img has-hover x md-x lg-x y md-y lg-y\" id=\"image_433494699\">\n\t\t\t\t\t\t\t\t<div class=\"img-inner image-cover dark\" style=\"padding-top:100%;\">\n\t\t\t<img decoding=\"async\" width=\"1536\" height=\"1536\" src=\"https:\/\/pharma-lab.eu\/wp-content\/uploads\/2023\/02\/ESC_Fall22_PotencyinHempOil_Pharmahemp_Bia-1536x1536.png\" class=\"attachment-1536x1536 size-1536x1536\" alt=\"\" srcset=\"https:\/\/pharma-lab.eu\/wp-content\/uploads\/2023\/02\/ESC_Fall22_PotencyinHempOil_Pharmahemp_Bia-1536x1536.png 1536w, https:\/\/pharma-lab.eu\/wp-content\/uploads\/2023\/02\/ESC_Fall22_PotencyinHempOil_Pharmahemp_Bia-400x400.png 400w, https:\/\/pharma-lab.eu\/wp-content\/uploads\/2023\/02\/ESC_Fall22_PotencyinHempOil_Pharmahemp_Bia-800x800.png 800w, https:\/\/pharma-lab.eu\/wp-content\/uploads\/2023\/02\/ESC_Fall22_PotencyinHempOil_Pharmahemp_Bia-350x350.png 350w, https:\/\/pharma-lab.eu\/wp-content\/uploads\/2023\/02\/ESC_Fall22_PotencyinHempOil_Pharmahemp_Bia-768x768.png 768w, https:\/\/pharma-lab.eu\/wp-content\/uploads\/2023\/02\/ESC_Fall22_PotencyinHempOil_Pharmahemp_Bia-2048x2048.png 2048w\" sizes=\"(max-width: 1536px) 100vw, 1536px\" \/>\t\t\t\t\t\t\n\t\t\t\t\t<\/div>\n\t\t\t\t\t\t\t\t\n<style>\n#image_433494699 {\n  width: 100%;\n}\n<\/style>\n\t<\/div>\n\t\n\t\t<\/div>\n\t\t\t\t\n<style>\n#col-1679889265 > .col-inner {\n  padding: 2px 0px 12px 0px;\n  margin: 2px -1px -44px 2px;\n}\n<\/style>\n\t<\/div>\n\n\t\n<\/div>\n\t\t<\/div>\n\t\t\t\t\t<\/div>\n\n\t\n<\/div>\n\t\t<\/div>\n\n\t\t\n<style>\n#section_355059494 {\n  padding-top: 30px;\n  padding-bottom: 30px;\n  background-color: rgb(255, 255, 255);\n}\n<\/style>\n\t<\/section>\n\t\n","protected":false},"excerpt":{"rendered":"","protected":false},"author":1182,"featured_media":0,"parent":0,"menu_order":0,"comment_status":"closed","ping_status":"closed","template":"page-blank.php","meta":{"footnotes":""},"yoast_head":"<!-- This site is optimized with the Yoast SEO plugin v23.5 - https:\/\/yoast.com\/wordpress\/plugins\/seo\/ -->\n<title>L&#039;assurance qualit\u00e9 - Pharma Lab<\/title>\n<meta name=\"robots\" content=\"index, follow, max-snippet:-1, max-image-preview:large, max-video-preview:-1\" \/>\n<link rel=\"canonical\" href=\"https:\/\/pharma-lab.eu\/fr\/l-assurance-qualite\/\" \/>\n<meta property=\"og:locale\" content=\"fr_FR\" \/>\n<meta property=\"og:type\" content=\"article\" \/>\n<meta property=\"og:title\" content=\"L&#039;assurance qualit\u00e9 - Pharma Lab\" \/>\n<meta property=\"og:url\" content=\"https:\/\/pharma-lab.eu\/fr\/l-assurance-qualite\/\" \/>\n<meta property=\"og:site_name\" content=\"Pharma Lab\" \/>\n<meta property=\"article:publisher\" content=\"https:\/\/www.facebook.com\/pharmahempstore\" \/>\n<meta property=\"article:modified_time\" content=\"2024-10-15T10:45:38+00:00\" \/>\n<meta name=\"twitter:card\" content=\"summary_large_image\" \/>\n<meta name=\"twitter:label1\" content=\"Dur\u00e9e de lecture estim\u00e9e\" \/>\n\t<meta name=\"twitter:data1\" content=\"2 minutes\" \/>\n<script type=\"application\/ld+json\" class=\"yoast-schema-graph\">{\"@context\":\"https:\/\/schema.org\",\"@graph\":[{\"@type\":\"WebPage\",\"@id\":\"https:\/\/pharma-lab.eu\/fr\/l-assurance-qualite\/\",\"url\":\"https:\/\/pharma-lab.eu\/fr\/l-assurance-qualite\/\",\"name\":\"L'assurance qualit\u00e9 - Pharma Lab\",\"isPartOf\":{\"@id\":\"https:\/\/pharma-lab.eu\/fr\/#website\"},\"datePublished\":\"2020-12-08T07:07:09+00:00\",\"dateModified\":\"2024-10-15T10:45:38+00:00\",\"breadcrumb\":{\"@id\":\"https:\/\/pharma-lab.eu\/fr\/l-assurance-qualite\/#breadcrumb\"},\"inLanguage\":\"fr-FR\",\"potentialAction\":[{\"@type\":\"ReadAction\",\"target\":[\"https:\/\/pharma-lab.eu\/fr\/l-assurance-qualite\/\"]}]},{\"@type\":\"BreadcrumbList\",\"@id\":\"https:\/\/pharma-lab.eu\/fr\/l-assurance-qualite\/#breadcrumb\",\"itemListElement\":[{\"@type\":\"ListItem\",\"position\":1,\"name\":\"Home\",\"item\":\"https:\/\/pharma-lab.eu\/fr\/\"},{\"@type\":\"ListItem\",\"position\":2,\"name\":\"L&#8217;assurance qualit\u00e9\"}]},{\"@type\":\"WebSite\",\"@id\":\"https:\/\/pharma-lab.eu\/fr\/#website\",\"url\":\"https:\/\/pharma-lab.eu\/fr\/\",\"name\":\"Pharma Lab\",\"description\":\"Cannabis Testing Laboratory\",\"publisher\":{\"@id\":\"https:\/\/pharma-lab.eu\/fr\/#organization\"},\"potentialAction\":[{\"@type\":\"SearchAction\",\"target\":{\"@type\":\"EntryPoint\",\"urlTemplate\":\"https:\/\/pharma-lab.eu\/fr\/?s={search_term_string}\"},\"query-input\":{\"@type\":\"PropertyValueSpecification\",\"valueRequired\":true,\"valueName\":\"search_term_string\"}}],\"inLanguage\":\"fr-FR\"},{\"@type\":\"Organization\",\"@id\":\"https:\/\/pharma-lab.eu\/fr\/#organization\",\"name\":\"PharmaHemp d.o.o.\",\"url\":\"https:\/\/pharma-lab.eu\/fr\/\",\"logo\":{\"@type\":\"ImageObject\",\"inLanguage\":\"fr-FR\",\"@id\":\"https:\/\/pharma-lab.eu\/fr\/#\/schema\/logo\/image\/\",\"url\":\"https:\/\/pharma-lab.eu\/wp-content\/uploads\/2020\/12\/logo_lab.png\",\"contentUrl\":\"https:\/\/pharma-lab.eu\/wp-content\/uploads\/2020\/12\/logo_lab.png\",\"width\":260,\"height\":83,\"caption\":\"PharmaHemp d.o.o.\"},\"image\":{\"@id\":\"https:\/\/pharma-lab.eu\/fr\/#\/schema\/logo\/image\/\"},\"sameAs\":[\"https:\/\/www.facebook.com\/pharmahempstore\",\"https:\/\/www.instagram.com\/pharmahemp_store\/\"]}]}<\/script>\n<!-- \/ Yoast SEO plugin. -->","yoast_head_json":{"title":"L'assurance qualit\u00e9 - Pharma Lab","robots":{"index":"index","follow":"follow","max-snippet":"max-snippet:-1","max-image-preview":"max-image-preview:large","max-video-preview":"max-video-preview:-1"},"canonical":"https:\/\/pharma-lab.eu\/fr\/l-assurance-qualite\/","og_locale":"fr_FR","og_type":"article","og_title":"L'assurance qualit\u00e9 - Pharma Lab","og_url":"https:\/\/pharma-lab.eu\/fr\/l-assurance-qualite\/","og_site_name":"Pharma Lab","article_publisher":"https:\/\/www.facebook.com\/pharmahempstore","article_modified_time":"2024-10-15T10:45:38+00:00","twitter_card":"summary_large_image","twitter_misc":{"Dur\u00e9e de lecture estim\u00e9e":"2 minutes"},"schema":{"@context":"https:\/\/schema.org","@graph":[{"@type":"WebPage","@id":"https:\/\/pharma-lab.eu\/fr\/l-assurance-qualite\/","url":"https:\/\/pharma-lab.eu\/fr\/l-assurance-qualite\/","name":"L'assurance qualit\u00e9 - Pharma Lab","isPartOf":{"@id":"https:\/\/pharma-lab.eu\/fr\/#website"},"datePublished":"2020-12-08T07:07:09+00:00","dateModified":"2024-10-15T10:45:38+00:00","breadcrumb":{"@id":"https:\/\/pharma-lab.eu\/fr\/l-assurance-qualite\/#breadcrumb"},"inLanguage":"fr-FR","potentialAction":[{"@type":"ReadAction","target":["https:\/\/pharma-lab.eu\/fr\/l-assurance-qualite\/"]}]},{"@type":"BreadcrumbList","@id":"https:\/\/pharma-lab.eu\/fr\/l-assurance-qualite\/#breadcrumb","itemListElement":[{"@type":"ListItem","position":1,"name":"Home","item":"https:\/\/pharma-lab.eu\/fr\/"},{"@type":"ListItem","position":2,"name":"L&#8217;assurance qualit\u00e9"}]},{"@type":"WebSite","@id":"https:\/\/pharma-lab.eu\/fr\/#website","url":"https:\/\/pharma-lab.eu\/fr\/","name":"Pharma Lab","description":"Cannabis Testing Laboratory","publisher":{"@id":"https:\/\/pharma-lab.eu\/fr\/#organization"},"potentialAction":[{"@type":"SearchAction","target":{"@type":"EntryPoint","urlTemplate":"https:\/\/pharma-lab.eu\/fr\/?s={search_term_string}"},"query-input":{"@type":"PropertyValueSpecification","valueRequired":true,"valueName":"search_term_string"}}],"inLanguage":"fr-FR"},{"@type":"Organization","@id":"https:\/\/pharma-lab.eu\/fr\/#organization","name":"PharmaHemp d.o.o.","url":"https:\/\/pharma-lab.eu\/fr\/","logo":{"@type":"ImageObject","inLanguage":"fr-FR","@id":"https:\/\/pharma-lab.eu\/fr\/#\/schema\/logo\/image\/","url":"https:\/\/pharma-lab.eu\/wp-content\/uploads\/2020\/12\/logo_lab.png","contentUrl":"https:\/\/pharma-lab.eu\/wp-content\/uploads\/2020\/12\/logo_lab.png","width":260,"height":83,"caption":"PharmaHemp d.o.o."},"image":{"@id":"https:\/\/pharma-lab.eu\/fr\/#\/schema\/logo\/image\/"},"sameAs":["https:\/\/www.facebook.com\/pharmahempstore","https:\/\/www.instagram.com\/pharmahemp_store\/"]}]}},"_links":{"self":[{"href":"https:\/\/pharma-lab.eu\/fr\/wp-json\/wp\/v2\/pages\/179806"}],"collection":[{"href":"https:\/\/pharma-lab.eu\/fr\/wp-json\/wp\/v2\/pages"}],"about":[{"href":"https:\/\/pharma-lab.eu\/fr\/wp-json\/wp\/v2\/types\/page"}],"author":[{"embeddable":true,"href":"https:\/\/pharma-lab.eu\/fr\/wp-json\/wp\/v2\/users\/1182"}],"replies":[{"embeddable":true,"href":"https:\/\/pharma-lab.eu\/fr\/wp-json\/wp\/v2\/comments?post=179806"}],"version-history":[{"count":8,"href":"https:\/\/pharma-lab.eu\/fr\/wp-json\/wp\/v2\/pages\/179806\/revisions"}],"predecessor-version":[{"id":185421,"href":"https:\/\/pharma-lab.eu\/fr\/wp-json\/wp\/v2\/pages\/179806\/revisions\/185421"}],"wp:attachment":[{"href":"https:\/\/pharma-lab.eu\/fr\/wp-json\/wp\/v2\/media?parent=179806"}],"curies":[{"name":"wp","href":"https:\/\/api.w.org\/{rel}","templated":true}]}}