{"id":179762,"date":"2020-12-22T07:43:37","date_gmt":"2020-12-22T06:43:37","guid":{"rendered":"https:\/\/pharma-lab.eu\/high-sensitivity-cannabinoid-analysis\/"},"modified":"2024-10-15T11:22:27","modified_gmt":"2024-10-15T10:22:27","slug":"analyse-de-traces-de-cannabinoides","status":"publish","type":"page","link":"https:\/\/pharma-lab.eu\/fr\/analyse-de-traces-de-cannabinoides\/","title":{"rendered":"Analyse de traces de cannabino\u00efdes"},"content":{"rendered":"\n\t<section class=\"section\" id=\"section_310523521\">\n\t\t<div class=\"section-bg fill\" >\n\t\t\t<img decoding=\"async\" width=\"5760\" height=\"2151\" src=\"https:\/\/pharma-lab.eu\/wp-content\/uploads\/2020\/12\/Component-6-\u2013-1@3x.png\" class=\"bg attachment- size-\" alt=\"\" \/>\t\t\t\t\t\t\n\t\t\t\n\n\t\t<\/div>\n\n\t\t\n\n\t\t<div class=\"section-content relative\">\n\t\t\t\n\t<div id=\"gap-1423888817\" class=\"gap-element clearfix\" style=\"display:block; height:auto;\">\n\t\t\n<style>\n#gap-1423888817 {\n  padding-top: 30px;\n}\n<\/style>\n\t<\/div>\n\t\n<div class=\"row align-center\"  id=\"row-190175976\">\n\n\t<div id=\"col-13929329\" class=\"col medium-6 small-12 large-6\"  >\n\t\t\t\t<div class=\"col-inner\"  >\n\t\t\t\n\t\t\t\n<h2 class=\"uppercase\">ANALYSE DE TRACES DE CANNABINO\u00cfDES<\/h2>\n\t\t<\/div>\n\t\t\t\t\t<\/div>\n\n\t\n\n\t<div id=\"col-1386991220\" class=\"col medium-6 small-12 large-6\"  >\n\t\t\t\t<div class=\"col-inner\"  >\n\t\t\t\n\t\t\t\n<p>La d\u00e9tection et le signalement de niveaux extr\u00eamement faibles de cannabino\u00efdes dans les \u00e9chantillons sont importants non seulement pour les \u00e9quipes de R&amp;D, mais aussi pour les utilisateurs de produits \u00e0 base de CBD, en particulier sous forme de produits comestibles ou de boissons. Avec nos derni\u00e8res technologies HPLC et nos proc\u00e9dures adapt\u00e9es, nous sommes capables d&rsquo;abaisser la limite de quantification (LOQ) et de rapporter des teneurs en cannabino\u00efdes jusqu&rsquo;\u00e0 0,0003 % (en fonction de la matrice).<\/p>\n\t<div id=\"gap-689776806\" class=\"gap-element clearfix\" style=\"display:block; height:auto;\">\n\t\t\n<style>\n#gap-689776806 {\n  padding-top: 20px;\n}\n<\/style>\n\t<\/div>\n\t\n<a href=\"https:\/\/order.pharma-lab.eu\/?ui-culture=en-US\" class=\"button primary is-large black-btn\"  >\n\t\t<span>ANALYSER MAINTENANT<\/span>\n\t<\/a>\n\n\t\t<\/div>\n\t\t\t\t\t<\/div>\n\n\t\n<\/div>\n\t\t<\/div>\n\n\t\t\n<style>\n#section_310523521 {\n  padding-top: 30px;\n  padding-bottom: 30px;\n}\n#section_310523521 .section-bg img {\n  object-position: 50% 50%;\n}\n<\/style>\n\t<\/section>\n\t\n\n\t<section class=\"section\" id=\"section_894771456\">\n\t\t<div class=\"section-bg fill\" >\n\t\t\t\t\t\t\t\t\t<div class=\"section-bg-overlay absolute fill\"><\/div>\n\t\t\t\n\t<div class=\"is-border\"\n\t\tstyle=\"border-width:1px 0px 1px 0px;\">\n\t<\/div>\n\n\t\t<\/div>\n\n\t\t\n\n\t\t<div class=\"section-content relative\">\n\t\t\t\n\t<div id=\"gap-1935210606\" class=\"gap-element clearfix\" style=\"display:block; height:auto;\">\n\t\t\n<style>\n#gap-1935210606 {\n  padding-top: 30px;\n}\n<\/style>\n\t<\/div>\n\t\n<div class=\"row row-large align-middle\"  id=\"row-1131788061\">\n\n\t<div id=\"col-1048084328\" class=\"col medium-6 small-12 large-6\"  >\n\t\t\t\t<div class=\"col-inner\"  >\n\t\t\t\n\t\t\t\n<h2>Comment la LOQ inf\u00e9rieure est-elle atteinte ?<\/h2>\n<p>La concentration en cannabino\u00efdes la plus basse qui peut \u00eatre mesur\u00e9e et signal\u00e9e de mani\u00e8re fiable d\u00e9pend de la pr\u00e9paration de l&rsquo;\u00e9chantillon et de l&rsquo;instrumentation. Gr\u00e2ce \u00e0 notre savoir-faire dans le domaine de la chimie analytique et \u00e0 l&rsquo;utilisation d&rsquo;instrumentation analytique moderne &#8211; HPLC coupl\u00e9e \u00e0 un d\u00e9tecteur HDR &#8211; nous sommes capables de signaler m\u00eame les niveaux dits \u00ab non d\u00e9tectables \u00bb de CBD, de THC ou d&rsquo;autres cannabino\u00efdes. Chaque certificat d&rsquo;analyse fournit les informations sur la LOQ pour chaque cannabino\u00efde et type d&rsquo;\u00e9chantillon.<\/p>\n\t\t<\/div>\n\t\t\t\t\t<\/div>\n\n\t\n\n\t<div id=\"col-257929764\" class=\"col hide-for-small medium-6 small-12 large-6\"  >\n\t\t\t\t<div class=\"col-inner text-left\"  >\n\t\t\t\n\t\t\t\n<h2>16 cannabino\u00efdes<\/h2>\n<div class=\"row\"  id=\"row-939475490\">\n\n\t<div id=\"col-992494718\" class=\"col medium-4 small-12 large-4\"  >\n\t\t\t\t<div class=\"col-inner\"  >\n\t\t\t\n\t\t\t\n<ul>\n<li>CBDV<\/li>\n<li>CBDA<\/li>\n<li>CBGA<\/li>\n<li>THCA<\/li>\n<li>CBV<\/li>\n<li>CBE<\/li>\n<\/ul>\n\t\t<\/div>\n\t\t\t\t\t<\/div>\n\n\t\n\n\t<div id=\"col-937061190\" class=\"col medium-4 small-12 large-4\"  >\n\t\t\t\t<div class=\"col-inner\"  >\n\t\t\t\n\t\t\t\n<ul>\n<li>CBG<\/li>\n<li>CBD<\/li>\n<li>8-THC<\/li>\n<li>9-THC<\/li>\n<li>CBT<\/li>\n<\/ul>\n\t\t<\/div>\n\t\t\t\t\t<\/div>\n\n\t\n\n\t<div id=\"col-2099509657\" class=\"col medium-4 small-12 large-4\"  >\n\t\t\t\t<div class=\"col-inner\"  >\n\t\t\t\n\t\t\t\n<ul>\n<li>THCV<\/li>\n<li>CBN<\/li>\n<li>CBL<\/li>\n<li>CBC<\/li>\n<li>CBCA<\/li>\n<\/ul>\n\t\t<\/div>\n\t\t\t\t\t<\/div>\n\n\t\n<\/div>\n\t\t<\/div>\n\t\t\t\t\t<\/div>\n\n\t\n\n\t<div id=\"col-441556394\" class=\"col show-for-small medium-6 small-12 large-6\"  >\n\t\t\t\t<div class=\"col-inner text-left\"  >\n\t\t\t\n\t\t\t\n<h2>16 cannabino\u00efdes<\/h2>\n<div class=\"row\"  id=\"row-1432079829\">\n\n\t<div id=\"col-1937697370\" class=\"col medium-4 small-12 large-4\"  >\n\t\t\t\t<div class=\"col-inner\"  >\n\t\t\t\n\t\t\t\n<ul>\n<li>CBDV<\/li>\n<li>CBDA<\/li>\n<li>CBGA<\/li>\n<li>THCA<\/li>\n<li>CBG<\/li>\n<li>CBD<\/li>\n<li>8-THC<\/li>\n<li>9-THC<\/li>\n<li>THCV<\/li>\n<li>CBN<\/li>\n<li>CBL<\/li>\n<li>CBC<\/li>\n<li>CBE*<\/li>\n<li>CBV*<\/li>\n<li>CBCA*<\/li>\n<li>CBT*<\/li>\n<\/ul>\n\t\t<\/div>\n\t\t\t\t\t<\/div>\n\n\t\n<\/div>\n\t\t<\/div>\n\t\t\t\t\t<\/div>\n\n\t\n\n\t<div id=\"col-1038586611\" class=\"col small-12 large-12\"  >\n\t\t\t\t<div class=\"col-inner\"  >\n\t\t\t\n\t\t\t\n<div class=\"text-center\"><div class=\"is-divider divider clearfix\" style=\"margin-top:0px;margin-bottom:0px;max-width:100%;height:2px;background-color:rgb(213, 213, 213);\"><\/div><\/div>\n\t<div id=\"gap-121736958\" class=\"gap-element clearfix\" style=\"display:block; height:auto;\">\n\t\t\n<style>\n#gap-121736958 {\n  padding-top: 35px;\n}\n<\/style>\n\t<\/div>\n\t\n<div class=\"row align-middle\"  id=\"row-1647961320\">\n\n\t<div id=\"col-1183712396\" class=\"col medium-6 small-12 large-6\"  >\n\t\t\t\t<div class=\"col-inner\"  >\n\t\t\t\n\t\t\t\n<h2>Comment recevoir un rapport indiquant la LOQ inf\u00e9rieure ?<\/h2>\n\t\t<\/div>\n\t\t\t\t\t<\/div>\n\n\t\n\n\t<div id=\"col-1641287722\" class=\"col medium-6 small-12 large-6\"  >\n\t\t\t\t<div class=\"col-inner\"  >\n\t\t\t\n\t\t\t\n<p style=\"padding-top: 10px;\">Apr\u00e8s avoir pass\u00e9 votre commande, veuillez contacter notre \u00e9quipe pour en savoir plus.<\/p>\n\t\t<\/div>\n\t\t\t\t\t<\/div>\n\n\t\n<\/div>\n<div class=\"text-center\"><div class=\"is-divider divider clearfix\" style=\"margin-top:0px;margin-bottom:0px;max-width:100%;height:2px;background-color:rgb(213, 213, 213);\"><\/div><\/div>\n\t\t<\/div>\n\t\t\t\t\t<\/div>\n\n\t\n<\/div>\n\t<div id=\"gap-5000584\" class=\"gap-element clearfix\" style=\"display:block; height:auto;\">\n\t\t\n<style>\n#gap-5000584 {\n  padding-top: 30px;\n}\n<\/style>\n\t<\/div>\n\t\n<div class=\"row row-large\"  id=\"row-252739833\">\n\n\t<div id=\"col-411501006\" class=\"col medium-5 small-12 large-6\"  >\n\t\t\t\t<div class=\"col-inner\"  >\n\t\t\t\n\t\t\t\n<h2>Nous demandons :<\/h2>\n<ul>\n<li>Du mat\u00e9riel v\u00e9g\u00e9tal : 15 grammes<\/li>\n<li>Des extraits \/ isolats \/ distillats : 5 grammes<\/li>\n<li>Des produits \u00e0 base de chanvre : 5 grammes<\/li>\n<li>Des eaux \/ boissons : 30 ml<\/li>\n<li>Des produits comestibles : 15 g<\/li>\n<\/ul>\n\t\t<\/div>\n\t\t\t\t\t<\/div>\n\n\t\n\n\t<div id=\"col-1982482920\" class=\"col medium-7 small-12 large-6\"  >\n\t\t\t\t<div class=\"col-inner text-left\"  >\n\t\t\t\n\t\t\t\n<h2>D\u00e9lai de r\u00e9ponse :<\/h2>\n<p><strong>Standard<\/strong>: 3 \u00e0 10 jours ouvrables (habituellement jusqu&rsquo;\u00e0 5 jours ouvrables)<br \/>\n<strong>Priorit\u00e9 \u00e9lev\u00e9e<\/strong>: 24h*<\/p>\n<p>* Si l&rsquo;\u00e9chantillon est re\u00e7u avant 13 h du jour pr\u00e9c\u00e9dent<\/p>\n\t\t<\/div>\n\t\t\t\t\t<\/div>\n\n\t\n<\/div>\n\t\t<\/div>\n\n\t\t\n<style>\n#section_894771456 {\n  padding-top: 0px;\n  padding-bottom: 0px;\n}\n#section_894771456 .section-bg-overlay {\n  background-color: rgba(255, 255, 255, 0.85);\n}\n<\/style>\n\t<\/section>\n\t\n","protected":false},"excerpt":{"rendered":"","protected":false},"author":1182,"featured_media":0,"parent":0,"menu_order":0,"comment_status":"closed","ping_status":"closed","template":"page-blank.php","meta":{"footnotes":""},"yoast_head":"<!-- This site is optimized with the Yoast SEO plugin v23.5 - https:\/\/yoast.com\/wordpress\/plugins\/seo\/ -->\n<title>Analyse de traces de cannabino\u00efdes - Pharma Lab<\/title>\n<meta name=\"robots\" content=\"index, follow, max-snippet:-1, max-image-preview:large, max-video-preview:-1\" \/>\n<link rel=\"canonical\" href=\"https:\/\/pharma-lab.eu\/fr\/analyse-de-traces-de-cannabinoides\/\" \/>\n<meta property=\"og:locale\" content=\"fr_FR\" \/>\n<meta property=\"og:type\" content=\"article\" \/>\n<meta property=\"og:title\" content=\"Analyse de traces de cannabino\u00efdes - Pharma Lab\" \/>\n<meta property=\"og:url\" content=\"https:\/\/pharma-lab.eu\/fr\/analyse-de-traces-de-cannabinoides\/\" \/>\n<meta property=\"og:site_name\" content=\"Pharma Lab\" \/>\n<meta property=\"article:publisher\" content=\"https:\/\/www.facebook.com\/pharmahempstore\" \/>\n<meta property=\"article:modified_time\" content=\"2024-10-15T10:22:27+00:00\" \/>\n<meta name=\"twitter:card\" content=\"summary_large_image\" \/>\n<meta name=\"twitter:label1\" content=\"Dur\u00e9e de lecture estim\u00e9e\" \/>\n\t<meta name=\"twitter:data1\" content=\"2 minutes\" \/>\n<script type=\"application\/ld+json\" class=\"yoast-schema-graph\">{\"@context\":\"https:\/\/schema.org\",\"@graph\":[{\"@type\":\"WebPage\",\"@id\":\"https:\/\/pharma-lab.eu\/fr\/analyse-de-traces-de-cannabinoides\/\",\"url\":\"https:\/\/pharma-lab.eu\/fr\/analyse-de-traces-de-cannabinoides\/\",\"name\":\"Analyse de traces de cannabino\u00efdes - Pharma Lab\",\"isPartOf\":{\"@id\":\"https:\/\/pharma-lab.eu\/fr\/#website\"},\"datePublished\":\"2020-12-22T06:43:37+00:00\",\"dateModified\":\"2024-10-15T10:22:27+00:00\",\"breadcrumb\":{\"@id\":\"https:\/\/pharma-lab.eu\/fr\/analyse-de-traces-de-cannabinoides\/#breadcrumb\"},\"inLanguage\":\"fr-FR\",\"potentialAction\":[{\"@type\":\"ReadAction\",\"target\":[\"https:\/\/pharma-lab.eu\/fr\/analyse-de-traces-de-cannabinoides\/\"]}]},{\"@type\":\"BreadcrumbList\",\"@id\":\"https:\/\/pharma-lab.eu\/fr\/analyse-de-traces-de-cannabinoides\/#breadcrumb\",\"itemListElement\":[{\"@type\":\"ListItem\",\"position\":1,\"name\":\"Home\",\"item\":\"https:\/\/pharma-lab.eu\/fr\/\"},{\"@type\":\"ListItem\",\"position\":2,\"name\":\"Analyse de traces de cannabino\u00efdes\"}]},{\"@type\":\"WebSite\",\"@id\":\"https:\/\/pharma-lab.eu\/fr\/#website\",\"url\":\"https:\/\/pharma-lab.eu\/fr\/\",\"name\":\"Pharma Lab\",\"description\":\"Cannabis Testing Laboratory\",\"publisher\":{\"@id\":\"https:\/\/pharma-lab.eu\/fr\/#organization\"},\"potentialAction\":[{\"@type\":\"SearchAction\",\"target\":{\"@type\":\"EntryPoint\",\"urlTemplate\":\"https:\/\/pharma-lab.eu\/fr\/?s={search_term_string}\"},\"query-input\":{\"@type\":\"PropertyValueSpecification\",\"valueRequired\":true,\"valueName\":\"search_term_string\"}}],\"inLanguage\":\"fr-FR\"},{\"@type\":\"Organization\",\"@id\":\"https:\/\/pharma-lab.eu\/fr\/#organization\",\"name\":\"PharmaHemp d.o.o.\",\"url\":\"https:\/\/pharma-lab.eu\/fr\/\",\"logo\":{\"@type\":\"ImageObject\",\"inLanguage\":\"fr-FR\",\"@id\":\"https:\/\/pharma-lab.eu\/fr\/#\/schema\/logo\/image\/\",\"url\":\"https:\/\/pharma-lab.eu\/wp-content\/uploads\/2020\/12\/logo_lab.png\",\"contentUrl\":\"https:\/\/pharma-lab.eu\/wp-content\/uploads\/2020\/12\/logo_lab.png\",\"width\":260,\"height\":83,\"caption\":\"PharmaHemp d.o.o.\"},\"image\":{\"@id\":\"https:\/\/pharma-lab.eu\/fr\/#\/schema\/logo\/image\/\"},\"sameAs\":[\"https:\/\/www.facebook.com\/pharmahempstore\",\"https:\/\/www.instagram.com\/pharmahemp_store\/\"]}]}<\/script>\n<!-- \/ Yoast SEO plugin. -->","yoast_head_json":{"title":"Analyse de traces de cannabino\u00efdes - Pharma Lab","robots":{"index":"index","follow":"follow","max-snippet":"max-snippet:-1","max-image-preview":"max-image-preview:large","max-video-preview":"max-video-preview:-1"},"canonical":"https:\/\/pharma-lab.eu\/fr\/analyse-de-traces-de-cannabinoides\/","og_locale":"fr_FR","og_type":"article","og_title":"Analyse de traces de cannabino\u00efdes - Pharma Lab","og_url":"https:\/\/pharma-lab.eu\/fr\/analyse-de-traces-de-cannabinoides\/","og_site_name":"Pharma Lab","article_publisher":"https:\/\/www.facebook.com\/pharmahempstore","article_modified_time":"2024-10-15T10:22:27+00:00","twitter_card":"summary_large_image","twitter_misc":{"Dur\u00e9e de lecture estim\u00e9e":"2 minutes"},"schema":{"@context":"https:\/\/schema.org","@graph":[{"@type":"WebPage","@id":"https:\/\/pharma-lab.eu\/fr\/analyse-de-traces-de-cannabinoides\/","url":"https:\/\/pharma-lab.eu\/fr\/analyse-de-traces-de-cannabinoides\/","name":"Analyse de traces de cannabino\u00efdes - Pharma Lab","isPartOf":{"@id":"https:\/\/pharma-lab.eu\/fr\/#website"},"datePublished":"2020-12-22T06:43:37+00:00","dateModified":"2024-10-15T10:22:27+00:00","breadcrumb":{"@id":"https:\/\/pharma-lab.eu\/fr\/analyse-de-traces-de-cannabinoides\/#breadcrumb"},"inLanguage":"fr-FR","potentialAction":[{"@type":"ReadAction","target":["https:\/\/pharma-lab.eu\/fr\/analyse-de-traces-de-cannabinoides\/"]}]},{"@type":"BreadcrumbList","@id":"https:\/\/pharma-lab.eu\/fr\/analyse-de-traces-de-cannabinoides\/#breadcrumb","itemListElement":[{"@type":"ListItem","position":1,"name":"Home","item":"https:\/\/pharma-lab.eu\/fr\/"},{"@type":"ListItem","position":2,"name":"Analyse de traces de cannabino\u00efdes"}]},{"@type":"WebSite","@id":"https:\/\/pharma-lab.eu\/fr\/#website","url":"https:\/\/pharma-lab.eu\/fr\/","name":"Pharma Lab","description":"Cannabis Testing Laboratory","publisher":{"@id":"https:\/\/pharma-lab.eu\/fr\/#organization"},"potentialAction":[{"@type":"SearchAction","target":{"@type":"EntryPoint","urlTemplate":"https:\/\/pharma-lab.eu\/fr\/?s={search_term_string}"},"query-input":{"@type":"PropertyValueSpecification","valueRequired":true,"valueName":"search_term_string"}}],"inLanguage":"fr-FR"},{"@type":"Organization","@id":"https:\/\/pharma-lab.eu\/fr\/#organization","name":"PharmaHemp d.o.o.","url":"https:\/\/pharma-lab.eu\/fr\/","logo":{"@type":"ImageObject","inLanguage":"fr-FR","@id":"https:\/\/pharma-lab.eu\/fr\/#\/schema\/logo\/image\/","url":"https:\/\/pharma-lab.eu\/wp-content\/uploads\/2020\/12\/logo_lab.png","contentUrl":"https:\/\/pharma-lab.eu\/wp-content\/uploads\/2020\/12\/logo_lab.png","width":260,"height":83,"caption":"PharmaHemp d.o.o."},"image":{"@id":"https:\/\/pharma-lab.eu\/fr\/#\/schema\/logo\/image\/"},"sameAs":["https:\/\/www.facebook.com\/pharmahempstore","https:\/\/www.instagram.com\/pharmahemp_store\/"]}]}},"_links":{"self":[{"href":"https:\/\/pharma-lab.eu\/fr\/wp-json\/wp\/v2\/pages\/179762"}],"collection":[{"href":"https:\/\/pharma-lab.eu\/fr\/wp-json\/wp\/v2\/pages"}],"about":[{"href":"https:\/\/pharma-lab.eu\/fr\/wp-json\/wp\/v2\/types\/page"}],"author":[{"embeddable":true,"href":"https:\/\/pharma-lab.eu\/fr\/wp-json\/wp\/v2\/users\/1182"}],"replies":[{"embeddable":true,"href":"https:\/\/pharma-lab.eu\/fr\/wp-json\/wp\/v2\/comments?post=179762"}],"version-history":[{"count":6,"href":"https:\/\/pharma-lab.eu\/fr\/wp-json\/wp\/v2\/pages\/179762\/revisions"}],"predecessor-version":[{"id":185398,"href":"https:\/\/pharma-lab.eu\/fr\/wp-json\/wp\/v2\/pages\/179762\/revisions\/185398"}],"wp:attachment":[{"href":"https:\/\/pharma-lab.eu\/fr\/wp-json\/wp\/v2\/media?parent=179762"}],"curies":[{"name":"wp","href":"https:\/\/api.w.org\/{rel}","templated":true}]}}