{"id":179737,"date":"2020-12-22T07:43:25","date_gmt":"2020-12-22T06:43:25","guid":{"rendered":"https:\/\/pharma-lab.eu\/cannabinoid-profiling\/"},"modified":"2024-10-15T11:24:43","modified_gmt":"2024-10-15T10:24:43","slug":"profilage-de-cannabinoides","status":"publish","type":"page","link":"https:\/\/pharma-lab.eu\/fr\/profilage-de-cannabinoides\/","title":{"rendered":"Profilage de cannabino\u00efdes"},"content":{"rendered":"\n\t<section class=\"section\" id=\"section_2040119396\">\n\t\t<div class=\"section-bg fill\" >\n\t\t\t<img decoding=\"async\" width=\"5760\" height=\"2151\" src=\"https:\/\/pharma-lab.eu\/wp-content\/uploads\/2020\/12\/Component-6-\u2013-1@3x.png\" class=\"bg attachment- size-\" alt=\"\" \/>\t\t\t\t\t\t\n\t\t\t\n\n\t\t<\/div>\n\n\t\t\n\n\t\t<div class=\"section-content relative\">\n\t\t\t\n\t<div id=\"gap-1419778443\" class=\"gap-element clearfix\" style=\"display:block; height:auto;\">\n\t\t\n<style>\n#gap-1419778443 {\n  padding-top: 30px;\n}\n<\/style>\n\t<\/div>\n\t\n<div class=\"row align-center\"  id=\"row-33213585\">\n\n\t<div id=\"col-1192961355\" class=\"col medium-6 small-12 large-6\"  >\n\t\t\t\t<div class=\"col-inner\"  >\n\t\t\t\n\t\t\t\n<h2 class=\"uppercase\">PROFILAGE DE CANNABINO\u00cfDES : ANALYSE D\u00c9TAILL\u00c9E DE TOUS LES PRINCIPAUX CANNABINO\u00cfDES<\/h2>\n\t\t<\/div>\n\t\t\t\t\t<\/div>\n\n\t\n\n\t<div id=\"col-1111773346\" class=\"col medium-6 small-12 large-6\"  >\n\t\t\t\t<div class=\"col-inner\"  >\n\t\t\t\n\t\t\t\n<p>Nous fournissons un profilage pr\u00e9cis, fiable et rapide de 16 cannabino\u00efdes. Nous effectuons des analyses sur les derni\u00e8res solutions HPLC, en utilisant des m\u00e9thodes valid\u00e9es en interne conformes aux directives ICH et USP. Nous sommes capables de tester tous les types de matrices &#8211; fleurs, feuilles, graines, r\u00e9sine, huiles, extraits, isolats, teintures, formulations hydrosolubles, boissons alcoolis\u00e9es et non alcoolis\u00e9es infus\u00e9es d&rsquo;extraits de CBD ou de cannabis, cr\u00e8mes, lotions, baumes, produits comestibles tels que : brownies, bonbons g\u00e9lifi\u00e9s, miel, etc.<\/p>\n\t<div id=\"gap-736855830\" class=\"gap-element clearfix\" style=\"display:block; height:auto;\">\n\t\t\n<style>\n#gap-736855830 {\n  padding-top: 20px;\n}\n<\/style>\n\t<\/div>\n\t\n<a href=\"https:\/\/order.pharma-lab.eu\/?ui-culture=en-US\" class=\"button primary is-large black-btn\"  >\n\t\t<span>ANALYSER MAINTENANT<\/span>\n\t<\/a>\n\n\t\t<\/div>\n\t\t\t\t\t<\/div>\n\n\t\n<\/div>\n\t\t<\/div>\n\n\t\t\n<style>\n#section_2040119396 {\n  padding-top: 30px;\n  padding-bottom: 30px;\n}\n#section_2040119396 .section-bg img {\n  object-position: 50% 50%;\n}\n<\/style>\n\t<\/section>\n\t\n\n\t<section class=\"section\" id=\"section_1600672566\">\n\t\t<div class=\"section-bg fill\" >\n\t\t\t\t\t\t\t\t\t<div class=\"section-bg-overlay absolute fill\"><\/div>\n\t\t\t\n\t<div class=\"is-border\"\n\t\tstyle=\"border-width:1px 0px 1px 0px;\">\n\t<\/div>\n\n\t\t<\/div>\n\n\t\t\n\n\t\t<div class=\"section-content relative\">\n\t\t\t\n\t<div id=\"gap-2082520022\" class=\"gap-element clearfix\" style=\"display:block; height:auto;\">\n\t\t\n<style>\n#gap-2082520022 {\n  padding-top: 30px;\n}\n<\/style>\n\t<\/div>\n\t\n<div class=\"row row-large align-middle\"  id=\"row-930742788\">\n\n\t<div id=\"col-1057506272\" class=\"col medium-6 small-12 large-6\"  >\n\t\t\t\t<div class=\"col-inner\"  >\n\t\t\t\n\t\t\t\n<h2>Test de cannabino\u00efdes par HPLC<\/h2>\n<p>La chromatographie liquide \u00e0 haute performance (HPLC) est la m\u00e9thodologie pr\u00e9f\u00e9r\u00e9e pour le profilage de cannabino\u00efdes et la d\u00e9termination de la puissance, car elle n&rsquo;utilise pas de chaleur, ce qui permet d&rsquo;identifier et de quantifier \u00e0 la fois les cannabino\u00efdes acides et neutres. C&rsquo;est la m\u00e9thode la plus puissante, qui est consid\u00e9r\u00e9e comme un \u00e9talon-or pour la d\u00e9termination de cannabino\u00efdes.<\/p>\n\t\t<\/div>\n\t\t\t\t\t<\/div>\n\n\t\n\n\t<div id=\"col-900722410\" class=\"col hide-for-small medium-6 small-12 large-6\"  >\n\t\t\t\t<div class=\"col-inner text-left\"  >\n\t\t\t\n\t\t\t\n<h2>16 cannabino\u00efdes<\/h2>\n<div class=\"row\"  id=\"row-1579823679\">\n\n\t<div id=\"col-1250088875\" class=\"col medium-4 small-12 large-4\"  >\n\t\t\t\t<div class=\"col-inner\"  >\n\t\t\t\n\t\t\t\n<ul>\n<li>CBDV<\/li>\n<li>CBDA<\/li>\n<li>CBGA<\/li>\n<li>THCA<\/li>\n<li>CBV<\/li>\n<li>CBE<\/li>\n<\/ul>\n\t\t<\/div>\n\t\t\t\t\t<\/div>\n\n\t\n\n\t<div id=\"col-1122409000\" class=\"col medium-4 small-12 large-4\"  >\n\t\t\t\t<div class=\"col-inner\"  >\n\t\t\t\n\t\t\t\n<ul>\n<li>CBG<\/li>\n<li>CBD<\/li>\n<li>8-THC<\/li>\n<li>9-THC<\/li>\n<li>CBT<\/li>\n<\/ul>\n\t\t<\/div>\n\t\t\t\t\t<\/div>\n\n\t\n\n\t<div id=\"col-2012175478\" class=\"col medium-4 small-12 large-4\"  >\n\t\t\t\t<div class=\"col-inner\"  >\n\t\t\t\n\t\t\t\n<ul>\n<li>THCV<\/li>\n<li>CBN<\/li>\n<li>CBL<\/li>\n<li>CBC<\/li>\n<li>CBCA<\/li>\n<\/ul>\n\t\t<\/div>\n\t\t\t\t\t<\/div>\n\n\t\n<\/div>\n\t\t<\/div>\n\t\t\t\t\t<\/div>\n\n\t\n\n\t<div id=\"col-1242469116\" class=\"col show-for-small medium-6 small-12 large-6\"  >\n\t\t\t\t<div class=\"col-inner text-left\"  >\n\t\t\t\n\t\t\t\n<h2>16 cannabino\u00efdes<\/h2>\n<div class=\"row\"  id=\"row-1224098910\">\n\n\t<div id=\"col-1831155371\" class=\"col medium-4 small-12 large-4\"  >\n\t\t\t\t<div class=\"col-inner\"  >\n\t\t\t\n\t\t\t\n<ul>\n<li>CBDV<\/li>\n<li>CBDA<\/li>\n<li>CBGA<\/li>\n<li>THCA<\/li>\n<li>CBG<\/li>\n<li>CBD<\/li>\n<li>8-THC<\/li>\n<li>9-THC<\/li>\n<li>THCV<\/li>\n<li>CBN<\/li>\n<li>CBL<\/li>\n<li>CBC<\/li>\n<li>CBE*<\/li>\n<li>CBV*<\/li>\n<li>CBCA*<\/li>\n<li>CBT*<\/li>\n<\/ul>\n\t\t<\/div>\n\t\t\t\t\t<\/div>\n\n\t\n<\/div>\n\t\t<\/div>\n\t\t\t\t\t<\/div>\n\n\t\n\n\t<div id=\"col-1106830126\" class=\"col small-12 large-12\"  >\n\t\t\t\t<div class=\"col-inner\"  >\n\t\t\t\n\t\t\t\n<div class=\"text-center\"><div class=\"is-divider divider clearfix\" style=\"margin-top:0px;margin-bottom:0px;max-width:100%;height:2px;background-color:rgb(213, 213, 213);\"><\/div><\/div>\n\t\t<\/div>\n\t\t\t\t\t<\/div>\n\n\t\n<\/div>\n\t<div id=\"gap-1088457366\" class=\"gap-element clearfix\" style=\"display:block; height:auto;\">\n\t\t\n<style>\n#gap-1088457366 {\n  padding-top: 30px;\n}\n<\/style>\n\t<\/div>\n\t\n<div class=\"row row-large\"  id=\"row-691129484\">\n\n\t<div id=\"col-1848838147\" class=\"col medium-5 small-12 large-6\"  >\n\t\t\t\t<div class=\"col-inner\"  >\n\t\t\t\n\t\t\t\n<h2>Nous demandons :<\/h2>\n<ul>\n<li>Du mat\u00e9riel v\u00e9g\u00e9tal : 2 grammes<\/li>\n<li>Des extraits \/ isolats \/ distillats : 0,5 gramme<\/li>\n<li>Des produits \u00e0 base de chanvre : 1 gramme<\/li>\n<li>Des eaux \/ boissons : 30 ml<\/li>\n<li>Des produits comestibles : 15 g<\/li>\n<\/ul>\n\t\t<\/div>\n\t\t\t\t\t<\/div>\n\n\t\n\n\t<div id=\"col-1920046828\" class=\"col medium-7 small-12 large-6\"  >\n\t\t\t\t<div class=\"col-inner text-left\"  >\n\t\t\t\n\t\t\t\n<h2>D\u00e9lai de r\u00e9ponse :<\/h2>\n<p><strong>Standard<\/strong>: De 3 \u00e0 10 jours ouvrables (habituellement 5 jours ouvrables)<br \/>\nPriorit\u00e9 \u00e9lev\u00e9e: 24h*<\/p>\n<p>* Si l&rsquo;\u00e9chantillon est re\u00e7u avant 13 h du jour pr\u00e9c\u00e9dent<\/p>\n\t\t<\/div>\n\t\t\t\t\t<\/div>\n\n\t\n<\/div>\n\t\t<\/div>\n\n\t\t\n<style>\n#section_1600672566 {\n  padding-top: 0px;\n  padding-bottom: 0px;\n}\n#section_1600672566 .section-bg-overlay {\n  background-color: rgba(255, 255, 255, 0.85);\n}\n<\/style>\n\t<\/section>\n\t\n","protected":false},"excerpt":{"rendered":"","protected":false},"author":1182,"featured_media":0,"parent":0,"menu_order":0,"comment_status":"closed","ping_status":"closed","template":"page-blank.php","meta":{"footnotes":""},"yoast_head":"<!-- This site is optimized with the Yoast SEO plugin v23.5 - https:\/\/yoast.com\/wordpress\/plugins\/seo\/ -->\n<title>Profilage de cannabino\u00efdes - Pharma Lab<\/title>\n<meta name=\"robots\" content=\"index, follow, max-snippet:-1, max-image-preview:large, max-video-preview:-1\" \/>\n<link rel=\"canonical\" href=\"https:\/\/pharma-lab.eu\/fr\/profilage-de-cannabinoides\/\" \/>\n<meta property=\"og:locale\" content=\"fr_FR\" \/>\n<meta property=\"og:type\" content=\"article\" \/>\n<meta property=\"og:title\" content=\"Profilage de cannabino\u00efdes - Pharma Lab\" \/>\n<meta property=\"og:url\" content=\"https:\/\/pharma-lab.eu\/fr\/profilage-de-cannabinoides\/\" \/>\n<meta property=\"og:site_name\" content=\"Pharma Lab\" \/>\n<meta property=\"article:publisher\" content=\"https:\/\/www.facebook.com\/pharmahempstore\" \/>\n<meta property=\"article:modified_time\" content=\"2024-10-15T10:24:43+00:00\" \/>\n<meta name=\"twitter:card\" content=\"summary_large_image\" \/>\n<meta name=\"twitter:label1\" content=\"Dur\u00e9e de lecture estim\u00e9e\" \/>\n\t<meta name=\"twitter:data1\" content=\"2 minutes\" \/>\n<script type=\"application\/ld+json\" class=\"yoast-schema-graph\">{\"@context\":\"https:\/\/schema.org\",\"@graph\":[{\"@type\":\"WebPage\",\"@id\":\"https:\/\/pharma-lab.eu\/fr\/profilage-de-cannabinoides\/\",\"url\":\"https:\/\/pharma-lab.eu\/fr\/profilage-de-cannabinoides\/\",\"name\":\"Profilage de cannabino\u00efdes - Pharma Lab\",\"isPartOf\":{\"@id\":\"https:\/\/pharma-lab.eu\/fr\/#website\"},\"datePublished\":\"2020-12-22T06:43:25+00:00\",\"dateModified\":\"2024-10-15T10:24:43+00:00\",\"breadcrumb\":{\"@id\":\"https:\/\/pharma-lab.eu\/fr\/profilage-de-cannabinoides\/#breadcrumb\"},\"inLanguage\":\"fr-FR\",\"potentialAction\":[{\"@type\":\"ReadAction\",\"target\":[\"https:\/\/pharma-lab.eu\/fr\/profilage-de-cannabinoides\/\"]}]},{\"@type\":\"BreadcrumbList\",\"@id\":\"https:\/\/pharma-lab.eu\/fr\/profilage-de-cannabinoides\/#breadcrumb\",\"itemListElement\":[{\"@type\":\"ListItem\",\"position\":1,\"name\":\"Home\",\"item\":\"https:\/\/pharma-lab.eu\/fr\/\"},{\"@type\":\"ListItem\",\"position\":2,\"name\":\"Profilage de cannabino\u00efdes\"}]},{\"@type\":\"WebSite\",\"@id\":\"https:\/\/pharma-lab.eu\/fr\/#website\",\"url\":\"https:\/\/pharma-lab.eu\/fr\/\",\"name\":\"Pharma Lab\",\"description\":\"Cannabis Testing Laboratory\",\"publisher\":{\"@id\":\"https:\/\/pharma-lab.eu\/fr\/#organization\"},\"potentialAction\":[{\"@type\":\"SearchAction\",\"target\":{\"@type\":\"EntryPoint\",\"urlTemplate\":\"https:\/\/pharma-lab.eu\/fr\/?s={search_term_string}\"},\"query-input\":{\"@type\":\"PropertyValueSpecification\",\"valueRequired\":true,\"valueName\":\"search_term_string\"}}],\"inLanguage\":\"fr-FR\"},{\"@type\":\"Organization\",\"@id\":\"https:\/\/pharma-lab.eu\/fr\/#organization\",\"name\":\"PharmaHemp d.o.o.\",\"url\":\"https:\/\/pharma-lab.eu\/fr\/\",\"logo\":{\"@type\":\"ImageObject\",\"inLanguage\":\"fr-FR\",\"@id\":\"https:\/\/pharma-lab.eu\/fr\/#\/schema\/logo\/image\/\",\"url\":\"https:\/\/pharma-lab.eu\/wp-content\/uploads\/2020\/12\/logo_lab.png\",\"contentUrl\":\"https:\/\/pharma-lab.eu\/wp-content\/uploads\/2020\/12\/logo_lab.png\",\"width\":260,\"height\":83,\"caption\":\"PharmaHemp d.o.o.\"},\"image\":{\"@id\":\"https:\/\/pharma-lab.eu\/fr\/#\/schema\/logo\/image\/\"},\"sameAs\":[\"https:\/\/www.facebook.com\/pharmahempstore\",\"https:\/\/www.instagram.com\/pharmahemp_store\/\"]}]}<\/script>\n<!-- \/ Yoast SEO plugin. -->","yoast_head_json":{"title":"Profilage de cannabino\u00efdes - Pharma Lab","robots":{"index":"index","follow":"follow","max-snippet":"max-snippet:-1","max-image-preview":"max-image-preview:large","max-video-preview":"max-video-preview:-1"},"canonical":"https:\/\/pharma-lab.eu\/fr\/profilage-de-cannabinoides\/","og_locale":"fr_FR","og_type":"article","og_title":"Profilage de cannabino\u00efdes - Pharma Lab","og_url":"https:\/\/pharma-lab.eu\/fr\/profilage-de-cannabinoides\/","og_site_name":"Pharma Lab","article_publisher":"https:\/\/www.facebook.com\/pharmahempstore","article_modified_time":"2024-10-15T10:24:43+00:00","twitter_card":"summary_large_image","twitter_misc":{"Dur\u00e9e de lecture estim\u00e9e":"2 minutes"},"schema":{"@context":"https:\/\/schema.org","@graph":[{"@type":"WebPage","@id":"https:\/\/pharma-lab.eu\/fr\/profilage-de-cannabinoides\/","url":"https:\/\/pharma-lab.eu\/fr\/profilage-de-cannabinoides\/","name":"Profilage de cannabino\u00efdes - Pharma Lab","isPartOf":{"@id":"https:\/\/pharma-lab.eu\/fr\/#website"},"datePublished":"2020-12-22T06:43:25+00:00","dateModified":"2024-10-15T10:24:43+00:00","breadcrumb":{"@id":"https:\/\/pharma-lab.eu\/fr\/profilage-de-cannabinoides\/#breadcrumb"},"inLanguage":"fr-FR","potentialAction":[{"@type":"ReadAction","target":["https:\/\/pharma-lab.eu\/fr\/profilage-de-cannabinoides\/"]}]},{"@type":"BreadcrumbList","@id":"https:\/\/pharma-lab.eu\/fr\/profilage-de-cannabinoides\/#breadcrumb","itemListElement":[{"@type":"ListItem","position":1,"name":"Home","item":"https:\/\/pharma-lab.eu\/fr\/"},{"@type":"ListItem","position":2,"name":"Profilage de cannabino\u00efdes"}]},{"@type":"WebSite","@id":"https:\/\/pharma-lab.eu\/fr\/#website","url":"https:\/\/pharma-lab.eu\/fr\/","name":"Pharma Lab","description":"Cannabis Testing Laboratory","publisher":{"@id":"https:\/\/pharma-lab.eu\/fr\/#organization"},"potentialAction":[{"@type":"SearchAction","target":{"@type":"EntryPoint","urlTemplate":"https:\/\/pharma-lab.eu\/fr\/?s={search_term_string}"},"query-input":{"@type":"PropertyValueSpecification","valueRequired":true,"valueName":"search_term_string"}}],"inLanguage":"fr-FR"},{"@type":"Organization","@id":"https:\/\/pharma-lab.eu\/fr\/#organization","name":"PharmaHemp d.o.o.","url":"https:\/\/pharma-lab.eu\/fr\/","logo":{"@type":"ImageObject","inLanguage":"fr-FR","@id":"https:\/\/pharma-lab.eu\/fr\/#\/schema\/logo\/image\/","url":"https:\/\/pharma-lab.eu\/wp-content\/uploads\/2020\/12\/logo_lab.png","contentUrl":"https:\/\/pharma-lab.eu\/wp-content\/uploads\/2020\/12\/logo_lab.png","width":260,"height":83,"caption":"PharmaHemp d.o.o."},"image":{"@id":"https:\/\/pharma-lab.eu\/fr\/#\/schema\/logo\/image\/"},"sameAs":["https:\/\/www.facebook.com\/pharmahempstore","https:\/\/www.instagram.com\/pharmahemp_store\/"]}]}},"_links":{"self":[{"href":"https:\/\/pharma-lab.eu\/fr\/wp-json\/wp\/v2\/pages\/179737"}],"collection":[{"href":"https:\/\/pharma-lab.eu\/fr\/wp-json\/wp\/v2\/pages"}],"about":[{"href":"https:\/\/pharma-lab.eu\/fr\/wp-json\/wp\/v2\/types\/page"}],"author":[{"embeddable":true,"href":"https:\/\/pharma-lab.eu\/fr\/wp-json\/wp\/v2\/users\/1182"}],"replies":[{"embeddable":true,"href":"https:\/\/pharma-lab.eu\/fr\/wp-json\/wp\/v2\/comments?post=179737"}],"version-history":[{"count":6,"href":"https:\/\/pharma-lab.eu\/fr\/wp-json\/wp\/v2\/pages\/179737\/revisions"}],"predecessor-version":[{"id":185402,"href":"https:\/\/pharma-lab.eu\/fr\/wp-json\/wp\/v2\/pages\/179737\/revisions\/185402"}],"wp:attachment":[{"href":"https:\/\/pharma-lab.eu\/fr\/wp-json\/wp\/v2\/media?parent=179737"}],"curies":[{"name":"wp","href":"https:\/\/api.w.org\/{rel}","templated":true}]}}