{"id":3478,"date":"2020-07-09T07:23:07","date_gmt":"2020-07-09T06:23:07","guid":{"rendered":"https:\/\/ph.owjej.org\/?page_id=3478"},"modified":"2024-10-15T11:34:14","modified_gmt":"2024-10-15T10:34:14","slug":"preguntas-frecuentes","status":"publish","type":"page","link":"https:\/\/pharma-lab.eu\/es\/preguntas-frecuentes\/","title":{"rendered":"Preguntas Frecuentes"},"content":{"rendered":"\n\t<section class=\"section\" id=\"section_168103557\">\n\t\t<div class=\"section-bg fill\" >\n\t\t\t\t\t\t\t\t\t\n\t\t\t\n\n\t\t<\/div>\n\n\t\t\n\n\t\t<div class=\"section-content relative\">\n\t\t\t\n<div class=\"row\"  id=\"row-561747838\">\n\n\t<div id=\"col-173420265\" class=\"col small-12 large-12\"  >\n\t\t\t\t<div class=\"col-inner text-center\"  >\n\t\t\t\n\t\t\t\n\t<div id=\"text-3099352422\" class=\"text\">\n\t\t\n<h1 class=\"mobile-center\" style=\"font-size: 30px; font-weight: bold; font-stretch: normal; font-style: normal; line-height: 2; letter-spacing: normal; color: #000000; text-transform: uppercase;\">PREGUNTAS FRECUENTES<\/h1>\n\t\t\n<style>\n#text-3099352422 {\n  text-align: left;\n}\n<\/style>\n\t<\/div>\n\t\n<div class=\"accordion\">\n\t<div id=\"accordion-1092469434\" class=\"accordion-item ac-panel\">\n\t\t<a id=\"accordion-1092469434-label\" class=\"accordion-title plain\" href=\"#accordion-item-\u00bfqu\u00e9-tipos-de-pruebas-anal\u00edticas-ofrece-el-laboratorio-acs?\" aria-expanded=\"false\" aria-controls=\"accordion-1092469434-content\" >\n\t\t\t<button class=\"toggle\" aria-label=\"Toggle\"><i class=\"icon-angle-down\"><\/i><\/button>\n\t\t\t<span>\u00bfQu\u00e9 tipos de pruebas anal\u00edticas ofrece el Laboratorio ACS?<\/span>\n\t\t<\/a>\n\t\t<div id=\"accordion-1092469434-content\" class=\"accordion-inner\" aria-labelledby=\"accordion-1092469434-label\" >\n\t\t\t\n<p class=\"Body\" style=\"margin-left: 0cm; text-align: left;\"><span lang=\"EN-US\">PharmaHemp Laboratories ofrece perfiles cannabinoides de 16 cannabinoides en una gran variedad de muestras<\/span><\/p>\n\t\t<\/div>\n\t<\/div>\n\t\n\t<div id=\"accordion-2622444130\" class=\"accordion-item ac-panel\">\n\t\t<a id=\"accordion-2622444130-label\" class=\"accordion-title plain\" href=\"#accordion-item-\u00bfqu\u00e9-cannabinoides-se-est\u00e1n-sometiendo-a-pruebas?\" aria-expanded=\"false\" aria-controls=\"accordion-2622444130-content\" >\n\t\t\t<button class=\"toggle\" aria-label=\"Toggle\"><i class=\"icon-angle-down\"><\/i><\/button>\n\t\t\t<span>\u00bfQu\u00e9 cannabinoides se est\u00e1n sometiendo a pruebas?<\/span>\n\t\t<\/a>\n\t\t<div id=\"accordion-2622444130-content\" class=\"accordion-inner\" aria-labelledby=\"accordion-2622444130-label\" >\n\t\t\t\n<ul>\n<li style=\"text-align: left;\"><strong>CBDV &#8211; <\/strong>Cannabidivarina<\/li>\n<li style=\"text-align: left;\"><strong>CBDA &#8211; <\/strong>\u00c1cido cannabidi\u00f3lico<\/li>\n<li style=\"text-align: left;\"><strong>CBGA &#8211; <\/strong>\u00c1cido cannabiger\u00f3lico<\/li>\n<li style=\"text-align: left;\"><strong>CBG &#8211; <\/strong>Cannabigerol<\/li>\n<li style=\"text-align: left;\"><strong>CBD &#8211; <\/strong>Cannabidiol<\/li>\n<li style=\"text-align: left;\"><strong>THCV &#8211; <\/strong>Tetrahidrocannabivarina<\/li>\n<li style=\"text-align: left;\"><strong>CBN &#8211; <\/strong>Cannabinol<\/li>\n<li style=\"text-align: left;\"><strong>CBC &#8211; <\/strong>Cannabicromeno<\/li>\n<li style=\"text-align: left;\"><strong>9-THC &#8211; <\/strong>\u0394-9-Tetrahidrocannabinol<\/li>\n<li style=\"text-align: left;\"><strong>THCA &#8211; <\/strong>\u0394-9-\u00c1cido tetrahidrocannabin\u00f3lico<\/li>\n<li style=\"text-align: left;\"><strong>8-THC &#8211; <\/strong>\u0394-8-Tetrahidrocannabinol<\/li>\n<li style=\"text-align: left;\"><strong>CBL &#8211; <\/strong>Cannabiciclol<\/li>\n<li style=\"text-align: left;\"><strong>CBE &#8211;<\/strong> Cannabielso\u00edna<\/li>\n<li style=\"text-align: left;\"><strong>CBV &#8211;<\/strong> Cannabivarina<\/li>\n<li style=\"text-align: left;\"><strong>CBCA &#8211;<\/strong> \u00c1cido cannabicrom\u00e9nico<\/li>\n<li style=\"text-align: left;\"><strong>CBT &#8211; <\/strong>Cannabicitr\u00e1n<\/li>\n<\/ul>\n\t\t<\/div>\n\t<\/div>\n\t\n\t<div id=\"accordion-3011183395\" class=\"accordion-item ac-panel\">\n\t\t<a id=\"accordion-3011183395-label\" class=\"accordion-title plain\" href=\"#accordion-item-\u00bfqu\u00e9-tipo-de-muestras-puede-analizar?\" aria-expanded=\"false\" aria-controls=\"accordion-3011183395-content\" >\n\t\t\t<button class=\"toggle\" aria-label=\"Toggle\"><i class=\"icon-angle-down\"><\/i><\/button>\n\t\t\t<span>\u00bfQu\u00e9 tipo de muestras puede analizar?<\/span>\n\t\t<\/a>\n\t\t<div id=\"accordion-3011183395-content\" class=\"accordion-inner\" aria-labelledby=\"accordion-3011183395-label\" >\n\t\t\t\n<p class=\"Body\" style=\"margin-left: 0cm; text-align: left;\"><span lang=\"EN-US\">We can test ANY type of sample: flowers, leaves, seeds, resin, oils, extracts, isolates, tinctures, water-soluble formulations, drinks and waters, edibles, creams, lotions, balms, gums, honey, etc.\u00bbPodemos probar CUALQUIER tipo de muestras: flores, hojas, semillas, resina, aceites, extractos, aislados, tinturas, formulaciones hidrosolubles, bebidas alcoh\u00f3licas y no alcoh\u00f3licas infusionadas con CBD o extractos de cannabis, cremas, lociones, b\u00e1lsamos, comestibles, como: brownies, gominolas, miel, etc.<\/span><\/p>\n\t\t<\/div>\n\t<\/div>\n\t\n\t<div id=\"accordion-1818496874\" class=\"accordion-item ac-panel\">\n\t\t<a id=\"accordion-1818496874-label\" class=\"accordion-title plain\" href=\"#accordion-item-\u00bfcu\u00e1l-es-la-cantidad-de-muestra-necesaria-para-realizar-los-an\u00e1lisis?\" aria-expanded=\"false\" aria-controls=\"accordion-1818496874-content\" >\n\t\t\t<button class=\"toggle\" aria-label=\"Toggle\"><i class=\"icon-angle-down\"><\/i><\/button>\n\t\t\t<span>\u00bfCu\u00e1l es la cantidad de muestra necesaria para realizar los an\u00e1lisis?<\/span>\n\t\t<\/a>\n\t\t<div id=\"accordion-1818496874-content\" class=\"accordion-inner\" aria-labelledby=\"accordion-1818496874-label\" >\n\t\t\t\n<ul>\n<li class=\"Body\" style=\"text-align: left;\"><span lang=\"EN-US\">Plant material: 2 grams<\/span><\/li>\n<li class=\"Body\" style=\"text-align: left;\"><span lang=\"EN-US\">Concentrates: 0.5 gram<\/span><\/li>\n<li class=\"Body\" style=\"text-align: left;\"><span lang=\"EN-US\">Infused Products: 1 package<\/span><\/li>\n<li class=\"Body\" style=\"text-align: left;\"><span lang=\"EN-US\">Waters\/Drinks: 30 mL <\/span><\/li>\n<li class=\"Body\" style=\"text-align: left;\"><span lang=\"EN-US\">Edibles: 15 g<\/span><\/li>\n<\/ul>\n\t\t<\/div>\n\t<\/div>\n\t\n\t<div id=\"accordion-3955163592\" class=\"accordion-item ac-panel\">\n\t\t<a id=\"accordion-3955163592-label\" class=\"accordion-title plain\" href=\"#accordion-item-\u00bfc\u00f3mo-puedo-empezar-a-probar-mis-productos-en-pharmahemp-laboratories?\" aria-expanded=\"false\" aria-controls=\"accordion-3955163592-content\" >\n\t\t\t<button class=\"toggle\" aria-label=\"Toggle\"><i class=\"icon-angle-down\"><\/i><\/button>\n\t\t\t<span>\u00bfC\u00f3mo puedo empezar a probar mis productos en PharmaHemp Laboratories?<\/span>\n\t\t<\/a>\n\t\t<div id=\"accordion-3955163592-content\" class=\"accordion-inner\" aria-labelledby=\"accordion-3955163592-label\" >\n\t\t\t\n<p style=\"text-align: left;\">Si est\u00e1 interesado en analizar sus muestras, le invitamos a utilizar nuestra nueva plataforma para el an\u00e1lisis de muestras:<\/p>\n<p style=\"text-align: left;\"><a class=\"mali\" href=\"https:\/\/order.pharma-lab.eu\/\">https:\/\/order.pharma-lab.eu\/<\/a> donde puede registrarse y hacer un pedido. Tras realizar el pedido, marque el paquete de sus muestras con el n\u00famero de pedido y env\u00edelo a nuestro laboratorio.<\/p>\n\t\t<\/div>\n\t<\/div>\n\t\n\t<div id=\"accordion-857898350\" class=\"accordion-item ac-panel\">\n\t\t<a id=\"accordion-857898350-label\" class=\"accordion-title plain\" href=\"#accordion-item-\u00bfc\u00f3mo-env\u00edo-mis-muestras?\" aria-expanded=\"false\" aria-controls=\"accordion-857898350-content\" >\n\t\t\t<button class=\"toggle\" aria-label=\"Toggle\"><i class=\"icon-angle-down\"><\/i><\/button>\n\t\t\t<span>\u00bfC\u00f3mo env\u00edo mis muestras?<\/span>\n\t\t<\/a>\n\t\t<div id=\"accordion-857898350-content\" class=\"accordion-inner\" aria-labelledby=\"accordion-857898350-label\" >\n\t\t\t\n<p class=\"Body\" style=\"margin-left: 0cm; text-align: left;\"><span lang=\"EN-US\">Es muy importante garantizar la integridad de la muestra durante el env\u00edo. Env\u00ede sus muestras en envases reforzados, con cierre herm\u00e9tico y etiquetados que sean adecuados para su matriz de productos. Para evitar que se rompa o se filtre durante el env\u00edo, refuerce sus envases primarios adecuadamente con envoltorio de pl\u00e1stico de burbujas o similar. <\/span><\/p>\n\t\t<\/div>\n\t<\/div>\n\t\n\t<div id=\"accordion-377504179\" class=\"accordion-item ac-panel\">\n\t\t<a id=\"accordion-377504179-label\" class=\"accordion-title plain\" href=\"#accordion-item-\u00bfcu\u00e1l-es-la-direcci\u00f3n-para-los-env\u00edos?\" aria-expanded=\"false\" aria-controls=\"accordion-377504179-content\" >\n\t\t\t<button class=\"toggle\" aria-label=\"Toggle\"><i class=\"icon-angle-down\"><\/i><\/button>\n\t\t\t<span>\u00bfCu\u00e1l es la direcci\u00f3n para los env\u00edos?<\/span>\n\t\t<\/a>\n\t\t<div id=\"accordion-377504179-content\" class=\"accordion-inner\" aria-labelledby=\"accordion-377504179-label\" >\n\t\t\t\n<p class=\"Body\" style=\"margin-left: 0cm; text-align: left;\"><span lang=\"EN-US\">Nuestra direcci\u00f3n es la siguiente: Pharmahemp d.o.o., Cesta v Gorice 8, 1000 Liubliana, Eslovenia.<\/span><\/p>\n\t\t<\/div>\n\t<\/div>\n\t\n\t<div id=\"accordion-864776419\" class=\"accordion-item ac-panel\">\n\t\t<a id=\"accordion-864776419-label\" class=\"accordion-title plain\" href=\"#accordion-item-\u00bfqu\u00e9-precio-tiene-un-an\u00e1lisis?-\u00bfofrecen-un-descuento-por-volumen?\" aria-expanded=\"false\" aria-controls=\"accordion-864776419-content\" >\n\t\t\t<button class=\"toggle\" aria-label=\"Toggle\"><i class=\"icon-angle-down\"><\/i><\/button>\n\t\t\t<span>\u00bfQu\u00e9 precio tiene un an\u00e1lisis? \u00bfOfrecen un descuento por volumen?<\/span>\n\t\t<\/a>\n\t\t<div id=\"accordion-864776419-content\" class=\"accordion-inner\" aria-labelledby=\"accordion-864776419-label\" >\n\t\t\t\n<p style=\"text-align: left;\">El precio del an\u00e1lisis de una muestra es de 35 euros + IVA. Ofrecemos descuentos por volumen, por favor contacte con nuestro equipo para obtener m\u00e1s informaci\u00f3n.<\/p>\n\t\t<\/div>\n\t<\/div>\n\t\n\t<div id=\"accordion-2020363986\" class=\"accordion-item ac-panel\">\n\t\t<a id=\"accordion-2020363986-label\" class=\"accordion-title plain\" href=\"#accordion-item-\u00bfcu\u00e1l-es-el-plazo-de-entrega?\" aria-expanded=\"false\" aria-controls=\"accordion-2020363986-content\" >\n\t\t\t<button class=\"toggle\" aria-label=\"Toggle\"><i class=\"icon-angle-down\"><\/i><\/button>\n\t\t\t<span>\u00bfCu\u00e1l es el plazo de entrega?<\/span>\n\t\t<\/a>\n\t\t<div id=\"accordion-2020363986-content\" class=\"accordion-inner\" aria-labelledby=\"accordion-2020363986-label\" >\n\t\t\t\n<p class=\"Body\" style=\"margin-left: 0cm; text-align: left;\"><span lang=\"EN-US\">Plazo de entrega est\u00e1ndar: de 3 a 10 d\u00edas laborables despu\u00e9s de recibir la muestra (normalmente de 2 a 5 d\u00edas laborables).<\/span><span lang=\"EN-US\"><br \/>\nTiempo de entrega urgente: 24 horas si la muestra llega antes de las 13 h.<\/span><\/p>\n<p class=\"Body\" style=\"margin-left: 0cm; text-align: left;\"><span lang=\"EN-US\">Usted recibir\u00e1 los resultados mediante el correo <a class=\"mali\" href=\"mailto:info@pharma-lab.eu\">electr\u00f3nico.<\/a><\/span><\/p>\n\t\t<\/div>\n\t<\/div>\n\t\n\t<div id=\"accordion-1351513071\" class=\"accordion-item\">\n\t\t<a id=\"accordion-1351513071-label\" class=\"accordion-title plain\" href=\"#accordion-item-\u00bfqu\u00e9-significa-m.i??\" aria-expanded=\"false\" aria-controls=\"accordion-1351513071-content\" >\n\t\t\t<button class=\"toggle\" aria-label=\"Toggle\"><i class=\"icon-angle-down\"><\/i><\/button>\n\t\t\t<span>\u00bfQu\u00e9 significa M.I??<\/span>\n\t\t<\/a>\n\t\t<div id=\"accordion-1351513071-content\" class=\"accordion-inner\" aria-labelledby=\"accordion-1351513071-label\" >\n\t\t\t\n\t<div id=\"text-27825138\" class=\"text\">\n\t\t\n<p style=\"text-align: left;\">M.I es la sigla para referirse a la incertidumbre de la medici\u00f3n. Este par\u00e1metro describe la dispersi\u00f3n estad\u00edstica de los valores atribuidos a una magnitud medida.<\/p>\n\t\t\n<style>\n#text-27825138 {\n  text-align: left;\n}\n<\/style>\n\t<\/div>\n\t\n\t\t<\/div>\n\t<\/div>\n\t\n\t<div id=\"accordion-4245510798\" class=\"accordion-item ac-panel\">\n\t\t<a id=\"accordion-4245510798-label\" class=\"accordion-title plain\" href=\"#accordion-item-\u00bfqu\u00e9-m\u00e9todo-utilizan-para-el-an\u00e1lisis-de-cannabinoides?\" aria-expanded=\"false\" aria-controls=\"accordion-4245510798-content\" >\n\t\t\t<button class=\"toggle\" aria-label=\"Toggle\"><i class=\"icon-angle-down\"><\/i><\/button>\n\t\t\t<span>\u00bfQu\u00e9 m\u00e9todo utilizan para el an\u00e1lisis de cannabinoides?<\/span>\n\t\t<\/a>\n\t\t<div id=\"accordion-4245510798-content\" class=\"accordion-inner\" aria-labelledby=\"accordion-4245510798-label\" >\n\t\t\t\n<p class=\"Body\" style=\"margin-left: 0cm; text-align: left;\"><span lang=\"EN-US\">Nuestros m\u00e9todos utilizan la cromatograf\u00eda l\u00edquida de alto rendimiento acoplada al sistema UV-DAD. Por el momento estamos utilizando dos m\u00e9todos diferentes, uno con detecci\u00f3n a la longitud de onda de 237 nm y otro con detecci\u00f3n a 276 nm. <\/span><\/p>\n\t\t<\/div>\n\t<\/div>\n\t\n<\/div>\n\t\t<\/div>\n\t\t\t\t\t<\/div>\n\n\t\n<\/div>\n\t\t<\/div>\n\n\t\t\n<style>\n#section_168103557 {\n  padding-top: 60px;\n  padding-bottom: 60px;\n  min-height: 82vh;\n}\n<\/style>\n\t<\/section>\n\t\n","protected":false},"excerpt":{"rendered":"","protected":false},"author":1182,"featured_media":0,"parent":0,"menu_order":0,"comment_status":"closed","ping_status":"closed","template":"page-blank.php","meta":{"footnotes":""},"yoast_head":"<!-- This site is optimized with the Yoast SEO plugin v23.5 - https:\/\/yoast.com\/wordpress\/plugins\/seo\/ -->\n<title>Preguntas Frecuentes - PharmaHemp ESP<\/title>\n<meta name=\"description\" content=\"PharmaHemp answers and questions about CBD products and the buying process in the online store.\" \/>\n<meta name=\"robots\" content=\"index, follow, max-snippet:-1, max-image-preview:large, max-video-preview:-1\" \/>\n<link rel=\"canonical\" href=\"https:\/\/pharma-lab.eu\/es\/preguntas-frecuentes\/\" \/>\n<meta property=\"og:locale\" content=\"es_ES\" \/>\n<meta property=\"og:type\" content=\"article\" \/>\n<meta property=\"og:title\" content=\"Preguntas Frecuentes - PharmaHemp ESP\" \/>\n<meta property=\"og:description\" content=\"PharmaHemp answers and questions about CBD products and the buying process in the online store.\" \/>\n<meta property=\"og:url\" content=\"https:\/\/pharma-lab.eu\/es\/preguntas-frecuentes\/\" \/>\n<meta property=\"og:site_name\" content=\"PharmaHemp ESP\" \/>\n<meta property=\"article:publisher\" content=\"https:\/\/www.facebook.com\/pharmahempstore\" \/>\n<meta property=\"article:modified_time\" content=\"2024-10-15T10:34:14+00:00\" \/>\n<meta name=\"twitter:card\" content=\"summary_large_image\" \/>\n<meta name=\"twitter:label1\" content=\"Tiempo de lectura\" \/>\n\t<meta name=\"twitter:data1\" content=\"3 minutos\" \/>\n<script type=\"application\/ld+json\" class=\"yoast-schema-graph\">{\"@context\":\"https:\/\/schema.org\",\"@graph\":[{\"@type\":\"WebPage\",\"@id\":\"https:\/\/pharma-lab.eu\/es\/preguntas-frecuentes\/\",\"url\":\"https:\/\/pharma-lab.eu\/es\/preguntas-frecuentes\/\",\"name\":\"Preguntas Frecuentes - PharmaHemp ESP\",\"isPartOf\":{\"@id\":\"https:\/\/pharma-lab.eu\/es\/#website\"},\"datePublished\":\"2020-07-09T06:23:07+00:00\",\"dateModified\":\"2024-10-15T10:34:14+00:00\",\"description\":\"PharmaHemp answers and questions about CBD products and the buying process in the online store.\",\"breadcrumb\":{\"@id\":\"https:\/\/pharma-lab.eu\/es\/preguntas-frecuentes\/#breadcrumb\"},\"inLanguage\":\"es\",\"potentialAction\":[{\"@type\":\"ReadAction\",\"target\":[\"https:\/\/pharma-lab.eu\/es\/preguntas-frecuentes\/\"]}]},{\"@type\":\"BreadcrumbList\",\"@id\":\"https:\/\/pharma-lab.eu\/es\/preguntas-frecuentes\/#breadcrumb\",\"itemListElement\":[{\"@type\":\"ListItem\",\"position\":1,\"name\":\"Home\",\"item\":\"https:\/\/pharma-lab.eu\/es\/\"},{\"@type\":\"ListItem\",\"position\":2,\"name\":\"Preguntas Frecuentes\"}]},{\"@type\":\"WebSite\",\"@id\":\"https:\/\/pharma-lab.eu\/es\/#website\",\"url\":\"https:\/\/pharma-lab.eu\/es\/\",\"name\":\"PharmaHemp ESP\",\"description\":\"Cannabis Testing Laboratory\",\"publisher\":{\"@id\":\"https:\/\/pharma-lab.eu\/es\/#organization\"},\"potentialAction\":[{\"@type\":\"SearchAction\",\"target\":{\"@type\":\"EntryPoint\",\"urlTemplate\":\"https:\/\/pharma-lab.eu\/es\/?s={search_term_string}\"},\"query-input\":{\"@type\":\"PropertyValueSpecification\",\"valueRequired\":true,\"valueName\":\"search_term_string\"}}],\"inLanguage\":\"es\"},{\"@type\":\"Organization\",\"@id\":\"https:\/\/pharma-lab.eu\/es\/#organization\",\"name\":\"PharmaHemp d.o.o.\",\"url\":\"https:\/\/pharma-lab.eu\/es\/\",\"logo\":{\"@type\":\"ImageObject\",\"inLanguage\":\"es\",\"@id\":\"https:\/\/pharma-lab.eu\/es\/#\/schema\/logo\/image\/\",\"url\":\"https:\/\/pharma-lab.eu\/wp-content\/uploads\/2020\/12\/logo_lab.png\",\"contentUrl\":\"https:\/\/pharma-lab.eu\/wp-content\/uploads\/2020\/12\/logo_lab.png\",\"width\":260,\"height\":83,\"caption\":\"PharmaHemp d.o.o.\"},\"image\":{\"@id\":\"https:\/\/pharma-lab.eu\/es\/#\/schema\/logo\/image\/\"},\"sameAs\":[\"https:\/\/www.facebook.com\/pharmahempstore\",\"https:\/\/www.instagram.com\/pharmahemp_store\/\"]}]}<\/script>\n<!-- \/ Yoast SEO plugin. -->","yoast_head_json":{"title":"Preguntas Frecuentes - PharmaHemp ESP","description":"PharmaHemp answers and questions about CBD products and the buying process in the online store.","robots":{"index":"index","follow":"follow","max-snippet":"max-snippet:-1","max-image-preview":"max-image-preview:large","max-video-preview":"max-video-preview:-1"},"canonical":"https:\/\/pharma-lab.eu\/es\/preguntas-frecuentes\/","og_locale":"es_ES","og_type":"article","og_title":"Preguntas Frecuentes - PharmaHemp ESP","og_description":"PharmaHemp answers and questions about CBD products and the buying process in the online store.","og_url":"https:\/\/pharma-lab.eu\/es\/preguntas-frecuentes\/","og_site_name":"PharmaHemp ESP","article_publisher":"https:\/\/www.facebook.com\/pharmahempstore","article_modified_time":"2024-10-15T10:34:14+00:00","twitter_card":"summary_large_image","twitter_misc":{"Tiempo de lectura":"3 minutos"},"schema":{"@context":"https:\/\/schema.org","@graph":[{"@type":"WebPage","@id":"https:\/\/pharma-lab.eu\/es\/preguntas-frecuentes\/","url":"https:\/\/pharma-lab.eu\/es\/preguntas-frecuentes\/","name":"Preguntas Frecuentes - PharmaHemp ESP","isPartOf":{"@id":"https:\/\/pharma-lab.eu\/es\/#website"},"datePublished":"2020-07-09T06:23:07+00:00","dateModified":"2024-10-15T10:34:14+00:00","description":"PharmaHemp answers and questions about CBD products and the buying process in the online store.","breadcrumb":{"@id":"https:\/\/pharma-lab.eu\/es\/preguntas-frecuentes\/#breadcrumb"},"inLanguage":"es","potentialAction":[{"@type":"ReadAction","target":["https:\/\/pharma-lab.eu\/es\/preguntas-frecuentes\/"]}]},{"@type":"BreadcrumbList","@id":"https:\/\/pharma-lab.eu\/es\/preguntas-frecuentes\/#breadcrumb","itemListElement":[{"@type":"ListItem","position":1,"name":"Home","item":"https:\/\/pharma-lab.eu\/es\/"},{"@type":"ListItem","position":2,"name":"Preguntas Frecuentes"}]},{"@type":"WebSite","@id":"https:\/\/pharma-lab.eu\/es\/#website","url":"https:\/\/pharma-lab.eu\/es\/","name":"PharmaHemp ESP","description":"Cannabis Testing Laboratory","publisher":{"@id":"https:\/\/pharma-lab.eu\/es\/#organization"},"potentialAction":[{"@type":"SearchAction","target":{"@type":"EntryPoint","urlTemplate":"https:\/\/pharma-lab.eu\/es\/?s={search_term_string}"},"query-input":{"@type":"PropertyValueSpecification","valueRequired":true,"valueName":"search_term_string"}}],"inLanguage":"es"},{"@type":"Organization","@id":"https:\/\/pharma-lab.eu\/es\/#organization","name":"PharmaHemp d.o.o.","url":"https:\/\/pharma-lab.eu\/es\/","logo":{"@type":"ImageObject","inLanguage":"es","@id":"https:\/\/pharma-lab.eu\/es\/#\/schema\/logo\/image\/","url":"https:\/\/pharma-lab.eu\/wp-content\/uploads\/2020\/12\/logo_lab.png","contentUrl":"https:\/\/pharma-lab.eu\/wp-content\/uploads\/2020\/12\/logo_lab.png","width":260,"height":83,"caption":"PharmaHemp d.o.o."},"image":{"@id":"https:\/\/pharma-lab.eu\/es\/#\/schema\/logo\/image\/"},"sameAs":["https:\/\/www.facebook.com\/pharmahempstore","https:\/\/www.instagram.com\/pharmahemp_store\/"]}]}},"_links":{"self":[{"href":"https:\/\/pharma-lab.eu\/es\/wp-json\/wp\/v2\/pages\/3478"}],"collection":[{"href":"https:\/\/pharma-lab.eu\/es\/wp-json\/wp\/v2\/pages"}],"about":[{"href":"https:\/\/pharma-lab.eu\/es\/wp-json\/wp\/v2\/types\/page"}],"author":[{"embeddable":true,"href":"https:\/\/pharma-lab.eu\/es\/wp-json\/wp\/v2\/users\/1182"}],"replies":[{"embeddable":true,"href":"https:\/\/pharma-lab.eu\/es\/wp-json\/wp\/v2\/comments?post=3478"}],"version-history":[{"count":6,"href":"https:\/\/pharma-lab.eu\/es\/wp-json\/wp\/v2\/pages\/3478\/revisions"}],"predecessor-version":[{"id":185416,"href":"https:\/\/pharma-lab.eu\/es\/wp-json\/wp\/v2\/pages\/3478\/revisions\/185416"}],"wp:attachment":[{"href":"https:\/\/pharma-lab.eu\/es\/wp-json\/wp\/v2\/media?parent=3478"}],"curies":[{"name":"wp","href":"https:\/\/api.w.org\/{rel}","templated":true}]}}