{"id":179604,"date":"2020-12-08T08:07:09","date_gmt":"2020-12-08T07:07:09","guid":{"rendered":"https:\/\/pharma-lab.eu\/accreditation\/"},"modified":"2024-10-15T11:53:28","modified_gmt":"2024-10-15T10:53:28","slug":"garantia-de-calidad","status":"publish","type":"page","link":"https:\/\/pharma-lab.eu\/es\/garantia-de-calidad\/","title":{"rendered":"Garant\u00eda de calidad"},"content":{"rendered":"\n\t<section class=\"section\" id=\"section_610606415\">\n\t\t<div class=\"section-bg fill\" >\n\t\t\t\t\t\t\t\t\t\n\t\t\t\n\n\t\t<\/div>\n\n\t\t\n\n\t\t<div class=\"section-content relative\">\n\t\t\t\n\t<div id=\"gap-1848087395\" class=\"gap-element clearfix\" style=\"display:block; height:auto;\">\n\t\t\n<style>\n#gap-1848087395 {\n  padding-top: 30px;\n}\n<\/style>\n\t<\/div>\n\t\n<div class=\"row align-center\"  id=\"row-307537136\">\n\n\t<div id=\"col-1052127220\" class=\"col medium-12 small-12 large-5\"  >\n\t\t\t\t<div class=\"col-inner text-left\"  >\n\t\t\t\n\t\t\t\n\t<div id=\"gap-975959601\" class=\"gap-element clearfix\" style=\"display:block; height:auto;\">\n\t\t\n<style>\n#gap-975959601 {\n  padding-top: 30px;\n}\n<\/style>\n\t<\/div>\n\t\n\t<div id=\"gap-212543214\" class=\"gap-element clearfix\" style=\"display:block; height:auto;\">\n\t\t\n<style>\n#gap-212543214 {\n  padding-top: 30px;\n}\n<\/style>\n\t<\/div>\n\t\n\t<div id=\"gap-1829936668\" class=\"gap-element clearfix\" style=\"display:block; height:auto;\">\n\t\t\n<style>\n#gap-1829936668 {\n  padding-top: 30px;\n}\n<\/style>\n\t<\/div>\n\t\n\t<div id=\"gap-1384426823\" class=\"gap-element clearfix\" style=\"display:block; height:auto;\">\n\t\t\n<style>\n#gap-1384426823 {\n  padding-top: 30px;\n}\n<\/style>\n\t<\/div>\n\t\n\t<div id=\"gap-123867282\" class=\"gap-element clearfix\" style=\"display:block; height:auto;\">\n\t\t\n<style>\n#gap-123867282 {\n  padding-top: 30px;\n}\n<\/style>\n\t<\/div>\n\t\n\t\t<\/div>\n\t\t\t\t\t<\/div>\n\n\t\n\n\t<div id=\"col-751448726\" class=\"col hide-for-medium medium-1 small-12 large-1\"  >\n\t\t\t\t<div class=\"col-inner\"  >\n\t\t\t\n\t\t\t\n\t\t<\/div>\n\t\t\t\t\t<\/div>\n\n\t\n\n\t<div id=\"col-277716650\" class=\"col medium-12 small-12 large-6\"  >\n\t\t\t\t<div class=\"col-inner\"  >\n\t\t\t\n\t\t\t\n\t<div id=\"gap-1089851536\" class=\"gap-element clearfix\" style=\"display:block; height:auto;\">\n\t\t\n<style>\n#gap-1089851536 {\n  padding-top: 30px;\n}\n<\/style>\n\t<\/div>\n\t\n<p><strong>Los an\u00e1lisis de laboratorio se realizan de conformidad con la norma ISO\/IEC 17025:2017.<\/strong><\/p>\n<p>PharmaHemp Laboratories proporciona determinaciones cuantitativas de los cannabinoides m\u00e1s importantes. Los m\u00e9todos y procedimientos est\u00e1n validados, lo que demuestra la m\u00e1xima competencia para proporcionar resultados precisos de las pruebas.<\/p>\n\t\t<\/div>\n\t\t\t\t\t<\/div>\n\n\t\n<\/div>\n\t\t<\/div>\n\n\t\t\n<style>\n#section_610606415 {\n  padding-top: 30px;\n  padding-bottom: 30px;\n  background-color: #b0db73;\n}\n<\/style>\n\t<\/section>\n\t\n\n\t<section class=\"section\" id=\"section_804474348\">\n\t\t<div class=\"section-bg fill\" >\n\t\t\t\t\t\t\t\t\t\n\t\t\t\n\n\t\t<\/div>\n\n\t\t\n\n\t\t<div class=\"section-content relative\">\n\t\t\t\n\t<div id=\"gap-708216770\" class=\"gap-element clearfix\" style=\"display:block; height:auto;\">\n\t\t\n<style>\n#gap-708216770 {\n  padding-top: 30px;\n}\n<\/style>\n\t<\/div>\n\t\n<div class=\"row align-middle\"  id=\"row-806544040\">\n\n\t<div id=\"col-704712353\" class=\"col medium-12 small-12 large-6\"  >\n\t\t\t\t<div class=\"col-inner\"  >\n\t\t\t\n\t\t\t\n<h2>PREMIOS DE GARANT\u00cdA DE LA CALIDAD<\/h2>\n<p>PharmaHemp Laboratories participa en los programas de Comparaci\u00f3n Interlaboratorios y Pruebas de Competencia (ILC\/PT) para las instalaciones de pruebas de c\u00e1\u00f1amo y cannabis. Le aporta a la industria del cannabis un est\u00e1ndar bien establecido para las pruebas que se encuentran en las industrias de pruebas medioambientales, alimentarias, farmac\u00e9uticas, del agua y petroqu\u00edmicas. Gracias a la participaci\u00f3n de laboratorios de todo el mundo, la ILC\/PT ayuda a establecer un punto de referencia en la industria para las pruebas de cannabis.<\/p>\n<p>En una de las \u00faltimas pruebas de ILC\/PT, PharmaHemp Laboratories fue galardonado con las insignias de prueba Emerald, tanto por la potencia del aceite de c\u00e1\u00f1amo como por la potencia de los cogollos de c\u00e1\u00f1amo.<\/p>\n\t\t<\/div>\n\t\t\t\t\t<\/div>\n\n\t\n\n\t<div id=\"col-1103356592\" class=\"col medium-12 small-12 large-5\"  >\n\t\t\t\t<div class=\"col-inner text-center\"  >\n\t\t\t\n\t\t\t\n<div class=\"row align-middle\"  id=\"row-1365358631\">\n\n\t<div id=\"col-1156240249\" class=\"col medium-5 small-12 large-6\"  >\n\t\t\t\t<div class=\"col-inner\"  >\n\t\t\t\n\t\t\t\n\t<div class=\"img has-hover x md-x lg-x y md-y lg-y\" id=\"image_1592118757\">\n\t\t\t\t\t\t\t\t<div class=\"img-inner dark\" >\n\t\t\t<img decoding=\"async\" width=\"930\" height=\"618\" src=\"https:\/\/pharma-lab.eu\/wp-content\/uploads\/2020\/12\/ESC-Potency_Hemp_Bud-Pharmahemp-Fall2019@3x.png\" class=\"attachment-large size-large\" alt=\"\" srcset=\"https:\/\/pharma-lab.eu\/wp-content\/uploads\/2020\/12\/ESC-Potency_Hemp_Bud-Pharmahemp-Fall2019@3x.png 930w, https:\/\/pharma-lab.eu\/wp-content\/uploads\/2020\/12\/ESC-Potency_Hemp_Bud-Pharmahemp-Fall2019@3x-602x400.png 602w, https:\/\/pharma-lab.eu\/wp-content\/uploads\/2020\/12\/ESC-Potency_Hemp_Bud-Pharmahemp-Fall2019@3x-350x233.png 350w, https:\/\/pharma-lab.eu\/wp-content\/uploads\/2020\/12\/ESC-Potency_Hemp_Bud-Pharmahemp-Fall2019@3x-768x510.png 768w\" sizes=\"(max-width: 930px) 100vw, 930px\" \/>\t\t\t\t\t\t\n\t\t\t\t\t<\/div>\n\t\t\t\t\t\t\t\t\n<style>\n#image_1592118757 {\n  width: 100%;\n}\n<\/style>\n\t<\/div>\n\t\n\t\t<\/div>\n\t\t\t\t\t<\/div>\n\n\t\n\n\t<div id=\"col-985558695\" class=\"col medium-5 small-12 large-6\"  >\n\t\t\t\t<div class=\"col-inner\"  >\n\t\t\t\n\t\t\t\n\t<div class=\"img has-hover x md-x lg-x y md-y lg-y\" id=\"image_1007347676\">\n\t\t\t\t\t\t\t\t<div class=\"img-inner dark\" >\n\t\t\t<img decoding=\"async\" width=\"927\" height=\"618\" src=\"https:\/\/pharma-lab.eu\/wp-content\/uploads\/2020\/12\/ESC-Potency_Hemp_Oil-Pharmahemp-Fall2019@3x.png\" class=\"attachment-large size-large\" alt=\"\" srcset=\"https:\/\/pharma-lab.eu\/wp-content\/uploads\/2020\/12\/ESC-Potency_Hemp_Oil-Pharmahemp-Fall2019@3x.png 927w, https:\/\/pharma-lab.eu\/wp-content\/uploads\/2020\/12\/ESC-Potency_Hemp_Oil-Pharmahemp-Fall2019@3x-600x400.png 600w, https:\/\/pharma-lab.eu\/wp-content\/uploads\/2020\/12\/ESC-Potency_Hemp_Oil-Pharmahemp-Fall2019@3x-350x233.png 350w, https:\/\/pharma-lab.eu\/wp-content\/uploads\/2020\/12\/ESC-Potency_Hemp_Oil-Pharmahemp-Fall2019@3x-768x512.png 768w\" sizes=\"(max-width: 927px) 100vw, 927px\" \/>\t\t\t\t\t\t\n\t\t\t\t\t<\/div>\n\t\t\t\t\t\t\t\t\n<style>\n#image_1007347676 {\n  width: 100%;\n}\n<\/style>\n\t<\/div>\n\t\n\t\t<\/div>\n\t\t\t\t\t<\/div>\n\n\t\n\n\t<div id=\"col-117366440\" class=\"col medium-4 small-12 large-4\"  >\n\t\t\t\t<div class=\"col-inner text-center\"  >\n\t\t\t\n\t\t\t\n\t<div class=\"img has-hover x md-x lg-x y md-y lg-y\" id=\"image_62633172\">\n\t\t\t\t\t\t\t\t<div class=\"img-inner image-cover dark\" style=\"padding-top:100%;\">\n\t\t\t<img decoding=\"async\" width=\"1536\" height=\"1536\" src=\"https:\/\/pharma-lab.eu\/wp-content\/uploads\/2023\/02\/ESC_Fall22_PotencyinHempOil_Pharmahemp_Bia-1536x1536.png\" class=\"attachment-1536x1536 size-1536x1536\" alt=\"\" srcset=\"https:\/\/pharma-lab.eu\/wp-content\/uploads\/2023\/02\/ESC_Fall22_PotencyinHempOil_Pharmahemp_Bia-1536x1536.png 1536w, https:\/\/pharma-lab.eu\/wp-content\/uploads\/2023\/02\/ESC_Fall22_PotencyinHempOil_Pharmahemp_Bia-400x400.png 400w, https:\/\/pharma-lab.eu\/wp-content\/uploads\/2023\/02\/ESC_Fall22_PotencyinHempOil_Pharmahemp_Bia-800x800.png 800w, https:\/\/pharma-lab.eu\/wp-content\/uploads\/2023\/02\/ESC_Fall22_PotencyinHempOil_Pharmahemp_Bia-350x350.png 350w, https:\/\/pharma-lab.eu\/wp-content\/uploads\/2023\/02\/ESC_Fall22_PotencyinHempOil_Pharmahemp_Bia-768x768.png 768w, https:\/\/pharma-lab.eu\/wp-content\/uploads\/2023\/02\/ESC_Fall22_PotencyinHempOil_Pharmahemp_Bia-2048x2048.png 2048w\" sizes=\"(max-width: 1536px) 100vw, 1536px\" \/>\t\t\t\t\t\t\n\t\t\t\t\t<\/div>\n\t\t\t\t\t\t\t\t\n<style>\n#image_62633172 {\n  width: 100%;\n}\n<\/style>\n\t<\/div>\n\t\n\t\t<\/div>\n\t\t\t\t\n<style>\n#col-117366440 > .col-inner {\n  padding: 2px 0px 12px 0px;\n  margin: 2px -1px -44px 2px;\n}\n<\/style>\n\t<\/div>\n\n\t\n<\/div>\n\t\t<\/div>\n\t\t\t\t\t<\/div>\n\n\t\n<\/div>\n\t\t<\/div>\n\n\t\t\n<style>\n#section_804474348 {\n  padding-top: 30px;\n  padding-bottom: 30px;\n  background-color: rgb(255, 255, 255);\n}\n<\/style>\n\t<\/section>\n\t\n","protected":false},"excerpt":{"rendered":"","protected":false},"author":1182,"featured_media":0,"parent":0,"menu_order":0,"comment_status":"closed","ping_status":"closed","template":"page-blank.php","meta":{"footnotes":""},"yoast_head":"<!-- This site is optimized with the Yoast SEO plugin v23.5 - https:\/\/yoast.com\/wordpress\/plugins\/seo\/ -->\n<title>Garant\u00eda de calidad - PharmaHemp ESP<\/title>\n<meta name=\"robots\" content=\"index, follow, max-snippet:-1, max-image-preview:large, max-video-preview:-1\" \/>\n<link rel=\"canonical\" href=\"https:\/\/pharma-lab.eu\/es\/garantia-de-calidad\/\" \/>\n<meta property=\"og:locale\" content=\"es_ES\" \/>\n<meta property=\"og:type\" content=\"article\" \/>\n<meta property=\"og:title\" content=\"Garant\u00eda de calidad - PharmaHemp ESP\" \/>\n<meta property=\"og:url\" content=\"https:\/\/pharma-lab.eu\/es\/garantia-de-calidad\/\" \/>\n<meta property=\"og:site_name\" content=\"PharmaHemp ESP\" \/>\n<meta property=\"article:publisher\" content=\"https:\/\/www.facebook.com\/pharmahempstore\" \/>\n<meta property=\"article:modified_time\" content=\"2024-10-15T10:53:28+00:00\" \/>\n<meta name=\"twitter:card\" content=\"summary_large_image\" \/>\n<meta name=\"twitter:label1\" content=\"Tiempo de lectura\" \/>\n\t<meta name=\"twitter:data1\" content=\"2 minutos\" \/>\n<script type=\"application\/ld+json\" class=\"yoast-schema-graph\">{\"@context\":\"https:\/\/schema.org\",\"@graph\":[{\"@type\":\"WebPage\",\"@id\":\"https:\/\/pharma-lab.eu\/es\/garantia-de-calidad\/\",\"url\":\"https:\/\/pharma-lab.eu\/es\/garantia-de-calidad\/\",\"name\":\"Garant\u00eda de calidad - PharmaHemp ESP\",\"isPartOf\":{\"@id\":\"https:\/\/pharma-lab.eu\/es\/#website\"},\"datePublished\":\"2020-12-08T07:07:09+00:00\",\"dateModified\":\"2024-10-15T10:53:28+00:00\",\"breadcrumb\":{\"@id\":\"https:\/\/pharma-lab.eu\/es\/garantia-de-calidad\/#breadcrumb\"},\"inLanguage\":\"es\",\"potentialAction\":[{\"@type\":\"ReadAction\",\"target\":[\"https:\/\/pharma-lab.eu\/es\/garantia-de-calidad\/\"]}]},{\"@type\":\"BreadcrumbList\",\"@id\":\"https:\/\/pharma-lab.eu\/es\/garantia-de-calidad\/#breadcrumb\",\"itemListElement\":[{\"@type\":\"ListItem\",\"position\":1,\"name\":\"Home\",\"item\":\"https:\/\/pharma-lab.eu\/es\/\"},{\"@type\":\"ListItem\",\"position\":2,\"name\":\"Garant\u00eda de calidad\"}]},{\"@type\":\"WebSite\",\"@id\":\"https:\/\/pharma-lab.eu\/es\/#website\",\"url\":\"https:\/\/pharma-lab.eu\/es\/\",\"name\":\"PharmaHemp ESP\",\"description\":\"Cannabis Testing Laboratory\",\"publisher\":{\"@id\":\"https:\/\/pharma-lab.eu\/es\/#organization\"},\"potentialAction\":[{\"@type\":\"SearchAction\",\"target\":{\"@type\":\"EntryPoint\",\"urlTemplate\":\"https:\/\/pharma-lab.eu\/es\/?s={search_term_string}\"},\"query-input\":{\"@type\":\"PropertyValueSpecification\",\"valueRequired\":true,\"valueName\":\"search_term_string\"}}],\"inLanguage\":\"es\"},{\"@type\":\"Organization\",\"@id\":\"https:\/\/pharma-lab.eu\/es\/#organization\",\"name\":\"PharmaHemp d.o.o.\",\"url\":\"https:\/\/pharma-lab.eu\/es\/\",\"logo\":{\"@type\":\"ImageObject\",\"inLanguage\":\"es\",\"@id\":\"https:\/\/pharma-lab.eu\/es\/#\/schema\/logo\/image\/\",\"url\":\"https:\/\/pharma-lab.eu\/wp-content\/uploads\/2020\/12\/logo_lab.png\",\"contentUrl\":\"https:\/\/pharma-lab.eu\/wp-content\/uploads\/2020\/12\/logo_lab.png\",\"width\":260,\"height\":83,\"caption\":\"PharmaHemp d.o.o.\"},\"image\":{\"@id\":\"https:\/\/pharma-lab.eu\/es\/#\/schema\/logo\/image\/\"},\"sameAs\":[\"https:\/\/www.facebook.com\/pharmahempstore\",\"https:\/\/www.instagram.com\/pharmahemp_store\/\"]}]}<\/script>\n<!-- \/ Yoast SEO plugin. -->","yoast_head_json":{"title":"Garant\u00eda de calidad - PharmaHemp ESP","robots":{"index":"index","follow":"follow","max-snippet":"max-snippet:-1","max-image-preview":"max-image-preview:large","max-video-preview":"max-video-preview:-1"},"canonical":"https:\/\/pharma-lab.eu\/es\/garantia-de-calidad\/","og_locale":"es_ES","og_type":"article","og_title":"Garant\u00eda de calidad - PharmaHemp ESP","og_url":"https:\/\/pharma-lab.eu\/es\/garantia-de-calidad\/","og_site_name":"PharmaHemp ESP","article_publisher":"https:\/\/www.facebook.com\/pharmahempstore","article_modified_time":"2024-10-15T10:53:28+00:00","twitter_card":"summary_large_image","twitter_misc":{"Tiempo de lectura":"2 minutos"},"schema":{"@context":"https:\/\/schema.org","@graph":[{"@type":"WebPage","@id":"https:\/\/pharma-lab.eu\/es\/garantia-de-calidad\/","url":"https:\/\/pharma-lab.eu\/es\/garantia-de-calidad\/","name":"Garant\u00eda de calidad - PharmaHemp ESP","isPartOf":{"@id":"https:\/\/pharma-lab.eu\/es\/#website"},"datePublished":"2020-12-08T07:07:09+00:00","dateModified":"2024-10-15T10:53:28+00:00","breadcrumb":{"@id":"https:\/\/pharma-lab.eu\/es\/garantia-de-calidad\/#breadcrumb"},"inLanguage":"es","potentialAction":[{"@type":"ReadAction","target":["https:\/\/pharma-lab.eu\/es\/garantia-de-calidad\/"]}]},{"@type":"BreadcrumbList","@id":"https:\/\/pharma-lab.eu\/es\/garantia-de-calidad\/#breadcrumb","itemListElement":[{"@type":"ListItem","position":1,"name":"Home","item":"https:\/\/pharma-lab.eu\/es\/"},{"@type":"ListItem","position":2,"name":"Garant\u00eda de calidad"}]},{"@type":"WebSite","@id":"https:\/\/pharma-lab.eu\/es\/#website","url":"https:\/\/pharma-lab.eu\/es\/","name":"PharmaHemp ESP","description":"Cannabis Testing Laboratory","publisher":{"@id":"https:\/\/pharma-lab.eu\/es\/#organization"},"potentialAction":[{"@type":"SearchAction","target":{"@type":"EntryPoint","urlTemplate":"https:\/\/pharma-lab.eu\/es\/?s={search_term_string}"},"query-input":{"@type":"PropertyValueSpecification","valueRequired":true,"valueName":"search_term_string"}}],"inLanguage":"es"},{"@type":"Organization","@id":"https:\/\/pharma-lab.eu\/es\/#organization","name":"PharmaHemp d.o.o.","url":"https:\/\/pharma-lab.eu\/es\/","logo":{"@type":"ImageObject","inLanguage":"es","@id":"https:\/\/pharma-lab.eu\/es\/#\/schema\/logo\/image\/","url":"https:\/\/pharma-lab.eu\/wp-content\/uploads\/2020\/12\/logo_lab.png","contentUrl":"https:\/\/pharma-lab.eu\/wp-content\/uploads\/2020\/12\/logo_lab.png","width":260,"height":83,"caption":"PharmaHemp d.o.o."},"image":{"@id":"https:\/\/pharma-lab.eu\/es\/#\/schema\/logo\/image\/"},"sameAs":["https:\/\/www.facebook.com\/pharmahempstore","https:\/\/www.instagram.com\/pharmahemp_store\/"]}]}},"_links":{"self":[{"href":"https:\/\/pharma-lab.eu\/es\/wp-json\/wp\/v2\/pages\/179604"}],"collection":[{"href":"https:\/\/pharma-lab.eu\/es\/wp-json\/wp\/v2\/pages"}],"about":[{"href":"https:\/\/pharma-lab.eu\/es\/wp-json\/wp\/v2\/types\/page"}],"author":[{"embeddable":true,"href":"https:\/\/pharma-lab.eu\/es\/wp-json\/wp\/v2\/users\/1182"}],"replies":[{"embeddable":true,"href":"https:\/\/pharma-lab.eu\/es\/wp-json\/wp\/v2\/comments?post=179604"}],"version-history":[{"count":7,"href":"https:\/\/pharma-lab.eu\/es\/wp-json\/wp\/v2\/pages\/179604\/revisions"}],"predecessor-version":[{"id":185433,"href":"https:\/\/pharma-lab.eu\/es\/wp-json\/wp\/v2\/pages\/179604\/revisions\/185433"}],"wp:attachment":[{"href":"https:\/\/pharma-lab.eu\/es\/wp-json\/wp\/v2\/media?parent=179604"}],"curies":[{"name":"wp","href":"https:\/\/api.w.org\/{rel}","templated":true}]}}