{"id":179581,"date":"2020-12-22T07:43:25","date_gmt":"2020-12-22T06:43:25","guid":{"rendered":"https:\/\/pharma-lab.eu\/cannabinoid-profiling\/"},"modified":"2024-10-15T11:26:08","modified_gmt":"2024-10-15T10:26:08","slug":"analisis-de-cannabinoides","status":"publish","type":"page","link":"https:\/\/pharma-lab.eu\/es\/analisis-de-cannabinoides\/","title":{"rendered":"An\u00e1lisis De Cannabinoides"},"content":{"rendered":"\n\t<section class=\"section\" id=\"section_952013054\">\n\t\t<div class=\"section-bg fill\" >\n\t\t\t<img decoding=\"async\" width=\"5760\" height=\"2151\" src=\"https:\/\/pharma-lab.eu\/wp-content\/uploads\/2020\/12\/Component-6-\u2013-1@3x.png\" class=\"bg attachment- size-\" alt=\"\" \/>\t\t\t\t\t\t\n\t\t\t\n\n\t\t<\/div>\n\n\t\t\n\n\t\t<div class=\"section-content relative\">\n\t\t\t\n\t<div id=\"gap-1705046697\" class=\"gap-element clearfix\" style=\"display:block; height:auto;\">\n\t\t\n<style>\n#gap-1705046697 {\n  padding-top: 30px;\n}\n<\/style>\n\t<\/div>\n\t\n<div class=\"row align-center\"  id=\"row-1240428838\">\n\n\t<div id=\"col-1863787442\" class=\"col medium-6 small-12 large-6\"  >\n\t\t\t\t<div class=\"col-inner\"  >\n\t\t\t\n\t\t\t\n<h2 class=\"uppercase\"><span lang=\"SL\"><b>AN\u00c1LISIS DE CANNABINOIDES: AN\u00c1LISIS DETALLADO DE LOS PRINCIPALES CANNABINOIDES<\/b><\/span><\/h2>\n\t\t<\/div>\n\t\t\t\t\t<\/div>\n\n\t\n\n\t<div id=\"col-205904648\" class=\"col medium-6 small-12 large-6\"  >\n\t\t\t\t<div class=\"col-inner\"  >\n\t\t\t\n\t\t\t\n<p>Proporcionamos 16 perfiles de cannabinoides precisos. Realizamos an\u00e1lisis en soluciones HPLC de \u00faltima generaci\u00f3n, utilizando m\u00e9todos propios validados de acuerdo con las directrices ICH y USP. Somos capaces de probar todo tipo de matrices &#8211; flores, hojas, semillas, resina, aceites, extractos, aislados, tinturas, formulaciones hidrosolubles, bebidas alcoh\u00f3licas y no alcoh\u00f3licas infusionadas con CBD (por sus siglas en ingl\u00e9s) o extractos de cannabis, cremas, lociones, b\u00e1lsamos, comestibles como: brownies, gominolas, miel, etc.<\/p>\n\t<div id=\"gap-1357223162\" class=\"gap-element clearfix\" style=\"display:block; height:auto;\">\n\t\t\n<style>\n#gap-1357223162 {\n  padding-top: 20px;\n}\n<\/style>\n\t<\/div>\n\t\n<a href=\"https:\/\/order.pharma-lab.eu\/?ui-culture=es-ES\" class=\"button primary is-large black-btn\"  >\n\t\t<span>ANALIZAR AHORA<\/span>\n\t<\/a>\n\n\t\t<\/div>\n\t\t\t\t\t<\/div>\n\n\t\n<\/div>\n\t\t<\/div>\n\n\t\t\n<style>\n#section_952013054 {\n  padding-top: 30px;\n  padding-bottom: 30px;\n}\n#section_952013054 .section-bg img {\n  object-position: 50% 50%;\n}\n<\/style>\n\t<\/section>\n\t\n\n\t<section class=\"section\" id=\"section_110716194\">\n\t\t<div class=\"section-bg fill\" >\n\t\t\t\t\t\t\t\t\t<div class=\"section-bg-overlay absolute fill\"><\/div>\n\t\t\t\n\t<div class=\"is-border\"\n\t\tstyle=\"border-width:1px 0px 1px 0px;\">\n\t<\/div>\n\n\t\t<\/div>\n\n\t\t\n\n\t\t<div class=\"section-content relative\">\n\t\t\t\n\t<div id=\"gap-704116892\" class=\"gap-element clearfix\" style=\"display:block; height:auto;\">\n\t\t\n<style>\n#gap-704116892 {\n  padding-top: 30px;\n}\n<\/style>\n\t<\/div>\n\t\n<div class=\"row row-large align-middle\"  id=\"row-1212181796\">\n\n\t<div id=\"col-2098492491\" class=\"col medium-6 small-12 large-6\"  >\n\t\t\t\t<div class=\"col-inner\"  >\n\t\t\t\n\t\t\t\n<h2>Prueba de cannabinoides mediante HPLC<\/h2>\n<p>La cromatograf\u00eda l\u00edquida de alta resoluci\u00f3n (HPLC, por sus siglas en ingl\u00e9s) es la metodolog\u00eda preferida para la elaboraci\u00f3n de perfiles de cannabinoides y la determinaci\u00f3n de la potencia, ya que no utiliza calor, lo que permite identificar y cuantificar tanto los cannabinoides \u00e1cidos como los neutros. Este es el m\u00e9todo m\u00e1s potente y est\u00e1 considerado como la referencia para la determinaci\u00f3n de cannabinoides.<\/p>\n\t\t<\/div>\n\t\t\t\t\t<\/div>\n\n\t\n\n\t<div id=\"col-901903545\" class=\"col hide-for-small medium-6 small-12 large-6\"  >\n\t\t\t\t<div class=\"col-inner text-left\"  >\n\t\t\t\n\t\t\t\n<h2>16 cannabinoides<\/h2>\n<div class=\"row\"  id=\"row-1255416909\">\n\n\t<div id=\"col-833595475\" class=\"col medium-4 small-12 large-4\"  >\n\t\t\t\t<div class=\"col-inner\"  >\n\t\t\t\n\t\t\t\n<ul>\n<li>CBDV<\/li>\n<li>CBDA<\/li>\n<li>CBGA<\/li>\n<li>THCA<\/li>\n<li>CBV<\/li>\n<li>CBE<\/li>\n<\/ul>\n\t\t<\/div>\n\t\t\t\t\t<\/div>\n\n\t\n\n\t<div id=\"col-1847304521\" class=\"col medium-4 small-12 large-4\"  >\n\t\t\t\t<div class=\"col-inner\"  >\n\t\t\t\n\t\t\t\n<ul>\n<li>CBG<\/li>\n<li>CBD<\/li>\n<li>8-THC<\/li>\n<li>9-THC<\/li>\n<li>CBT<\/li>\n<\/ul>\n\t\t<\/div>\n\t\t\t\t\t<\/div>\n\n\t\n\n\t<div id=\"col-1756716632\" class=\"col medium-4 small-12 large-4\"  >\n\t\t\t\t<div class=\"col-inner\"  >\n\t\t\t\n\t\t\t\n<ul>\n<li>THCV<\/li>\n<li>CBN<\/li>\n<li>CBL<\/li>\n<li>CBC<\/li>\n<li>CBCA<\/li>\n<\/ul>\n\t\t<\/div>\n\t\t\t\t\t<\/div>\n\n\t\n<\/div>\n\t\t<\/div>\n\t\t\t\t\t<\/div>\n\n\t\n\n\t<div id=\"col-1159082045\" class=\"col show-for-small medium-6 small-12 large-6\"  >\n\t\t\t\t<div class=\"col-inner text-left\"  >\n\t\t\t\n\t\t\t\n<h2>16 cannabinoides<\/h2>\n<div class=\"row\"  id=\"row-1589294611\">\n\n\t<div id=\"col-196942804\" class=\"col medium-4 small-12 large-4\"  >\n\t\t\t\t<div class=\"col-inner\"  >\n\t\t\t\n\t\t\t\n<ul>\n<li>CBDV<\/li>\n<li>CBDA<\/li>\n<li>CBGA<\/li>\n<li>THCA<\/li>\n<li>CBG<\/li>\n<li>CBD<\/li>\n<li>8-THC<\/li>\n<li>9-THC<\/li>\n<li>THCV<\/li>\n<li>CBN<\/li>\n<li>CBL<\/li>\n<li>CBC<\/li>\n<li>CBE*<\/li>\n<li>CBV*<\/li>\n<li>CBCA*<\/li>\n<li>CBT*<\/li>\n<\/ul>\n\t\t<\/div>\n\t\t\t\t\t<\/div>\n\n\t\n<\/div>\n\t\t<\/div>\n\t\t\t\t\t<\/div>\n\n\t\n\n\t<div id=\"col-331967146\" class=\"col small-12 large-12\"  >\n\t\t\t\t<div class=\"col-inner\"  >\n\t\t\t\n\t\t\t\n<div class=\"text-center\"><div class=\"is-divider divider clearfix\" style=\"margin-top:0px;margin-bottom:0px;max-width:100%;height:2px;background-color:rgb(213, 213, 213);\"><\/div><\/div>\n\t\t<\/div>\n\t\t\t\t\t<\/div>\n\n\t\n<\/div>\n\t<div id=\"gap-907771788\" class=\"gap-element clearfix\" style=\"display:block; height:auto;\">\n\t\t\n<style>\n#gap-907771788 {\n  padding-top: 30px;\n}\n<\/style>\n\t<\/div>\n\t\n<div class=\"row row-large\"  id=\"row-609445871\">\n\n\t<div id=\"col-1324909730\" class=\"col medium-5 small-12 large-6\"  >\n\t\t\t\t<div class=\"col-inner\"  >\n\t\t\t\n\t\t\t\n<h2>Necesitamos:<\/h2>\n<ul>\n<li>Material de origen vegetal: 2 gramos<\/li>\n<li>Extractos\/Aislados\/Destilados: 0,5 gramos<\/li>\n<li>Productos del c\u00e1\u00f1amo: 1 gramo<\/li>\n<li>Agua \/ Bebidas: 30 ml<\/li>\n<li>Productos comestibles: 15 g<\/li>\n<\/ul>\n\t\t<\/div>\n\t\t\t\t\t<\/div>\n\n\t\n\n\t<div id=\"col-1372981444\" class=\"col medium-7 small-12 large-6\"  >\n\t\t\t\t<div class=\"col-inner text-left\"  >\n\t\t\t\n\t\t\t\n<h2>Plazo de entrega:<\/h2>\n<p><strong>Est\u00e1ndar<\/strong>: de 3-10 d\u00edas laborables (normalmente 5 d\u00edas laborables)<br \/>\n<strong>Prioridad alta<\/strong>: 24h*<\/p>\n<p>* Si la muestra se recibe hasta las 13 h del d\u00eda anterior<\/p>\n\t\t<\/div>\n\t\t\t\t\t<\/div>\n\n\t\n<\/div>\n\t\t<\/div>\n\n\t\t\n<style>\n#section_110716194 {\n  padding-top: 0px;\n  padding-bottom: 0px;\n}\n#section_110716194 .section-bg-overlay {\n  background-color: rgba(255, 255, 255, 0.85);\n}\n<\/style>\n\t<\/section>\n\t\n","protected":false},"excerpt":{"rendered":"","protected":false},"author":1182,"featured_media":0,"parent":0,"menu_order":0,"comment_status":"closed","ping_status":"closed","template":"page-blank.php","meta":{"footnotes":""},"yoast_head":"<!-- This site is optimized with the Yoast SEO plugin v23.5 - https:\/\/yoast.com\/wordpress\/plugins\/seo\/ -->\n<title>An\u00e1lisis De Cannabinoides - PharmaHemp ESP<\/title>\n<meta name=\"robots\" content=\"index, follow, max-snippet:-1, max-image-preview:large, max-video-preview:-1\" \/>\n<link rel=\"canonical\" href=\"https:\/\/pharma-lab.eu\/es\/analisis-de-cannabinoides\/\" \/>\n<meta property=\"og:locale\" content=\"es_ES\" \/>\n<meta property=\"og:type\" content=\"article\" \/>\n<meta property=\"og:title\" content=\"An\u00e1lisis De Cannabinoides - PharmaHemp ESP\" \/>\n<meta property=\"og:url\" content=\"https:\/\/pharma-lab.eu\/es\/analisis-de-cannabinoides\/\" \/>\n<meta property=\"og:site_name\" content=\"PharmaHemp ESP\" \/>\n<meta property=\"article:publisher\" content=\"https:\/\/www.facebook.com\/pharmahempstore\" \/>\n<meta property=\"article:modified_time\" content=\"2024-10-15T10:26:08+00:00\" \/>\n<meta name=\"twitter:card\" content=\"summary_large_image\" \/>\n<meta name=\"twitter:label1\" content=\"Tiempo de lectura\" \/>\n\t<meta name=\"twitter:data1\" content=\"2 minutos\" \/>\n<script type=\"application\/ld+json\" class=\"yoast-schema-graph\">{\"@context\":\"https:\/\/schema.org\",\"@graph\":[{\"@type\":\"WebPage\",\"@id\":\"https:\/\/pharma-lab.eu\/es\/analisis-de-cannabinoides\/\",\"url\":\"https:\/\/pharma-lab.eu\/es\/analisis-de-cannabinoides\/\",\"name\":\"An\u00e1lisis De Cannabinoides - PharmaHemp ESP\",\"isPartOf\":{\"@id\":\"https:\/\/pharma-lab.eu\/es\/#website\"},\"datePublished\":\"2020-12-22T06:43:25+00:00\",\"dateModified\":\"2024-10-15T10:26:08+00:00\",\"breadcrumb\":{\"@id\":\"https:\/\/pharma-lab.eu\/es\/analisis-de-cannabinoides\/#breadcrumb\"},\"inLanguage\":\"es\",\"potentialAction\":[{\"@type\":\"ReadAction\",\"target\":[\"https:\/\/pharma-lab.eu\/es\/analisis-de-cannabinoides\/\"]}]},{\"@type\":\"BreadcrumbList\",\"@id\":\"https:\/\/pharma-lab.eu\/es\/analisis-de-cannabinoides\/#breadcrumb\",\"itemListElement\":[{\"@type\":\"ListItem\",\"position\":1,\"name\":\"Home\",\"item\":\"https:\/\/pharma-lab.eu\/es\/\"},{\"@type\":\"ListItem\",\"position\":2,\"name\":\"An\u00e1lisis De Cannabinoides\"}]},{\"@type\":\"WebSite\",\"@id\":\"https:\/\/pharma-lab.eu\/es\/#website\",\"url\":\"https:\/\/pharma-lab.eu\/es\/\",\"name\":\"PharmaHemp ESP\",\"description\":\"Cannabis Testing Laboratory\",\"publisher\":{\"@id\":\"https:\/\/pharma-lab.eu\/es\/#organization\"},\"potentialAction\":[{\"@type\":\"SearchAction\",\"target\":{\"@type\":\"EntryPoint\",\"urlTemplate\":\"https:\/\/pharma-lab.eu\/es\/?s={search_term_string}\"},\"query-input\":{\"@type\":\"PropertyValueSpecification\",\"valueRequired\":true,\"valueName\":\"search_term_string\"}}],\"inLanguage\":\"es\"},{\"@type\":\"Organization\",\"@id\":\"https:\/\/pharma-lab.eu\/es\/#organization\",\"name\":\"PharmaHemp d.o.o.\",\"url\":\"https:\/\/pharma-lab.eu\/es\/\",\"logo\":{\"@type\":\"ImageObject\",\"inLanguage\":\"es\",\"@id\":\"https:\/\/pharma-lab.eu\/es\/#\/schema\/logo\/image\/\",\"url\":\"https:\/\/pharma-lab.eu\/wp-content\/uploads\/2020\/12\/logo_lab.png\",\"contentUrl\":\"https:\/\/pharma-lab.eu\/wp-content\/uploads\/2020\/12\/logo_lab.png\",\"width\":260,\"height\":83,\"caption\":\"PharmaHemp d.o.o.\"},\"image\":{\"@id\":\"https:\/\/pharma-lab.eu\/es\/#\/schema\/logo\/image\/\"},\"sameAs\":[\"https:\/\/www.facebook.com\/pharmahempstore\",\"https:\/\/www.instagram.com\/pharmahemp_store\/\"]}]}<\/script>\n<!-- \/ Yoast SEO plugin. -->","yoast_head_json":{"title":"An\u00e1lisis De Cannabinoides - PharmaHemp ESP","robots":{"index":"index","follow":"follow","max-snippet":"max-snippet:-1","max-image-preview":"max-image-preview:large","max-video-preview":"max-video-preview:-1"},"canonical":"https:\/\/pharma-lab.eu\/es\/analisis-de-cannabinoides\/","og_locale":"es_ES","og_type":"article","og_title":"An\u00e1lisis De Cannabinoides - PharmaHemp ESP","og_url":"https:\/\/pharma-lab.eu\/es\/analisis-de-cannabinoides\/","og_site_name":"PharmaHemp ESP","article_publisher":"https:\/\/www.facebook.com\/pharmahempstore","article_modified_time":"2024-10-15T10:26:08+00:00","twitter_card":"summary_large_image","twitter_misc":{"Tiempo de lectura":"2 minutos"},"schema":{"@context":"https:\/\/schema.org","@graph":[{"@type":"WebPage","@id":"https:\/\/pharma-lab.eu\/es\/analisis-de-cannabinoides\/","url":"https:\/\/pharma-lab.eu\/es\/analisis-de-cannabinoides\/","name":"An\u00e1lisis De Cannabinoides - PharmaHemp ESP","isPartOf":{"@id":"https:\/\/pharma-lab.eu\/es\/#website"},"datePublished":"2020-12-22T06:43:25+00:00","dateModified":"2024-10-15T10:26:08+00:00","breadcrumb":{"@id":"https:\/\/pharma-lab.eu\/es\/analisis-de-cannabinoides\/#breadcrumb"},"inLanguage":"es","potentialAction":[{"@type":"ReadAction","target":["https:\/\/pharma-lab.eu\/es\/analisis-de-cannabinoides\/"]}]},{"@type":"BreadcrumbList","@id":"https:\/\/pharma-lab.eu\/es\/analisis-de-cannabinoides\/#breadcrumb","itemListElement":[{"@type":"ListItem","position":1,"name":"Home","item":"https:\/\/pharma-lab.eu\/es\/"},{"@type":"ListItem","position":2,"name":"An\u00e1lisis De Cannabinoides"}]},{"@type":"WebSite","@id":"https:\/\/pharma-lab.eu\/es\/#website","url":"https:\/\/pharma-lab.eu\/es\/","name":"PharmaHemp ESP","description":"Cannabis Testing Laboratory","publisher":{"@id":"https:\/\/pharma-lab.eu\/es\/#organization"},"potentialAction":[{"@type":"SearchAction","target":{"@type":"EntryPoint","urlTemplate":"https:\/\/pharma-lab.eu\/es\/?s={search_term_string}"},"query-input":{"@type":"PropertyValueSpecification","valueRequired":true,"valueName":"search_term_string"}}],"inLanguage":"es"},{"@type":"Organization","@id":"https:\/\/pharma-lab.eu\/es\/#organization","name":"PharmaHemp d.o.o.","url":"https:\/\/pharma-lab.eu\/es\/","logo":{"@type":"ImageObject","inLanguage":"es","@id":"https:\/\/pharma-lab.eu\/es\/#\/schema\/logo\/image\/","url":"https:\/\/pharma-lab.eu\/wp-content\/uploads\/2020\/12\/logo_lab.png","contentUrl":"https:\/\/pharma-lab.eu\/wp-content\/uploads\/2020\/12\/logo_lab.png","width":260,"height":83,"caption":"PharmaHemp d.o.o."},"image":{"@id":"https:\/\/pharma-lab.eu\/es\/#\/schema\/logo\/image\/"},"sameAs":["https:\/\/www.facebook.com\/pharmahempstore","https:\/\/www.instagram.com\/pharmahemp_store\/"]}]}},"_links":{"self":[{"href":"https:\/\/pharma-lab.eu\/es\/wp-json\/wp\/v2\/pages\/179581"}],"collection":[{"href":"https:\/\/pharma-lab.eu\/es\/wp-json\/wp\/v2\/pages"}],"about":[{"href":"https:\/\/pharma-lab.eu\/es\/wp-json\/wp\/v2\/types\/page"}],"author":[{"embeddable":true,"href":"https:\/\/pharma-lab.eu\/es\/wp-json\/wp\/v2\/users\/1182"}],"replies":[{"embeddable":true,"href":"https:\/\/pharma-lab.eu\/es\/wp-json\/wp\/v2\/comments?post=179581"}],"version-history":[{"count":6,"href":"https:\/\/pharma-lab.eu\/es\/wp-json\/wp\/v2\/pages\/179581\/revisions"}],"predecessor-version":[{"id":185406,"href":"https:\/\/pharma-lab.eu\/es\/wp-json\/wp\/v2\/pages\/179581\/revisions\/185406"}],"wp:attachment":[{"href":"https:\/\/pharma-lab.eu\/es\/wp-json\/wp\/v2\/media?parent=179581"}],"curies":[{"name":"wp","href":"https:\/\/api.w.org\/{rel}","templated":true}]}}