{"id":3474,"date":"2020-07-09T07:23:07","date_gmt":"2020-07-09T06:23:07","guid":{"rendered":"https:\/\/ph.owjej.org\/?page_id=3474"},"modified":"2024-10-15T11:32:30","modified_gmt":"2024-10-15T10:32:30","slug":"haeufig-gestellte-fragen","status":"publish","type":"page","link":"https:\/\/pharma-lab.eu\/de\/haeufig-gestellte-fragen\/","title":{"rendered":"H\u00e4ufig Gestellte Fragen"},"content":{"rendered":"\n\t<section class=\"section\" id=\"section_1026778875\">\n\t\t<div class=\"section-bg fill\" >\n\t\t\t\t\t\t\t\t\t\n\t\t\t\n\n\t\t<\/div>\n\n\t\t\n\n\t\t<div class=\"section-content relative\">\n\t\t\t\n<div class=\"row\"  id=\"row-605601893\">\n\n\t<div id=\"col-1118313427\" class=\"col small-12 large-12\"  >\n\t\t\t\t<div class=\"col-inner text-center\"  >\n\t\t\t\n\t\t\t\n\t<div id=\"text-3667392618\" class=\"text\">\n\t\t\n<h1 class=\"mobile-center\" style=\"font-size: 30px; font-weight: bold; font-stretch: normal; font-style: normal; line-height: 2; letter-spacing: normal; color: #000000; text-transform: uppercase;\">H\u00c4UFIG GESTELLTE FRAGEN<\/h1>\n\t\t\n<style>\n#text-3667392618 {\n  text-align: left;\n}\n<\/style>\n\t<\/div>\n\t\n<div class=\"accordion\">\n\t<div id=\"accordion-1618392920\" class=\"accordion-item ac-panel\">\n\t\t<a id=\"accordion-1618392920-label\" class=\"accordion-title plain\" href=\"#accordion-item-welche-arten-von-analytischen-tests-bietet-das-acs-labor-an?\" aria-expanded=\"false\" aria-controls=\"accordion-1618392920-content\" >\n\t\t\t<button class=\"toggle\" aria-label=\"Umschalten\"><i class=\"icon-angle-down\"><\/i><\/button>\n\t\t\t<span>Welche Arten von analytischen Tests bietet das ACS Labor an?<\/span>\n\t\t<\/a>\n\t\t<div id=\"accordion-1618392920-content\" class=\"accordion-inner\" aria-labelledby=\"accordion-1618392920-label\" >\n\t\t\t\n<p class=\"Body\" style=\"margin-left: 0cm; text-align: left;\"><span lang=\"EN-US\">PharmaHemp Laboratories bietet ein Cannabinoid-Profiling von 16 Cannabinoiden in einer Vielzahl von Proben an.<\/span><\/p>\n\t\t<\/div>\n\t<\/div>\n\t\n\t<div id=\"accordion-753907105\" class=\"accordion-item ac-panel\">\n\t\t<a id=\"accordion-753907105-label\" class=\"accordion-title plain\" href=\"#accordion-item-welche-cannabinoide-testen-sie?\" aria-expanded=\"false\" aria-controls=\"accordion-753907105-content\" >\n\t\t\t<button class=\"toggle\" aria-label=\"Umschalten\"><i class=\"icon-angle-down\"><\/i><\/button>\n\t\t\t<span>Welche Cannabinoide testen Sie?<\/span>\n\t\t<\/a>\n\t\t<div id=\"accordion-753907105-content\" class=\"accordion-inner\" aria-labelledby=\"accordion-753907105-label\" >\n\t\t\t\n<ul>\n<li style=\"text-align: left;\"><strong>CBDV &#8211; <\/strong>Cannabidivarin<\/li>\n<li style=\"text-align: left;\"><strong>CBDA &#8211; <\/strong>Cannabidiols\u00e4ure<\/li>\n<li style=\"text-align: left;\"><strong>CBGA &#8211; <\/strong>Cannabigerols\u00e4ure<\/li>\n<li style=\"text-align: left;\"><strong>CBG &#8211; <\/strong>Cannabigerol<\/li>\n<li style=\"text-align: left;\"><strong>CBD &#8211; <\/strong>Cannabidiol<\/li>\n<li style=\"text-align: left;\"><strong>THCV &#8211; <\/strong>Tetrahydrocannabivarin<\/li>\n<li style=\"text-align: left;\"><strong>CBN &#8211; <\/strong>Cannabinol<\/li>\n<li style=\"text-align: left;\"><strong>CBC &#8211; <\/strong>Cannabichromene<\/li>\n<li style=\"text-align: left;\"><strong>9-THC &#8211; <\/strong>\u0394-9-Tetrahydrocannabinol<\/li>\n<li style=\"text-align: left;\"><strong>THCA &#8211; <\/strong>\u0394-9-Tetrahydocannabinols\u00e4ure<\/li>\n<li style=\"text-align: left;\"><strong>8-THC &#8211; <\/strong>\u0394-8-Tetrahydrocannabinol<\/li>\n<li style=\"text-align: left;\"><strong>CBL &#8211; <\/strong>Cannabicyclol<\/li>\n<li style=\"text-align: left;\"><strong>CBE &#8211;<\/strong> Cannabielsoin<\/li>\n<li style=\"text-align: left;\"><strong>CBV &#8211;<\/strong> Cannabivarin<\/li>\n<li style=\"text-align: left;\"><strong>CBCA &#8211;<\/strong> Cannabichromens\u00e4ure<\/li>\n<li style=\"text-align: left;\"><strong>CBT &#8211;<\/strong> Cannabicitran<\/li>\n<\/ul>\n\t\t<\/div>\n\t<\/div>\n\t\n\t<div id=\"accordion-1887482335\" class=\"accordion-item ac-panel\">\n\t\t<a id=\"accordion-1887482335-label\" class=\"accordion-title plain\" href=\"#accordion-item-welche-arten-von-proben-k\u00f6nnen-sie-testen?\" aria-expanded=\"false\" aria-controls=\"accordion-1887482335-content\" >\n\t\t\t<button class=\"toggle\" aria-label=\"Umschalten\"><i class=\"icon-angle-down\"><\/i><\/button>\n\t\t\t<span>Welche Arten von Proben k\u00f6nnen Sie testen?<\/span>\n\t\t<\/a>\n\t\t<div id=\"accordion-1887482335-content\" class=\"accordion-inner\" aria-labelledby=\"accordion-1887482335-label\" >\n\t\t\t\n<p class=\"Body\" style=\"margin-left: 0cm; text-align: left;\"><span lang=\"EN-US\">Wir k\u00f6nnen JEDE Art von Proben testen: Bl\u00fcten, Bl\u00e4tter, Samen, Harz, \u00d6le, Extrakte, Isolate, Tinkturen, wasserl\u00f6sliche Rezepturen, alkoholische und nicht-alkoholische Getr\u00e4nke, die mit CBD oder Cannabis-Extrakten infundiert sind, Cremes, Lotionen, Balsame, Esswaren wie: Brownies, Gummis, Honig, etc.<\/span><\/p>\n\t\t<\/div>\n\t<\/div>\n\t\n\t<div id=\"accordion-115007807\" class=\"accordion-item ac-panel\">\n\t\t<a id=\"accordion-115007807-label\" class=\"accordion-title plain\" href=\"#accordion-item-wie-gro\u00df-ist-die-probenmenge,-die-f\u00fcr-die-durchf\u00fchrung-der-analysen-ben\u00f6tigt-wird?\" aria-expanded=\"false\" aria-controls=\"accordion-115007807-content\" >\n\t\t\t<button class=\"toggle\" aria-label=\"Umschalten\"><i class=\"icon-angle-down\"><\/i><\/button>\n\t\t\t<span>Wie gro\u00df ist die Probenmenge, die f\u00fcr die Durchf\u00fchrung der Analysen ben\u00f6tigt wird?<\/span>\n\t\t<\/a>\n\t\t<div id=\"accordion-115007807-content\" class=\"accordion-inner\" aria-labelledby=\"accordion-115007807-label\" >\n\t\t\t\n<ul>\n<li class=\"Body\" style=\"text-align: left;\"><span lang=\"EN-US\">Plant material: 2 grams<\/span><\/li>\n<li class=\"Body\" style=\"text-align: left;\"><span lang=\"EN-US\">Concentrates: 0.5 gram<\/span><\/li>\n<li class=\"Body\" style=\"text-align: left;\"><span lang=\"EN-US\">Infused Products: 1 package<\/span><\/li>\n<li class=\"Body\" style=\"text-align: left;\"><span lang=\"EN-US\">Waters\/Drinks: 30 mL <\/span><\/li>\n<li class=\"Body\" style=\"text-align: left;\"><span lang=\"EN-US\">Edibles: 15 g<\/span><\/li>\n<\/ul>\n\t\t<\/div>\n\t<\/div>\n\t\n\t<div id=\"accordion-2469676116\" class=\"accordion-item ac-panel\">\n\t\t<a id=\"accordion-2469676116-label\" class=\"accordion-title plain\" href=\"#accordion-item-wie-beginne-ich-mit-der-pr\u00fcfung-meiner-produkte-bei-pharmahemp-laboratories?\" aria-expanded=\"false\" aria-controls=\"accordion-2469676116-content\" >\n\t\t\t<button class=\"toggle\" aria-label=\"Umschalten\"><i class=\"icon-angle-down\"><\/i><\/button>\n\t\t\t<span>Wie beginne ich mit der Pr\u00fcfung meiner Produkte bei PharmaHemp Laboratories?<\/span>\n\t\t<\/a>\n\t\t<div id=\"accordion-2469676116-content\" class=\"accordion-inner\" aria-labelledby=\"accordion-2469676116-label\" >\n\t\t\t\n<p style=\"text-align: left;\">Wenn Sie Interesse an der Analyse Ihrer Proben haben, laden wir Sie herzlich ein, unsere neue Plattform f\u00fcr die Probenanalyse zu besuchen:<\/p>\n<p style=\"text-align: left;\"><a class=\"mali\" href=\"https:\/\/order.pharma-lab.eu\/\">https:\/\/order.pharma-lab.eu\/<\/a>, wo Sie sich registrieren und eine Bestellung aufgeben k\u00f6nnen. Nach der Bestellung kennzeichnen Sie das Paket mit Ihren Proben mit der Bestellnummer und schicken es an unser Labor.<\/p>\n\t\t<\/div>\n\t<\/div>\n\t\n\t<div id=\"accordion-2538824677\" class=\"accordion-item ac-panel\">\n\t\t<a id=\"accordion-2538824677-label\" class=\"accordion-title plain\" href=\"#accordion-item-wie-verschicke-ich-meine-proben?\" aria-expanded=\"false\" aria-controls=\"accordion-2538824677-content\" >\n\t\t\t<button class=\"toggle\" aria-label=\"Umschalten\"><i class=\"icon-angle-down\"><\/i><\/button>\n\t\t\t<span>Wie verschicke ich meine Proben?<\/span>\n\t\t<\/a>\n\t\t<div id=\"accordion-2538824677-content\" class=\"accordion-inner\" aria-labelledby=\"accordion-2538824677-label\" >\n\t\t\t\n<p class=\"Body\" style=\"margin-left: 0cm; text-align: left;\"><span lang=\"EN-US\">Die Gew\u00e4hrleistung der Probenintegrit\u00e4t w\u00e4hrend des Transports ist sehr wichtig. Bitte reichen Sie Ihre Proben in verst\u00e4rkten, wieder verschlie\u00dfbaren und beschrifteten Beh\u00e4ltern ein, die f\u00fcr Ihre Produktmatrix geeignet sind. Um ein Zerbrechen oder Auslaufen w\u00e4hrend des Transports zu verhindern, verst\u00e4rken Sie bitte Ihre Prim\u00e4rbeh\u00e4lter ordnungsgem\u00e4\u00df mit Luftpolsterfolie oder \u00c4hnlichem. <\/span><\/p>\n\t\t<\/div>\n\t<\/div>\n\t\n\t<div id=\"accordion-1657712452\" class=\"accordion-item ac-panel\">\n\t\t<a id=\"accordion-1657712452-label\" class=\"accordion-title plain\" href=\"#accordion-item-wie-lautet-die-lieferadresse?\" aria-expanded=\"false\" aria-controls=\"accordion-1657712452-content\" >\n\t\t\t<button class=\"toggle\" aria-label=\"Umschalten\"><i class=\"icon-angle-down\"><\/i><\/button>\n\t\t\t<span>Wie lautet die Lieferadresse?<\/span>\n\t\t<\/a>\n\t\t<div id=\"accordion-1657712452-content\" class=\"accordion-inner\" aria-labelledby=\"accordion-1657712452-label\" >\n\t\t\t\n<p class=\"Body\" style=\"margin-left: 0cm; text-align: left;\"><span lang=\"EN-US\">Unsere Adresse lautet: Pharmahemp d.o.o., Cesta v Gorice 8, 1000 Ljubljana, Slowenien.<\/span><\/p>\n\t\t<\/div>\n\t<\/div>\n\t\n\t<div id=\"accordion-401084945\" class=\"accordion-item ac-panel\">\n\t\t<a id=\"accordion-401084945-label\" class=\"accordion-title plain\" href=\"#accordion-item-wie-hoch-ist-der-preis-f\u00fcr-eine-analyse?-bieten-sie-einen-mengenrabatt-an?\" aria-expanded=\"false\" aria-controls=\"accordion-401084945-content\" >\n\t\t\t<button class=\"toggle\" aria-label=\"Umschalten\"><i class=\"icon-angle-down\"><\/i><\/button>\n\t\t\t<span>Wie hoch ist der Preis f\u00fcr eine Analyse? Bieten Sie einen Mengenrabatt an?<\/span>\n\t\t<\/a>\n\t\t<div id=\"accordion-401084945-content\" class=\"accordion-inner\" aria-labelledby=\"accordion-401084945-label\" >\n\t\t\t\n<p style=\"text-align: left;\">Der Preis f\u00fcr die Analyse einer Probe betr\u00e4gt 35 \u20ac + MwSt. Wir bieten Mengenrabatt an, bitte kontaktieren Sie unser Team f\u00fcr weitere Details.<\/p>\n\t\t<\/div>\n\t<\/div>\n\t\n\t<div id=\"accordion-2596298341\" class=\"accordion-item ac-panel\">\n\t\t<a id=\"accordion-2596298341-label\" class=\"accordion-title plain\" href=\"#accordion-item-wie-lange-dauert-ihre-bearbeitungszeit?\" aria-expanded=\"false\" aria-controls=\"accordion-2596298341-content\" >\n\t\t\t<button class=\"toggle\" aria-label=\"Umschalten\"><i class=\"icon-angle-down\"><\/i><\/button>\n\t\t\t<span>Wie lange dauert Ihre Bearbeitungszeit?<\/span>\n\t\t<\/a>\n\t\t<div id=\"accordion-2596298341-content\" class=\"accordion-inner\" aria-labelledby=\"accordion-2596298341-label\" >\n\t\t\t\n<p class=\"Body\" style=\"margin-left: 0cm; text-align: left;\"><span lang=\"EN-US\">Standard-Bearbeitungszeit: 3-10 Arbeitstage nach Erhalt der Probe (in der Regel 2-5 Arbeitstage).<br \/>\n<\/span><span lang=\"EN-US\"><br \/>\nBeschleunigte Bearbeitungszeit: 24h, wenn die Probe vor 13 Uhr eintrifft.<br \/>\n<\/span><\/p>\n<p class=\"Body\" style=\"margin-left: 0cm; text-align: left;\"><span lang=\"EN-US\">Sie erhalten Ihre Ergebnisse per <a class=\"mali\" href=\"mailto:info@pharma-lab.eu\">E-Mail.<\/a><br \/>\n<\/span><\/p>\n\t\t<\/div>\n\t<\/div>\n\t\n\t<div id=\"accordion-864045804\" class=\"accordion-item\">\n\t\t<a id=\"accordion-864045804-label\" class=\"accordion-title plain\" href=\"#accordion-item-was-bedeutet-m.u.?\" aria-expanded=\"false\" aria-controls=\"accordion-864045804-content\" >\n\t\t\t<button class=\"toggle\" aria-label=\"Umschalten\"><i class=\"icon-angle-down\"><\/i><\/button>\n\t\t\t<span>Was bedeutet M.U.?<\/span>\n\t\t<\/a>\n\t\t<div id=\"accordion-864045804-content\" class=\"accordion-inner\" aria-labelledby=\"accordion-864045804-label\" >\n\t\t\t\n\t<div id=\"text-2228582303\" class=\"text\">\n\t\t\n<p style=\"text-align: left;\">M.U. ist die Abk\u00fcrzung f\u00fcr Messunsicherheit. Dieser Parameter beschreibt die statistische Streuung der einer Messgr\u00f6\u00dfe zugeordneten Werte.<\/p>\n\t\t\n<style>\n#text-2228582303 {\n  text-align: left;\n}\n<\/style>\n\t<\/div>\n\t\n\t\t<\/div>\n\t<\/div>\n\t\n\t<div id=\"accordion-3273198944\" class=\"accordion-item ac-panel\">\n\t\t<a id=\"accordion-3273198944-label\" class=\"accordion-title plain\" href=\"#accordion-item-welche-methode-verwenden-sie-f\u00fcr-die-cannabinoid-profilierung?\" aria-expanded=\"false\" aria-controls=\"accordion-3273198944-content\" >\n\t\t\t<button class=\"toggle\" aria-label=\"Umschalten\"><i class=\"icon-angle-down\"><\/i><\/button>\n\t\t\t<span>Welche Methode verwenden Sie f\u00fcr die Cannabinoid-Profilierung?<\/span>\n\t\t<\/a>\n\t\t<div id=\"accordion-3273198944-content\" class=\"accordion-inner\" aria-labelledby=\"accordion-3273198944-label\" >\n\t\t\t\n<p class=\"Body\" style=\"margin-left: 0cm; text-align: left;\"><span lang=\"EN-US\">Unsere Methoden nutzen die hochleistungsf\u00e4hige Fl\u00fcssigkeitschromatographie, gekoppelt mit einem UV-DAD-System. Im Moment verwenden wir zwei verschiedene Methoden, eine mit der Detektion bei einer Wellenl\u00e4nge von 237 nm und eine andere mit der Detektion von 276 nm. <\/span><\/p>\n\t\t<\/div>\n\t<\/div>\n\t\n<\/div>\n\t\t<\/div>\n\t\t\t\t\t<\/div>\n\n\t\n<\/div>\n\t\t<\/div>\n\n\t\t\n<style>\n#section_1026778875 {\n  padding-top: 60px;\n  padding-bottom: 60px;\n  min-height: 82vh;\n}\n<\/style>\n\t<\/section>\n\t\n","protected":false},"excerpt":{"rendered":"","protected":false},"author":1182,"featured_media":0,"parent":0,"menu_order":0,"comment_status":"closed","ping_status":"closed","template":"page-blank.php","meta":{"footnotes":""},"yoast_head":"<!-- This site is optimized with the Yoast SEO plugin v23.5 - https:\/\/yoast.com\/wordpress\/plugins\/seo\/ -->\n<title>H\u00e4ufig Gestellte Fragen - PharmaHemp DE<\/title>\n<meta name=\"description\" content=\"PharmaHemp answers and questions about CBD products and the buying process in the online store.\" \/>\n<meta name=\"robots\" content=\"index, follow, max-snippet:-1, max-image-preview:large, max-video-preview:-1\" \/>\n<link rel=\"canonical\" href=\"https:\/\/pharma-lab.eu\/de\/haeufig-gestellte-fragen\/\" \/>\n<meta property=\"og:locale\" content=\"de_DE\" \/>\n<meta property=\"og:type\" content=\"article\" \/>\n<meta property=\"og:title\" content=\"H\u00e4ufig Gestellte Fragen - PharmaHemp DE\" \/>\n<meta property=\"og:description\" content=\"PharmaHemp answers and questions about CBD products and the buying process in the online store.\" \/>\n<meta property=\"og:url\" content=\"https:\/\/pharma-lab.eu\/de\/haeufig-gestellte-fragen\/\" \/>\n<meta property=\"og:site_name\" content=\"PharmaHemp DE\" \/>\n<meta property=\"article:publisher\" content=\"https:\/\/www.facebook.com\/pharmahempstore\" \/>\n<meta property=\"article:modified_time\" content=\"2024-10-15T10:32:30+00:00\" \/>\n<meta name=\"twitter:card\" content=\"summary_large_image\" \/>\n<meta name=\"twitter:label1\" content=\"Gesch\u00e4tzte Lesezeit\" \/>\n\t<meta name=\"twitter:data1\" content=\"3\u00a0Minuten\" \/>\n<script type=\"application\/ld+json\" class=\"yoast-schema-graph\">{\"@context\":\"https:\/\/schema.org\",\"@graph\":[{\"@type\":\"WebPage\",\"@id\":\"https:\/\/pharma-lab.eu\/de\/haeufig-gestellte-fragen\/\",\"url\":\"https:\/\/pharma-lab.eu\/de\/haeufig-gestellte-fragen\/\",\"name\":\"H\u00e4ufig Gestellte Fragen - PharmaHemp DE\",\"isPartOf\":{\"@id\":\"https:\/\/pharma-lab.eu\/de\/#website\"},\"datePublished\":\"2020-07-09T06:23:07+00:00\",\"dateModified\":\"2024-10-15T10:32:30+00:00\",\"description\":\"PharmaHemp answers and questions about CBD products and the buying process in the online store.\",\"breadcrumb\":{\"@id\":\"https:\/\/pharma-lab.eu\/de\/haeufig-gestellte-fragen\/#breadcrumb\"},\"inLanguage\":\"de\",\"potentialAction\":[{\"@type\":\"ReadAction\",\"target\":[\"https:\/\/pharma-lab.eu\/de\/haeufig-gestellte-fragen\/\"]}]},{\"@type\":\"BreadcrumbList\",\"@id\":\"https:\/\/pharma-lab.eu\/de\/haeufig-gestellte-fragen\/#breadcrumb\",\"itemListElement\":[{\"@type\":\"ListItem\",\"position\":1,\"name\":\"Home\",\"item\":\"https:\/\/pharma-lab.eu\/de\/\"},{\"@type\":\"ListItem\",\"position\":2,\"name\":\"H\u00e4ufig Gestellte Fragen\"}]},{\"@type\":\"WebSite\",\"@id\":\"https:\/\/pharma-lab.eu\/de\/#website\",\"url\":\"https:\/\/pharma-lab.eu\/de\/\",\"name\":\"PharmaHemp DE\",\"description\":\"Cannabis Testing Laboratory\",\"publisher\":{\"@id\":\"https:\/\/pharma-lab.eu\/de\/#organization\"},\"potentialAction\":[{\"@type\":\"SearchAction\",\"target\":{\"@type\":\"EntryPoint\",\"urlTemplate\":\"https:\/\/pharma-lab.eu\/de\/?s={search_term_string}\"},\"query-input\":{\"@type\":\"PropertyValueSpecification\",\"valueRequired\":true,\"valueName\":\"search_term_string\"}}],\"inLanguage\":\"de\"},{\"@type\":\"Organization\",\"@id\":\"https:\/\/pharma-lab.eu\/de\/#organization\",\"name\":\"PharmaHemp d.o.o.\",\"url\":\"https:\/\/pharma-lab.eu\/de\/\",\"logo\":{\"@type\":\"ImageObject\",\"inLanguage\":\"de\",\"@id\":\"https:\/\/pharma-lab.eu\/de\/#\/schema\/logo\/image\/\",\"url\":\"https:\/\/pharma-lab.eu\/wp-content\/uploads\/2020\/12\/logo_lab.png\",\"contentUrl\":\"https:\/\/pharma-lab.eu\/wp-content\/uploads\/2020\/12\/logo_lab.png\",\"width\":260,\"height\":83,\"caption\":\"PharmaHemp d.o.o.\"},\"image\":{\"@id\":\"https:\/\/pharma-lab.eu\/de\/#\/schema\/logo\/image\/\"},\"sameAs\":[\"https:\/\/www.facebook.com\/pharmahempstore\",\"https:\/\/www.instagram.com\/pharmahemp_store\/\"]}]}<\/script>\n<!-- \/ Yoast SEO plugin. -->","yoast_head_json":{"title":"H\u00e4ufig Gestellte Fragen - PharmaHemp DE","description":"PharmaHemp answers and questions about CBD products and the buying process in the online store.","robots":{"index":"index","follow":"follow","max-snippet":"max-snippet:-1","max-image-preview":"max-image-preview:large","max-video-preview":"max-video-preview:-1"},"canonical":"https:\/\/pharma-lab.eu\/de\/haeufig-gestellte-fragen\/","og_locale":"de_DE","og_type":"article","og_title":"H\u00e4ufig Gestellte Fragen - PharmaHemp DE","og_description":"PharmaHemp answers and questions about CBD products and the buying process in the online store.","og_url":"https:\/\/pharma-lab.eu\/de\/haeufig-gestellte-fragen\/","og_site_name":"PharmaHemp DE","article_publisher":"https:\/\/www.facebook.com\/pharmahempstore","article_modified_time":"2024-10-15T10:32:30+00:00","twitter_card":"summary_large_image","twitter_misc":{"Gesch\u00e4tzte Lesezeit":"3\u00a0Minuten"},"schema":{"@context":"https:\/\/schema.org","@graph":[{"@type":"WebPage","@id":"https:\/\/pharma-lab.eu\/de\/haeufig-gestellte-fragen\/","url":"https:\/\/pharma-lab.eu\/de\/haeufig-gestellte-fragen\/","name":"H\u00e4ufig Gestellte Fragen - PharmaHemp DE","isPartOf":{"@id":"https:\/\/pharma-lab.eu\/de\/#website"},"datePublished":"2020-07-09T06:23:07+00:00","dateModified":"2024-10-15T10:32:30+00:00","description":"PharmaHemp answers and questions about CBD products and the buying process in the online store.","breadcrumb":{"@id":"https:\/\/pharma-lab.eu\/de\/haeufig-gestellte-fragen\/#breadcrumb"},"inLanguage":"de","potentialAction":[{"@type":"ReadAction","target":["https:\/\/pharma-lab.eu\/de\/haeufig-gestellte-fragen\/"]}]},{"@type":"BreadcrumbList","@id":"https:\/\/pharma-lab.eu\/de\/haeufig-gestellte-fragen\/#breadcrumb","itemListElement":[{"@type":"ListItem","position":1,"name":"Home","item":"https:\/\/pharma-lab.eu\/de\/"},{"@type":"ListItem","position":2,"name":"H\u00e4ufig Gestellte Fragen"}]},{"@type":"WebSite","@id":"https:\/\/pharma-lab.eu\/de\/#website","url":"https:\/\/pharma-lab.eu\/de\/","name":"PharmaHemp DE","description":"Cannabis Testing Laboratory","publisher":{"@id":"https:\/\/pharma-lab.eu\/de\/#organization"},"potentialAction":[{"@type":"SearchAction","target":{"@type":"EntryPoint","urlTemplate":"https:\/\/pharma-lab.eu\/de\/?s={search_term_string}"},"query-input":{"@type":"PropertyValueSpecification","valueRequired":true,"valueName":"search_term_string"}}],"inLanguage":"de"},{"@type":"Organization","@id":"https:\/\/pharma-lab.eu\/de\/#organization","name":"PharmaHemp d.o.o.","url":"https:\/\/pharma-lab.eu\/de\/","logo":{"@type":"ImageObject","inLanguage":"de","@id":"https:\/\/pharma-lab.eu\/de\/#\/schema\/logo\/image\/","url":"https:\/\/pharma-lab.eu\/wp-content\/uploads\/2020\/12\/logo_lab.png","contentUrl":"https:\/\/pharma-lab.eu\/wp-content\/uploads\/2020\/12\/logo_lab.png","width":260,"height":83,"caption":"PharmaHemp d.o.o."},"image":{"@id":"https:\/\/pharma-lab.eu\/de\/#\/schema\/logo\/image\/"},"sameAs":["https:\/\/www.facebook.com\/pharmahempstore","https:\/\/www.instagram.com\/pharmahemp_store\/"]}]}},"_links":{"self":[{"href":"https:\/\/pharma-lab.eu\/de\/wp-json\/wp\/v2\/pages\/3474"}],"collection":[{"href":"https:\/\/pharma-lab.eu\/de\/wp-json\/wp\/v2\/pages"}],"about":[{"href":"https:\/\/pharma-lab.eu\/de\/wp-json\/wp\/v2\/types\/page"}],"author":[{"embeddable":true,"href":"https:\/\/pharma-lab.eu\/de\/wp-json\/wp\/v2\/users\/1182"}],"replies":[{"embeddable":true,"href":"https:\/\/pharma-lab.eu\/de\/wp-json\/wp\/v2\/comments?post=3474"}],"version-history":[{"count":6,"href":"https:\/\/pharma-lab.eu\/de\/wp-json\/wp\/v2\/pages\/3474\/revisions"}],"predecessor-version":[{"id":185412,"href":"https:\/\/pharma-lab.eu\/de\/wp-json\/wp\/v2\/pages\/3474\/revisions\/185412"}],"wp:attachment":[{"href":"https:\/\/pharma-lab.eu\/de\/wp-json\/wp\/v2\/media?parent=3474"}],"curies":[{"name":"wp","href":"https:\/\/api.w.org\/{rel}","templated":true}]}}