{"id":179605,"date":"2020-12-08T08:07:09","date_gmt":"2020-12-08T07:07:09","guid":{"rendered":"https:\/\/pharma-lab.eu\/accreditation\/"},"modified":"2024-10-15T11:48:22","modified_gmt":"2024-10-15T10:48:22","slug":"qualitaetssicherung","status":"publish","type":"page","link":"https:\/\/pharma-lab.eu\/de\/qualitaetssicherung\/","title":{"rendered":"Qualit\u00e4tssicherung"},"content":{"rendered":"\n\t<section class=\"section\" id=\"section_852173979\">\n\t\t<div class=\"section-bg fill\" >\n\t\t\t\t\t\t\t\t\t\n\t\t\t\n\n\t\t<\/div>\n\n\t\t\n\n\t\t<div class=\"section-content relative\">\n\t\t\t\n\t<div id=\"gap-314919145\" class=\"gap-element clearfix\" style=\"display:block; height:auto;\">\n\t\t\n<style>\n#gap-314919145 {\n  padding-top: 30px;\n}\n<\/style>\n\t<\/div>\n\t\n<div class=\"row align-center\"  id=\"row-301788891\">\n\n\t<div id=\"col-130971875\" class=\"col medium-12 small-12 large-5\"  >\n\t\t\t\t<div class=\"col-inner text-left\"  >\n\t\t\t\n\t\t\t\n\t<div id=\"gap-126447450\" class=\"gap-element clearfix\" style=\"display:block; height:auto;\">\n\t\t\n<style>\n#gap-126447450 {\n  padding-top: 30px;\n}\n<\/style>\n\t<\/div>\n\t\n\t<div id=\"gap-1432042898\" class=\"gap-element clearfix\" style=\"display:block; height:auto;\">\n\t\t\n<style>\n#gap-1432042898 {\n  padding-top: 30px;\n}\n<\/style>\n\t<\/div>\n\t\n\t<div id=\"gap-354157311\" class=\"gap-element clearfix\" style=\"display:block; height:auto;\">\n\t\t\n<style>\n#gap-354157311 {\n  padding-top: 30px;\n}\n<\/style>\n\t<\/div>\n\t\n\t<div id=\"gap-1599718886\" class=\"gap-element clearfix\" style=\"display:block; height:auto;\">\n\t\t\n<style>\n#gap-1599718886 {\n  padding-top: 30px;\n}\n<\/style>\n\t<\/div>\n\t\n\t<div id=\"gap-1733677876\" class=\"gap-element clearfix\" style=\"display:block; height:auto;\">\n\t\t\n<style>\n#gap-1733677876 {\n  padding-top: 30px;\n}\n<\/style>\n\t<\/div>\n\t\n\t\t<\/div>\n\t\t\t\t\t<\/div>\n\n\t\n\n\t<div id=\"col-1031919559\" class=\"col hide-for-medium medium-1 small-12 large-1\"  >\n\t\t\t\t<div class=\"col-inner\"  >\n\t\t\t\n\t\t\t\n\t\t<\/div>\n\t\t\t\t\t<\/div>\n\n\t\n\n\t<div id=\"col-896599895\" class=\"col medium-12 small-12 large-6\"  >\n\t\t\t\t<div class=\"col-inner\"  >\n\t\t\t\n\t\t\t\n\t<div id=\"gap-2029268250\" class=\"gap-element clearfix\" style=\"display:block; height:auto;\">\n\t\t\n<style>\n#gap-2029268250 {\n  padding-top: 30px;\n}\n<\/style>\n\t<\/div>\n\t\n<p><strong>Laboranalysen werden in \u00dcbereinstimmung mit der Norm ISO\/IEC 17025:2017 durchgef\u00fchrt.<\/strong><\/p>\n<p>PharmaHemp Laboratories bieten quantitative Bestimmungen der wichtigsten Cannabinoide. Die Methoden und Verfahren sind validiert und beweisen h\u00f6chste Kompetenz, um genaue Testergebnisse zu liefern.<\/p>\n\t\t<\/div>\n\t\t\t\t\t<\/div>\n\n\t\n<\/div>\n\t\t<\/div>\n\n\t\t\n<style>\n#section_852173979 {\n  padding-top: 30px;\n  padding-bottom: 30px;\n  background-color: #b0db73;\n}\n<\/style>\n\t<\/section>\n\t\n\n\t<section class=\"section\" id=\"section_201775956\">\n\t\t<div class=\"section-bg fill\" >\n\t\t\t\t\t\t\t\t\t\n\t\t\t\n\n\t\t<\/div>\n\n\t\t\n\n\t\t<div class=\"section-content relative\">\n\t\t\t\n\t<div id=\"gap-903786566\" class=\"gap-element clearfix\" style=\"display:block; height:auto;\">\n\t\t\n<style>\n#gap-903786566 {\n  padding-top: 30px;\n}\n<\/style>\n\t<\/div>\n\t\n<div class=\"row align-middle\"  id=\"row-1714061917\">\n\n\t<div id=\"col-1298892691\" class=\"col medium-12 small-12 large-6\"  >\n\t\t\t\t<div class=\"col-inner\"  >\n\t\t\t\n\t\t\t\n<h2>AUSZEICHNUNGEN F\u00dcR DIE QUALIT\u00c4TSSICHERUNG<\/h2>\n<p>Die PharmaHemp Laboratories nehmen an den Inter-Laboratory Comparison and Proficiency Test (ILC\/PT) Programmen f\u00fcr Hanf- und Cannabispr\u00fcfeinrichtungen teil. Es bietet der Cannabis-Industrie einen gut etablierten Standard f\u00fcr Tests, die in der Umwelt-, Lebensmittel-, Pharma-, Wasser- und petrochemischen Testindustrie zu finden sind. Durch die Teilnahme von Laboren auf der ganzen Welt hilft der ILC\/PT dabei, einen Industriestandard f\u00fcr Cannabis-Tests zu etablieren.<\/p>\n<p>Bei einem der letzten ILC\/PT-Tests wurde PharmaHemp Laboratories mit den Emerald Test Badges ausgezeichnet, sowohl f\u00fcr die Bestimmung der Potenz in Hanf\u00f6l als auch f\u00fcr die in den Hanfknospen.<\/p>\n\t\t<\/div>\n\t\t\t\t\t<\/div>\n\n\t\n\n\t<div id=\"col-117334626\" class=\"col medium-12 small-12 large-5\"  >\n\t\t\t\t<div class=\"col-inner text-center\"  >\n\t\t\t\n\t\t\t\n<div class=\"row align-middle\"  id=\"row-15449845\">\n\n\t<div id=\"col-160749349\" class=\"col medium-5 small-12 large-6\"  >\n\t\t\t\t<div class=\"col-inner\"  >\n\t\t\t\n\t\t\t\n\t<div class=\"img has-hover x md-x lg-x y md-y lg-y\" id=\"image_1356418210\">\n\t\t\t\t\t\t\t\t<div class=\"img-inner dark\" >\n\t\t\t<img decoding=\"async\" width=\"930\" height=\"618\" src=\"https:\/\/pharma-lab.eu\/wp-content\/uploads\/2020\/12\/ESC-Potency_Hemp_Bud-Pharmahemp-Fall2019@3x.png\" class=\"attachment-large size-large\" alt=\"\" srcset=\"https:\/\/pharma-lab.eu\/wp-content\/uploads\/2020\/12\/ESC-Potency_Hemp_Bud-Pharmahemp-Fall2019@3x.png 930w, https:\/\/pharma-lab.eu\/wp-content\/uploads\/2020\/12\/ESC-Potency_Hemp_Bud-Pharmahemp-Fall2019@3x-602x400.png 602w, https:\/\/pharma-lab.eu\/wp-content\/uploads\/2020\/12\/ESC-Potency_Hemp_Bud-Pharmahemp-Fall2019@3x-350x233.png 350w, https:\/\/pharma-lab.eu\/wp-content\/uploads\/2020\/12\/ESC-Potency_Hemp_Bud-Pharmahemp-Fall2019@3x-768x510.png 768w\" sizes=\"(max-width: 930px) 100vw, 930px\" \/>\t\t\t\t\t\t\n\t\t\t\t\t<\/div>\n\t\t\t\t\t\t\t\t\n<style>\n#image_1356418210 {\n  width: 100%;\n}\n<\/style>\n\t<\/div>\n\t\n\t\t<\/div>\n\t\t\t\t\t<\/div>\n\n\t\n\n\t<div id=\"col-212022882\" class=\"col medium-5 small-12 large-6\"  >\n\t\t\t\t<div class=\"col-inner\"  >\n\t\t\t\n\t\t\t\n\t<div class=\"img has-hover x md-x lg-x y md-y lg-y\" id=\"image_1581606031\">\n\t\t\t\t\t\t\t\t<div class=\"img-inner dark\" >\n\t\t\t<img decoding=\"async\" width=\"927\" height=\"618\" src=\"https:\/\/pharma-lab.eu\/wp-content\/uploads\/2020\/12\/ESC-Potency_Hemp_Oil-Pharmahemp-Fall2019@3x.png\" class=\"attachment-large size-large\" alt=\"\" srcset=\"https:\/\/pharma-lab.eu\/wp-content\/uploads\/2020\/12\/ESC-Potency_Hemp_Oil-Pharmahemp-Fall2019@3x.png 927w, https:\/\/pharma-lab.eu\/wp-content\/uploads\/2020\/12\/ESC-Potency_Hemp_Oil-Pharmahemp-Fall2019@3x-600x400.png 600w, https:\/\/pharma-lab.eu\/wp-content\/uploads\/2020\/12\/ESC-Potency_Hemp_Oil-Pharmahemp-Fall2019@3x-350x233.png 350w, https:\/\/pharma-lab.eu\/wp-content\/uploads\/2020\/12\/ESC-Potency_Hemp_Oil-Pharmahemp-Fall2019@3x-768x512.png 768w\" sizes=\"(max-width: 927px) 100vw, 927px\" \/>\t\t\t\t\t\t\n\t\t\t\t\t<\/div>\n\t\t\t\t\t\t\t\t\n<style>\n#image_1581606031 {\n  width: 100%;\n}\n<\/style>\n\t<\/div>\n\t\n\t\t<\/div>\n\t\t\t\t\t<\/div>\n\n\t\n\n\t<div id=\"col-1323499786\" class=\"col medium-4 small-12 large-4\"  >\n\t\t\t\t<div class=\"col-inner text-center\"  >\n\t\t\t\n\t\t\t\n\t<div class=\"img has-hover x md-x lg-x y md-y lg-y\" id=\"image_1280326131\">\n\t\t\t\t\t\t\t\t<div class=\"img-inner image-cover dark\" style=\"padding-top:100%;\">\n\t\t\t<img decoding=\"async\" width=\"1536\" height=\"1536\" src=\"https:\/\/pharma-lab.eu\/wp-content\/uploads\/2023\/02\/ESC_Fall22_PotencyinHempOil_Pharmahemp_Bia-1536x1536.png\" class=\"attachment-1536x1536 size-1536x1536\" alt=\"\" srcset=\"https:\/\/pharma-lab.eu\/wp-content\/uploads\/2023\/02\/ESC_Fall22_PotencyinHempOil_Pharmahemp_Bia-1536x1536.png 1536w, https:\/\/pharma-lab.eu\/wp-content\/uploads\/2023\/02\/ESC_Fall22_PotencyinHempOil_Pharmahemp_Bia-400x400.png 400w, https:\/\/pharma-lab.eu\/wp-content\/uploads\/2023\/02\/ESC_Fall22_PotencyinHempOil_Pharmahemp_Bia-800x800.png 800w, https:\/\/pharma-lab.eu\/wp-content\/uploads\/2023\/02\/ESC_Fall22_PotencyinHempOil_Pharmahemp_Bia-350x350.png 350w, https:\/\/pharma-lab.eu\/wp-content\/uploads\/2023\/02\/ESC_Fall22_PotencyinHempOil_Pharmahemp_Bia-768x768.png 768w, https:\/\/pharma-lab.eu\/wp-content\/uploads\/2023\/02\/ESC_Fall22_PotencyinHempOil_Pharmahemp_Bia-2048x2048.png 2048w\" sizes=\"(max-width: 1536px) 100vw, 1536px\" \/>\t\t\t\t\t\t\n\t\t\t\t\t<\/div>\n\t\t\t\t\t\t\t\t\n<style>\n#image_1280326131 {\n  width: 100%;\n}\n<\/style>\n\t<\/div>\n\t\n\t\t<\/div>\n\t\t\t\t\n<style>\n#col-1323499786 > .col-inner {\n  padding: 2px 0px 12px 0px;\n  margin: 2px -1px -44px 2px;\n}\n<\/style>\n\t<\/div>\n\n\t\n<\/div>\n\t\t<\/div>\n\t\t\t\t\t<\/div>\n\n\t\n<\/div>\n\t\t<\/div>\n\n\t\t\n<style>\n#section_201775956 {\n  padding-top: 30px;\n  padding-bottom: 30px;\n  background-color: rgb(255, 255, 255);\n}\n<\/style>\n\t<\/section>\n\t\n","protected":false},"excerpt":{"rendered":"","protected":false},"author":1182,"featured_media":0,"parent":0,"menu_order":0,"comment_status":"closed","ping_status":"closed","template":"page-blank.php","meta":{"footnotes":""},"yoast_head":"<!-- This site is optimized with the Yoast SEO plugin v23.5 - https:\/\/yoast.com\/wordpress\/plugins\/seo\/ -->\n<title>Qualit\u00e4tssicherung - PharmaHemp DE<\/title>\n<meta name=\"robots\" content=\"index, follow, max-snippet:-1, max-image-preview:large, max-video-preview:-1\" \/>\n<link rel=\"canonical\" href=\"https:\/\/pharma-lab.eu\/de\/qualitaetssicherung\/\" \/>\n<meta property=\"og:locale\" content=\"de_DE\" \/>\n<meta property=\"og:type\" content=\"article\" \/>\n<meta property=\"og:title\" content=\"Qualit\u00e4tssicherung - PharmaHemp DE\" \/>\n<meta property=\"og:url\" content=\"https:\/\/pharma-lab.eu\/de\/qualitaetssicherung\/\" \/>\n<meta property=\"og:site_name\" content=\"PharmaHemp DE\" \/>\n<meta property=\"article:publisher\" content=\"https:\/\/www.facebook.com\/pharmahempstore\" \/>\n<meta property=\"article:modified_time\" content=\"2024-10-15T10:48:22+00:00\" \/>\n<meta name=\"twitter:card\" content=\"summary_large_image\" \/>\n<meta name=\"twitter:label1\" content=\"Gesch\u00e4tzte Lesezeit\" \/>\n\t<meta name=\"twitter:data1\" content=\"1\u00a0Minute\" \/>\n<script type=\"application\/ld+json\" class=\"yoast-schema-graph\">{\"@context\":\"https:\/\/schema.org\",\"@graph\":[{\"@type\":\"WebPage\",\"@id\":\"https:\/\/pharma-lab.eu\/de\/qualitaetssicherung\/\",\"url\":\"https:\/\/pharma-lab.eu\/de\/qualitaetssicherung\/\",\"name\":\"Qualit\u00e4tssicherung - PharmaHemp DE\",\"isPartOf\":{\"@id\":\"https:\/\/pharma-lab.eu\/de\/#website\"},\"datePublished\":\"2020-12-08T07:07:09+00:00\",\"dateModified\":\"2024-10-15T10:48:22+00:00\",\"breadcrumb\":{\"@id\":\"https:\/\/pharma-lab.eu\/de\/qualitaetssicherung\/#breadcrumb\"},\"inLanguage\":\"de\",\"potentialAction\":[{\"@type\":\"ReadAction\",\"target\":[\"https:\/\/pharma-lab.eu\/de\/qualitaetssicherung\/\"]}]},{\"@type\":\"BreadcrumbList\",\"@id\":\"https:\/\/pharma-lab.eu\/de\/qualitaetssicherung\/#breadcrumb\",\"itemListElement\":[{\"@type\":\"ListItem\",\"position\":1,\"name\":\"Home\",\"item\":\"https:\/\/pharma-lab.eu\/de\/\"},{\"@type\":\"ListItem\",\"position\":2,\"name\":\"Qualit\u00e4tssicherung\"}]},{\"@type\":\"WebSite\",\"@id\":\"https:\/\/pharma-lab.eu\/de\/#website\",\"url\":\"https:\/\/pharma-lab.eu\/de\/\",\"name\":\"PharmaHemp DE\",\"description\":\"Cannabis Testing Laboratory\",\"publisher\":{\"@id\":\"https:\/\/pharma-lab.eu\/de\/#organization\"},\"potentialAction\":[{\"@type\":\"SearchAction\",\"target\":{\"@type\":\"EntryPoint\",\"urlTemplate\":\"https:\/\/pharma-lab.eu\/de\/?s={search_term_string}\"},\"query-input\":{\"@type\":\"PropertyValueSpecification\",\"valueRequired\":true,\"valueName\":\"search_term_string\"}}],\"inLanguage\":\"de\"},{\"@type\":\"Organization\",\"@id\":\"https:\/\/pharma-lab.eu\/de\/#organization\",\"name\":\"PharmaHemp d.o.o.\",\"url\":\"https:\/\/pharma-lab.eu\/de\/\",\"logo\":{\"@type\":\"ImageObject\",\"inLanguage\":\"de\",\"@id\":\"https:\/\/pharma-lab.eu\/de\/#\/schema\/logo\/image\/\",\"url\":\"https:\/\/pharma-lab.eu\/wp-content\/uploads\/2020\/12\/logo_lab.png\",\"contentUrl\":\"https:\/\/pharma-lab.eu\/wp-content\/uploads\/2020\/12\/logo_lab.png\",\"width\":260,\"height\":83,\"caption\":\"PharmaHemp d.o.o.\"},\"image\":{\"@id\":\"https:\/\/pharma-lab.eu\/de\/#\/schema\/logo\/image\/\"},\"sameAs\":[\"https:\/\/www.facebook.com\/pharmahempstore\",\"https:\/\/www.instagram.com\/pharmahemp_store\/\"]}]}<\/script>\n<!-- \/ Yoast SEO plugin. -->","yoast_head_json":{"title":"Qualit\u00e4tssicherung - PharmaHemp DE","robots":{"index":"index","follow":"follow","max-snippet":"max-snippet:-1","max-image-preview":"max-image-preview:large","max-video-preview":"max-video-preview:-1"},"canonical":"https:\/\/pharma-lab.eu\/de\/qualitaetssicherung\/","og_locale":"de_DE","og_type":"article","og_title":"Qualit\u00e4tssicherung - PharmaHemp DE","og_url":"https:\/\/pharma-lab.eu\/de\/qualitaetssicherung\/","og_site_name":"PharmaHemp DE","article_publisher":"https:\/\/www.facebook.com\/pharmahempstore","article_modified_time":"2024-10-15T10:48:22+00:00","twitter_card":"summary_large_image","twitter_misc":{"Gesch\u00e4tzte Lesezeit":"1\u00a0Minute"},"schema":{"@context":"https:\/\/schema.org","@graph":[{"@type":"WebPage","@id":"https:\/\/pharma-lab.eu\/de\/qualitaetssicherung\/","url":"https:\/\/pharma-lab.eu\/de\/qualitaetssicherung\/","name":"Qualit\u00e4tssicherung - PharmaHemp DE","isPartOf":{"@id":"https:\/\/pharma-lab.eu\/de\/#website"},"datePublished":"2020-12-08T07:07:09+00:00","dateModified":"2024-10-15T10:48:22+00:00","breadcrumb":{"@id":"https:\/\/pharma-lab.eu\/de\/qualitaetssicherung\/#breadcrumb"},"inLanguage":"de","potentialAction":[{"@type":"ReadAction","target":["https:\/\/pharma-lab.eu\/de\/qualitaetssicherung\/"]}]},{"@type":"BreadcrumbList","@id":"https:\/\/pharma-lab.eu\/de\/qualitaetssicherung\/#breadcrumb","itemListElement":[{"@type":"ListItem","position":1,"name":"Home","item":"https:\/\/pharma-lab.eu\/de\/"},{"@type":"ListItem","position":2,"name":"Qualit\u00e4tssicherung"}]},{"@type":"WebSite","@id":"https:\/\/pharma-lab.eu\/de\/#website","url":"https:\/\/pharma-lab.eu\/de\/","name":"PharmaHemp DE","description":"Cannabis Testing Laboratory","publisher":{"@id":"https:\/\/pharma-lab.eu\/de\/#organization"},"potentialAction":[{"@type":"SearchAction","target":{"@type":"EntryPoint","urlTemplate":"https:\/\/pharma-lab.eu\/de\/?s={search_term_string}"},"query-input":{"@type":"PropertyValueSpecification","valueRequired":true,"valueName":"search_term_string"}}],"inLanguage":"de"},{"@type":"Organization","@id":"https:\/\/pharma-lab.eu\/de\/#organization","name":"PharmaHemp d.o.o.","url":"https:\/\/pharma-lab.eu\/de\/","logo":{"@type":"ImageObject","inLanguage":"de","@id":"https:\/\/pharma-lab.eu\/de\/#\/schema\/logo\/image\/","url":"https:\/\/pharma-lab.eu\/wp-content\/uploads\/2020\/12\/logo_lab.png","contentUrl":"https:\/\/pharma-lab.eu\/wp-content\/uploads\/2020\/12\/logo_lab.png","width":260,"height":83,"caption":"PharmaHemp d.o.o."},"image":{"@id":"https:\/\/pharma-lab.eu\/de\/#\/schema\/logo\/image\/"},"sameAs":["https:\/\/www.facebook.com\/pharmahempstore","https:\/\/www.instagram.com\/pharmahemp_store\/"]}]}},"_links":{"self":[{"href":"https:\/\/pharma-lab.eu\/de\/wp-json\/wp\/v2\/pages\/179605"}],"collection":[{"href":"https:\/\/pharma-lab.eu\/de\/wp-json\/wp\/v2\/pages"}],"about":[{"href":"https:\/\/pharma-lab.eu\/de\/wp-json\/wp\/v2\/types\/page"}],"author":[{"embeddable":true,"href":"https:\/\/pharma-lab.eu\/de\/wp-json\/wp\/v2\/users\/1182"}],"replies":[{"embeddable":true,"href":"https:\/\/pharma-lab.eu\/de\/wp-json\/wp\/v2\/comments?post=179605"}],"version-history":[{"count":9,"href":"https:\/\/pharma-lab.eu\/de\/wp-json\/wp\/v2\/pages\/179605\/revisions"}],"predecessor-version":[{"id":185425,"href":"https:\/\/pharma-lab.eu\/de\/wp-json\/wp\/v2\/pages\/179605\/revisions\/185425"}],"wp:attachment":[{"href":"https:\/\/pharma-lab.eu\/de\/wp-json\/wp\/v2\/media?parent=179605"}],"curies":[{"name":"wp","href":"https:\/\/api.w.org\/{rel}","templated":true}]}}