{"id":179579,"date":"2020-12-22T07:43:25","date_gmt":"2020-12-22T06:43:25","guid":{"rendered":"https:\/\/pharma-lab.eu\/cannabinoid-profiling\/"},"modified":"2024-10-15T11:25:03","modified_gmt":"2024-10-15T10:25:03","slug":"cannabinoid-profiling","status":"publish","type":"page","link":"https:\/\/pharma-lab.eu\/de\/cannabinoid-profiling\/","title":{"rendered":"Cannabinoid Profiling"},"content":{"rendered":"\n\t<section class=\"section\" id=\"section_882808005\">\n\t\t<div class=\"section-bg fill\" >\n\t\t\t<img decoding=\"async\" width=\"5760\" height=\"2151\" src=\"https:\/\/pharma-lab.eu\/wp-content\/uploads\/2020\/12\/Component-6-\u2013-1@3x.png\" class=\"bg attachment- size-\" alt=\"\" \/>\t\t\t\t\t\t\n\t\t\t\n\n\t\t<\/div>\n\n\t\t\n\n\t\t<div class=\"section-content relative\">\n\t\t\t\n\t<div id=\"gap-1130167501\" class=\"gap-element clearfix\" style=\"display:block; height:auto;\">\n\t\t\n<style>\n#gap-1130167501 {\n  padding-top: 30px;\n}\n<\/style>\n\t<\/div>\n\t\n<div class=\"row align-center\"  id=\"row-426861683\">\n\n\t<div id=\"col-334703962\" class=\"col medium-6 small-12 large-6\"  >\n\t\t\t\t<div class=\"col-inner\"  >\n\t\t\t\n\t\t\t\n<h2 class=\"uppercase\">CANNABINOID-PROFILING: DETAILLIERTE ANALYSE ALLER WICHTIGSTEN CANNABINOIDE<\/h2>\n\t\t<\/div>\n\t\t\t\t\t<\/div>\n\n\t\n\n\t<div id=\"col-300952626\" class=\"col medium-6 small-12 large-6\"  >\n\t\t\t\t<div class=\"col-inner\"  >\n\t\t\t\n\t\t\t\n<p>Wir bieten die genaue Konzentrationsbestimmung f\u00fcr 16 Cannabinoide. Wir f\u00fchren Analysen auf modernsten HPLC-L\u00f6sungen durch und verwenden dabei intern validierte Methoden, die den ICH- und USP-Richtlinien entsprechen. Wir sind in der Lage, alle Arten von Matrizes zu testen &#8211; Bl\u00fcten, Bl\u00e4tter, Samen, Harz, \u00d6le, Extrakte, Isolate, Tinkturen, wasserl\u00f6sliche Rezepturen, alkoholische und nicht-alkoholische Getr\u00e4nke, die mit CBD oder Cannabis-Extrakten infundiert sind, Cremes, Lotionen, Balsame, Esswaren wie: Brownies, Gummis, Honig, etc.<\/p>\n\t<div id=\"gap-1553598331\" class=\"gap-element clearfix\" style=\"display:block; height:auto;\">\n\t\t\n<style>\n#gap-1553598331 {\n  padding-top: 20px;\n}\n<\/style>\n\t<\/div>\n\t\n<a href=\"https:\/\/order.pharma-lab.eu\/?ui-culture=de-DE\" class=\"button primary is-large black-btn\"  >\n\t\t<span>JETZT ANALYSIEREN<\/span>\n\t<\/a>\n\n\t\t<\/div>\n\t\t\t\t\t<\/div>\n\n\t\n<\/div>\n\t\t<\/div>\n\n\t\t\n<style>\n#section_882808005 {\n  padding-top: 30px;\n  padding-bottom: 30px;\n}\n#section_882808005 .section-bg img {\n  object-position: 50% 50%;\n}\n<\/style>\n\t<\/section>\n\t\n\n\t<section class=\"section\" id=\"section_552980661\">\n\t\t<div class=\"section-bg fill\" >\n\t\t\t\t\t\t\t\t\t<div class=\"section-bg-overlay absolute fill\"><\/div>\n\t\t\t\n\t<div class=\"is-border\"\n\t\tstyle=\"border-width:1px 0px 1px 0px;\">\n\t<\/div>\n\n\t\t<\/div>\n\n\t\t\n\n\t\t<div class=\"section-content relative\">\n\t\t\t\n\t<div id=\"gap-632347881\" class=\"gap-element clearfix\" style=\"display:block; height:auto;\">\n\t\t\n<style>\n#gap-632347881 {\n  padding-top: 30px;\n}\n<\/style>\n\t<\/div>\n\t\n<div class=\"row row-large align-middle\"  id=\"row-957459722\">\n\n\t<div id=\"col-1725093415\" class=\"col medium-6 small-12 large-6\"  >\n\t\t\t\t<div class=\"col-inner\"  >\n\t\t\t\n\t\t\t\n<h2>Cannabinoid-Test mittels HPLC<\/h2>\n<p>Die hochleistungsf\u00e4hige Fl\u00fcssigkeitschromatographie (HPLC) ist die bevorzugte Methode f\u00fcr das Cannabinoid-Profiling und die Bestimmung der Potenz, da sie keine Hitze verwendet und es somit m\u00f6glich ist, sowoh s\u00e4urehaltige als auch neutrale Cannabinoide zu identifizieren und zu quantifizieren. Dies ist die leistungsf\u00e4higste Methode und gilt als der h\u00f6chste Standard f\u00fcr die Bestimmung von Cannabinoiden.<\/p>\n\t\t<\/div>\n\t\t\t\t\t<\/div>\n\n\t\n\n\t<div id=\"col-416892785\" class=\"col hide-for-small medium-6 small-12 large-6\"  >\n\t\t\t\t<div class=\"col-inner text-left\"  >\n\t\t\t\n\t\t\t\n<h2>16 Cannabinoide<\/h2>\n<div class=\"row\"  id=\"row-1934320172\">\n\n\t<div id=\"col-599291142\" class=\"col medium-4 small-12 large-4\"  >\n\t\t\t\t<div class=\"col-inner\"  >\n\t\t\t\n\t\t\t\n<ul>\n<li>CBDV<\/li>\n<li>CBDA<\/li>\n<li>CBGA<\/li>\n<li>THCA<\/li>\n<li>CBV<\/li>\n<li>CBE<\/li>\n<\/ul>\n\t\t<\/div>\n\t\t\t\t\t<\/div>\n\n\t\n\n\t<div id=\"col-386278227\" class=\"col medium-4 small-12 large-4\"  >\n\t\t\t\t<div class=\"col-inner\"  >\n\t\t\t\n\t\t\t\n<ul>\n<li>CBG<\/li>\n<li>CBD<\/li>\n<li>8-THC<\/li>\n<li>9-THC<\/li>\n<li>CBT<\/li>\n<\/ul>\n\t\t<\/div>\n\t\t\t\t\t<\/div>\n\n\t\n\n\t<div id=\"col-359727358\" class=\"col medium-4 small-12 large-4\"  >\n\t\t\t\t<div class=\"col-inner\"  >\n\t\t\t\n\t\t\t\n<ul>\n<li>THCV<\/li>\n<li>CBN<\/li>\n<li>CBL<\/li>\n<li>CBC<\/li>\n<li>CBCA<\/li>\n<\/ul>\n\t\t<\/div>\n\t\t\t\t\t<\/div>\n\n\t\n<\/div>\n\t\t<\/div>\n\t\t\t\t\t<\/div>\n\n\t\n\n\t<div id=\"col-508736697\" class=\"col show-for-small medium-6 small-12 large-6\"  >\n\t\t\t\t<div class=\"col-inner text-left\"  >\n\t\t\t\n\t\t\t\n<h2>16 Cannabinoide<\/h2>\n<div class=\"row\"  id=\"row-2004828110\">\n\n\t<div id=\"col-1594686618\" class=\"col medium-4 small-12 large-4\"  >\n\t\t\t\t<div class=\"col-inner\"  >\n\t\t\t\n\t\t\t\n<ul>\n<li>CBDV<\/li>\n<li>CBDA<\/li>\n<li>CBGA<\/li>\n<li>THCA<\/li>\n<li>CBG<\/li>\n<li>CBD<\/li>\n<li>8-THC<\/li>\n<li>9-THC<\/li>\n<li>THCV<\/li>\n<li>CBN<\/li>\n<li>CBL<\/li>\n<li>CBC<\/li>\n<li>CBE*<\/li>\n<li>CBV*<\/li>\n<li>CBCA*<\/li>\n<li>CBT*<\/li>\n<\/ul>\n\t\t<\/div>\n\t\t\t\t\t<\/div>\n\n\t\n<\/div>\n\t\t<\/div>\n\t\t\t\t\t<\/div>\n\n\t\n\n\t<div id=\"col-2093175530\" class=\"col small-12 large-12\"  >\n\t\t\t\t<div class=\"col-inner\"  >\n\t\t\t\n\t\t\t\n<div class=\"text-center\"><div class=\"is-divider divider clearfix\" style=\"margin-top:0px;margin-bottom:0px;max-width:100%;height:2px;background-color:rgb(213, 213, 213);\"><\/div><\/div>\n\t\t<\/div>\n\t\t\t\t\t<\/div>\n\n\t\n<\/div>\n\t<div id=\"gap-723294151\" class=\"gap-element clearfix\" style=\"display:block; height:auto;\">\n\t\t\n<style>\n#gap-723294151 {\n  padding-top: 30px;\n}\n<\/style>\n\t<\/div>\n\t\n<div class=\"row row-large\"  id=\"row-1543063346\">\n\n\t<div id=\"col-693369602\" class=\"col medium-5 small-12 large-6\"  >\n\t\t\t\t<div class=\"col-inner\"  >\n\t\t\t\n\t\t\t\n<h2>Wir ben\u00f6tigen:<\/h2>\n<ul>\n<li>Pflanzenmaterial: 2 Gramm<\/li>\n<li>Extrakte\/Isolate\/Destillate: 0,5 Gramm<\/li>\n<li>Hanfprodukte: 1 Gramm<\/li>\n<li>Wasser\/Getr\u00e4nke: 30 ml<\/li>\n<li>Essbare Produkte: 15 g<\/li>\n<\/ul>\n\t\t<\/div>\n\t\t\t\t\t<\/div>\n\n\t\n\n\t<div id=\"col-1946341140\" class=\"col medium-7 small-12 large-6\"  >\n\t\t\t\t<div class=\"col-inner text-left\"  >\n\t\t\t\n\t\t\t\n<h2>Bearbeitungszeit:<\/h2>\n<p><strong>Standard<\/strong>: 3-10 Arbeitstage (\u00fcblicherweise 5 Arbeitstage)<br \/>\n<strong>Hohe Priorit\u00e4t:<\/strong>24Std*<\/p>\n<p>* Wenn die Probe bis 13 Uhr des Vortages eingeht<\/p>\n\t\t<\/div>\n\t\t\t\t\t<\/div>\n\n\t\n<\/div>\n\t\t<\/div>\n\n\t\t\n<style>\n#section_552980661 {\n  padding-top: 0px;\n  padding-bottom: 0px;\n}\n#section_552980661 .section-bg-overlay {\n  background-color: rgba(255, 255, 255, 0.85);\n}\n<\/style>\n\t<\/section>\n\t\n","protected":false},"excerpt":{"rendered":"","protected":false},"author":1182,"featured_media":0,"parent":0,"menu_order":0,"comment_status":"closed","ping_status":"closed","template":"page-blank.php","meta":{"footnotes":""},"yoast_head":"<!-- This site is optimized with the Yoast SEO plugin v23.5 - https:\/\/yoast.com\/wordpress\/plugins\/seo\/ -->\n<title>Cannabinoid Profiling - PharmaHemp DE<\/title>\n<meta name=\"robots\" content=\"index, follow, max-snippet:-1, max-image-preview:large, max-video-preview:-1\" \/>\n<link rel=\"canonical\" href=\"https:\/\/pharma-lab.eu\/de\/cannabinoid-profiling\/\" \/>\n<meta property=\"og:locale\" content=\"de_DE\" \/>\n<meta property=\"og:type\" content=\"article\" \/>\n<meta property=\"og:title\" content=\"Cannabinoid Profiling - PharmaHemp DE\" \/>\n<meta property=\"og:url\" content=\"https:\/\/pharma-lab.eu\/de\/cannabinoid-profiling\/\" \/>\n<meta property=\"og:site_name\" content=\"PharmaHemp DE\" \/>\n<meta property=\"article:publisher\" content=\"https:\/\/www.facebook.com\/pharmahempstore\" \/>\n<meta property=\"article:modified_time\" content=\"2024-10-15T10:25:03+00:00\" \/>\n<meta name=\"twitter:card\" content=\"summary_large_image\" \/>\n<meta name=\"twitter:label1\" content=\"Gesch\u00e4tzte Lesezeit\" \/>\n\t<meta name=\"twitter:data1\" content=\"2\u00a0Minuten\" \/>\n<script type=\"application\/ld+json\" class=\"yoast-schema-graph\">{\"@context\":\"https:\/\/schema.org\",\"@graph\":[{\"@type\":\"WebPage\",\"@id\":\"https:\/\/pharma-lab.eu\/de\/cannabinoid-profiling\/\",\"url\":\"https:\/\/pharma-lab.eu\/de\/cannabinoid-profiling\/\",\"name\":\"Cannabinoid Profiling - PharmaHemp DE\",\"isPartOf\":{\"@id\":\"https:\/\/pharma-lab.eu\/de\/#website\"},\"datePublished\":\"2020-12-22T06:43:25+00:00\",\"dateModified\":\"2024-10-15T10:25:03+00:00\",\"breadcrumb\":{\"@id\":\"https:\/\/pharma-lab.eu\/de\/cannabinoid-profiling\/#breadcrumb\"},\"inLanguage\":\"de\",\"potentialAction\":[{\"@type\":\"ReadAction\",\"target\":[\"https:\/\/pharma-lab.eu\/de\/cannabinoid-profiling\/\"]}]},{\"@type\":\"BreadcrumbList\",\"@id\":\"https:\/\/pharma-lab.eu\/de\/cannabinoid-profiling\/#breadcrumb\",\"itemListElement\":[{\"@type\":\"ListItem\",\"position\":1,\"name\":\"Home\",\"item\":\"https:\/\/pharma-lab.eu\/de\/\"},{\"@type\":\"ListItem\",\"position\":2,\"name\":\"Cannabinoid Profiling\"}]},{\"@type\":\"WebSite\",\"@id\":\"https:\/\/pharma-lab.eu\/de\/#website\",\"url\":\"https:\/\/pharma-lab.eu\/de\/\",\"name\":\"PharmaHemp DE\",\"description\":\"Cannabis Testing Laboratory\",\"publisher\":{\"@id\":\"https:\/\/pharma-lab.eu\/de\/#organization\"},\"potentialAction\":[{\"@type\":\"SearchAction\",\"target\":{\"@type\":\"EntryPoint\",\"urlTemplate\":\"https:\/\/pharma-lab.eu\/de\/?s={search_term_string}\"},\"query-input\":{\"@type\":\"PropertyValueSpecification\",\"valueRequired\":true,\"valueName\":\"search_term_string\"}}],\"inLanguage\":\"de\"},{\"@type\":\"Organization\",\"@id\":\"https:\/\/pharma-lab.eu\/de\/#organization\",\"name\":\"PharmaHemp d.o.o.\",\"url\":\"https:\/\/pharma-lab.eu\/de\/\",\"logo\":{\"@type\":\"ImageObject\",\"inLanguage\":\"de\",\"@id\":\"https:\/\/pharma-lab.eu\/de\/#\/schema\/logo\/image\/\",\"url\":\"https:\/\/pharma-lab.eu\/wp-content\/uploads\/2020\/12\/logo_lab.png\",\"contentUrl\":\"https:\/\/pharma-lab.eu\/wp-content\/uploads\/2020\/12\/logo_lab.png\",\"width\":260,\"height\":83,\"caption\":\"PharmaHemp d.o.o.\"},\"image\":{\"@id\":\"https:\/\/pharma-lab.eu\/de\/#\/schema\/logo\/image\/\"},\"sameAs\":[\"https:\/\/www.facebook.com\/pharmahempstore\",\"https:\/\/www.instagram.com\/pharmahemp_store\/\"]}]}<\/script>\n<!-- \/ Yoast SEO plugin. -->","yoast_head_json":{"title":"Cannabinoid Profiling - PharmaHemp DE","robots":{"index":"index","follow":"follow","max-snippet":"max-snippet:-1","max-image-preview":"max-image-preview:large","max-video-preview":"max-video-preview:-1"},"canonical":"https:\/\/pharma-lab.eu\/de\/cannabinoid-profiling\/","og_locale":"de_DE","og_type":"article","og_title":"Cannabinoid Profiling - PharmaHemp DE","og_url":"https:\/\/pharma-lab.eu\/de\/cannabinoid-profiling\/","og_site_name":"PharmaHemp DE","article_publisher":"https:\/\/www.facebook.com\/pharmahempstore","article_modified_time":"2024-10-15T10:25:03+00:00","twitter_card":"summary_large_image","twitter_misc":{"Gesch\u00e4tzte Lesezeit":"2\u00a0Minuten"},"schema":{"@context":"https:\/\/schema.org","@graph":[{"@type":"WebPage","@id":"https:\/\/pharma-lab.eu\/de\/cannabinoid-profiling\/","url":"https:\/\/pharma-lab.eu\/de\/cannabinoid-profiling\/","name":"Cannabinoid Profiling - PharmaHemp DE","isPartOf":{"@id":"https:\/\/pharma-lab.eu\/de\/#website"},"datePublished":"2020-12-22T06:43:25+00:00","dateModified":"2024-10-15T10:25:03+00:00","breadcrumb":{"@id":"https:\/\/pharma-lab.eu\/de\/cannabinoid-profiling\/#breadcrumb"},"inLanguage":"de","potentialAction":[{"@type":"ReadAction","target":["https:\/\/pharma-lab.eu\/de\/cannabinoid-profiling\/"]}]},{"@type":"BreadcrumbList","@id":"https:\/\/pharma-lab.eu\/de\/cannabinoid-profiling\/#breadcrumb","itemListElement":[{"@type":"ListItem","position":1,"name":"Home","item":"https:\/\/pharma-lab.eu\/de\/"},{"@type":"ListItem","position":2,"name":"Cannabinoid Profiling"}]},{"@type":"WebSite","@id":"https:\/\/pharma-lab.eu\/de\/#website","url":"https:\/\/pharma-lab.eu\/de\/","name":"PharmaHemp DE","description":"Cannabis Testing Laboratory","publisher":{"@id":"https:\/\/pharma-lab.eu\/de\/#organization"},"potentialAction":[{"@type":"SearchAction","target":{"@type":"EntryPoint","urlTemplate":"https:\/\/pharma-lab.eu\/de\/?s={search_term_string}"},"query-input":{"@type":"PropertyValueSpecification","valueRequired":true,"valueName":"search_term_string"}}],"inLanguage":"de"},{"@type":"Organization","@id":"https:\/\/pharma-lab.eu\/de\/#organization","name":"PharmaHemp d.o.o.","url":"https:\/\/pharma-lab.eu\/de\/","logo":{"@type":"ImageObject","inLanguage":"de","@id":"https:\/\/pharma-lab.eu\/de\/#\/schema\/logo\/image\/","url":"https:\/\/pharma-lab.eu\/wp-content\/uploads\/2020\/12\/logo_lab.png","contentUrl":"https:\/\/pharma-lab.eu\/wp-content\/uploads\/2020\/12\/logo_lab.png","width":260,"height":83,"caption":"PharmaHemp d.o.o."},"image":{"@id":"https:\/\/pharma-lab.eu\/de\/#\/schema\/logo\/image\/"},"sameAs":["https:\/\/www.facebook.com\/pharmahempstore","https:\/\/www.instagram.com\/pharmahemp_store\/"]}]}},"_links":{"self":[{"href":"https:\/\/pharma-lab.eu\/de\/wp-json\/wp\/v2\/pages\/179579"}],"collection":[{"href":"https:\/\/pharma-lab.eu\/de\/wp-json\/wp\/v2\/pages"}],"about":[{"href":"https:\/\/pharma-lab.eu\/de\/wp-json\/wp\/v2\/types\/page"}],"author":[{"embeddable":true,"href":"https:\/\/pharma-lab.eu\/de\/wp-json\/wp\/v2\/users\/1182"}],"replies":[{"embeddable":true,"href":"https:\/\/pharma-lab.eu\/de\/wp-json\/wp\/v2\/comments?post=179579"}],"version-history":[{"count":6,"href":"https:\/\/pharma-lab.eu\/de\/wp-json\/wp\/v2\/pages\/179579\/revisions"}],"predecessor-version":[{"id":185403,"href":"https:\/\/pharma-lab.eu\/de\/wp-json\/wp\/v2\/pages\/179579\/revisions\/185403"}],"wp:attachment":[{"href":"https:\/\/pharma-lab.eu\/de\/wp-json\/wp\/v2\/media?parent=179579"}],"curies":[{"name":"wp","href":"https:\/\/api.w.org\/{rel}","templated":true}]}}