{"id":179576,"date":"2020-12-22T07:43:37","date_gmt":"2020-12-22T06:43:37","guid":{"rendered":"https:\/\/pharma-lab.eu\/high-sensitivity-cannabinoid-analysis\/"},"modified":"2024-10-15T11:21:59","modified_gmt":"2024-10-15T10:21:59","slug":"cannabinoid-spurenanalyse","status":"publish","type":"page","link":"https:\/\/pharma-lab.eu\/de\/cannabinoid-spurenanalyse\/","title":{"rendered":"Cannabinoid spurenanalyse"},"content":{"rendered":"\n\t<section class=\"section\" id=\"section_1893550241\">\n\t\t<div class=\"section-bg fill\" >\n\t\t\t<img decoding=\"async\" width=\"5760\" height=\"2151\" src=\"https:\/\/pharma-lab.eu\/wp-content\/uploads\/2020\/12\/Component-6-\u2013-1@3x.png\" class=\"bg attachment- size-\" alt=\"\" \/>\t\t\t\t\t\t\n\t\t\t\n\n\t\t<\/div>\n\n\t\t\n\n\t\t<div class=\"section-content relative\">\n\t\t\t\n\t<div id=\"gap-2059772147\" class=\"gap-element clearfix\" style=\"display:block; height:auto;\">\n\t\t\n<style>\n#gap-2059772147 {\n  padding-top: 30px;\n}\n<\/style>\n\t<\/div>\n\t\n<div class=\"row align-center\"  id=\"row-1215422366\">\n\n\t<div id=\"col-1800073876\" class=\"col medium-6 small-12 large-6\"  >\n\t\t\t\t<div class=\"col-inner\"  >\n\t\t\t\n\t\t\t\n<h2 class=\"uppercase\">CANNABINOID SPURENANALYSE<\/h2>\n\t\t<\/div>\n\t\t\t\t\t<\/div>\n\n\t\n\n\t<div id=\"col-1061901955\" class=\"col medium-6 small-12 large-6\"  >\n\t\t\t\t<div class=\"col-inner\"  >\n\t\t\t\n\t\t\t\n<p>Der Nachweis und die Meldung extrem niedriger Cannabinoidwerte in den Proben ist nicht nur f\u00fcr F&amp;E-Teams wichtig, sondern auch f\u00fcr die Anwender von CBD-Produkten, insbesondere in Form von Esswaren oder Getr\u00e4nken. Mit unseren neuesten HPLC-Technologien und angepassten Verfahren sind wir in der Lage, die Bestimmungsgrenze (LOQ) zu senken und den Cannabinoidgehalt bis auf 0,0003 % (Matrix-abh\u00e4ngig) zu bestimmen.<\/p>\n\t<div id=\"gap-1917679748\" class=\"gap-element clearfix\" style=\"display:block; height:auto;\">\n\t\t\n<style>\n#gap-1917679748 {\n  padding-top: 20px;\n}\n<\/style>\n\t<\/div>\n\t\n<a href=\"https:\/\/order.pharma-lab.eu\/?ui-culture=de-DE\" class=\"button primary is-large black-btn\"  >\n\t\t<span>JETZT ANALYSIEREN<\/span>\n\t<\/a>\n\n\t\t<\/div>\n\t\t\t\t\t<\/div>\n\n\t\n<\/div>\n\t\t<\/div>\n\n\t\t\n<style>\n#section_1893550241 {\n  padding-top: 30px;\n  padding-bottom: 30px;\n}\n#section_1893550241 .section-bg img {\n  object-position: 50% 50%;\n}\n<\/style>\n\t<\/section>\n\t\n\n\t<section class=\"section\" id=\"section_1458886791\">\n\t\t<div class=\"section-bg fill\" >\n\t\t\t\t\t\t\t\t\t<div class=\"section-bg-overlay absolute fill\"><\/div>\n\t\t\t\n\t<div class=\"is-border\"\n\t\tstyle=\"border-width:1px 0px 1px 0px;\">\n\t<\/div>\n\n\t\t<\/div>\n\n\t\t\n\n\t\t<div class=\"section-content relative\">\n\t\t\t\n\t<div id=\"gap-1932848125\" class=\"gap-element clearfix\" style=\"display:block; height:auto;\">\n\t\t\n<style>\n#gap-1932848125 {\n  padding-top: 30px;\n}\n<\/style>\n\t<\/div>\n\t\n<div class=\"row row-large align-middle\"  id=\"row-450434818\">\n\n\t<div id=\"col-143501734\" class=\"col medium-6 small-12 large-6\"  >\n\t\t\t\t<div class=\"col-inner\"  >\n\t\t\t\n\t\t\t\n<h2>Wie wird die untere LOQ erreicht?<\/h2>\n<p>Die niedrigste Cannabinoid-Konzentration (LOQ), die zuverl\u00e4ssig gemessen und berichtet werden kann, h\u00e4ngt von der Probenvorbereitung und der Ger\u00e4teausstattung ab. Mit unserer Expertise auf dem Gebiet der analytischen Chemie und dem Einsatz modernster Analyseinstrumente &#8211; HPLC gekoppelt mit HDR-Detektor &#8211; sind wir in der Lage, auch die so genannten \u201enicht nachweisbaren\u201c Gehalte an CBD, THC oder anderen Cannabinoiden zu bestimmen. Jedes Analysezertifikat enth\u00e4lt die Informationen \u00fcber den LOQ f\u00fcr jedes Cannabinoid und jeden Probentyp.<\/p>\n\t\t<\/div>\n\t\t\t\t\t<\/div>\n\n\t\n\n\t<div id=\"col-1114291747\" class=\"col hide-for-small medium-6 small-12 large-6\"  >\n\t\t\t\t<div class=\"col-inner text-left\"  >\n\t\t\t\n\t\t\t\n<h2>16 Cannabinoide<\/h2>\n<div class=\"row\"  id=\"row-149814072\">\n\n\t<div id=\"col-661348498\" class=\"col medium-4 small-12 large-4\"  >\n\t\t\t\t<div class=\"col-inner\"  >\n\t\t\t\n\t\t\t\n<ul>\n<li>CBDV<\/li>\n<li>CBDA<\/li>\n<li>CBGA<\/li>\n<li>THCA<\/li>\n<li>CBV<\/li>\n<li>CBE<\/li>\n<\/ul>\n\t\t<\/div>\n\t\t\t\t\t<\/div>\n\n\t\n\n\t<div id=\"col-905179600\" class=\"col medium-4 small-12 large-4\"  >\n\t\t\t\t<div class=\"col-inner\"  >\n\t\t\t\n\t\t\t\n<ul>\n<li>CBG<\/li>\n<li>CBD<\/li>\n<li>8-THC<\/li>\n<li>9-THC<\/li>\n<li>CBT<\/li>\n<\/ul>\n\t\t<\/div>\n\t\t\t\t\t<\/div>\n\n\t\n\n\t<div id=\"col-665912827\" class=\"col medium-4 small-12 large-4\"  >\n\t\t\t\t<div class=\"col-inner\"  >\n\t\t\t\n\t\t\t\n<ul>\n<li>THCV<\/li>\n<li>CBN<\/li>\n<li>CBL<\/li>\n<li>CBC<\/li>\n<li>CBCA<\/li>\n<\/ul>\n\t\t<\/div>\n\t\t\t\t\t<\/div>\n\n\t\n<\/div>\n\t\t<\/div>\n\t\t\t\t\t<\/div>\n\n\t\n\n\t<div id=\"col-1374409189\" class=\"col show-for-small medium-6 small-12 large-6\"  >\n\t\t\t\t<div class=\"col-inner text-left\"  >\n\t\t\t\n\t\t\t\n<h2>16 Cannabinoide<\/h2>\n<div class=\"row\"  id=\"row-1466192195\">\n\n\t<div id=\"col-2057080153\" class=\"col medium-4 small-12 large-4\"  >\n\t\t\t\t<div class=\"col-inner\"  >\n\t\t\t\n\t\t\t\n<ul>\n<li>CBDV<\/li>\n<li>CBDA<\/li>\n<li>CBGA<\/li>\n<li>THCA<\/li>\n<li>CBG<\/li>\n<li>CBD<\/li>\n<li>8-THC<\/li>\n<li>9-THC<\/li>\n<li>THCV<\/li>\n<li>CBN<\/li>\n<li>CBL<\/li>\n<li>CBC<\/li>\n<li>CBE*<\/li>\n<li>CBV*<\/li>\n<li>CBCA*<\/li>\n<li>CBT*<\/li>\n<\/ul>\n\t\t<\/div>\n\t\t\t\t\t<\/div>\n\n\t\n<\/div>\n\t\t<\/div>\n\t\t\t\t\t<\/div>\n\n\t\n\n\t<div id=\"col-878293540\" class=\"col small-12 large-12\"  >\n\t\t\t\t<div class=\"col-inner\"  >\n\t\t\t\n\t\t\t\n<div class=\"text-center\"><div class=\"is-divider divider clearfix\" style=\"margin-top:0px;margin-bottom:0px;max-width:100%;height:2px;background-color:rgb(213, 213, 213);\"><\/div><\/div>\n\t<div id=\"gap-4514330\" class=\"gap-element clearfix\" style=\"display:block; height:auto;\">\n\t\t\n<style>\n#gap-4514330 {\n  padding-top: 35px;\n}\n<\/style>\n\t<\/div>\n\t\n<div class=\"row align-middle\"  id=\"row-249511966\">\n\n\t<div id=\"col-1034717716\" class=\"col medium-6 small-12 large-6\"  >\n\t\t\t\t<div class=\"col-inner\"  >\n\t\t\t\n\t\t\t\n<h2>Wie erhalte ich den Bericht mit dem niedrigeren LOQ?<\/h2>\n\t\t<\/div>\n\t\t\t\t\t<\/div>\n\n\t\n\n\t<div id=\"col-890430183\" class=\"col medium-6 small-12 large-6\"  >\n\t\t\t\t<div class=\"col-inner\"  >\n\t\t\t\n\t\t\t\n<p style=\"padding-top: 10px;\">Bitte kontaktieren Sie nach Ihrer Bestellung unser Team f\u00fcr weitere Informationen.<\/p>\n\t\t<\/div>\n\t\t\t\t\t<\/div>\n\n\t\n<\/div>\n<div class=\"text-center\"><div class=\"is-divider divider clearfix\" style=\"margin-top:0px;margin-bottom:0px;max-width:100%;height:2px;background-color:rgb(213, 213, 213);\"><\/div><\/div>\n\t\t<\/div>\n\t\t\t\t\t<\/div>\n\n\t\n<\/div>\n\t<div id=\"gap-755841699\" class=\"gap-element clearfix\" style=\"display:block; height:auto;\">\n\t\t\n<style>\n#gap-755841699 {\n  padding-top: 30px;\n}\n<\/style>\n\t<\/div>\n\t\n<div class=\"row row-large\"  id=\"row-367462634\">\n\n\t<div id=\"col-1866488930\" class=\"col medium-5 small-12 large-6\"  >\n\t\t\t\t<div class=\"col-inner\"  >\n\t\t\t\n\t\t\t\n<h2>Wir ben\u00f6tigen:<\/h2>\n<ul>\n<li>Pflanzenmaterial: 15 Gramm<\/li>\n<li>Extrakte\/Isolate\/Destillate: 5 Gramm<\/li>\n<li>Hanfprodukte: 5 Gramm<\/li>\n<li>Wasser\/Getr\u00e4nke: 30 ml<\/li>\n<li>Essbare Produkte: 15 g<\/li>\n<\/ul>\n\t\t<\/div>\n\t\t\t\t\t<\/div>\n\n\t\n\n\t<div id=\"col-1327613018\" class=\"col medium-7 small-12 large-6\"  >\n\t\t\t\t<div class=\"col-inner text-left\"  >\n\t\t\t\n\t\t\t\n<h2>Bearbeitungszeit:<\/h2>\n<p><strong>Standard<\/strong>: 3-10 Arbeitstage (\u00fcblicherweise bis zu 5 Arbeitstage)<br \/>\n<strong>Hohe Priorit\u00e4t<\/strong>: 24Std*<\/p>\n<p>* Wenn die Probe bis 13 Uhr des Vortages eingeht<\/p>\n\t\t<\/div>\n\t\t\t\t\t<\/div>\n\n\t\n<\/div>\n\t\t<\/div>\n\n\t\t\n<style>\n#section_1458886791 {\n  padding-top: 0px;\n  padding-bottom: 0px;\n}\n#section_1458886791 .section-bg-overlay {\n  background-color: rgba(255, 255, 255, 0.85);\n}\n<\/style>\n\t<\/section>\n\t\n","protected":false},"excerpt":{"rendered":"","protected":false},"author":1182,"featured_media":0,"parent":0,"menu_order":0,"comment_status":"closed","ping_status":"closed","template":"page-blank.php","meta":{"footnotes":""},"yoast_head":"<!-- This site is optimized with the Yoast SEO plugin v23.5 - https:\/\/yoast.com\/wordpress\/plugins\/seo\/ -->\n<title>Cannabinoid spurenanalyse - PharmaHemp DE<\/title>\n<meta name=\"robots\" content=\"index, follow, max-snippet:-1, max-image-preview:large, max-video-preview:-1\" \/>\n<link rel=\"canonical\" href=\"https:\/\/pharma-lab.eu\/de\/cannabinoid-spurenanalyse\/\" \/>\n<meta property=\"og:locale\" content=\"de_DE\" \/>\n<meta property=\"og:type\" content=\"article\" \/>\n<meta property=\"og:title\" content=\"Cannabinoid spurenanalyse - PharmaHemp DE\" \/>\n<meta property=\"og:url\" content=\"https:\/\/pharma-lab.eu\/de\/cannabinoid-spurenanalyse\/\" \/>\n<meta property=\"og:site_name\" content=\"PharmaHemp DE\" \/>\n<meta property=\"article:publisher\" content=\"https:\/\/www.facebook.com\/pharmahempstore\" \/>\n<meta property=\"article:modified_time\" content=\"2024-10-15T10:21:59+00:00\" \/>\n<meta name=\"twitter:card\" content=\"summary_large_image\" \/>\n<meta name=\"twitter:label1\" content=\"Gesch\u00e4tzte Lesezeit\" \/>\n\t<meta name=\"twitter:data1\" content=\"2\u00a0Minuten\" \/>\n<script type=\"application\/ld+json\" class=\"yoast-schema-graph\">{\"@context\":\"https:\/\/schema.org\",\"@graph\":[{\"@type\":\"WebPage\",\"@id\":\"https:\/\/pharma-lab.eu\/de\/cannabinoid-spurenanalyse\/\",\"url\":\"https:\/\/pharma-lab.eu\/de\/cannabinoid-spurenanalyse\/\",\"name\":\"Cannabinoid spurenanalyse - PharmaHemp DE\",\"isPartOf\":{\"@id\":\"https:\/\/pharma-lab.eu\/de\/#website\"},\"datePublished\":\"2020-12-22T06:43:37+00:00\",\"dateModified\":\"2024-10-15T10:21:59+00:00\",\"breadcrumb\":{\"@id\":\"https:\/\/pharma-lab.eu\/de\/cannabinoid-spurenanalyse\/#breadcrumb\"},\"inLanguage\":\"de\",\"potentialAction\":[{\"@type\":\"ReadAction\",\"target\":[\"https:\/\/pharma-lab.eu\/de\/cannabinoid-spurenanalyse\/\"]}]},{\"@type\":\"BreadcrumbList\",\"@id\":\"https:\/\/pharma-lab.eu\/de\/cannabinoid-spurenanalyse\/#breadcrumb\",\"itemListElement\":[{\"@type\":\"ListItem\",\"position\":1,\"name\":\"Home\",\"item\":\"https:\/\/pharma-lab.eu\/de\/\"},{\"@type\":\"ListItem\",\"position\":2,\"name\":\"Cannabinoid spurenanalyse\"}]},{\"@type\":\"WebSite\",\"@id\":\"https:\/\/pharma-lab.eu\/de\/#website\",\"url\":\"https:\/\/pharma-lab.eu\/de\/\",\"name\":\"PharmaHemp DE\",\"description\":\"Cannabis Testing Laboratory\",\"publisher\":{\"@id\":\"https:\/\/pharma-lab.eu\/de\/#organization\"},\"potentialAction\":[{\"@type\":\"SearchAction\",\"target\":{\"@type\":\"EntryPoint\",\"urlTemplate\":\"https:\/\/pharma-lab.eu\/de\/?s={search_term_string}\"},\"query-input\":{\"@type\":\"PropertyValueSpecification\",\"valueRequired\":true,\"valueName\":\"search_term_string\"}}],\"inLanguage\":\"de\"},{\"@type\":\"Organization\",\"@id\":\"https:\/\/pharma-lab.eu\/de\/#organization\",\"name\":\"PharmaHemp d.o.o.\",\"url\":\"https:\/\/pharma-lab.eu\/de\/\",\"logo\":{\"@type\":\"ImageObject\",\"inLanguage\":\"de\",\"@id\":\"https:\/\/pharma-lab.eu\/de\/#\/schema\/logo\/image\/\",\"url\":\"https:\/\/pharma-lab.eu\/wp-content\/uploads\/2020\/12\/logo_lab.png\",\"contentUrl\":\"https:\/\/pharma-lab.eu\/wp-content\/uploads\/2020\/12\/logo_lab.png\",\"width\":260,\"height\":83,\"caption\":\"PharmaHemp d.o.o.\"},\"image\":{\"@id\":\"https:\/\/pharma-lab.eu\/de\/#\/schema\/logo\/image\/\"},\"sameAs\":[\"https:\/\/www.facebook.com\/pharmahempstore\",\"https:\/\/www.instagram.com\/pharmahemp_store\/\"]}]}<\/script>\n<!-- \/ Yoast SEO plugin. -->","yoast_head_json":{"title":"Cannabinoid spurenanalyse - PharmaHemp DE","robots":{"index":"index","follow":"follow","max-snippet":"max-snippet:-1","max-image-preview":"max-image-preview:large","max-video-preview":"max-video-preview:-1"},"canonical":"https:\/\/pharma-lab.eu\/de\/cannabinoid-spurenanalyse\/","og_locale":"de_DE","og_type":"article","og_title":"Cannabinoid spurenanalyse - PharmaHemp DE","og_url":"https:\/\/pharma-lab.eu\/de\/cannabinoid-spurenanalyse\/","og_site_name":"PharmaHemp DE","article_publisher":"https:\/\/www.facebook.com\/pharmahempstore","article_modified_time":"2024-10-15T10:21:59+00:00","twitter_card":"summary_large_image","twitter_misc":{"Gesch\u00e4tzte Lesezeit":"2\u00a0Minuten"},"schema":{"@context":"https:\/\/schema.org","@graph":[{"@type":"WebPage","@id":"https:\/\/pharma-lab.eu\/de\/cannabinoid-spurenanalyse\/","url":"https:\/\/pharma-lab.eu\/de\/cannabinoid-spurenanalyse\/","name":"Cannabinoid spurenanalyse - PharmaHemp DE","isPartOf":{"@id":"https:\/\/pharma-lab.eu\/de\/#website"},"datePublished":"2020-12-22T06:43:37+00:00","dateModified":"2024-10-15T10:21:59+00:00","breadcrumb":{"@id":"https:\/\/pharma-lab.eu\/de\/cannabinoid-spurenanalyse\/#breadcrumb"},"inLanguage":"de","potentialAction":[{"@type":"ReadAction","target":["https:\/\/pharma-lab.eu\/de\/cannabinoid-spurenanalyse\/"]}]},{"@type":"BreadcrumbList","@id":"https:\/\/pharma-lab.eu\/de\/cannabinoid-spurenanalyse\/#breadcrumb","itemListElement":[{"@type":"ListItem","position":1,"name":"Home","item":"https:\/\/pharma-lab.eu\/de\/"},{"@type":"ListItem","position":2,"name":"Cannabinoid spurenanalyse"}]},{"@type":"WebSite","@id":"https:\/\/pharma-lab.eu\/de\/#website","url":"https:\/\/pharma-lab.eu\/de\/","name":"PharmaHemp DE","description":"Cannabis Testing Laboratory","publisher":{"@id":"https:\/\/pharma-lab.eu\/de\/#organization"},"potentialAction":[{"@type":"SearchAction","target":{"@type":"EntryPoint","urlTemplate":"https:\/\/pharma-lab.eu\/de\/?s={search_term_string}"},"query-input":{"@type":"PropertyValueSpecification","valueRequired":true,"valueName":"search_term_string"}}],"inLanguage":"de"},{"@type":"Organization","@id":"https:\/\/pharma-lab.eu\/de\/#organization","name":"PharmaHemp d.o.o.","url":"https:\/\/pharma-lab.eu\/de\/","logo":{"@type":"ImageObject","inLanguage":"de","@id":"https:\/\/pharma-lab.eu\/de\/#\/schema\/logo\/image\/","url":"https:\/\/pharma-lab.eu\/wp-content\/uploads\/2020\/12\/logo_lab.png","contentUrl":"https:\/\/pharma-lab.eu\/wp-content\/uploads\/2020\/12\/logo_lab.png","width":260,"height":83,"caption":"PharmaHemp d.o.o."},"image":{"@id":"https:\/\/pharma-lab.eu\/de\/#\/schema\/logo\/image\/"},"sameAs":["https:\/\/www.facebook.com\/pharmahempstore","https:\/\/www.instagram.com\/pharmahemp_store\/"]}]}},"_links":{"self":[{"href":"https:\/\/pharma-lab.eu\/de\/wp-json\/wp\/v2\/pages\/179576"}],"collection":[{"href":"https:\/\/pharma-lab.eu\/de\/wp-json\/wp\/v2\/pages"}],"about":[{"href":"https:\/\/pharma-lab.eu\/de\/wp-json\/wp\/v2\/types\/page"}],"author":[{"embeddable":true,"href":"https:\/\/pharma-lab.eu\/de\/wp-json\/wp\/v2\/users\/1182"}],"replies":[{"embeddable":true,"href":"https:\/\/pharma-lab.eu\/de\/wp-json\/wp\/v2\/comments?post=179576"}],"version-history":[{"count":6,"href":"https:\/\/pharma-lab.eu\/de\/wp-json\/wp\/v2\/pages\/179576\/revisions"}],"predecessor-version":[{"id":185397,"href":"https:\/\/pharma-lab.eu\/de\/wp-json\/wp\/v2\/pages\/179576\/revisions\/185397"}],"wp:attachment":[{"href":"https:\/\/pharma-lab.eu\/de\/wp-json\/wp\/v2\/media?parent=179576"}],"curies":[{"name":"wp","href":"https:\/\/api.w.org\/{rel}","templated":true}]}}